{"id":42702,"date":"2022-01-03T23:52:55","date_gmt":"2022-01-03T21:52:55","guid":{"rendered":"https:\/\/shop24.lu\/?post_type=product&#038;p=42702"},"modified":"2022-01-03T23:52:57","modified_gmt":"2022-01-03T21:52:57","slug":"filler-4-face-aux-cellules-souches-vegetales","status":"publish","type":"product","link":"https:\/\/shop24.lu\/fr\/product\/filler-4-face-aux-cellules-souches-vegetales\/","title":{"rendered":"Filler 4 Face aux cellules souches v\u00e9g\u00e9tales"},"content":{"rendered":"<p class=\"ProdSubhead\">Le traitement anti \u00e2ge ultime \u00e0 effet lifting.<\/p>\n<p>L&rsquo;ultime soin anti-rides jour et nuit pour le visage et le cou est doux comme du souffl\u00e9, et en m\u00eame temps extr\u00eamement riche en ingr\u00e9dients actifs s\u00e9lectionn\u00e9s.<\/p>\n<p>&nbsp;<\/p>\n<div class=\"product-desc-content\">\n<p>Les extraits de plantes ayurv\u00e9diques, la r\u00e9sine du Guggul (myrrhe indienne), les cellules souches v\u00e9g\u00e9tales et l&rsquo;acide hyaluronique de derni\u00e8re g\u00e9n\u00e9ration font de cette cr\u00e8me une pure exp\u00e9rience de bien-\u00eatre \u00e0 effet protecteur et repulpant. Les ingr\u00e9dients actifs sont transport\u00e9s vers les cellules de la peau dans la ligne de base, o\u00f9 ils commencent imm\u00e9diatement de fa\u00e7on douce mais \u00e0 long terme \u00e0 prendre effet.<\/p>\n<p>Les rides et ridules sont repulp\u00e9es de l&rsquo;int\u00e9rieur, la peau appara\u00eet \u00e9nergis\u00e9e, raffermie et rajeunie. Laissez votre peau briller et profitez de sa structure velout\u00e9e.<\/p>\n<\/div>\n","protected":false},"excerpt":{"rendered":"<p>Cr\u00e8me de jour et nuit anti-rides avec effet repulpant<\/p>\n<p>Emballage: 30 ml<\/p>\n","protected":false},"featured_media":42704,"comment_status":"closed","ping_status":"closed","template":"","meta":{"_seopress_robots_primary_cat":"","_seopress_titles_title":"","_seopress_titles_desc":"","_seopress_robots_index":""},"product_brand":[],"product_cat":[60,30855],"product_tag":[30873,30858,30852,30853,30871,30872,30851,30874,30875],"class_list":{"0":"post-42702","1":"product","2":"type-product","3":"status-publish","4":"has-post-thumbnail","6":"product_cat-beaute","7":"product_cat-cosmetique","8":"product_tag-cellules","9":"product_tag-cosmetics","10":"product_tag-dr","11":"product_tag-effect","12":"product_tag-filler","13":"product_tag-filler4face","14":"product_tag-juchheim","15":"product_tag-souche","16":"product_tag-stammzellen","18":"first","19":"instock","20":"shipping-taxable","21":"product-type-external"},"_links":{"self":[{"href":"https:\/\/shop24.lu\/fr\/wp-json\/wp\/v2\/product\/42702","targetHints":{"allow":["GET"]}}],"collection":[{"href":"https:\/\/shop24.lu\/fr\/wp-json\/wp\/v2\/product"}],"about":[{"href":"https:\/\/shop24.lu\/fr\/wp-json\/wp\/v2\/types\/product"}],"replies":[{"embeddable":true,"href":"https:\/\/shop24.lu\/fr\/wp-json\/wp\/v2\/comments?post=42702"}],"wp:featuredmedia":[{"embeddable":true,"href":"https:\/\/shop24.lu\/fr\/wp-json\/wp\/v2\/media\/42704"}],"wp:attachment":[{"href":"https:\/\/shop24.lu\/fr\/wp-json\/wp\/v2\/media?parent=42702"}],"wp:term":[{"taxonomy":"product_brand","embeddable":true,"href":"https:\/\/shop24.lu\/fr\/wp-json\/wp\/v2\/product_brand?post=42702"},{"taxonomy":"product_cat","embeddable":true,"href":"https:\/\/shop24.lu\/fr\/wp-json\/wp\/v2\/product_cat?post=42702"},{"taxonomy":"product_tag","embeddable":true,"href":"https:\/\/shop24.lu\/fr\/wp-json\/wp\/v2\/product_tag?post=42702"}],"curies":[{"name":"wp","href":"https:\/\/api.w.org\/{rel}","templated":true}]}}