{"id":42709,"date":"2022-01-03T23:59:01","date_gmt":"2022-01-03T21:59:01","guid":{"rendered":"https:\/\/shop24.lu\/?post_type=product&#038;p=42709"},"modified":"2022-01-03T23:59:02","modified_gmt":"2022-01-03T21:59:02","slug":"xtreme-4-minutes-lift","status":"publish","type":"product","link":"https:\/\/shop24.lu\/fr\/product\/xtreme-4-minutes-lift\/","title":{"rendered":"Xtreme 4 Minutes Lift"},"content":{"rendered":"<p>Le soin liftant \u00e0 action intensive contre les rides et les irr\u00e9gularit\u00e9s de la peau endommag\u00e9e et ab\u00eem\u00e9e. La combinaison de diff\u00e9rents extraits d&rsquo;algues et d\u2019acide hyaluronique \u00e0 basses mol\u00e9cules peut rapidement et durablement r\u00e9duire l&rsquo;apparence des rides profondes.<\/p>\n<p>Les d\u00e9g\u00e2ts pass\u00e9s s&rsquo;estompent, les cellules \u00e9pidermiques sont stimul\u00e9es \u00e0 se diviser et se rajeunir, les nouvelles cellules sont renforc\u00e9es et prot\u00e9g\u00e9es. Votre peau semble uniform\u00e9ment liss\u00e9e, raffin\u00e9e et pure.<\/p>\n","protected":false},"excerpt":{"rendered":"<p>Effet anti-\u00e2ge intense pour les peaux endommag\u00e9es et irrit\u00e9es<\/p>\n<p>Emballage: 30 ml<\/p>\n","protected":false},"featured_media":42712,"comment_status":"closed","ping_status":"closed","template":"","meta":{"_seopress_robots_primary_cat":"","_seopress_titles_title":"","_seopress_titles_desc":"","_seopress_robots_index":""},"product_brand":[],"product_cat":[60,30855],"product_tag":[30882,30858,30860,30852,30853,30881,30851,30884,30883,30880],"class_list":{"0":"post-42709","1":"product","2":"type-product","3":"status-publish","4":"has-post-thumbnail","6":"product_cat-beaute","7":"product_cat-cosmetique","8":"product_tag-30882","9":"product_tag-cosmetics","10":"product_tag-cream","11":"product_tag-dr","12":"product_tag-effect","13":"product_tag-extreme","14":"product_tag-juchheim","15":"product_tag-lift","16":"product_tag-minutes","17":"product_tag-xtreme","19":"first","20":"instock","21":"shipping-taxable","22":"product-type-external"},"_links":{"self":[{"href":"https:\/\/shop24.lu\/fr\/wp-json\/wp\/v2\/product\/42709","targetHints":{"allow":["GET"]}}],"collection":[{"href":"https:\/\/shop24.lu\/fr\/wp-json\/wp\/v2\/product"}],"about":[{"href":"https:\/\/shop24.lu\/fr\/wp-json\/wp\/v2\/types\/product"}],"replies":[{"embeddable":true,"href":"https:\/\/shop24.lu\/fr\/wp-json\/wp\/v2\/comments?post=42709"}],"wp:featuredmedia":[{"embeddable":true,"href":"https:\/\/shop24.lu\/fr\/wp-json\/wp\/v2\/media\/42712"}],"wp:attachment":[{"href":"https:\/\/shop24.lu\/fr\/wp-json\/wp\/v2\/media?parent=42709"}],"wp:term":[{"taxonomy":"product_brand","embeddable":true,"href":"https:\/\/shop24.lu\/fr\/wp-json\/wp\/v2\/product_brand?post=42709"},{"taxonomy":"product_cat","embeddable":true,"href":"https:\/\/shop24.lu\/fr\/wp-json\/wp\/v2\/product_cat?post=42709"},{"taxonomy":"product_tag","embeddable":true,"href":"https:\/\/shop24.lu\/fr\/wp-json\/wp\/v2\/product_tag?post=42709"}],"curies":[{"name":"wp","href":"https:\/\/api.w.org\/{rel}","templated":true}]}}