{"id":42890,"date":"2022-01-07T21:24:20","date_gmt":"2022-01-07T19:24:20","guid":{"rendered":"https:\/\/shop24.lu\/?post_type=product&#038;p=42890"},"modified":"2022-01-07T21:26:43","modified_gmt":"2022-01-07T19:26:43","slug":"synology-nas-disk-station-ds1821-8-bay","status":"publish","type":"product","link":"https:\/\/shop24.lu\/fr\/product\/synology-nas-disk-station-ds1821-8-bay\/","title":{"rendered":"Synology NAS Disk Station DS1821+ (8 Bay)"},"content":{"rendered":"<table id=\"ctl00_ctl00_ctl00_SiteContent_SiteContent_SiteContent_articleFeatureDisplayDetails_gridViewProductAttributes\" class=\"table table-condensed\" border=\"0\" cellspacing=\"0\">\n<tbody>\n<tr>\n<td class=\"col-xs-3\"><\/td>\n<td><strong>D\u00e9tails techniques<\/strong><\/td>\n<\/tr>\n<tr>\n<td class=\"col-xs-3\">Fabricant<\/td>\n<td>Synology<\/td>\n<\/tr>\n<tr>\n<td class=\"col-xs-3\"><\/td>\n<td><strong>Design<\/strong><\/td>\n<\/tr>\n<tr>\n<td class=\"col-xs-3\">Type de bo\u00eetier<\/td>\n<td>Bureau \/ Tour<\/td>\n<\/tr>\n<tr>\n<td class=\"col-xs-3\">Verrou Kensington<\/td>\n<td>Oui<\/td>\n<\/tr>\n<tr>\n<td class=\"col-xs-3\">Type d&#8217;emplacement Verrouillage du c\u00e2ble<\/td>\n<td>Kensington<\/td>\n<\/tr>\n<tr>\n<td class=\"col-xs-3\">Indicateurs LED<\/td>\n<td>Oui<\/td>\n<\/tr>\n<tr>\n<td class=\"col-xs-3\">Couleur du produit<\/td>\n<td>Noir<\/td>\n<\/tr>\n<tr>\n<td class=\"col-xs-3\">Nombre de ventilateurs<\/td>\n<td>2 ventilateurs<\/td>\n<\/tr>\n<tr>\n<td class=\"col-xs-3\">Refroidissement<\/td>\n<td>Actif<\/td>\n<\/tr>\n<tr>\n<td class=\"col-xs-3\">Diam\u00e8tre du ventilateur<\/td>\n<td>120 mm<\/td>\n<\/tr>\n<tr>\n<td class=\"col-xs-3\"><\/td>\n<td><strong>Support de stockage<\/strong><\/td>\n<\/tr>\n<tr>\n<td class=\"col-xs-3\">Nombre de slots<\/td>\n<td>8<\/td>\n<\/tr>\n<tr>\n<td class=\"col-xs-3\">Supports de stockage Interfaces<\/td>\n<td>M.2 NVME SATA<\/td>\n<\/tr>\n<tr>\n<td class=\"col-xs-3\">Type de support de stockage<\/td>\n<td>Disque dur, SSD<\/td>\n<\/tr>\n<tr>\n<td class=\"col-xs-3\">Niveau RAID<\/td>\n<td>0 1 10 5 6 JBOD<\/td>\n<\/tr>\n<tr>\n<td class=\"col-xs-3\">Pilotes de stockage install\u00e9s<\/td>\n<td>Non<\/td>\n<\/tr>\n<tr>\n<td class=\"col-xs-3\">Capacit\u00e9 de stockage maximale prise en charge<\/td>\n<td>108 TO<\/td>\n<\/tr>\n<tr>\n<td class=\"col-xs-3\">Type de lecteur de stockage install\u00e9<\/td>\n<td>Non<\/td>\n<\/tr>\n<tr>\n<td class=\"col-xs-3\">Baies de bo\u00eetier rempla\u00e7ables \u00e0 chaud<\/td>\n<td>Oui<\/td>\n<\/tr>\n<tr>\n<td class=\"col-xs-3\">Syst\u00e8mes de fichiers pris en charge<\/td>\n<td>BTRFS,FAT,HFS+,NTFS,ext3,ext4<\/td>\n<\/tr>\n<tr>\n<td class=\"col-xs-3\">Nombre de slots M.2 (M &amp; B)<\/td>\n<td>2<\/td>\n<\/tr>\n<tr>\n<td class=\"col-xs-3\">Prise en charge RAID<\/td>\n<td>Oui<\/td>\n<\/tr>\n<tr>\n<td class=\"col-xs-3\">tailles de disques de stockage support\u00e9es<\/td>\n<td>2.5.3.5 pouces<\/td>\n<\/tr>\n<tr>\n<td class=\"col-xs-3\"><\/td>\n<td><strong>M\u00e9moire<\/strong><\/td>\n<\/tr>\n<tr>\n<td class=\"col-xs-3\">M\u00e9moire RAM maximum<\/td>\n<td>32 GO<\/td>\n<\/tr>\n<tr>\n<td class=\"col-xs-3\">Type de m\u00e9moire interne<\/td>\n<td>DDR4<\/td>\n<\/tr>\n<tr>\n<td class=\"col-xs-3\">Emplacements m\u00e9moire<\/td>\n<td>2<\/td>\n<\/tr>\n<tr>\n<td class=\"col-xs-3\">Capacit\u00e9 de la RAM<\/td>\n<td>4 GO<\/td>\n<\/tr>\n<tr>\n<td class=\"col-xs-3\"><\/td>\n<td><strong>Puissance<\/strong><\/td>\n<\/tr>\n<tr>\n<td class=\"col-xs-3\">Prise en charge de l&rsquo;alimentation redondante<\/td>\n<td>Non<\/td>\n<\/tr>\n<tr>\n<td class=\"col-xs-3\">Capacit\u00e9 de l&rsquo;unit\u00e9 d&rsquo;alimentation<\/td>\n<td>250 W<\/td>\n<\/tr>\n<tr>\n<td class=\"col-xs-3\">Consommation \u00e9lectrique (HDD en veille)<\/td>\n<td>26.18 W<\/td>\n<\/tr>\n<tr>\n<td class=\"col-xs-3\">Consommation \u00e9lectrique (fonctionnement standard)<\/td>\n<td>59.8 W<\/td>\n<\/tr>\n<tr>\n<td class=\"col-xs-3\">Nombre d&rsquo;unit\u00e9s d&rsquo;alimentation<\/td>\n<td>1<\/td>\n<\/tr>\n<tr>\n<td class=\"col-xs-3\">Fr\u00e9quence d&rsquo;entr\u00e9e AC<\/td>\n<td>50\/60 Hz<\/td>\n<\/tr>\n<tr>\n<td class=\"col-xs-3\">Tension d&rsquo;entr\u00e9e AC<\/td>\n<td>100-240 V<\/td>\n<\/tr>\n<tr>\n<td class=\"col-xs-3\">Alimentation \u00e9lectrique<\/td>\n<td>Int\u00e9gr\u00e9<\/td>\n<\/tr>\n<tr>\n<td class=\"col-xs-3\"><\/td>\n<td><strong>Ports et interfaces<\/strong><\/td>\n<\/tr>\n<tr>\n<td class=\"col-xs-3\">Nombre de ports LAN (RJ-45)<\/td>\n<td>4<\/td>\n<\/tr>\n<tr>\n<td class=\"col-xs-3\">Ports PCI-Express x8 (Gen 3.x)<\/td>\n<td>1<\/td>\n<\/tr>\n<tr>\n<td class=\"col-xs-3\">Nombre de ports USB 3.2 Gen 1 (3.1 Gen 1) type A<\/td>\n<td>4<\/td>\n<\/tr>\n<tr>\n<td class=\"col-xs-3\">Port USB<\/td>\n<td>Oui<\/td>\n<\/tr>\n<tr>\n<td class=\"col-xs-3\">Nombre de ports eSATA<\/td>\n<td>2<\/td>\n<\/tr>\n<tr>\n<td class=\"col-xs-3\"><\/td>\n<td><strong>Logiciel<\/strong><\/td>\n<\/tr>\n<tr>\n<td class=\"col-xs-3\">Syst\u00e8me d&rsquo;exploitation<\/td>\n<td>DiskStation Manager<\/td>\n<\/tr>\n<tr>\n<td class=\"col-xs-3\">Syst\u00e8mes d&rsquo;exploitation serveur pris en charge<\/td>\n<td>Windows Server 2016,Windows Server 2019<\/td>\n<\/tr>\n<tr>\n<td class=\"col-xs-3\"><\/td>\n<td><strong>R\u00e9seau<\/strong><\/td>\n<\/tr>\n<tr>\n<td class=\"col-xs-3\">Port Ethernet int\u00e9gr\u00e9<\/td>\n<td>Oui<\/td>\n<\/tr>\n<tr>\n<td class=\"col-xs-3\">Wake-on-LAN pr\u00eat<\/td>\n<td>Oui<\/td>\n<\/tr>\n<tr>\n<td class=\"col-xs-3\">Agr\u00e9gation de liens<\/td>\n<td>Oui<\/td>\n<\/tr>\n<tr>\n<td class=\"col-xs-3\">D\u00e9bits de transfert de donn\u00e9es Ethernet LAN<\/td>\n<td>1000 Mbit\/s<\/td>\n<\/tr>\n<tr>\n<td class=\"col-xs-3\">Protocoles r\u00e9seau pris en charge<\/td>\n<td>SMB1 (CIFS), SMB2, SMB3, NFSv3, NFSv4, NFSv4.1, NFS iSCSI, HTTP, HTTPs, FTP, SNMP, LDAP, CalDAV<\/td>\n<\/tr>\n<tr>\n<td class=\"col-xs-3\">prise en charge iSCSI<\/td>\n<td>Oui<\/td>\n<\/tr>\n<tr>\n<td class=\"col-xs-3\"><\/td>\n<td><strong>Processeur<\/strong><\/td>\n<\/tr>\n<tr>\n<td class=\"col-xs-3\">Fabricant du processeur<\/td>\n<td>AMD<\/td>\n<\/tr>\n<tr>\n<td class=\"col-xs-3\">Fr\u00e9quence d&rsquo;horloge du processeur<\/td>\n<td>2.2 GHz<\/td>\n<\/tr>\n<tr>\n<td class=\"col-xs-3\">Famille de processeurs<\/td>\n<td>AMD Ryzen<\/td>\n<\/tr>\n<tr>\n<td class=\"col-xs-3\">Processeur<\/td>\n<td>V1500B<\/td>\n<\/tr>\n<tr>\n<td class=\"col-xs-3\">Nombre de c\u0153urs de processeur<\/td>\n<td>4<\/td>\n<\/tr>\n<tr>\n<td class=\"col-xs-3\"><\/td>\n<td><strong>Contenu de la livraison<\/strong><\/td>\n<\/tr>\n<tr>\n<td class=\"col-xs-3\">C\u00e2bles fournis<\/td>\n<td>AC, LAN (RJ-45)<\/td>\n<\/tr>\n<tr>\n<td class=\"col-xs-3\"><\/td>\n<td><strong>Poids et dimensions<\/strong><\/td>\n<\/tr>\n<tr>\n<td class=\"col-xs-3\">Hauteur<\/td>\n<td>166 mm<\/td>\n<\/tr>\n<tr>\n<td class=\"col-xs-3\">Largeur<\/td>\n<td>343 mm<\/td>\n<\/tr>\n<tr>\n<td class=\"col-xs-3\">Profondeur<\/td>\n<td>243 mm<\/td>\n<\/tr>\n<tr>\n<td class=\"col-xs-3\">Poids<\/td>\n<td>6000 g<\/td>\n<\/tr>\n<tr>\n<td class=\"col-xs-3\"><\/td>\n<td><strong>Performances<\/strong><\/td>\n<\/tr>\n<tr>\n<td class=\"col-xs-3\">Classe d&rsquo;appareils<\/td>\n<td>Grandes entreprises<\/td>\n<\/tr>\n<tr>\n<td class=\"col-xs-3\">Fonction de sauvegarde<\/td>\n<td>Oui<\/td>\n<\/tr>\n<tr>\n<td class=\"col-xs-3\">Fonctions de sauvegarde<\/td>\n<td>Cloud, iSCSI LUN<\/td>\n<\/tr>\n<tr>\n<td class=\"col-xs-3\">Nombre d&rsquo;utilisateurs<\/td>\n<td>2048 utilisateurs<\/td>\n<\/tr>\n<tr>\n<td class=\"col-xs-3\">Niveau sonore<\/td>\n<td>22.2 dB<\/td>\n<\/tr>\n<tr>\n<td class=\"col-xs-3\">\u00c9conomie \u00e0 chaud<\/td>\n<td>Oui<\/td>\n<\/tr>\n<tr>\n<td class=\"col-xs-3\">Type<\/td>\n<td>NAS<\/td>\n<\/tr>\n<tr>\n<td class=\"col-xs-3\">Instantan\u00e9<\/td>\n<td>Oui<\/td>\n<\/tr>\n<tr>\n<td class=\"col-xs-3\">Gestion bas\u00e9e sur le web<\/td>\n<td>Oui<\/td>\n<\/tr>\n<tr>\n<td class=\"col-xs-3\">Liste de contr\u00f4le d&rsquo;acc\u00e8s<\/td>\n<td>Oui<\/td>\n<\/tr>\n<tr>\n<td class=\"col-xs-3\">Bouton de r\u00e9initialisation<\/td>\n<td>Oui<\/td>\n<\/tr>\n<tr>\n<td class=\"col-xs-3\">Support multilingue<\/td>\n<td>Oui<\/td>\n<\/tr>\n<tr>\n<td class=\"col-xs-3\">Marche (interrupteur)<\/td>\n<td>Oui<\/td>\n<\/tr>\n<tr>\n<td class=\"col-xs-3\">Navigateur pris en charge<\/td>\n<td>Google Chrome, Firefox, Microsoft Edge, Internet Explorer 10+, Safari 10+<\/td>\n<\/tr>\n<tr>\n<td class=\"col-xs-3\"><\/td>\n<td><strong>Conditions de fonctionnement<\/strong><\/td>\n<\/tr>\n<tr>\n<td class=\"col-xs-3\">Plage de temp\u00e9rature en fonctionnement<\/td>\n<td>0 &#8211; 40 \u00b0C<\/td>\n<\/tr>\n<tr>\n<td class=\"col-xs-3\">Humidit\u00e9 relative en fonctionnement<\/td>\n<td>5 &#8211; 95 %<\/td>\n<\/tr>\n<tr>\n<td class=\"col-xs-3\">Plage de temp\u00e9rature de stockage<\/td>\n<td>-20 &#8211; 60 \u00b0C<\/td>\n<\/tr>\n<tr>\n<td class=\"col-xs-3\"><\/td>\n<td><strong>Certificats<\/strong><\/td>\n<\/tr>\n<tr>\n<td class=\"col-xs-3\">Certification<\/td>\n<td>RoHS FCC CE BSMI EAC CCC KC VCCI RCM<\/td>\n<\/tr>\n<\/tbody>\n<\/table>\n<ul>\n<li><\/li>\n<\/ul>\n","protected":false},"excerpt":{"rendered":"<ul>\n<li>Constructeur <strong>Synology<\/strong><\/li>\n<li>Type de <strong>bo\u00eetier<\/strong> <strong>Desktop<\/strong> \/ Tower<\/li>\n<li>Nombre de <strong>baies 8<\/strong><\/li>\n<li>Supports de stockage Interfaces M.2 NVME SATA<\/li>\n<li>Type de support de stockage Disque dur, SSD<\/li>\n<li><strong>108 TB Capacit\u00e9 de stockage maximale<\/strong> prise en charge<\/li>\n<li><strong>32 Go de m\u00e9moire RAM<\/strong> maximum<\/li>\n<li>Prise en charge de l&rsquo;alimentation redondante Non<\/li>\n<li>Nombre de ports <strong>LAN<\/strong> (RJ-45) <strong>4<\/strong><\/li>\n<li>DiskStation Manager<\/li>\n<li>Fabricant du processeur <strong>AMD<\/strong><\/li>\n<li>2.fr\u00e9quence d&rsquo;horloge du processeur 2 GHz<\/li>\n<li>V1500B<\/li>\n<\/ul>\n","protected":false},"featured_media":42892,"comment_status":"closed","ping_status":"closed","template":"","meta":{"_seopress_robots_primary_cat":"none","_seopress_titles_title":"","_seopress_titles_desc":"","_seopress_robots_index":""},"product_brand":[],"product_cat":[1506,1510],"product_tag":[30903,30907,30824,30902,30904,30901,30797,30793],"class_list":{"0":"post-42890","1":"product","2":"type-product","3":"status-publish","4":"has-post-thumbnail","6":"product_cat-accessoires-informatiques","7":"product_cat-informatique","8":"product_tag-disk","9":"product_tag-ds1821","10":"product_tag-econcept","11":"product_tag-nas","12":"product_tag-station","13":"product_tag-synology","14":"product_tag-tech","15":"product_tag-terra","17":"first","18":"instock","19":"shipping-taxable","20":"purchasable","21":"product-type-simple"},"_links":{"self":[{"href":"https:\/\/shop24.lu\/fr\/wp-json\/wp\/v2\/product\/42890","targetHints":{"allow":["GET"]}}],"collection":[{"href":"https:\/\/shop24.lu\/fr\/wp-json\/wp\/v2\/product"}],"about":[{"href":"https:\/\/shop24.lu\/fr\/wp-json\/wp\/v2\/types\/product"}],"replies":[{"embeddable":true,"href":"https:\/\/shop24.lu\/fr\/wp-json\/wp\/v2\/comments?post=42890"}],"wp:featuredmedia":[{"embeddable":true,"href":"https:\/\/shop24.lu\/fr\/wp-json\/wp\/v2\/media\/42892"}],"wp:attachment":[{"href":"https:\/\/shop24.lu\/fr\/wp-json\/wp\/v2\/media?parent=42890"}],"wp:term":[{"taxonomy":"product_brand","embeddable":true,"href":"https:\/\/shop24.lu\/fr\/wp-json\/wp\/v2\/product_brand?post=42890"},{"taxonomy":"product_cat","embeddable":true,"href":"https:\/\/shop24.lu\/fr\/wp-json\/wp\/v2\/product_cat?post=42890"},{"taxonomy":"product_tag","embeddable":true,"href":"https:\/\/shop24.lu\/fr\/wp-json\/wp\/v2\/product_tag?post=42890"}],"curies":[{"name":"wp","href":"https:\/\/api.w.org\/{rel}","templated":true}]}}