{"id":42912,"date":"2021-12-07T22:02:25","date_gmt":"2021-12-07T20:02:25","guid":{"rendered":"https:\/\/shop24.lu\/?post_type=product&#038;p=42912"},"modified":"2022-02-06T17:13:26","modified_gmt":"2022-02-06T15:13:26","slug":"wd-hd3-5-sata3-2tb-wd2002ffsx-24x7-nas-di","status":"publish","type":"product","link":"https:\/\/shop24.lu\/fr\/product\/wd-hd3-5-sata3-2tb-wd2002ffsx-24x7-nas-di\/","title":{"rendered":"WD HD3.5&Prime; SATA3 2TB WD2002FFSX \/ 24&#215;7 \/ NAS (Di)"},"content":{"rendered":"<p><span id=\"ctl00_ctl00_ctl00_SiteContent_SiteContent_SiteContent_LabelProductDescription\">WD Red\u2122 (DMSMR) reste l&rsquo;option grand public pour les applications personnelles\/de bureau \u00e0 domicile avec des charges de travail faibles \u00e0 moyennes et de longues p\u00e9riodes d&rsquo;inactivit\u00e9. WD Red\u2122 Plus (CMR) r\u00e9pond aux exigences de charges de travail plus \u00e9lev\u00e9es des petites et moyennes entreprises ainsi qu&rsquo;aux besoins de la communaut\u00e9 ZFS. WD Red\u2122 Pro (CMR) reste notre solution haute performance pour les entreprises disposant de syst\u00e8mes NAS avec un plus grand nombre de baies de disques et des charges de travail intensives <\/span><\/p>\n<table id=\"ctl00_ctl00_ctl00_SiteContent_SiteContent_SiteContent_articleFeatureDisplayDetails_gridViewProductAttributes\" class=\"table table-condensed\" border=\"0\" cellspacing=\"0\">\n<tbody>\n<tr>\n<td><strong>D\u00e9tails techniques<\/strong><\/td>\n<\/tr>\n<tr>\n<td class=\"col-xs-3\">Fabricant<\/td>\n<td>Western Digital<\/td>\n<\/tr>\n<tr>\n<td class=\"col-xs-3\">Certificats de durabilit\u00e9<\/td>\n<td>RoHS<\/td>\n<\/tr>\n<tr>\n<td class=\"col-xs-3\"><\/td>\n<td><strong>Poids et dimensions<\/strong><\/td>\n<\/tr>\n<tr>\n<td class=\"col-xs-3\">Hauteur<\/td>\n<td>26.1 mm<\/td>\n<\/tr>\n<tr>\n<td class=\"col-xs-3\">Largeur<\/td>\n<td>101.6 mm<\/td>\n<\/tr>\n<tr>\n<td class=\"col-xs-3\">Profondeur<\/td>\n<td>147 mm<\/td>\n<\/tr>\n<tr>\n<td class=\"col-xs-3\">Poids<\/td>\n<td>720 g<\/td>\n<\/tr>\n<tr>\n<td class=\"col-xs-3\"><\/td>\n<td><strong>Caract\u00e9ristiques<\/strong><\/td>\n<\/tr>\n<tr>\n<td class=\"col-xs-3\">Taux de transfert interface HDD<\/td>\n<td>6 Gbit\/s<\/td>\n<\/tr>\n<tr>\n<td class=\"col-xs-3\">Taux de transfert HDD continu<\/td>\n<td>164 Mb\/s<\/td>\n<\/tr>\n<tr>\n<td class=\"col-xs-3\">Taille du HDD<\/td>\n<td>3.5 pouces<\/td>\n<\/tr>\n<tr>\n<td class=\"col-xs-3\">Interface<\/td>\n<td>Serial ATA III<\/td>\n<\/tr>\n<tr>\n<td class=\"col-xs-3\">Type<\/td>\n<td>Disque dur<\/td>\n<\/tr>\n<tr>\n<td class=\"col-xs-3\">D\u00e9marrage (cycles d&rsquo;arr\u00eat)<\/td>\n<td>600000<\/td>\n<\/tr>\n<tr>\n<td class=\"col-xs-3\">Taille de la m\u00e9moire tampon du lecteur de m\u00e9moire<\/td>\n<td>64 MO<\/td>\n<\/tr>\n<tr>\n<td class=\"col-xs-3\">Vitesse du HDD<\/td>\n<td>7200 RPM<\/td>\n<\/tr>\n<tr>\n<td class=\"col-xs-3\">Dur\u00e9e moyenne de fonctionnement entre les pannes (MTBF)<\/td>\n<td>1000000 h<\/td>\n<\/tr>\n<tr>\n<td class=\"col-xs-3\">Capacit\u00e9 du HDD<\/td>\n<td>2000 GO<\/td>\n<\/tr>\n<tr>\n<td class=\"col-xs-3\">Composant pour<\/td>\n<td>NAS<\/td>\n<\/tr>\n<tr>\n<td class=\"col-xs-3\"><\/td>\n<td><strong>Disque dur<\/strong><\/td>\n<\/tr>\n<tr>\n<td class=\"col-xs-3\">Taux de transfert interface disque dur<\/td>\n<td>6 Gbit\/s<\/td>\n<\/tr>\n<tr>\n<td class=\"col-xs-3\">Taille du HDD<\/td>\n<td>3.5 pouces<\/td>\n<\/tr>\n<tr>\n<td class=\"col-xs-3\">Type de p\u00e9riph\u00e9rique<\/td>\n<td>Disque dur<\/td>\n<\/tr>\n<tr>\n<td class=\"col-xs-3\">Disque dur, taille de la m\u00e9moire tampon<\/td>\n<td>64 MO<\/td>\n<\/tr>\n<tr>\n<td class=\"col-xs-3\">Vitesse de rotation du disque dur<\/td>\n<td>7200 TR\/MIN<\/td>\n<\/tr>\n<tr>\n<td class=\"col-xs-3\">Capacit\u00e9 du disque dur<\/td>\n<td>2000 GO<\/td>\n<\/tr>\n<tr>\n<td class=\"col-xs-3\">Interface du disque dur<\/td>\n<td>Serial ATA III<\/td>\n<\/tr>\n<tr>\n<td class=\"col-xs-3\"><\/td>\n<td><strong>Puissance<\/strong><\/td>\n<\/tr>\n<tr>\n<td class=\"col-xs-3\">Consommation \u00e9lectrique (en veille)<\/td>\n<td>1.4 W<\/td>\n<\/tr>\n<tr>\n<td class=\"col-xs-3\">Courant de d\u00e9marrage<\/td>\n<td>1.9 A<\/td>\n<\/tr>\n<tr>\n<td class=\"col-xs-3\">Tension de travail<\/td>\n<td>5 \/ 12 V<\/td>\n<\/tr>\n<tr>\n<td class=\"col-xs-3\">Consommation d&rsquo;\u00e9nergie (idle)<\/td>\n<td>6 W<\/td>\n<\/tr>\n<tr>\n<td class=\"col-xs-3\">Consommation d&rsquo;\u00e9nergie (lecture)<\/td>\n<td>7.8 W<\/td>\n<\/tr>\n<tr>\n<td class=\"col-xs-3\">Consommation d&rsquo;\u00e9nergie (\u00e9criture)<\/td>\n<td>7.8 W<\/td>\n<\/tr>\n<tr>\n<td class=\"col-xs-3\"><\/td>\n<td><strong>Conditions de fonctionnement<\/strong><\/td>\n<\/tr>\n<tr>\n<td class=\"col-xs-3\">Plage de temp\u00e9rature en fonctionnement<\/td>\n<td>5 &#8211; 60 \u00b0C<\/td>\n<\/tr>\n<tr>\n<td class=\"col-xs-3\">R\u00e9sistance aux chocs (en fonctionnement)<\/td>\n<td>30 G<\/td>\n<\/tr>\n<tr>\n<td class=\"col-xs-3\">R\u00e9sistance aux chocs (hors fonctionnement)<\/td>\n<td>300 G<\/td>\n<\/tr>\n<tr>\n<td class=\"col-xs-3\">Plage de temp\u00e9rature de stockage<\/td>\n<td>-40 &#8211; 70 \u00b0C<\/td>\n<\/tr>\n<tr>\n<td class=\"col-xs-3\"><\/td>\n<td><strong>Donn\u00e9es d&#8217;emballage<\/strong><\/td>\n<\/tr>\n<tr>\n<td class=\"col-xs-3\">Nombre de<\/td>\n<td>1<\/td>\n<\/tr>\n<tr>\n<td class=\"col-xs-3\">Adaptateur de lecteur de m\u00e9moire inclus<\/td>\n<td>Non<\/td>\n<\/tr>\n<\/tbody>\n<\/table>\n","protected":false},"excerpt":{"rendered":"<ul>\n<li>Fabricant Western Digital<\/li>\n<li>capacit\u00e9 du disque dur de 2000 Go<\/li>\n<li>Interface de disque dur Serial ATA III<\/li>\n<\/ul>\n","protected":false},"featured_media":42908,"comment_status":"closed","ping_status":"closed","template":"","meta":{"_seopress_robots_primary_cat":"none","_seopress_titles_title":"","_seopress_titles_desc":"","_seopress_robots_index":""},"product_brand":[],"product_cat":[1506,1510],"product_tag":[30927,30926,30925,30920,30903,30811,30924,30915,30902,30918,30919],"class_list":{"0":"post-42912","1":"product","2":"type-product","3":"status-publish","4":"has-post-thumbnail","6":"product_cat-accessoires-informatiques","7":"product_cat-informatique","8":"product_tag-24x7","9":"product_tag-2tb","10":"product_tag-2to","11":"product_tag-digital","12":"product_tag-disk","13":"product_tag-disque","14":"product_tag-drive","15":"product_tag-dur","16":"product_tag-nas","17":"product_tag-wd","18":"product_tag-western","20":"first","21":"instock","22":"shipping-taxable","23":"purchasable","24":"product-type-simple"},"_links":{"self":[{"href":"https:\/\/shop24.lu\/fr\/wp-json\/wp\/v2\/product\/42912","targetHints":{"allow":["GET"]}}],"collection":[{"href":"https:\/\/shop24.lu\/fr\/wp-json\/wp\/v2\/product"}],"about":[{"href":"https:\/\/shop24.lu\/fr\/wp-json\/wp\/v2\/types\/product"}],"replies":[{"embeddable":true,"href":"https:\/\/shop24.lu\/fr\/wp-json\/wp\/v2\/comments?post=42912"}],"wp:featuredmedia":[{"embeddable":true,"href":"https:\/\/shop24.lu\/fr\/wp-json\/wp\/v2\/media\/42908"}],"wp:attachment":[{"href":"https:\/\/shop24.lu\/fr\/wp-json\/wp\/v2\/media?parent=42912"}],"wp:term":[{"taxonomy":"product_brand","embeddable":true,"href":"https:\/\/shop24.lu\/fr\/wp-json\/wp\/v2\/product_brand?post=42912"},{"taxonomy":"product_cat","embeddable":true,"href":"https:\/\/shop24.lu\/fr\/wp-json\/wp\/v2\/product_cat?post=42912"},{"taxonomy":"product_tag","embeddable":true,"href":"https:\/\/shop24.lu\/fr\/wp-json\/wp\/v2\/product_tag?post=42912"}],"curies":[{"name":"wp","href":"https:\/\/api.w.org\/{rel}","templated":true}]}}