{"id":51258,"date":"2022-04-10T16:09:55","date_gmt":"2022-04-10T14:09:55","guid":{"rendered":"https:\/\/shop24.lu\/?post_type=product&#038;p=51258"},"modified":"2023-12-04T17:00:25","modified_gmt":"2023-12-04T15:00:25","slug":"terra-all-in-one-pc-2400-greenline","status":"publish","type":"product","link":"https:\/\/shop24.lu\/fr\/product\/terra-all-in-one-pc-2400-greenline\/","title":{"rendered":"TERRA TOUT-EN-UN-PC 2400 GREENLINE"},"content":{"rendered":"<table id=\"ctl00_ctl00_ctl00_SiteContent_SiteContent_SiteContent_articleFeatureDisplayDetails_gridViewProductAttributes\" class=\"table table-condensed\" border=\"0\" cellspacing=\"0\">\n<tbody>\n<tr>\n<td><strong>G\u00e9n\u00e9ralit\u00e9s<\/strong><\/td>\n<\/tr>\n<tr>\n<td class=\"col-xs-3\">Processeur<\/td>\n<td>Intel Core i3 (13e g\u00e9n\u00e9ration) 1315U\u00a0 (10 Mo Intel SmartCache, jusqu&rsquo;\u00e0 4.4 GHz avec Intel Turbo Boost Technology)<\/td>\n<\/tr>\n<tr>\n<td class=\"col-xs-3\">Syst\u00e8me d&rsquo;exploitation<\/td>\n<td>Windows 11 Pro<\/td>\n<\/tr>\n<tr>\n<td class=\"col-xs-3\"><\/td>\n<td><strong>Logiciel<\/strong><\/td>\n<\/tr>\n<tr>\n<td class=\"col-xs-3\">logiciels pr\u00e9install\u00e9s<\/td>\n<td>1 mois de version d&rsquo;essai pour les nouveaux clients Microsoft\u00ae 365<\/td>\n<\/tr>\n<tr>\n<td class=\"col-xs-3\"><\/td>\n<td><strong>\u00c9cran<\/strong><\/td>\n<\/tr>\n<tr>\n<td class=\"col-xs-3\">R\u00e9solution de l&rsquo;\u00e9cran<\/td>\n<td>1920 x 1080 ( Full HD )<\/td>\n<\/tr>\n<tr>\n<td class=\"col-xs-3\">Type d&rsquo;\u00e9cran<\/td>\n<td>\u00c9cran LCD non tactile &#8211; non transparent<\/td>\n<\/tr>\n<tr>\n<td class=\"col-xs-3\">Luminosit\u00e9<\/td>\n<td>250 cd\/m<\/td>\n<\/tr>\n<tr>\n<td class=\"col-xs-3\">Temps de r\u00e9ponse<\/td>\n<td>14 ms<\/td>\n<\/tr>\n<tr>\n<td class=\"col-xs-3\">Taux de contraste<\/td>\n<td>1000:1<\/td>\n<\/tr>\n<tr>\n<td class=\"col-xs-3\">Angle de vue, horizontal<\/td>\n<td>178\u00b0<\/td>\n<\/tr>\n<tr>\n<td class=\"col-xs-3\">Angle d&rsquo;image, vertical<\/td>\n<td>178\u00b0<\/td>\n<\/tr>\n<tr>\n<td class=\"col-xs-3\">Type de r\u00e9tro\u00e9clairage LED<\/td>\n<td>R\u00e9tro\u00e9clairage LED<\/td>\n<\/tr>\n<tr>\n<td class=\"col-xs-3\">Diagonale d&rsquo;\u00e9cran<\/td>\n<td>60.5 cm (23.8&Prime;)<\/td>\n<\/tr>\n<tr>\n<td class=\"col-xs-3\"><\/td>\n<td><strong>Processeur<\/strong><\/td>\n<\/tr>\n<tr>\n<td class=\"col-xs-3\">Famille de processeurs<\/td>\n<td>Core i3<\/td>\n<\/tr>\n<tr>\n<td class=\"col-xs-3\">Nombre de c\u0153urs de processeur<\/td>\n<td>Hexacore<\/td>\n<\/tr>\n<tr>\n<td class=\"col-xs-3\">Nombre maximum de processeurs SMP<\/td>\n<td>1<\/td>\n<\/tr>\n<tr>\n<td class=\"col-xs-3\">Socle de processeur<\/td>\n<td>FCBGA1528<\/td>\n<\/tr>\n<tr>\n<td class=\"col-xs-3\">Nombre de processeurs<\/td>\n<td>1<\/td>\n<\/tr>\n<tr>\n<td class=\"col-xs-3\"><\/td>\n<td><strong>M\u00e9moire<\/strong><\/td>\n<\/tr>\n<tr>\n<td class=\"col-xs-3\">M\u00e9moire RAM<\/td>\n<td>8 GO<\/td>\n<\/tr>\n<tr>\n<td class=\"col-xs-3\">Disposition de la m\u00e9moire<\/td>\n<td>1 x 8 Go<\/td>\n<\/tr>\n<tr>\n<td class=\"col-xs-3\">M\u00e9moire RAM maximale<\/td>\n<td>32 GO<\/td>\n<\/tr>\n<tr>\n<td class=\"col-xs-3\">Fr\u00e9quence d&rsquo;horloge de la m\u00e9moire<\/td>\n<td><\/td>\n<\/tr>\n<tr>\n<td class=\"col-xs-3\">Type de m\u00e9moire interne<\/td>\n<td>DDR4<\/td>\n<\/tr>\n<tr>\n<td class=\"col-xs-3\">Emplacements pour cartes m\u00e9moire<\/td>\n<td>2 pi\u00e8ce(s)<\/td>\n<\/tr>\n<tr>\n<td class=\"col-xs-3\">Facteur de forme de la m\u00e9moire<\/td>\n<td>SO DIMM 260-PIN<\/td>\n<\/tr>\n<tr>\n<td class=\"col-xs-3\"><\/td>\n<td><strong>Support de stockage<\/strong><\/td>\n<\/tr>\n<tr>\n<td class=\"col-xs-3\">Capacit\u00e9 de m\u00e9moire totale<\/td>\n<td>500 GO<\/td>\n<\/tr>\n<tr>\n<td class=\"col-xs-3\">Interface du disque dur<\/td>\n<td>1x S-ATA 6GB\/s 1x M.2 type 2280 (SATA &amp; PCIe NVMe)<\/td>\n<\/tr>\n<tr>\n<td class=\"col-xs-3\">Lecteur de carte int\u00e9gr\u00e9<\/td>\n<td>Non<\/td>\n<\/tr>\n<tr>\n<td class=\"col-xs-3\">Interface SSD<\/td>\n<td>PCIe (NVMe)<\/td>\n<\/tr>\n<tr>\n<td class=\"col-xs-3\">Capacit\u00e9 de stockage SSD<\/td>\n<td>500 GO<\/td>\n<\/tr>\n<tr>\n<td class=\"col-xs-3\">Capacit\u00e9 du disque dur<\/td>\n<td>1 x 500 Go &#8211; \u00e0 l&rsquo;\u00e9tat solide<\/td>\n<\/tr>\n<tr>\n<td class=\"col-xs-3\">Supports de stockage<\/td>\n<td>SSD M.2<\/td>\n<\/tr>\n<tr>\n<td class=\"col-xs-3\"><\/td>\n<td><strong>Lecteur optique<\/strong><\/td>\n<\/tr>\n<tr>\n<td class=\"col-xs-3\">Lecteur optique &#8211; type<\/td>\n<td>Sans lecteur optique<\/td>\n<\/tr>\n<tr>\n<td class=\"col-xs-3\"><\/td>\n<td><strong>Performances<\/strong><\/td>\n<\/tr>\n<tr>\n<td class=\"col-xs-3\">S\u00e9rie<\/td>\n<td>Business<\/td>\n<\/tr>\n<tr>\n<td class=\"col-xs-3\">Type de produit<\/td>\n<td>Ordinateur personnel<\/td>\n<\/tr>\n<tr>\n<td class=\"col-xs-3\">Niveau sonore<\/td>\n<td>22.3 dB (mode inactif)<\/td>\n<\/tr>\n<tr>\n<td class=\"col-xs-3\"><\/td>\n<td><strong>Clavier<\/strong><\/td>\n<\/tr>\n<tr>\n<td class=\"col-xs-3\">Interface du p\u00e9riph\u00e9rique<\/td>\n<td>USB<\/td>\n<\/tr>\n<tr>\n<td class=\"col-xs-3\"><\/td>\n<td><strong>D\u00e9tails techniques<\/strong><\/td>\n<\/tr>\n<tr>\n<td class=\"col-xs-3\">Localisation<\/td>\n<td>International<\/td>\n<\/tr>\n<tr>\n<td class=\"col-xs-3\"><\/td>\n<td><strong>Contenu de la livraison<\/strong><\/td>\n<\/tr>\n<tr>\n<td class=\"col-xs-3\">Accessoires fournis<\/td>\n<td>Guide de d\u00e9marrage rapide, adaptateur secteur, c\u00e2ble d&rsquo;alimentation EU, support<\/td>\n<\/tr>\n<tr>\n<td class=\"col-xs-3\">Clavier inclus<\/td>\n<td>En option<\/td>\n<\/tr>\n<tr>\n<td class=\"col-xs-3\"><\/td>\n<td><strong>Poids et dimensions<\/strong><\/td>\n<\/tr>\n<tr>\n<td class=\"col-xs-3\">Hauteur<\/td>\n<td>44.4 (32.7 \u00e9cran seulement) cm<\/td>\n<\/tr>\n<tr>\n<td class=\"col-xs-3\">Largeur<\/td>\n<td>54.0 cm<\/td>\n<\/tr>\n<tr>\n<td class=\"col-xs-3\">Profondeur<\/td>\n<td>20.2 (pied inclus)\/ 4.5 (panneau sans pied) cm<\/td>\n<\/tr>\n<tr>\n<td class=\"col-xs-3\">Poids<\/td>\n<td>3.9 kg<\/td>\n<\/tr>\n<tr>\n<td class=\"col-xs-3\"><\/td>\n<td><strong>Autres fonctions<\/strong><\/td>\n<\/tr>\n<tr>\n<td class=\"col-xs-3\">Emplacements d&rsquo;extension<\/td>\n<td>1x 2.5&Prime; SSD<\/td>\n<\/tr>\n<tr>\n<td class=\"col-xs-3\">Interface<\/td>\n<td>HDMI, LAN RJ-45, 4x USB 3.2 Gen2, audio (line-out, microphone), DC-in<\/td>\n<\/tr>\n<tr>\n<td class=\"col-xs-3\">Syst\u00e8mes d&rsquo;exploitation compatibles<\/td>\n<td>Windows 10, Windows 11<\/td>\n<\/tr>\n<tr>\n<td class=\"col-xs-3\">Capacit\u00e9 de refroidissement maximale<\/td>\n<td>Actif<\/td>\n<\/tr>\n<tr>\n<td class=\"col-xs-3\">Conformit\u00e9 aux normes industrielles<\/td>\n<td>Cet appareil est consid\u00e9r\u00e9 comme un \u00e9quipement de technologie de l&rsquo;information (ITE) de classe B et est principalement destin\u00e9 \u00e0 un usage domestique et professionnel. Le marquage CE atteste de la conformit\u00e9 aux directives europ\u00e9ennes suivantes : (1) Directive CEM 2004\/108\/CE Compatibilit\u00e9 \u00e9lectromagn\u00e9tique (2) Directive basse tension 2006\/95\/CE Mat\u00e9riel \u00e9lectrique destin\u00e9 \u00e0 \u00eatre employ\u00e9 dans certaines limites de tension.<\/td>\n<\/tr>\n<tr>\n<td class=\"col-xs-3\">Caract\u00e9ristiques sp\u00e9ciales<\/td>\n<td>2x 1.5 W haut-parleurs st\u00e9r\u00e9o TPM 2.0 Bluetooth Inclinable vers l&rsquo;avant et l&rsquo;arri\u00e8re (-5\u00b0 \u00e0 + 20\u00b0) Design frameless Couleur : argent (avant + pied), noir \u00e0 l&rsquo;arri\u00e8re En option : support VESA<\/td>\n<\/tr>\n<tr>\n<td class=\"col-xs-3\"><\/td>\n<td><strong>Design<\/strong><\/td>\n<\/tr>\n<tr>\n<td class=\"col-xs-3\">Certification<\/td>\n<td>Assemblage selon ISO9001 en Allemagne Compatibilit\u00e9 : SMBios (DMI), EnergyStar (Valid only for U.S.), EN62368-1, EN55032, EN55035, EN61000-3-2\/3, EN62623, 89\/336\/ECC Le produit r\u00e9pond aux crit\u00e8res du RAL UZ 78 (Ange bleu)<\/td>\n<\/tr>\n<tr>\n<td class=\"col-xs-3\">Facteur de forme<\/td>\n<td>Tout-en-un (solution compl\u00e8te)<\/td>\n<\/tr>\n<tr>\n<td class=\"col-xs-3\"><\/td>\n<td><strong>Souris<\/strong><\/td>\n<\/tr>\n<tr>\n<td class=\"col-xs-3\">Souris incluse<\/td>\n<td>En option<\/td>\n<\/tr>\n<tr>\n<td class=\"col-xs-3\"><\/td>\n<td><strong>Graphique<\/strong><\/td>\n<\/tr>\n<tr>\n<td class=\"col-xs-3\">R\u00e9solution maximale<\/td>\n<td>HDMI 1.4a jusqu&rsquo;\u00e0 4096&#215;2304 @ 60 Hz (4K), Supporte le double monitoring<\/td>\n<\/tr>\n<tr>\n<td class=\"col-xs-3\">M\u00e9moire d&rsquo;adaptateur graphique int\u00e9gr\u00e9e<\/td>\n<td>Dynamique<\/td>\n<\/tr>\n<tr>\n<td class=\"col-xs-3\">Carte graphique<\/td>\n<td>Intel UHD Graphics 620<\/td>\n<\/tr>\n<tr>\n<td class=\"col-xs-3\">Mod\u00e8le d&rsquo;adaptateur graphique embarqu\u00e9<\/td>\n<td>Intel UHD Graphics 620<\/td>\n<\/tr>\n<tr>\n<td class=\"col-xs-3\"><\/td>\n<td><strong>Puissance<\/strong><\/td>\n<\/tr>\n<tr>\n<td class=\"col-xs-3\">Source d&rsquo;alimentation<\/td>\n<td>Alimentation externe sans ventilateur<\/td>\n<\/tr>\n<tr>\n<td class=\"col-xs-3\">Consommation \u00e9lectrique (en veille)<\/td>\n<td>luminosit\u00e9 max. \/ charge : 26,8 \/ 37,9 watts<\/td>\n<\/tr>\n<tr>\n<td class=\"col-xs-3\">Puissance d&rsquo;entr\u00e9e maximale<\/td>\n<td>65 W<\/td>\n<\/tr>\n<tr>\n<td class=\"col-xs-3\">Tension d&rsquo;entr\u00e9e du bloc d&rsquo;alimentation<\/td>\n<td>Courant alternatif 100\/240 V ( 50\/60 Hz )<\/td>\n<\/tr>\n<tr>\n<td class=\"col-xs-3\"><\/td>\n<td><strong>Conditions de fonctionnement<\/strong><\/td>\n<\/tr>\n<tr>\n<td class=\"col-xs-3\">Temp\u00e9rature de fonctionnement<\/td>\n<td>5\u00b0 C &#8211; 35\u00b0 C<\/td>\n<\/tr>\n<tr>\n<td class=\"col-xs-3\">Plage d&rsquo;humidit\u00e9 recommand\u00e9e<\/td>\n<td>10-75% (sans condensation)<\/td>\n<\/tr>\n<tr>\n<td class=\"col-xs-3\"><\/td>\n<td><strong>R\u00e9seau<\/strong><\/td>\n<\/tr>\n<tr>\n<td class=\"col-xs-3\">Connexion Ethernet int\u00e9gr\u00e9e<\/td>\n<td>Adaptateur r\u00e9seau &#8211; int\u00e9gr\u00e9<\/td>\n<\/tr>\n<tr>\n<td class=\"col-xs-3\">Contr\u00f4leur LAN<\/td>\n<td>Intel i219V, Gigabit LAN, WOL + PXE<\/td>\n<\/tr>\n<tr>\n<td class=\"col-xs-3\">Normes WLAN<\/td>\n<td>Intel\u00ae Dual Band Wireless-AC 9260 Bande de fr\u00e9quence : 2.4 GHz + 5 GHz Double flux IEEE 802.11 ac<\/td>\n<\/tr>\n<tr>\n<td class=\"col-xs-3\">Protocoles de liaison de donn\u00e9es<\/td>\n<td>Ethernet, Fast Ethernet, Gigabit Ethernet, IEEE 802.11ac Bluetooth 5.0<\/td>\n<\/tr>\n<tr>\n<td class=\"col-xs-3\"><\/td>\n<td><strong>P\u00e9riph\u00e9rique d&rsquo;entr\u00e9e<\/strong><\/td>\n<\/tr>\n<tr>\n<td class=\"col-xs-3\">Interface du p\u00e9riph\u00e9rique<\/td>\n<td>USB<\/td>\n<\/tr>\n<tr>\n<td class=\"col-xs-3\"><\/td>\n<td><strong>Audio<\/strong><\/td>\n<\/tr>\n<tr>\n<td class=\"col-xs-3\">Canaux audio<\/td>\n<td>6 canaux haute d\u00e9finition<\/td>\n<\/tr>\n<tr>\n<td class=\"col-xs-3\">Syst\u00e8me audio<\/td>\n<td>Int\u00e9gr\u00e9<\/td>\n<\/tr>\n<\/tbody>\n<\/table>\n","protected":false},"excerpt":{"rendered":"<p><strong>Intel Core i3<\/strong> (13. Gen.) 1315U (10 MB Intel SmartCache, bis zu 4.4 GHz mit Intel Turbo Boost Technology)<br \/>\n<strong>Windows 11<\/strong> Pro<\/p>\n<p>Tu as peu de place sur ton bureau ? Et tu aimes que tout soit bien rang\u00e9, alors l&rsquo;\u00e9l\u00e9gant PC tout-en-un TERRA au design slim sans cadre est la solution id\u00e9ale.<\/p>\n<p>Gr\u00e2ce au CPU Intels Core i3 avec technologie de processeur mobile, ce PC \u00e9l\u00e9gant et silencieux a une faible consommation d&rsquo;\u00e9nergie. Les PC All-in-One TERRA sont parfaits pour le poste de travail \u00e0 la maison. Avec une combinaison clavier\/souris sans fil, tu obtiens un espace de travail extr\u00eamement clair et ordonn\u00e9.<\/p>\n","protected":false},"featured_media":51260,"comment_status":"closed","ping_status":"closed","template":"","meta":{"_seopress_robots_primary_cat":"none","_seopress_titles_title":"","_seopress_titles_desc":"","_seopress_robots_index":""},"product_brand":[],"product_cat":[1510,82],"product_tag":[30995,30824,30986,30993,30994,30996,30798,138,30997,30793,1289,30998,30823],"class_list":{"0":"post-51258","1":"product","2":"type-product","3":"status-publish","4":"has-post-thumbnail","6":"product_cat-informatique","7":"product_cat-ordinateurs","8":"product_tag-all-in-one","9":"product_tag-econcept","10":"product_tag-etech","11":"product_tag-green","12":"product_tag-greenline","13":"product_tag-i3","14":"product_tag-intel","15":"product_tag-pc","16":"product_tag-shop24","17":"product_tag-terra","18":"product_tag-weiss","19":"product_tag-white","20":"product_tag-wortmann","22":"first","23":"instock","24":"featured","25":"shipping-taxable","26":"purchasable","27":"product-type-simple"},"_links":{"self":[{"href":"https:\/\/shop24.lu\/fr\/wp-json\/wp\/v2\/product\/51258","targetHints":{"allow":["GET"]}}],"collection":[{"href":"https:\/\/shop24.lu\/fr\/wp-json\/wp\/v2\/product"}],"about":[{"href":"https:\/\/shop24.lu\/fr\/wp-json\/wp\/v2\/types\/product"}],"replies":[{"embeddable":true,"href":"https:\/\/shop24.lu\/fr\/wp-json\/wp\/v2\/comments?post=51258"}],"wp:featuredmedia":[{"embeddable":true,"href":"https:\/\/shop24.lu\/fr\/wp-json\/wp\/v2\/media\/51260"}],"wp:attachment":[{"href":"https:\/\/shop24.lu\/fr\/wp-json\/wp\/v2\/media?parent=51258"}],"wp:term":[{"taxonomy":"product_brand","embeddable":true,"href":"https:\/\/shop24.lu\/fr\/wp-json\/wp\/v2\/product_brand?post=51258"},{"taxonomy":"product_cat","embeddable":true,"href":"https:\/\/shop24.lu\/fr\/wp-json\/wp\/v2\/product_cat?post=51258"},{"taxonomy":"product_tag","embeddable":true,"href":"https:\/\/shop24.lu\/fr\/wp-json\/wp\/v2\/product_tag?post=51258"}],"curies":[{"name":"wp","href":"https:\/\/api.w.org\/{rel}","templated":true}]}}