{"id":51275,"date":"2022-04-10T16:22:59","date_gmt":"2022-04-10T14:22:59","guid":{"rendered":"https:\/\/shop24.lu\/?post_type=product&#038;p=51275"},"modified":"2023-12-25T00:18:43","modified_gmt":"2023-12-24T22:18:43","slug":"terra-lcd-led-2448w-noir-hdmi-greenline-plus","status":"publish","type":"product","link":"https:\/\/shop24.lu\/fr\/product\/terra-lcd-led-2448w-noir-hdmi-greenline-plus\/","title":{"rendered":"TERRA LCD\/LED 2448W Noir HDMI GREENLINE PLUS"},"content":{"rendered":"<table id=\"ctl00_ctl00_ctl00_SiteContent_SiteContent_SiteContent_articleFeatureDisplayDetails_gridViewProductAttributes\" class=\"table table-condensed\" border=\"0\" cellspacing=\"0\">\n<tbody>\n<tr>\n<td><strong>\u00c9cran<\/strong><\/td>\n<\/tr>\n<tr>\n<td class=\"col-xs-3\">Diagonale de l&rsquo;\u00e9cran<\/td>\n<td>23.8 pouces<\/td>\n<\/tr>\n<tr>\n<td class=\"col-xs-3\">Diagonale d&rsquo;\u00e9cran (cm)<\/td>\n<td>60.5 cm<\/td>\n<\/tr>\n<tr>\n<td class=\"col-xs-3\">R\u00e9solution de l&rsquo;\u00e9cran<\/td>\n<td>1920 x 1080 pixels (Full-HD)<\/td>\n<\/tr>\n<tr>\n<td class=\"col-xs-3\">Luminosit\u00e9<\/td>\n<td>250 cd\/m<\/td>\n<\/tr>\n<tr>\n<td class=\"col-xs-3\">Temps de r\u00e9action<\/td>\n<td>5 ms (overdrive)<\/td>\n<\/tr>\n<tr>\n<td class=\"col-xs-3\">Angle d&rsquo;inclinaison arri\u00e8re<\/td>\n<td>20 \u00b0<\/td>\n<\/tr>\n<tr>\n<td class=\"col-xs-3\">Angle d&rsquo;inclinaison \u00e0 l&rsquo;avant<\/td>\n<td>5 \u00b0<\/td>\n<\/tr>\n<tr>\n<td class=\"col-xs-3\">\u00c9cran antireflet<\/td>\n<td>Oui<\/td>\n<\/tr>\n<tr>\n<td class=\"col-xs-3\">Nombre de couleurs de l&rsquo;\u00e9cran<\/td>\n<td>16,7 millions de couleurs<\/td>\n<\/tr>\n<tr>\n<td class=\"col-xs-3\">Taille des pixels<\/td>\n<td>0.2745 mm<\/td>\n<\/tr>\n<tr>\n<td class=\"col-xs-3\">Taux de contraste<\/td>\n<td>30.000.000:1 (DCR)<\/td>\n<\/tr>\n<tr>\n<td class=\"col-xs-3\">Angle de vue, horizontal<\/td>\n<td>178 \u00b0<\/td>\n<\/tr>\n<tr>\n<td class=\"col-xs-3\">Angle d&rsquo;image, vertical<\/td>\n<td>178 \u00b0<\/td>\n<\/tr>\n<tr>\n<td class=\"col-xs-3\">Rapport d&rsquo;image<\/td>\n<td>16:9<\/td>\n<\/tr>\n<tr>\n<td class=\"col-xs-3\">Type de r\u00e9tro\u00e9clairage<\/td>\n<td>R\u00e9tro\u00e9clairage LED<\/td>\n<\/tr>\n<tr>\n<td class=\"col-xs-3\">Technologie de la dalle<\/td>\n<td>IPS<\/td>\n<\/tr>\n<tr>\n<td class=\"col-xs-3\"><\/td>\n<td><strong>Connexions et interfaces<\/strong><\/td>\n<\/tr>\n<tr>\n<td class=\"col-xs-3\">Interface<\/td>\n<td>HDMI VGA<\/td>\n<\/tr>\n<tr>\n<td class=\"col-xs-3\">Entr\u00e9e audio PC<\/td>\n<td>3.prise jack 5mm (Line in)<\/td>\n<\/tr>\n<tr>\n<td class=\"col-xs-3\">HDCP<\/td>\n<td>Oui<\/td>\n<\/tr>\n<tr>\n<td class=\"col-xs-3\"><\/td>\n<td><strong>Design<\/strong><\/td>\n<\/tr>\n<tr>\n<td class=\"col-xs-3\">Couleur du produit<\/td>\n<td>Noir mat<\/td>\n<\/tr>\n<tr>\n<td class=\"col-xs-3\"><\/td>\n<td><strong>Poids et dimensions<\/strong><\/td>\n<\/tr>\n<tr>\n<td class=\"col-xs-3\">Hauteur (pied inclus)<\/td>\n<td>41.7 cm<\/td>\n<\/tr>\n<tr>\n<td class=\"col-xs-3\">Largeur (pied inclus)<\/td>\n<td>54.0 cm<\/td>\n<\/tr>\n<tr>\n<td class=\"col-xs-3\">Profondeur (pied inclus)<\/td>\n<td>22.0 cm<\/td>\n<\/tr>\n<tr>\n<td class=\"col-xs-3\">Poids (pied inclus)<\/td>\n<td>3.5 kg<\/td>\n<\/tr>\n<tr>\n<td class=\"col-xs-3\">Hauteur<\/td>\n<td>32.5 cm<\/td>\n<\/tr>\n<tr>\n<td class=\"col-xs-3\">Largeur<\/td>\n<td>54.0 cm<\/td>\n<\/tr>\n<tr>\n<td class=\"col-xs-3\">Profondeur<\/td>\n<td>3.9 cm<\/td>\n<\/tr>\n<tr>\n<td class=\"col-xs-3\">Poids<\/td>\n<td>3.1 kg<\/td>\n<\/tr>\n<tr>\n<td class=\"col-xs-3\"><\/td>\n<td><strong>Puissance<\/strong><\/td>\n<\/tr>\n<tr>\n<td class=\"col-xs-3\">Source d&rsquo;\u00e9nergie<\/td>\n<td>Oui<\/td>\n<\/tr>\n<tr>\n<td class=\"col-xs-3\">Consommation \u00e9lectrique (\u00e9teint)<\/td>\n<td>&lt; 0.3 W<\/td>\n<\/tr>\n<tr>\n<td class=\"col-xs-3\">Consommation \u00e9lectrique (en veille)<\/td>\n<td>&lt; 0.5 W<\/td>\n<\/tr>\n<tr>\n<td class=\"col-xs-3\">Classe d&rsquo;efficacit\u00e9 \u00e9nerg\u00e9tique<\/td>\n<td>E<\/td>\n<\/tr>\n<tr>\n<td class=\"col-xs-3\">Puissance nominale<\/td>\n<td>15 W<\/td>\n<\/tr>\n<tr>\n<td class=\"col-xs-3\">Tension d&rsquo;entr\u00e9e AC<\/td>\n<td>100 &#8211; 240 V, 50 &#8211; 60 Hz<\/td>\n<\/tr>\n<tr>\n<td class=\"col-xs-3\">Alimentation \u00e9lectrique<\/td>\n<td>Interne<\/td>\n<\/tr>\n<tr>\n<td class=\"col-xs-3\"><\/td>\n<td><strong>Ergonomie<\/strong><\/td>\n<\/tr>\n<tr>\n<td class=\"col-xs-3\">Verrou Kensington<\/td>\n<td>Oui<\/td>\n<\/tr>\n<tr>\n<td class=\"col-xs-3\">R\u00e9glage de la hauteur<\/td>\n<td>Non<\/td>\n<\/tr>\n<tr>\n<td class=\"col-xs-3\">Pivot<\/td>\n<td>Non<\/td>\n<\/tr>\n<tr>\n<td class=\"col-xs-3\">Interface de montage VESA<\/td>\n<td>100 x 100 mm<\/td>\n<\/tr>\n<tr>\n<td class=\"col-xs-3\">Plug &amp; Play<\/td>\n<td>DDC 1\/2B\/CI<\/td>\n<\/tr>\n<tr>\n<td class=\"col-xs-3\"><\/td>\n<td><strong>Certificats<\/strong><\/td>\n<\/tr>\n<tr>\n<td class=\"col-xs-3\">Conformit\u00e9 aux normes industrielles<\/td>\n<td>CE<\/td>\n<\/tr>\n<tr>\n<td class=\"col-xs-3\"><\/td>\n<td><strong>Autres fonctions<\/strong><\/td>\n<\/tr>\n<tr>\n<td class=\"col-xs-3\">Caract\u00e9ristiques sp\u00e9ciales<\/td>\n<td>&#8211; Design sans cadre<br \/>\n&#8211; Technologie de dalle IPS<br \/>\n&#8211; R\u00e9tro\u00e9clairage LED sans scintillement (flicker-free)<br \/>\n&#8211; Fonction anti-lumi\u00e8re bleue, r\u00e9glable par acc\u00e8s DeepL<br \/>\n&#8211; Fonctionnement multi-ordinateur possible (1x VGA, 1x HDMI, commutation par combinaison de touches)<\/td>\n<\/tr>\n<tr>\n<td class=\"col-xs-3\"><\/td>\n<td><strong>Multim\u00e9dia<\/strong><\/td>\n<\/tr>\n<tr>\n<td class=\"col-xs-3\">Haut-parleurs int\u00e9gr\u00e9s<\/td>\n<td>Oui<\/td>\n<\/tr>\n<tr>\n<td class=\"col-xs-3\"><\/td>\n<td><strong>Client l\u00e9ger<\/strong><\/td>\n<\/tr>\n<tr>\n<td class=\"col-xs-3\">Montage du client l\u00e9ger<\/td>\n<td>Oui<\/td>\n<\/tr>\n<tr>\n<td class=\"col-xs-3\"><\/td>\n<td><strong>Contenu de la livraison<\/strong><\/td>\n<\/tr>\n<tr>\n<td class=\"col-xs-3\">Accessoires fournis<\/td>\n<td>C\u00e2ble d&rsquo;alimentation, c\u00e2ble HDMI, c\u00e2ble audio, guide d&rsquo;installation rapide (D, UK, F, ES, IT, RUS, POL, CZ)<\/td>\n<\/tr>\n<tr>\n<td class=\"col-xs-3\"><\/td>\n<td><strong>D\u00e9tails techniques<\/strong><\/td>\n<\/tr>\n<tr>\n<td class=\"col-xs-3\">Garantie du fabricant<\/td>\n<td>garantie de 24 mois avec service d&rsquo;\u00e9change sur site<br \/>\nHotline de service : 05744 \/ 944-595<\/td>\n<\/tr>\n<\/tbody>\n<\/table>\n","protected":false},"excerpt":{"rendered":"<p><strong>\u00c9cran 23,8&Prime;<\/strong> avec r\u00e9solution <strong>Full-HD<\/strong> et technologie de dalle <strong>IPS<\/strong> dans un design sans cadre.<\/p>\n<p>Cet \u00e9cran attrayant au design moderne <strong>sans cadre frontal<\/strong> assure, gr\u00e2ce \u00e0 ses bords lat\u00e9raux r\u00e9duits, des dimensions ext\u00e9rieures r\u00e9duites et un aspect \u00e9l\u00e9gant sur chaque bureau. En mode double \u00e9cran, il ne reste plus qu&rsquo;une petite distance entre les ordinateurs de bureau.<\/p>\n<p>Gr\u00e2ce \u00e0 sa <strong>technologie<\/strong> de dalle <strong>IPS<\/strong>, l&rsquo;\u00e9cran offre des valeurs de contraste \u00e9lev\u00e9es, une excellente repr\u00e9sentation des couleurs et des angles de vision particuli\u00e8rement larges.<\/p>\n<p>Le <strong>r\u00e9tro\u00e9clairage LED<\/strong> \u00e0 faible consommation d&rsquo;\u00e9nergie et sans scintillement, associ\u00e9 \u00e0 la fonction anti-lumi\u00e8re bleue, r\u00e9duit la fatigue oculaire et permet un travail agr\u00e9able m\u00eame en cas d&rsquo;utilisation intensive.<\/p>\n<p>La connexion <strong>HDMI<\/strong> assure une transmission optimale du signal et peut \u00e9galement \u00eatre connect\u00e9e \u00e0 des sources de signal telles que <strong>DVI<\/strong>, <strong>DisplayPort<\/strong> ou <strong>USB-C \u00e0 l&rsquo;aide d&rsquo;adaptateurs optionnels<\/strong>. Une interface <strong>VGA<\/strong> est \u00e9galement disponible pour assurer la compatibilit\u00e9 avec les anciens syst\u00e8mes PC. Les haut-parleurs int\u00e9gr\u00e9s peuvent \u00eatre command\u00e9s au choix de mani\u00e8re num\u00e9rique ou analogique.<\/p>\n<p>Gr\u00e2ce \u00e0 son support VESA de 100 mm, l&rsquo;\u00e9cran peut \u00eatre fix\u00e9 \u00e0 divers supports muraux ou pieds multifonctions. Il est \u00e9galement possible de monter directement des micro-PC, des mini-PC, des clients l\u00e9gers ou des nettops \u00e0 l&rsquo;arri\u00e8re de l&rsquo;\u00e9cran.<\/p>\n<p>Accessoires pour le montage \u00e0 l&rsquo;arri\u00e8re des appareils TERRA PC-Micro \/ PC-Mini \/ PC-Nettop :<br \/>\n&#8211; TERRA PC-Micro : aucun autre accessoire n&rsquo;est n\u00e9cessaire.<br \/>\n&#8211; TERRA PC-Mini V4 \/ V5 : support 1407073 (l&rsquo;inclinaison du moniteur vers l&rsquo;arri\u00e8re est r\u00e9duite \u00e0 environ 10\u00b0, ce qui est toutefois suffisant dans la plupart des cas).<br \/>\n&#8211; TERRA PC-Nettop 3540 Fanless : support 1407091<\/p>\n","protected":false},"featured_media":51278,"comment_status":"closed","ping_status":"closed","template":"","meta":{"_seopress_robots_primary_cat":"none","_seopress_titles_title":"","_seopress_titles_desc":"","_seopress_robots_index":""},"product_brand":[],"product_cat":[30813,1510],"product_tag":[30824,30814,30993,30994,30822,30815,783,21094,30999,30793,30823],"class_list":{"0":"post-51275","1":"product","2":"type-product","3":"status-publish","4":"has-post-thumbnail","6":"product_cat-ecrans","7":"product_cat-informatique","8":"product_tag-econcept","9":"product_tag-ecran","10":"product_tag-green","11":"product_tag-greenline","12":"product_tag-hdmi","13":"product_tag-lcd","14":"product_tag-led","15":"product_tag-noir","16":"product_tag-plus","17":"product_tag-terra","18":"product_tag-wortmann","20":"first","21":"instock","22":"shipping-taxable","23":"purchasable","24":"product-type-simple"},"_links":{"self":[{"href":"https:\/\/shop24.lu\/fr\/wp-json\/wp\/v2\/product\/51275","targetHints":{"allow":["GET"]}}],"collection":[{"href":"https:\/\/shop24.lu\/fr\/wp-json\/wp\/v2\/product"}],"about":[{"href":"https:\/\/shop24.lu\/fr\/wp-json\/wp\/v2\/types\/product"}],"replies":[{"embeddable":true,"href":"https:\/\/shop24.lu\/fr\/wp-json\/wp\/v2\/comments?post=51275"}],"wp:featuredmedia":[{"embeddable":true,"href":"https:\/\/shop24.lu\/fr\/wp-json\/wp\/v2\/media\/51278"}],"wp:attachment":[{"href":"https:\/\/shop24.lu\/fr\/wp-json\/wp\/v2\/media?parent=51275"}],"wp:term":[{"taxonomy":"product_brand","embeddable":true,"href":"https:\/\/shop24.lu\/fr\/wp-json\/wp\/v2\/product_brand?post=51275"},{"taxonomy":"product_cat","embeddable":true,"href":"https:\/\/shop24.lu\/fr\/wp-json\/wp\/v2\/product_cat?post=51275"},{"taxonomy":"product_tag","embeddable":true,"href":"https:\/\/shop24.lu\/fr\/wp-json\/wp\/v2\/product_tag?post=51275"}],"curies":[{"name":"wp","href":"https:\/\/api.w.org\/{rel}","templated":true}]}}