{"id":51290,"date":"2022-04-10T17:06:19","date_gmt":"2022-04-10T15:06:19","guid":{"rendered":"https:\/\/shop24.lu\/?post_type=product&#038;p=51290"},"modified":"2023-12-24T23:57:50","modified_gmt":"2023-12-24T21:57:50","slug":"terra-mobile-1516","status":"publish","type":"product","link":"https:\/\/shop24.lu\/fr\/product\/terra-mobile-1516\/","title":{"rendered":"TERRA MOBILE 1516T [CH]"},"content":{"rendered":"<table id=\"ctl00_ctl00_ctl00_SiteContent_SiteContent_SiteContent_articleFeatureDisplayDetails_gridViewProductAttributes\" class=\"table table-condensed\" border=\"0\" cellspacing=\"0\">\n<tbody>\n<tr>\n<td class=\"col-xs-3\"><\/td>\n<td><strong>G\u00e9n\u00e9ralit\u00e9s<\/strong><\/td>\n<\/tr>\n<tr>\n<td class=\"col-xs-3\">Processeur<\/td>\n<td>Processeur <strong>Intel\u00ae Core\u2122 i5<\/strong>-1135G7 (8M Cache, jusqu&rsquo;\u00e0 4.20 GHz)<\/td>\n<\/tr>\n<tr>\n<td class=\"col-xs-3\">Syst\u00e8me d&rsquo;exploitation<\/td>\n<td>Windows 11 Home<\/td>\n<\/tr>\n<tr>\n<td class=\"col-xs-3\"><\/td>\n<td><strong>Logiciel<\/strong><\/td>\n<\/tr>\n<tr>\n<td class=\"col-xs-3\">logiciels pr\u00e9install\u00e9s<\/td>\n<td>version d&rsquo;essai d&rsquo;un mois pour les nouveaux clients Microsoft\u00ae 365.<\/td>\n<\/tr>\n<tr>\n<td class=\"col-xs-3\"><\/td>\n<td><strong>\u00c9cran<\/strong><\/td>\n<\/tr>\n<tr>\n<td class=\"col-xs-3\">Taille de l&rsquo;\u00e9cran<\/td>\n<td>39.6 cm ( <strong>15.6&Prime;<\/strong> )<\/td>\n<\/tr>\n<tr>\n<td class=\"col-xs-3\">R\u00e9solution de l&rsquo;\u00e9cran<\/td>\n<td>1920 x 1080<\/td>\n<\/tr>\n<tr>\n<td class=\"col-xs-3\">Type d&rsquo;\u00e9cran<\/td>\n<td>Non Glare<\/td>\n<\/tr>\n<tr>\n<td class=\"col-xs-3\">Rapport d&rsquo;aspect<\/td>\n<td>16:9<\/td>\n<\/tr>\n<tr>\n<td class=\"col-xs-3\">Type de r\u00e9tro\u00e9clairage<\/td>\n<td>R\u00e9tro-\u00e9clairage LED<\/td>\n<\/tr>\n<tr>\n<td class=\"col-xs-3\"><\/td>\n<td><strong>Processeur<\/strong><\/td>\n<\/tr>\n<tr>\n<td class=\"col-xs-3\">Famille de processeurs<\/td>\n<td>Core i5<\/td>\n<\/tr>\n<tr>\n<td class=\"col-xs-3\">Nombre de c\u0153urs de processeur<\/td>\n<td>Quadric\u0153ur<\/td>\n<\/tr>\n<tr>\n<td class=\"col-xs-3\"><\/td>\n<td><strong>M\u00e9moire<\/strong><\/td>\n<\/tr>\n<tr>\n<td class=\"col-xs-3\">M\u00e9moire RAM<\/td>\n<td>8 GO<\/td>\n<\/tr>\n<tr>\n<td class=\"col-xs-3\">M\u00e9moire RAM maximum<\/td>\n<td>64 GO<\/td>\n<\/tr>\n<tr>\n<td class=\"col-xs-3\">Type de m\u00e9moire interne<\/td>\n<td>RAM DDR4<\/td>\n<\/tr>\n<tr>\n<td class=\"col-xs-3\">Emplacements pour cartes m\u00e9moire<\/td>\n<td>2 sockets, dont 1 libre<\/td>\n<\/tr>\n<tr>\n<td class=\"col-xs-3\"><\/td>\n<td><strong>Graphique<\/strong><\/td>\n<\/tr>\n<tr>\n<td class=\"col-xs-3\">Famille de cartes graphiques<\/td>\n<td>Intel\u00ae UHD Graphics<\/td>\n<\/tr>\n<tr>\n<td class=\"col-xs-3\">Carte graphique<\/td>\n<td>Intel\u00ae UHD Graphics<\/td>\n<\/tr>\n<tr>\n<td class=\"col-xs-3\"><\/td>\n<td><strong>Lecteur optique<\/strong><\/td>\n<\/tr>\n<tr>\n<td class=\"col-xs-3\">Lecteur optique &#8211; type<\/td>\n<td>DVD\u00b1RW<\/td>\n<\/tr>\n<tr>\n<td class=\"col-xs-3\"><\/td>\n<td><strong>Performances<\/strong><\/td>\n<\/tr>\n<tr>\n<td class=\"col-xs-3\">S\u00e9rie<\/td>\n<td>Entry<\/td>\n<\/tr>\n<tr>\n<td class=\"col-xs-3\">Couleur du produit<\/td>\n<td>Noir<\/td>\n<\/tr>\n<tr>\n<td class=\"col-xs-3\"><\/td>\n<td><strong>R\u00e9seau<\/strong><\/td>\n<\/tr>\n<tr>\n<td class=\"col-xs-3\">Bluetooth<\/td>\n<td>5<\/td>\n<\/tr>\n<tr>\n<td class=\"col-xs-3\">Normes WLAN<\/td>\n<td>Bluetooth, WLAN 802.11 a\/b\/g\/n\/ac<\/td>\n<\/tr>\n<tr>\n<td class=\"col-xs-3\">Normes de t\u00e9l\u00e9phonie mobile<\/td>\n<td>Mise \u00e0 niveau LTE possible<\/td>\n<\/tr>\n<tr>\n<td class=\"col-xs-3\">Interface<\/td>\n<td>Ethernet Gigabit<\/td>\n<\/tr>\n<tr>\n<td class=\"col-xs-3\"><\/td>\n<td><strong>Support de stockage<\/strong><\/td>\n<\/tr>\n<tr>\n<td class=\"col-xs-3\">Lecteur de cartes int\u00e9gr\u00e9<\/td>\n<td>6 en 1<\/td>\n<\/tr>\n<tr>\n<td class=\"col-xs-3\">Interface SSD<\/td>\n<td>PCIe (NVMe)<\/td>\n<\/tr>\n<tr>\n<td class=\"col-xs-3\">Capacit\u00e9 de stockage SSD<\/td>\n<td>500 GO<\/td>\n<\/tr>\n<tr>\n<td class=\"col-xs-3\">Emplacements pour cartes m\u00e9moire<\/td>\n<td>1 x SSD M.2 2280, interface SATA\/PCIe Gen3x4 1 x interface SATA ( HDD\/SSD 7mm )<\/td>\n<\/tr>\n<tr>\n<td class=\"col-xs-3\">Capacit\u00e9 de stockage totale<\/td>\n<td>500 GO<\/td>\n<\/tr>\n<tr>\n<td class=\"col-xs-3\"><\/td>\n<td><strong>D\u00e9tails techniques<\/strong><\/td>\n<\/tr>\n<tr>\n<td class=\"col-xs-3\">Localisation<\/td>\n<td><strong>Suisse \/ Allemand<\/strong><\/td>\n<\/tr>\n<tr>\n<td class=\"col-xs-3\">Clavier r\u00e9tro-\u00e9clair\u00e9<\/td>\n<td>oui<\/td>\n<\/tr>\n<tr>\n<td class=\"col-xs-3\"><\/td>\n<td><strong>Poids et dimensions<\/strong><\/td>\n<\/tr>\n<tr>\n<td class=\"col-xs-3\">Hauteur<\/td>\n<td>2.41 cm<\/td>\n<\/tr>\n<tr>\n<td class=\"col-xs-3\">Largeur<\/td>\n<td>36.1 cm<\/td>\n<\/tr>\n<tr>\n<td class=\"col-xs-3\">Profondeur<\/td>\n<td>25.6 cm<\/td>\n<\/tr>\n<tr>\n<td class=\"col-xs-3\">Poids<\/td>\n<td>2.2 kg<\/td>\n<\/tr>\n<tr>\n<td class=\"col-xs-3\"><\/td>\n<td><strong>Batterie\/piles<\/strong><\/td>\n<\/tr>\n<tr>\n<td class=\"col-xs-3\">Batterie (autonomie &#8211; technologie de la batterie)<\/td>\n<td>6 h &#8211; Lithium-Ion (garantie de 6 mois sur la batterie)<\/td>\n<\/tr>\n<tr>\n<td class=\"col-xs-3\"><\/td>\n<td><strong>Autres fonctions<\/strong><\/td>\n<\/tr>\n<tr>\n<td class=\"col-xs-3\">Interface<\/td>\n<td>1 x USB 3.0 Type C 1 x USB 3.0 2 x USB 2.0 HDMI (jusqu&rsquo;\u00e0 1920 x 1080) VGA (jusqu&rsquo;\u00e0 1280 x 1024) 1 x entr\u00e9e micro 1 x sortie de ligne LAN Verrou Kensington<\/td>\n<\/tr>\n<tr>\n<td class=\"col-xs-3\"><\/td>\n<td><strong>S\u00e9curit\u00e9<\/strong><\/td>\n<\/tr>\n<tr>\n<td class=\"col-xs-3\">Caract\u00e9ristiques de s\u00e9curit\u00e9<\/td>\n<td>TPM 2.0<\/td>\n<\/tr>\n<tr>\n<td class=\"col-xs-3\"><\/td>\n<td><strong>Cam\u00e9ra<\/strong><\/td>\n<\/tr>\n<tr>\n<td class=\"col-xs-3\">Cam\u00e9ra int\u00e9gr\u00e9e<\/td>\n<td>Oui<\/td>\n<\/tr>\n<tr>\n<td class=\"col-xs-3\">R\u00e9solution de la cam\u00e9ra principale<\/td>\n<td>1 m\u00e9gapixel<\/td>\n<\/tr>\n<\/tbody>\n<\/table>\n","protected":false},"excerpt":{"rendered":"<p><strong>Le talent universel.<\/strong><br \/>\nStiftung Warentest &#8211; jugement de qualit\u00e9 : BIEN (2,5). Wortmann Terra Mobile 1516.<br \/>\nClavier r\u00e9tro-\u00e9clair\u00e9, possibilit\u00e9 de mise \u00e0 niveau LTE, possibilit\u00e9 d&rsquo;ajouter un autre support de stockage 2,5&Prime;.<\/p>\n","protected":false},"featured_media":51292,"comment_status":"closed","ping_status":"closed","template":"","meta":{"_seopress_robots_primary_cat":"none","_seopress_titles_title":"","_seopress_titles_desc":"","_seopress_robots_index":""},"product_brand":[],"product_cat":[1510,82,31004],"product_tag":[31006,30799,30798,30795,126,31005,30793,30841,30823],"class_list":{"0":"post-51290","1":"product","2":"type-product","3":"status-publish","4":"has-post-thumbnail","6":"product_cat-informatique","7":"product_cat-ordinateurs","8":"product_cat-portables","9":"product_tag-15-6","10":"product_tag-i5","11":"product_tag-intel","12":"product_tag-laptop","13":"product_tag-mobile","14":"product_tag-portable","15":"product_tag-terra","16":"product_tag-win11","17":"product_tag-wortmann","19":"first","20":"instock","21":"shipping-taxable","22":"purchasable","23":"product-type-simple"},"_links":{"self":[{"href":"https:\/\/shop24.lu\/fr\/wp-json\/wp\/v2\/product\/51290","targetHints":{"allow":["GET"]}}],"collection":[{"href":"https:\/\/shop24.lu\/fr\/wp-json\/wp\/v2\/product"}],"about":[{"href":"https:\/\/shop24.lu\/fr\/wp-json\/wp\/v2\/types\/product"}],"replies":[{"embeddable":true,"href":"https:\/\/shop24.lu\/fr\/wp-json\/wp\/v2\/comments?post=51290"}],"wp:featuredmedia":[{"embeddable":true,"href":"https:\/\/shop24.lu\/fr\/wp-json\/wp\/v2\/media\/51292"}],"wp:attachment":[{"href":"https:\/\/shop24.lu\/fr\/wp-json\/wp\/v2\/media?parent=51290"}],"wp:term":[{"taxonomy":"product_brand","embeddable":true,"href":"https:\/\/shop24.lu\/fr\/wp-json\/wp\/v2\/product_brand?post=51290"},{"taxonomy":"product_cat","embeddable":true,"href":"https:\/\/shop24.lu\/fr\/wp-json\/wp\/v2\/product_cat?post=51290"},{"taxonomy":"product_tag","embeddable":true,"href":"https:\/\/shop24.lu\/fr\/wp-json\/wp\/v2\/product_tag?post=51290"}],"curies":[{"name":"wp","href":"https:\/\/api.w.org\/{rel}","templated":true}]}}