{"id":51300,"date":"2023-12-20T17:14:38","date_gmt":"2023-12-20T15:14:38","guid":{"rendered":"https:\/\/shop24.lu\/?post_type=product&#038;p=51300"},"modified":"2023-12-25T22:03:16","modified_gmt":"2023-12-25T20:03:16","slug":"terra-mobile-1417-de","status":"publish","type":"product","link":"https:\/\/shop24.lu\/fr\/product\/terra-mobile-1417-de\/","title":{"rendered":"TERRA MOBILE 1417 [DE]"},"content":{"rendered":"<table id=\"ctl00_ctl00_ctl00_SiteContent_SiteContent_SiteContent_articleFeatureDisplayDetails_gridViewProductAttributes\" class=\"table table-condensed\" border=\"0\" cellspacing=\"0\">\n<tbody>\n<tr>\n<td><strong>G\u00e9n\u00e9ralit\u00e9s<\/strong><\/td>\n<\/tr>\n<tr>\n<td class=\"col-xs-3\">Processeur<\/td>\n<td>Processeur Intel\u00ae Celeron\u00ae 5205U (2M Cache, 1.90 GHz)<\/td>\n<\/tr>\n<tr>\n<td class=\"col-xs-3\">Syst\u00e8me d&rsquo;exploitation<\/td>\n<td>Windows 11 Pro<\/td>\n<\/tr>\n<tr>\n<td class=\"col-xs-3\"><\/td>\n<td><strong>Logiciel<\/strong><\/td>\n<\/tr>\n<tr>\n<td class=\"col-xs-3\">logiciels pr\u00e9install\u00e9s<\/td>\n<td>1 mois de version d&rsquo;essai pour les nouveaux clients Microsoft\u00ae 365.<\/td>\n<\/tr>\n<tr>\n<td class=\"col-xs-3\"><\/td>\n<td><strong>\u00c9cran<\/strong><\/td>\n<\/tr>\n<tr>\n<td class=\"col-xs-3\">Taille de l&rsquo;\u00e9cran<\/td>\n<td>35.6 cm ( 14&Prime; )<\/td>\n<\/tr>\n<tr>\n<td class=\"col-xs-3\">R\u00e9solution de l&rsquo;\u00e9cran<\/td>\n<td>1920 x 1080 pixels<\/td>\n<\/tr>\n<tr>\n<td class=\"col-xs-3\">Type d&rsquo;\u00e9cran<\/td>\n<td>Non Glare<\/td>\n<\/tr>\n<tr>\n<td class=\"col-xs-3\"><\/td>\n<td><strong>Processeur<\/strong><\/td>\n<\/tr>\n<tr>\n<td class=\"col-xs-3\">Famille de processeurs<\/td>\n<td>Celeron<\/td>\n<\/tr>\n<tr>\n<td class=\"col-xs-3\">Nombre de c\u0153urs de processeur<\/td>\n<td>Double c\u0153ur<\/td>\n<\/tr>\n<tr>\n<td class=\"col-xs-3\"><\/td>\n<td><strong>M\u00e9moire<\/strong><\/td>\n<\/tr>\n<tr>\n<td class=\"col-xs-3\">M\u00e9moire RAM<\/td>\n<td>4 GO<\/td>\n<\/tr>\n<tr>\n<td class=\"col-xs-3\">M\u00e9moire RAM maximum<\/td>\n<td>32 GO<\/td>\n<\/tr>\n<tr>\n<td class=\"col-xs-3\">Type de m\u00e9moire interne<\/td>\n<td>RAM DDR4<\/td>\n<\/tr>\n<tr>\n<td class=\"col-xs-3\">Emplacements pour cartes m\u00e9moire<\/td>\n<td>2 sockets, dont 1 libre<\/td>\n<\/tr>\n<tr>\n<td class=\"col-xs-3\"><\/td>\n<td><strong>Graphique<\/strong><\/td>\n<\/tr>\n<tr>\n<td class=\"col-xs-3\">Carte graphique<\/td>\n<td>Graphique Intel\u00ae UHD<\/td>\n<\/tr>\n<tr>\n<td class=\"col-xs-3\"><\/td>\n<td><strong>Lecteur optique<\/strong><\/td>\n<\/tr>\n<tr>\n<td class=\"col-xs-3\">Lecteur optique &#8211; type<\/td>\n<td>Aucun(e)<\/td>\n<\/tr>\n<tr>\n<td class=\"col-xs-3\"><\/td>\n<td><strong>Performances<\/strong><\/td>\n<\/tr>\n<tr>\n<td class=\"col-xs-3\">S\u00e9rie<\/td>\n<td>Entry<\/td>\n<\/tr>\n<tr>\n<td class=\"col-xs-3\">Couleur du produit<\/td>\n<td>Anthracite<\/td>\n<\/tr>\n<tr>\n<td class=\"col-xs-3\"><\/td>\n<td><strong>R\u00e9seau<\/strong><\/td>\n<\/tr>\n<tr>\n<td class=\"col-xs-3\">Bluetooth<\/td>\n<td>5<\/td>\n<\/tr>\n<tr>\n<td class=\"col-xs-3\">Normes WLAN<\/td>\n<td>802.11a\/b\/g\/n\/ac<\/td>\n<\/tr>\n<tr>\n<td class=\"col-xs-3\">Normes de t\u00e9l\u00e9phonie mobile<\/td>\n<td>non<\/td>\n<\/tr>\n<tr>\n<td class=\"col-xs-3\"><\/td>\n<td><strong>Support de stockage<\/strong><\/td>\n<\/tr>\n<tr>\n<td class=\"col-xs-3\">Lecteur de carte int\u00e9gr\u00e9<\/td>\n<td>Oui<\/td>\n<\/tr>\n<tr>\n<td class=\"col-xs-3\">Emplacements pour cartes m\u00e9moire<\/td>\n<td>1 x M.2 2280 SSD, interface SATA\/PCIe Gen3x4<\/td>\n<\/tr>\n<tr>\n<td class=\"col-xs-3\">Support de stockage<\/td>\n<td>SSD M.2<\/td>\n<\/tr>\n<tr>\n<td class=\"col-xs-3\">Capacit\u00e9 de stockage totale<\/td>\n<td>128 GO<\/td>\n<\/tr>\n<tr>\n<td class=\"col-xs-3\"><\/td>\n<td><strong>D\u00e9tails techniques<\/strong><\/td>\n<\/tr>\n<tr>\n<td class=\"col-xs-3\">Localisation<\/td>\n<td><strong>!! Allemagne \/ Allemand !!<br \/>\n<\/strong><\/td>\n<\/tr>\n<tr>\n<td class=\"col-xs-3\">Clavier r\u00e9tro-\u00e9clair\u00e9<\/td>\n<td>oui (Singlecolor)<\/td>\n<\/tr>\n<tr>\n<td class=\"col-xs-3\"><\/td>\n<td><strong>Poids et dimensions<\/strong><\/td>\n<\/tr>\n<tr>\n<td class=\"col-xs-3\">Hauteur<\/td>\n<td>1.94 cm<\/td>\n<\/tr>\n<tr>\n<td class=\"col-xs-3\">Largeur<\/td>\n<td>32.49 cm<\/td>\n<\/tr>\n<tr>\n<td class=\"col-xs-3\">Profondeur<\/td>\n<td>21.95 cm<\/td>\n<\/tr>\n<tr>\n<td class=\"col-xs-3\">Poids<\/td>\n<td>1.29 kg<\/td>\n<\/tr>\n<tr>\n<td class=\"col-xs-3\"><\/td>\n<td><strong>Batterie\/piles<\/strong><\/td>\n<\/tr>\n<tr>\n<td class=\"col-xs-3\">Batterie (dur\u00e9e d&rsquo;utilisation de la batterie &#8211; technologie de la batterie)<\/td>\n<td>8 h &#8211; Lithium-Ion (garantie de 6 mois sur la batterie)<\/td>\n<\/tr>\n<tr>\n<td class=\"col-xs-3\"><\/td>\n<td><strong>Autres fonctions<\/strong><\/td>\n<\/tr>\n<tr>\n<td class=\"col-xs-3\">Interface<\/td>\n<td>1 x USB 3.2 Type C (Gen 1) 1 x USB 3.2 (Gen 1) 1 x USB 2.0 1 x HDMI Lecteur de carte SD LAN Casque\/microphone<\/td>\n<\/tr>\n<tr>\n<td class=\"col-xs-3\"><\/td>\n<td><strong>S\u00e9curit\u00e9<\/strong><\/td>\n<\/tr>\n<tr>\n<td class=\"col-xs-3\">Caract\u00e9ristiques de s\u00e9curit\u00e9<\/td>\n<td>TPM 2.0<\/td>\n<\/tr>\n<tr>\n<td class=\"col-xs-3\"><\/td>\n<td><strong>Cam\u00e9ra<\/strong><\/td>\n<\/tr>\n<tr>\n<td class=\"col-xs-3\">R\u00e9solution de la cam\u00e9ra principale<\/td>\n<td>1 m\u00e9gapixel<\/td>\n<\/tr>\n<\/tbody>\n<\/table>\n","protected":false},"excerpt":{"rendered":"<p>Processeur Intel\u00ae Celeron\u00ae 5205U (2M Cache, 1.90 GHz)<br \/>\nWindows 11 Pro<\/p>\n<p><strong><u>Attention<\/u>: Clavier Allemand QWERTZ<\/strong><\/p>\n","protected":false},"featured_media":51302,"comment_status":"closed","ping_status":"closed","template":"","meta":{"_seopress_robots_primary_cat":"none","_seopress_titles_title":"","_seopress_titles_desc":"","_seopress_robots_index":""},"product_brand":[],"product_cat":[1510,82,31004],"product_tag":[31007,31008,30986,30795,126,31005,30793,30823],"class_list":{"0":"post-51300","1":"product","2":"type-product","3":"status-publish","4":"has-post-thumbnail","6":"product_cat-informatique","7":"product_cat-ordinateurs","8":"product_cat-portables","9":"product_tag-31007","10":"product_tag-econcpet","11":"product_tag-etech","12":"product_tag-laptop","13":"product_tag-mobile","14":"product_tag-portable","15":"product_tag-terra","16":"product_tag-wortmann","18":"first","19":"instock","20":"featured","21":"shipping-taxable","22":"purchasable","23":"product-type-simple"},"_links":{"self":[{"href":"https:\/\/shop24.lu\/fr\/wp-json\/wp\/v2\/product\/51300","targetHints":{"allow":["GET"]}}],"collection":[{"href":"https:\/\/shop24.lu\/fr\/wp-json\/wp\/v2\/product"}],"about":[{"href":"https:\/\/shop24.lu\/fr\/wp-json\/wp\/v2\/types\/product"}],"replies":[{"embeddable":true,"href":"https:\/\/shop24.lu\/fr\/wp-json\/wp\/v2\/comments?post=51300"}],"wp:featuredmedia":[{"embeddable":true,"href":"https:\/\/shop24.lu\/fr\/wp-json\/wp\/v2\/media\/51302"}],"wp:attachment":[{"href":"https:\/\/shop24.lu\/fr\/wp-json\/wp\/v2\/media?parent=51300"}],"wp:term":[{"taxonomy":"product_brand","embeddable":true,"href":"https:\/\/shop24.lu\/fr\/wp-json\/wp\/v2\/product_brand?post=51300"},{"taxonomy":"product_cat","embeddable":true,"href":"https:\/\/shop24.lu\/fr\/wp-json\/wp\/v2\/product_cat?post=51300"},{"taxonomy":"product_tag","embeddable":true,"href":"https:\/\/shop24.lu\/fr\/wp-json\/wp\/v2\/product_tag?post=51300"}],"curies":[{"name":"wp","href":"https:\/\/api.w.org\/{rel}","templated":true}]}}