{"id":51310,"date":"2022-04-10T17:55:00","date_gmt":"2022-04-10T15:55:00","guid":{"rendered":"https:\/\/shop24.lu\/?post_type=product&#038;p=51310"},"modified":"2023-12-30T23:40:11","modified_gmt":"2023-12-30T21:40:11","slug":"terra-mobile-1470u","status":"publish","type":"product","link":"https:\/\/shop24.lu\/fr\/product\/terra-mobile-1470u\/","title":{"rendered":"TERRA MOBILE 1470U [CH]"},"content":{"rendered":"<p>Le TERRA MOBILE 1470T, d&rsquo;une \u00e9paisseur de 17 millim\u00e8tres et dot\u00e9 d&rsquo;un bo\u00eetier en magn\u00e9sium de haute qualit\u00e9, est optimis\u00e9 pour une utilisation mobile dans le domaine professionnel. Le processeur Intel Core de 11e g\u00e9n\u00e9ration, associ\u00e9 \u00e0 un disque SSD PCIe 4.0, vous offre une disponibilit\u00e9 rapide et une grande puissance de calcul. L&rsquo;ordinateur portable est \u00e9quip\u00e9 d&rsquo;un \u00e9cran Full-HD de 14 pouces et d&rsquo;un clavier r\u00e9tro\u00e9clair\u00e9. Avec seulement 1,11 kg, le TERRA MOBILE 1470T convainc en termes de poids et de maniabilit\u00e9. Gr\u00e2ce \u00e0 la batterie Li-Ion de 73Wh, il est possible de travailler jusqu&rsquo;\u00e0 20 heures sans \u00e9lectricit\u00e9. En combinaison avec la station d&rsquo;accueil TERRA USB-C, un fonctionnement multi-\u00e9crans est possible avec jusqu&rsquo;\u00e0 deux \u00e9crans externes suppl\u00e9mentaires.<\/p>\n<table id=\"ctl00_ctl00_ctl00_SiteContent_SiteContent_SiteContent_articleFeatureDisplayDetails_gridViewProductAttributes\" class=\"table table-condensed\" border=\"0\" cellspacing=\"0\">\n<tbody>\n<tr>\n<td class=\"col-xs-3\"><\/td>\n<td><strong>G\u00e9n\u00e9ralit\u00e9s<\/strong><\/td>\n<\/tr>\n<tr>\n<td class=\"col-xs-3\">Processeur<\/td>\n<td>Processeur<strong>Intel\u00ae Core\u2122 i5-1235U<\/strong>(12M de cache, jusqu&rsquo;\u00e0 4.40 GHz)<\/td>\n<\/tr>\n<tr>\n<td class=\"col-xs-3\">Syst\u00e8me d&rsquo;exploitation<\/td>\n<td><strong>Windows 11<\/strong> Pro<\/td>\n<\/tr>\n<tr>\n<td class=\"col-xs-3\"><\/td>\n<td><strong>Logiciel<\/strong><\/td>\n<\/tr>\n<tr>\n<td class=\"col-xs-3\">logiciels pr\u00e9install\u00e9s<\/td>\n<td>version d&rsquo;essai d&rsquo;un mois pour les nouveaux clients Microsoft\u00ae 365.<\/td>\n<\/tr>\n<tr>\n<td class=\"col-xs-3\"><\/td>\n<td><strong>\u00c9cran<\/strong><\/td>\n<\/tr>\n<tr>\n<td class=\"col-xs-3\">Taille de l&rsquo;\u00e9cran<\/td>\n<td>35.6 cm ( 14&Prime; )<\/td>\n<\/tr>\n<tr>\n<td class=\"col-xs-3\">R\u00e9solution de l&rsquo;\u00e9cran<\/td>\n<td>1920 x 1080<\/td>\n<\/tr>\n<tr>\n<td class=\"col-xs-3\">Type d&rsquo;\u00e9cran<\/td>\n<td>Non Glare<\/td>\n<\/tr>\n<tr>\n<td class=\"col-xs-3\"><\/td>\n<td><strong>Processeur<\/strong><\/td>\n<\/tr>\n<tr>\n<td class=\"col-xs-3\">Famille de processeurs<\/td>\n<td>Core i5<\/td>\n<\/tr>\n<tr>\n<td class=\"col-xs-3\">Nombre de c\u0153urs de processeur<\/td>\n<td>10 Core<\/td>\n<\/tr>\n<tr>\n<td class=\"col-xs-3\"><\/td>\n<td><strong>M\u00e9moire<\/strong><\/td>\n<\/tr>\n<tr>\n<td class=\"col-xs-3\">M\u00e9moire RAM<\/td>\n<td>8 GO<\/td>\n<\/tr>\n<tr>\n<td class=\"col-xs-3\">M\u00e9moire RAM maximum<\/td>\n<td>40 GO<\/td>\n<\/tr>\n<tr>\n<td class=\"col-xs-3\">Type de m\u00e9moire interne<\/td>\n<td>DDR4 SDRAM<\/td>\n<\/tr>\n<tr>\n<td class=\"col-xs-3\">Emplacements pour cartes m\u00e9moire<\/td>\n<td>2 socles, dont 1 libre<\/td>\n<\/tr>\n<tr>\n<td class=\"col-xs-3\"><\/td>\n<td><strong>Graphique<\/strong><\/td>\n<\/tr>\n<tr>\n<td class=\"col-xs-3\">Carte graphique<\/td>\n<td>Graphique Intel\u00ae Iris\u00ae XE<\/td>\n<\/tr>\n<tr>\n<td class=\"col-xs-3\"><\/td>\n<td><strong>Lecteur optique<\/strong><\/td>\n<\/tr>\n<tr>\n<td class=\"col-xs-3\">Lecteur optique &#8211; type<\/td>\n<td>Aucun(e)<\/td>\n<\/tr>\n<tr>\n<td class=\"col-xs-3\"><\/td>\n<td><strong>Performances<\/strong><\/td>\n<\/tr>\n<tr>\n<td class=\"col-xs-3\">S\u00e9rie<\/td>\n<td>Haut de gamme<\/td>\n<\/tr>\n<tr>\n<td class=\"col-xs-3\">Couleur du produit<\/td>\n<td>Argent<\/td>\n<\/tr>\n<tr>\n<td class=\"col-xs-3\"><\/td>\n<td><strong>R\u00e9seau<\/strong><\/td>\n<\/tr>\n<tr>\n<td class=\"col-xs-3\">Bluetooth<\/td>\n<td>5.0<\/td>\n<\/tr>\n<tr>\n<td class=\"col-xs-3\">Normes WLAN<\/td>\n<td>Bluetooth 5.2, WiFi 6 (802.11ax)<\/td>\n<\/tr>\n<tr>\n<td class=\"col-xs-3\">Normes de t\u00e9l\u00e9phonie mobile<\/td>\n<td>Mise \u00e0 niveau LTE possible<\/td>\n<\/tr>\n<tr>\n<td class=\"col-xs-3\"><\/td>\n<td><strong>Support de stockage<\/strong><\/td>\n<\/tr>\n<tr>\n<td class=\"col-xs-3\">Lecteur de cartes int\u00e9gr\u00e9<\/td>\n<td>Oui<\/td>\n<\/tr>\n<tr>\n<td class=\"col-xs-3\">Interface SSD<\/td>\n<td>PCIe (NVMe)<\/td>\n<\/tr>\n<tr>\n<td class=\"col-xs-3\">Capacit\u00e9 de stockage SSD<\/td>\n<td>500 GO<\/td>\n<\/tr>\n<tr>\n<td class=\"col-xs-3\">Emplacements pour cartes m\u00e9moire<\/td>\n<td>1 x SSD M.2 2280, interface SATA\/PCIe Gen3x4<\/td>\n<\/tr>\n<tr>\n<td class=\"col-xs-3\">Capacit\u00e9 de stockage totale<\/td>\n<td>500 GO<\/td>\n<\/tr>\n<tr>\n<td class=\"col-xs-3\"><\/td>\n<td><strong>D\u00e9tails techniques<\/strong><\/td>\n<\/tr>\n<tr>\n<td class=\"col-xs-3\">Localisation<\/td>\n<td><strong>Suisse \/ Allemand<\/strong><\/td>\n<\/tr>\n<tr>\n<td class=\"col-xs-3\">Clavier r\u00e9tro-\u00e9clair\u00e9<\/td>\n<td>oui<\/td>\n<\/tr>\n<tr>\n<td class=\"col-xs-3\"><\/td>\n<td><strong>Poids et dimensions<\/strong><\/td>\n<\/tr>\n<tr>\n<td class=\"col-xs-3\">Hauteur<\/td>\n<td>1.65 cm<\/td>\n<\/tr>\n<tr>\n<td class=\"col-xs-3\">Largeur<\/td>\n<td>32.2 cm<\/td>\n<\/tr>\n<tr>\n<td class=\"col-xs-3\">Profondeur<\/td>\n<td>21.68 cm<\/td>\n<\/tr>\n<tr>\n<td class=\"col-xs-3\">Poids<\/td>\n<td>1.11 kg<\/td>\n<\/tr>\n<tr>\n<td class=\"col-xs-3\"><\/td>\n<td><strong>Batterie\/piles<\/strong><\/td>\n<\/tr>\n<tr>\n<td class=\"col-xs-3\">Batterie (dur\u00e9e d&rsquo;utilisation de la batterie)<\/td>\n<td>20 h<\/td>\n<\/tr>\n<tr>\n<td class=\"col-xs-3\"><\/td>\n<td><strong>Autres fonctions<\/strong><\/td>\n<\/tr>\n<tr>\n<td class=\"col-xs-3\">Interface<\/td>\n<td>1 x USB 3.1 Gen 1 (Type A) 1 x USB 3.1 Gen 2 (Type A) 1 x DisplayPort via USB 3.1 Gen 2 (Thunderbolt Type C) \/ avec Power Delivery 1 x HDMI Casque\/microphone<\/td>\n<\/tr>\n<tr>\n<td class=\"col-xs-3\"><\/td>\n<td><strong>S\u00e9curit\u00e9<\/strong><\/td>\n<\/tr>\n<tr>\n<td class=\"col-xs-3\">Caract\u00e9ristiques de s\u00e9curit\u00e9<\/td>\n<td>TPM 2.0<\/td>\n<\/tr>\n<tr>\n<td class=\"col-xs-3\"><\/td>\n<td><strong>Cam\u00e9ra<\/strong><\/td>\n<\/tr>\n<tr>\n<td class=\"col-xs-3\">R\u00e9solution de la cam\u00e9ra principale<\/td>\n<td>1 m\u00e9gapixel (cam\u00e9ra Windows Hello)<\/td>\n<\/tr>\n<\/tbody>\n<\/table>\n","protected":false},"excerpt":{"rendered":"<ul>\n<li>Processeur Intel\u00ae Core\u2122 i5-1235U (12M Cache, jusqu&rsquo;\u00e0 4.40 GHz)<\/li>\n<li>Windows 11 Pro<\/li>\n<li>Taille de l&rsquo;\u00e9cran 35.6 cm ( 14&Prime; )<\/li>\n<li>1920 x 1080 R\u00e9solution d&rsquo;\u00e9cran<\/li>\n<li>Type d&rsquo;\u00e9cran Non Glare<\/li>\n<li>8 Go de m\u00e9moire RAM<\/li>\n<li>Graphique Intel\u00ae Iris\u00ae XE<\/li>\n<li>500 Go Capacit\u00e9 de stockage totale<\/li>\n<\/ul>\n","protected":false},"featured_media":51319,"comment_status":"closed","ping_status":"closed","template":"","meta":{"_seopress_robots_primary_cat":"none","_seopress_titles_title":"","_seopress_titles_desc":"","_seopress_robots_index":""},"product_brand":[],"product_cat":[1510,82,31004],"product_tag":[],"class_list":{"0":"post-51310","1":"product","2":"type-product","3":"status-publish","4":"has-post-thumbnail","6":"product_cat-informatique","7":"product_cat-ordinateurs","8":"product_cat-portables","10":"first","11":"instock","12":"featured","13":"shipping-taxable","14":"purchasable","15":"product-type-simple"},"_links":{"self":[{"href":"https:\/\/shop24.lu\/fr\/wp-json\/wp\/v2\/product\/51310","targetHints":{"allow":["GET"]}}],"collection":[{"href":"https:\/\/shop24.lu\/fr\/wp-json\/wp\/v2\/product"}],"about":[{"href":"https:\/\/shop24.lu\/fr\/wp-json\/wp\/v2\/types\/product"}],"replies":[{"embeddable":true,"href":"https:\/\/shop24.lu\/fr\/wp-json\/wp\/v2\/comments?post=51310"}],"wp:featuredmedia":[{"embeddable":true,"href":"https:\/\/shop24.lu\/fr\/wp-json\/wp\/v2\/media\/51319"}],"wp:attachment":[{"href":"https:\/\/shop24.lu\/fr\/wp-json\/wp\/v2\/media?parent=51310"}],"wp:term":[{"taxonomy":"product_brand","embeddable":true,"href":"https:\/\/shop24.lu\/fr\/wp-json\/wp\/v2\/product_brand?post=51310"},{"taxonomy":"product_cat","embeddable":true,"href":"https:\/\/shop24.lu\/fr\/wp-json\/wp\/v2\/product_cat?post=51310"},{"taxonomy":"product_tag","embeddable":true,"href":"https:\/\/shop24.lu\/fr\/wp-json\/wp\/v2\/product_tag?post=51310"}],"curies":[{"name":"wp","href":"https:\/\/api.w.org\/{rel}","templated":true}]}}