{"id":51326,"date":"2022-04-10T18:14:45","date_gmt":"2022-04-10T16:14:45","guid":{"rendered":"https:\/\/shop24.lu\/?post_type=product&#038;p=51326"},"modified":"2023-12-04T16:33:44","modified_gmt":"2023-12-04T14:33:44","slug":"terra-mobile-1592-de","status":"publish","type":"product","link":"https:\/\/shop24.lu\/fr\/product\/terra-mobile-1592-de\/","title":{"rendered":"TERRA MOBILE 1592 [DE]"},"content":{"rendered":"<table id=\"ctl00_ctl00_ctl00_SiteContent_SiteContent_SiteContent_articleFeatureDisplayDetails_gridViewProductAttributes\" class=\"table table-condensed\" border=\"0\" cellspacing=\"0\">\n<tbody>\n<tr>\n<td><strong>G\u00e9n\u00e9ralit\u00e9s<\/strong><\/td>\n<\/tr>\n<tr>\n<td class=\"col-xs-3\">Processeur<\/td>\n<td>Processeur Intel\u00ae Core\u2122 i7-1260P (18M de cache, jusqu&rsquo;\u00e0 4.70 GHz)<\/td>\n<\/tr>\n<tr>\n<td class=\"col-xs-3\">Syst\u00e8me d&rsquo;exploitation<\/td>\n<td>Windows 11 Pro<\/td>\n<\/tr>\n<tr>\n<td class=\"col-xs-3\"><\/td>\n<td><strong>Logiciel<\/strong><\/td>\n<\/tr>\n<tr>\n<td class=\"col-xs-3\">logiciels pr\u00e9install\u00e9s<\/td>\n<td>version d&rsquo;essai d&rsquo;un mois pour les nouveaux clients Microsoft\u00ae 365.<\/td>\n<\/tr>\n<tr>\n<td class=\"col-xs-3\"><\/td>\n<td><strong>\u00c9cran<\/strong><\/td>\n<\/tr>\n<tr>\n<td class=\"col-xs-3\">Taille de l&rsquo;\u00e9cran<\/td>\n<td>39.6 cm ( 15.6&Prime; )<\/td>\n<\/tr>\n<tr>\n<td class=\"col-xs-3\">R\u00e9solution de l&rsquo;\u00e9cran<\/td>\n<td>1920 x 1080<\/td>\n<\/tr>\n<tr>\n<td class=\"col-xs-3\">Type d&rsquo;\u00e9cran<\/td>\n<td>\u00c9cran tactile IPS<\/td>\n<\/tr>\n<tr>\n<td class=\"col-xs-3\">Rapport d&rsquo;aspect<\/td>\n<td>16:9<\/td>\n<\/tr>\n<tr>\n<td class=\"col-xs-3\">Type de r\u00e9tro\u00e9clairage<\/td>\n<td>R\u00e9tro\u00e9clairage LED<\/td>\n<\/tr>\n<tr>\n<td class=\"col-xs-3\"><\/td>\n<td><strong>Processeur<\/strong><\/td>\n<\/tr>\n<tr>\n<td class=\"col-xs-3\">Famille de processeurs<\/td>\n<td>Core i7<\/td>\n<\/tr>\n<tr>\n<td class=\"col-xs-3\">Nombre de c\u0153urs de processeur<\/td>\n<td>12 Core<\/td>\n<\/tr>\n<tr>\n<td class=\"col-xs-3\"><\/td>\n<td><strong>M\u00e9moire<\/strong><\/td>\n<\/tr>\n<tr>\n<td class=\"col-xs-3\">M\u00e9moire RAM<\/td>\n<td>16 GO<\/td>\n<\/tr>\n<tr>\n<td class=\"col-xs-3\">M\u00e9moire RAM maximum<\/td>\n<td>16 GO<\/td>\n<\/tr>\n<tr>\n<td class=\"col-xs-3\">Type de m\u00e9moire interne<\/td>\n<td>RAM DDR5<\/td>\n<\/tr>\n<tr>\n<td class=\"col-xs-3\">Emplacements pour cartes m\u00e9moire<\/td>\n<td>Pas de mise \u00e0 niveau possible<\/td>\n<\/tr>\n<tr>\n<td class=\"col-xs-3\"><\/td>\n<td><strong>Graphique<\/strong><\/td>\n<\/tr>\n<tr>\n<td class=\"col-xs-3\">Carte graphique<\/td>\n<td>Graphique Intel\u00ae Iris\u00ae XE<\/td>\n<\/tr>\n<tr>\n<td class=\"col-xs-3\"><\/td>\n<td><strong>Lecteur optique<\/strong><\/td>\n<\/tr>\n<tr>\n<td class=\"col-xs-3\">Lecteur optique &#8211; type<\/td>\n<td>Aucun(e)<\/td>\n<\/tr>\n<tr>\n<td class=\"col-xs-3\"><\/td>\n<td><strong>Performances<\/strong><\/td>\n<\/tr>\n<tr>\n<td class=\"col-xs-3\">S\u00e9rie<\/td>\n<td>Haut de gamme<\/td>\n<\/tr>\n<tr>\n<td class=\"col-xs-3\">Couleur du produit<\/td>\n<td>Noir<\/td>\n<\/tr>\n<tr>\n<td class=\"col-xs-3\"><\/td>\n<td><strong>R\u00e9seau<\/strong><\/td>\n<\/tr>\n<tr>\n<td class=\"col-xs-3\">Bluetooth<\/td>\n<td>5.3<\/td>\n<\/tr>\n<tr>\n<td class=\"col-xs-3\">Normes WLAN<\/td>\n<td>WiFi 6 (802.11ax)<\/td>\n<\/tr>\n<tr>\n<td class=\"col-xs-3\">Normes de t\u00e9l\u00e9phonie mobile<\/td>\n<td>non<\/td>\n<\/tr>\n<tr>\n<td class=\"col-xs-3\"><\/td>\n<td><strong>Support de stockage<\/strong><\/td>\n<\/tr>\n<tr>\n<td class=\"col-xs-3\">Lecteur de carte int\u00e9gr\u00e9<\/td>\n<td>Non<\/td>\n<\/tr>\n<tr>\n<td class=\"col-xs-3\">Interface SSD<\/td>\n<td>PCIe (NVMe)<\/td>\n<\/tr>\n<tr>\n<td class=\"col-xs-3\">Capacit\u00e9 de stockage SSD<\/td>\n<td>1Tb<\/td>\n<\/tr>\n<tr>\n<td class=\"col-xs-3\">Capacit\u00e9 de stockage totale<\/td>\n<td>1Tb<\/td>\n<\/tr>\n<tr>\n<td class=\"col-xs-3\"><\/td>\n<td><strong>D\u00e9tails techniques<\/strong><\/td>\n<\/tr>\n<tr>\n<td class=\"col-xs-3\">Localisation<\/td>\n<td><strong>Allemagne \/ Allemand<\/strong><\/td>\n<\/tr>\n<tr>\n<td class=\"col-xs-3\">Clavier r\u00e9tro-\u00e9clair\u00e9<\/td>\n<td>oui<\/td>\n<\/tr>\n<tr>\n<td class=\"col-xs-3\"><\/td>\n<td><strong>Poids et dimensions<\/strong><\/td>\n<\/tr>\n<tr>\n<td class=\"col-xs-3\">Hauteur<\/td>\n<td>1.5 cm<\/td>\n<\/tr>\n<tr>\n<td class=\"col-xs-3\">Largeur<\/td>\n<td>35.5 cm<\/td>\n<\/tr>\n<tr>\n<td class=\"col-xs-3\">Profondeur<\/td>\n<td>23 cm<\/td>\n<\/tr>\n<tr>\n<td class=\"col-xs-3\">Poids<\/td>\n<td>1.7 kg<\/td>\n<\/tr>\n<tr>\n<td class=\"col-xs-3\"><\/td>\n<td><strong>Batterie\/piles<\/strong><\/td>\n<\/tr>\n<tr>\n<td class=\"col-xs-3\">Batterie (dur\u00e9e d&rsquo;utilisation de la batterie &#8211; technologie de la batterie)<\/td>\n<td>20 h &#8211; Lithium-Ion (garantie de 6 mois sur la batterie)<\/td>\n<\/tr>\n<tr>\n<td class=\"col-xs-3\"><\/td>\n<td><strong>Autres fonctions<\/strong><\/td>\n<\/tr>\n<tr>\n<td class=\"col-xs-3\">Interface<\/td>\n<td>2 x USB 3.2 (Gen 2) Type-A 2 x Thunderbolt4 avec Power Delivery 1 x HDMI Prise casque audio Nano verrou Kensington<\/td>\n<\/tr>\n<tr>\n<td class=\"col-xs-3\"><\/td>\n<td><strong>S\u00e9curit\u00e9<\/strong><\/td>\n<\/tr>\n<tr>\n<td class=\"col-xs-3\">Caract\u00e9ristiques de s\u00e9curit\u00e9<\/td>\n<td>TPM 2.0<\/td>\n<\/tr>\n<tr>\n<td class=\"col-xs-3\"><\/td>\n<td><strong>Cam\u00e9ra<\/strong><\/td>\n<\/tr>\n<tr>\n<td class=\"col-xs-3\">Cam\u00e9ra int\u00e9gr\u00e9e<\/td>\n<td>Oui<\/td>\n<\/tr>\n<tr>\n<td class=\"col-xs-3\">R\u00e9solution de la cam\u00e9ra principale<\/td>\n<td>1 m\u00e9gapixel (cam\u00e9ra Windows Hello)<\/td>\n<\/tr>\n<\/tbody>\n<\/table>\n<p>&nbsp;<\/p>\n","protected":false},"excerpt":{"rendered":"<ul>\n<li>Processeur <strong>Intel\u00ae Core\u2122 i7<\/strong>-1260P (18M de cache, jusqu&rsquo;\u00e0 4,70 GHz)<\/li>\n<li><strong>Windows 11<\/strong> Pro<\/li>\n<li>Taille de l&rsquo;\u00e9cran 39.6 cm ( <strong>15.6&Prime;<\/strong> )<\/li>\n<li>1920 x 1080 R\u00e9solution d&rsquo;\u00e9cran<\/li>\n<li>Type d&rsquo;\u00e9cran \u00e9cran tactile IPS<\/li>\n<li>16 Go de m\u00e9moire RAM<\/li>\n<li>Graphique Intel\u00ae Iris\u00ae XE<\/li>\n<li>1Tb Capacit\u00e9 de m\u00e9moire totale<\/li>\n<li><strong>Attention: Clavier Allemand QWERZ!!<\/strong><\/li>\n<\/ul>\n","protected":false},"featured_media":51334,"comment_status":"closed","ping_status":"closed","template":"","meta":{"_seopress_robots_primary_cat":"none","_seopress_titles_title":"","_seopress_titles_desc":"","_seopress_robots_index":""},"product_brand":[],"product_cat":[1510,82,31004],"product_tag":[31527,30824,30795,126,1476,30842,30793,30823],"class_list":{"0":"post-51326","1":"product","2":"type-product","3":"status-publish","4":"has-post-thumbnail","6":"product_cat-informatique","7":"product_cat-ordinateurs","8":"product_cat-portables","9":"product_tag-31527","10":"product_tag-econcept","11":"product_tag-laptop","12":"product_tag-mobile","13":"product_tag-notebook","14":"product_tag-qwertz","15":"product_tag-terra","16":"product_tag-wortmann","18":"first","19":"instock","20":"shipping-taxable","21":"purchasable","22":"product-type-simple"},"_links":{"self":[{"href":"https:\/\/shop24.lu\/fr\/wp-json\/wp\/v2\/product\/51326","targetHints":{"allow":["GET"]}}],"collection":[{"href":"https:\/\/shop24.lu\/fr\/wp-json\/wp\/v2\/product"}],"about":[{"href":"https:\/\/shop24.lu\/fr\/wp-json\/wp\/v2\/types\/product"}],"replies":[{"embeddable":true,"href":"https:\/\/shop24.lu\/fr\/wp-json\/wp\/v2\/comments?post=51326"}],"wp:featuredmedia":[{"embeddable":true,"href":"https:\/\/shop24.lu\/fr\/wp-json\/wp\/v2\/media\/51334"}],"wp:attachment":[{"href":"https:\/\/shop24.lu\/fr\/wp-json\/wp\/v2\/media?parent=51326"}],"wp:term":[{"taxonomy":"product_brand","embeddable":true,"href":"https:\/\/shop24.lu\/fr\/wp-json\/wp\/v2\/product_brand?post=51326"},{"taxonomy":"product_cat","embeddable":true,"href":"https:\/\/shop24.lu\/fr\/wp-json\/wp\/v2\/product_cat?post=51326"},{"taxonomy":"product_tag","embeddable":true,"href":"https:\/\/shop24.lu\/fr\/wp-json\/wp\/v2\/product_tag?post=51326"}],"curies":[{"name":"wp","href":"https:\/\/api.w.org\/{rel}","templated":true}]}}