{"id":51343,"date":"2022-04-10T18:25:14","date_gmt":"2022-04-10T16:25:14","guid":{"rendered":"https:\/\/shop24.lu\/?post_type=product&#038;p=51343"},"modified":"2023-12-04T16:24:51","modified_gmt":"2023-12-04T14:24:51","slug":"terra-pc-home-4000","status":"publish","type":"product","link":"https:\/\/shop24.lu\/fr\/product\/terra-pc-home-4000\/","title":{"rendered":"TERRA PC-HOME 4000"},"content":{"rendered":"<p>&nbsp;<\/p>\n<table id=\"ctl00_ctl00_ctl00_SiteContent_SiteContent_SiteContent_articleFeatureDisplayDetails_gridViewProductAttributes\" class=\"table table-condensed\" border=\"0\" cellspacing=\"0\">\n<tbody>\n<tr>\n<td><strong>G\u00e9n\u00e9ralit\u00e9s<\/strong><\/td>\n<\/tr>\n<tr>\n<td class=\"col-xs-3\">Processeur<\/td>\n<td>Intel Core i3 (12e g\u00e9n\u00e9ration) 12100 \/ (12 Mo Smart Cache, jusqu&rsquo;\u00e0 4,3 GHz avec Intel Turbo Boost Technology)<\/td>\n<\/tr>\n<tr>\n<td class=\"col-xs-3\">Syst\u00e8me d&rsquo;exploitation<\/td>\n<td>Windows 11 Home<\/td>\n<\/tr>\n<tr>\n<td class=\"col-xs-3\"><\/td>\n<td><strong>Logiciel<\/strong><\/td>\n<\/tr>\n<tr>\n<td class=\"col-xs-3\">logiciels pr\u00e9install\u00e9s<\/td>\n<td>1 mois d&rsquo;essai pour les nouveaux clients Microsoft\u00ae 365<\/td>\n<\/tr>\n<tr>\n<td class=\"col-xs-3\"><\/td>\n<td><strong>Processeur<\/strong><\/td>\n<\/tr>\n<tr>\n<td class=\"col-xs-3\">Famille de processeurs<\/td>\n<td>Core i3<\/td>\n<\/tr>\n<tr>\n<td class=\"col-xs-3\">Nombre de c\u0153urs de processeur<\/td>\n<td>Quadric\u0153ur (4 c\u0153urs)<\/td>\n<\/tr>\n<tr>\n<td class=\"col-xs-3\">Socle de processeur<\/td>\n<td>FCLGA1700 Socket<\/td>\n<\/tr>\n<tr>\n<td class=\"col-xs-3\">Nombre de processeurs<\/td>\n<td>1<\/td>\n<\/tr>\n<tr>\n<td class=\"col-xs-3\"><\/td>\n<td><strong>M\u00e9moire<\/strong><\/td>\n<\/tr>\n<tr>\n<td class=\"col-xs-3\">M\u00e9moire RAM<\/td>\n<td>8 GO<\/td>\n<\/tr>\n<tr>\n<td class=\"col-xs-3\">Disposition de la m\u00e9moire<\/td>\n<td>1 x 8 Go<\/td>\n<\/tr>\n<tr>\n<td class=\"col-xs-3\">M\u00e9moire RAM maximale<\/td>\n<td>64 GO<\/td>\n<\/tr>\n<tr>\n<td class=\"col-xs-3\">Fr\u00e9quence d&rsquo;horloge de la m\u00e9moire<\/td>\n<td>3200 MHz<\/td>\n<\/tr>\n<tr>\n<td class=\"col-xs-3\">Type de m\u00e9moire interne<\/td>\n<td>DDR4 SDRAM<\/td>\n<\/tr>\n<tr>\n<td class=\"col-xs-3\">Emplacements pour cartes m\u00e9moire<\/td>\n<td>2 pi\u00e8ce(s)<\/td>\n<\/tr>\n<tr>\n<td class=\"col-xs-3\">Facteur de forme de la m\u00e9moire<\/td>\n<td>DIMM 288-PIN<\/td>\n<\/tr>\n<tr>\n<td class=\"col-xs-3\"><\/td>\n<td><strong>Support de stockage<\/strong><\/td>\n<\/tr>\n<tr>\n<td class=\"col-xs-3\">Capacit\u00e9 de stockage totale<\/td>\n<td>500 GO<\/td>\n<\/tr>\n<tr>\n<td class=\"col-xs-3\">Interface du disque dur<\/td>\n<td>4x SATA-3 (6.0 Gb\/s), 1x M.2 Socket 3, Type 2242\/2260\/2280 (S-ATA &amp; PCIe mode x4)<\/td>\n<\/tr>\n<tr>\n<td class=\"col-xs-3\">Niveau RAID<\/td>\n<td>Pas de support Raid<\/td>\n<\/tr>\n<tr>\n<td class=\"col-xs-3\">Interface SSD<\/td>\n<td>PCIe (NVMe)<\/td>\n<\/tr>\n<tr>\n<td class=\"col-xs-3\">Capacit\u00e9 de stockage SSD<\/td>\n<td>500 GO<\/td>\n<\/tr>\n<tr>\n<td class=\"col-xs-3\">Capacit\u00e9 du disque dur<\/td>\n<td>1 x 500 Go &#8211; SSD<\/td>\n<\/tr>\n<tr>\n<td class=\"col-xs-3\">Supports de stockage<\/td>\n<td>SSD M.2<\/td>\n<\/tr>\n<tr>\n<td class=\"col-xs-3\"><\/td>\n<td><strong>Performances<\/strong><\/td>\n<\/tr>\n<tr>\n<td class=\"col-xs-3\">S\u00e9rie<\/td>\n<td>Home<\/td>\n<\/tr>\n<tr>\n<td class=\"col-xs-3\">Type de produit<\/td>\n<td>Ordinateur personnel<\/td>\n<\/tr>\n<tr>\n<td class=\"col-xs-3\">Niveau sonore<\/td>\n<td>23,8 dB en mode inactif<\/td>\n<\/tr>\n<tr>\n<td class=\"col-xs-3\">Canaux audio<\/td>\n<td>8 canaux<\/td>\n<\/tr>\n<tr>\n<td class=\"col-xs-3\">Carte m\u00e8re Chipset<\/td>\n<td>Intel H510<\/td>\n<\/tr>\n<tr>\n<td class=\"col-xs-3\">Syst\u00e8me audio<\/td>\n<td>Audio haute d\u00e9finition<\/td>\n<\/tr>\n<tr>\n<td class=\"col-xs-3\"><\/td>\n<td><strong>Design<\/strong><\/td>\n<\/tr>\n<tr>\n<td class=\"col-xs-3\">Type de bo\u00eetier<\/td>\n<td>Mini tour<\/td>\n<\/tr>\n<tr>\n<td class=\"col-xs-3\">Certification<\/td>\n<td>Assemblage selon ISO9001 en Allemagne Compatibilit\u00e9 : SMBios (DMI), EnergyStar (Valid only for U.S.), EN62368-1, EN55032, EN55035, EN61000-3-2\/3, EN62623, 89\/336\/ECC Le produit r\u00e9pond aux crit\u00e8res du RAL UZ 78 (Ange bleu)<\/td>\n<\/tr>\n<tr>\n<td class=\"col-xs-3\">Facteur de forme du clavier<\/td>\n<td>Clavier TERRA by Cherry<\/td>\n<\/tr>\n<tr>\n<td class=\"col-xs-3\"><\/td>\n<td><strong>Clavier<\/strong><\/td>\n<\/tr>\n<tr>\n<td class=\"col-xs-3\">Technique de transmission<\/td>\n<td>C\u00e2ble<\/td>\n<\/tr>\n<tr>\n<td class=\"col-xs-3\">Interface de l&rsquo;appareil<\/td>\n<td>USB<\/td>\n<\/tr>\n<tr>\n<td class=\"col-xs-3\"><\/td>\n<td><strong>D\u00e9tails techniques<\/strong><\/td>\n<\/tr>\n<tr>\n<td class=\"col-xs-3\">Localisation<\/td>\n<td>Allemagne\/ Autriche\/ Luxembourg<\/td>\n<\/tr>\n<tr>\n<td class=\"col-xs-3\"><\/td>\n<td><strong>Contenu de la livraison<\/strong><\/td>\n<\/tr>\n<tr>\n<td class=\"col-xs-3\">Accessoires fournis<\/td>\n<td>Guide de d\u00e9marrage rapide, c\u00e2ble d&rsquo;alimentation<\/td>\n<\/tr>\n<tr>\n<td class=\"col-xs-3\">Disposition du clavier<\/td>\n<td>Allemand<\/td>\n<\/tr>\n<tr>\n<td class=\"col-xs-3\"><\/td>\n<td><strong>Emplacements d&rsquo;extension<\/strong><\/td>\n<\/tr>\n<tr>\n<td class=\"col-xs-3\">Emplacements d&rsquo;extension<\/td>\n<td>1x slot PCIe 4.0 (11th Gen CPU) \/3.0 (10th Gen CPU) x16, 2x slots PCIe 3.0 x1<\/td>\n<\/tr>\n<tr>\n<td class=\"col-xs-3\"><\/td>\n<td><strong>Poids et dimensions<\/strong><\/td>\n<\/tr>\n<tr>\n<td class=\"col-xs-3\">Hauteur<\/td>\n<td>37.5 cm<\/td>\n<\/tr>\n<tr>\n<td class=\"col-xs-3\">Largeur<\/td>\n<td>18 cm<\/td>\n<\/tr>\n<tr>\n<td class=\"col-xs-3\">Profondeur<\/td>\n<td>37 cm<\/td>\n<\/tr>\n<tr>\n<td class=\"col-xs-3\">Poids<\/td>\n<td>7 kg<\/td>\n<\/tr>\n<tr>\n<td class=\"col-xs-3\"><\/td>\n<td><strong>Autres fonctions<\/strong><\/td>\n<\/tr>\n<tr>\n<td class=\"col-xs-3\">Nombre de tiroirs d&rsquo;extension<\/td>\n<td>1 accessible par l&rsquo;avant &#8211; 13.3 cm ( 5.25&Prime; ) 1 accessible par l&rsquo;avant &#8211; 8.9 cm ( 3.5&Prime; ) 2 interne &#8211; 8.9 cm ( 3.5&Prime;\/ 2.5&Prime; avec adaptateur)* 1 interne &#8211; 6.4 cm ( 2.5&Prime; ) *2x HDD n\u00e9cessitent des ventilateurs suppl\u00e9mentaires 92&#215;92 mm<\/td>\n<\/tr>\n<tr>\n<td class=\"col-xs-3\">Interface<\/td>\n<td>2x PS\/2, 1x LAN (RJ45), 3x jacks audio, 4x USB 3.2 Gen1 Type-A (2x en fa\u00e7ade), 4x USB 2.0 1x DP, 1x DVI-D, 1x HDMI, 1x VGA (supporte jusqu&rsquo;\u00e0 2x \u00e9crans en m\u00eame temps) En option : 1x COM<\/td>\n<\/tr>\n<tr>\n<td class=\"col-xs-3\">Syst\u00e8mes d&rsquo;exploitation compatibles<\/td>\n<td>Windows 10, Windows 11<\/td>\n<\/tr>\n<tr>\n<td class=\"col-xs-3\">Fabricant de la carte m\u00e8re<\/td>\n<td>Gigabyte H510M S2H<\/td>\n<\/tr>\n<tr>\n<td class=\"col-xs-3\">Conformit\u00e9 aux normes industrielles<\/td>\n<td>Cet appareil est consid\u00e9r\u00e9 comme un \u00e9quipement de technologie de l&rsquo;information (ITE) de classe B et est principalement destin\u00e9 \u00e0 \u00eatre utilis\u00e9 dans un environnement r\u00e9sidentiel ou de bureau. Le marquage CE atteste de la conformit\u00e9 aux directives europ\u00e9ennes suivantes : (1) Directive CEM 2004\/108\/CE Compatibilit\u00e9 \u00e9lectromagn\u00e9tique (2) Directive basse tension 2006\/95\/CE Mat\u00e9riel \u00e9lectrique destin\u00e9 \u00e0 \u00eatre employ\u00e9 dans certaines limites de tension.<\/td>\n<\/tr>\n<tr>\n<td class=\"col-xs-3\">Caract\u00e9ristiques sp\u00e9ciales<\/td>\n<td>TPM 2.0 D\u00e9marrage s\u00e9curis\u00e9 2x USB 3.2 Gen1 type A + audio en fa\u00e7ade<\/td>\n<\/tr>\n<tr>\n<td class=\"col-xs-3\"><\/td>\n<td><strong>Souris<\/strong><\/td>\n<\/tr>\n<tr>\n<td class=\"col-xs-3\">Souris incluse<\/td>\n<td>Molette TERRA optique par Cherry<\/td>\n<\/tr>\n<tr>\n<td class=\"col-xs-3\"><\/td>\n<td><strong>Graphique<\/strong><\/td>\n<\/tr>\n<tr>\n<td class=\"col-xs-3\">M\u00e9moire d&rsquo;adaptateur graphique int\u00e9gr\u00e9e<\/td>\n<td>Dynamique<\/td>\n<\/tr>\n<tr>\n<td class=\"col-xs-3\">Adaptateur graphique int\u00e9gr\u00e9 R\u00e9solution maximale<\/td>\n<td>HDMI 4096 x 2160 @ 30Hz DP 4096 x 2304 @60Hz DVI\/ VGA 1920&#215;1200<\/td>\n<\/tr>\n<tr>\n<td class=\"col-xs-3\">Carte graphique<\/td>\n<td>Intel UHD Graphics 630 (1100 MHz)<\/td>\n<\/tr>\n<tr>\n<td class=\"col-xs-3\">Mod\u00e8le d&rsquo;adaptateur graphique embarqu\u00e9<\/td>\n<td>Intel UHD Graphics 630 (1100 MHz)<\/td>\n<\/tr>\n<tr>\n<td class=\"col-xs-3\">Interfaces graphiques<\/td>\n<td>1x HDMI, 1x DP, 1x DVI-D, 1x VGA Supporte le double monitoring<\/td>\n<\/tr>\n<tr>\n<td class=\"col-xs-3\"><\/td>\n<td><strong>Performance<\/strong><\/td>\n<\/tr>\n<tr>\n<td class=\"col-xs-3\">Source d&rsquo;\u00e9nergie<\/td>\n<td>Bloc d&rsquo;alimentation ATX meets 80 Plus Bronze, adapt\u00e9 \u00e0 un fonctionnement standard max. 60 heures\/semaine Efficacit\u00e9 \u00e9nerg\u00e9tique \u00e0 charge 10 %\/ 20 %\/ 50 % \/ 100 %) : 82 %\/ 82 % \/ 85 % \/ 82<\/td>\n<\/tr>\n<tr>\n<td class=\"col-xs-3\">Consommation \u00e9lectrique (en veille)<\/td>\n<td>\u00d8 1.8 watt (mode S3, Suspend to RAM, WOL activ\u00e9)<\/td>\n<\/tr>\n<tr>\n<td class=\"col-xs-3\">Puissance d&rsquo;entr\u00e9e maximale<\/td>\n<td>350 watts<\/td>\n<\/tr>\n<tr>\n<td class=\"col-xs-3\">Puissance nominale<\/td>\n<td>\u00d8 33 watts \u00d8 116 kWh par an (TEC = Typical Energy Consumption) Pour plus d&rsquo;informations sur la consommation \u00e9lectrique, voir www.wortmann.de\/green et\/ou les liens rapides vers ce produit (si disponibles)<\/td>\n<\/tr>\n<tr>\n<td class=\"col-xs-3\">Bloc d&rsquo;alimentation Tension d&rsquo;entr\u00e9e<\/td>\n<td>Courant alternatif 230 V ( 50 Hz )<\/td>\n<\/tr>\n<tr>\n<td class=\"col-xs-3\"><\/td>\n<td><strong>Conditions de fonctionnement<\/strong><\/td>\n<\/tr>\n<tr>\n<td class=\"col-xs-3\">Temp\u00e9rature de fonctionnement<\/td>\n<td>5 \u00b0C &#8211; 35 \u00b0C<\/td>\n<\/tr>\n<tr>\n<td class=\"col-xs-3\">Plage d&rsquo;humidit\u00e9 recommand\u00e9e<\/td>\n<td>10-75% (sans condensation)<\/td>\n<\/tr>\n<tr>\n<td class=\"col-xs-3\"><\/td>\n<td><strong>R\u00e9seau<\/strong><\/td>\n<\/tr>\n<tr>\n<td class=\"col-xs-3\">Port Ethernet int\u00e9gr\u00e9<\/td>\n<td>RJ45<\/td>\n<\/tr>\n<tr>\n<td class=\"col-xs-3\">Contr\u00f4leur LAN<\/td>\n<td>Realtek GbE LAN chip, WOL\/ PXE<\/td>\n<\/tr>\n<tr>\n<td class=\"col-xs-3\">Protocoles de liaison de donn\u00e9es<\/td>\n<td>Ethernet Ethernet rapide Gigabit Ethernet<\/td>\n<\/tr>\n<tr>\n<td class=\"col-xs-3\"><\/td>\n<td><strong>Lecteur optique<\/strong><\/td>\n<\/tr>\n<tr>\n<td class=\"col-xs-3\">Lecteur optique &#8211; type<\/td>\n<td>DVD\u00b1RW<\/td>\n<\/tr>\n<tr>\n<td class=\"col-xs-3\"><\/td>\n<td><strong>P\u00e9riph\u00e9rique d&rsquo;entr\u00e9e<\/strong><\/td>\n<\/tr>\n<tr>\n<td class=\"col-xs-3\">Technologie de d\u00e9tection de mouvement<\/td>\n<td>Optique<\/td>\n<\/tr>\n<tr>\n<td class=\"col-xs-3\">Interface du p\u00e9riph\u00e9rique<\/td>\n<td>USB<\/td>\n<\/tr>\n<\/tbody>\n<\/table>\n","protected":false},"excerpt":{"rendered":"<ul>\n<li>Intel Core i3 (10e g\u00e9n\u00e9ration) 10105 \/ 3,7 GHz (6 Mo Smart Cache, jusqu&rsquo;\u00e0 4,4 GHz avec la technologie Intel Turbo Boost)<\/li>\n<li>Windows 11 Home<\/li>\n<li>8 Go de m\u00e9moire RAM<\/li>\n<li>S\u00e9rie Home<\/li>\n<li>Intel UHD Graphics 630 (1100 MHz)<\/li>\n<li>Interfaces graphiques 1x HDMI, 1x DP, 1x DVI-D, 1x VGA Supporte le double monitoring<\/li>\n<li>Capacit\u00e9 du disque dur 1 x 500 Go &#8211; SSD<\/li>\n<\/ul>\n","protected":false},"featured_media":51347,"comment_status":"closed","ping_status":"closed","template":"","meta":{"_seopress_robots_primary_cat":"none","_seopress_titles_title":"","_seopress_titles_desc":"","_seopress_robots_index":""},"product_brand":[],"product_cat":[1510,82],"product_tag":[30798,31015,138,30845,30805],"class_list":{"0":"post-51343","1":"product","2":"type-product","3":"status-publish","4":"has-post-thumbnail","6":"product_cat-informatique","7":"product_cat-ordinateurs","8":"product_tag-intel","9":"product_tag-office","10":"product_tag-pc","11":"product_tag-ssd","12":"product_tag-windows","14":"first","15":"instock","16":"shipping-taxable","17":"purchasable","18":"product-type-simple"},"_links":{"self":[{"href":"https:\/\/shop24.lu\/fr\/wp-json\/wp\/v2\/product\/51343","targetHints":{"allow":["GET"]}}],"collection":[{"href":"https:\/\/shop24.lu\/fr\/wp-json\/wp\/v2\/product"}],"about":[{"href":"https:\/\/shop24.lu\/fr\/wp-json\/wp\/v2\/types\/product"}],"replies":[{"embeddable":true,"href":"https:\/\/shop24.lu\/fr\/wp-json\/wp\/v2\/comments?post=51343"}],"wp:featuredmedia":[{"embeddable":true,"href":"https:\/\/shop24.lu\/fr\/wp-json\/wp\/v2\/media\/51347"}],"wp:attachment":[{"href":"https:\/\/shop24.lu\/fr\/wp-json\/wp\/v2\/media?parent=51343"}],"wp:term":[{"taxonomy":"product_brand","embeddable":true,"href":"https:\/\/shop24.lu\/fr\/wp-json\/wp\/v2\/product_brand?post=51343"},{"taxonomy":"product_cat","embeddable":true,"href":"https:\/\/shop24.lu\/fr\/wp-json\/wp\/v2\/product_cat?post=51343"},{"taxonomy":"product_tag","embeddable":true,"href":"https:\/\/shop24.lu\/fr\/wp-json\/wp\/v2\/product_tag?post=51343"}],"curies":[{"name":"wp","href":"https:\/\/api.w.org\/{rel}","templated":true}]}}