{"id":51353,"date":"2022-04-10T18:40:43","date_gmt":"2022-04-10T16:40:43","guid":{"rendered":"https:\/\/shop24.lu\/?post_type=product&#038;p=51353"},"modified":"2023-12-30T23:39:17","modified_gmt":"2023-12-30T21:39:17","slug":"terra-keyboard-3500-corded-ch-usb-noir-cherry-stream-keyboard-jk-8500ch-2","status":"publish","type":"product","link":"https:\/\/shop24.lu\/fr\/product\/terra-keyboard-3500-corded-ch-usb-noir-cherry-stream-keyboard-jk-8500ch-2\/","title":{"rendered":"TERRA Keyboard 3500 Corded [CH] USB Noir \/ Cherry Stream Keyboard JK-8500CH-2"},"content":{"rendered":"<p>Un travail des plus productifs : Frappe ultra-silencieuse, sensation de frappe imbattable<br \/>\nQualit\u00e9 sup\u00e9rieure : marquage durable des touches, m\u00e9canisme de ciseaux SX maison, label \u00e9cologique Ange bleu<br \/>\nMeilleur confort d&rsquo;utilisation : 3 indicateurs d&rsquo;\u00e9tat int\u00e9gr\u00e9s, antid\u00e9rapance parfaite, 10 touches bureautiques et multim\u00e9dia<br \/>\nDesign ultramoderne : hauteur de construction plate, focalis\u00e9 sur l&rsquo;essentiel, homologation GS<\/p>\n<p>Le TERRA Keyboard 3100 by Cherry est synonyme d&rsquo;exigences \u00e9lev\u00e9es et d&rsquo;une sensation de frappe incomparable. Avec son m\u00e9lange de design, d&rsquo;\u00e9l\u00e9gance et de purisme, il a le potentiel pour devenir le clavier pr\u00e9f\u00e9r\u00e9 au bureau et \u00e0 la maison.La r\u00e9sistance \u00e0 la torsion, la stabilit\u00e9 et l&rsquo;antid\u00e9rapance caract\u00e9risent ce clavier. Gr\u00e2ce \u00e0 la technologie de ciseaux SX propre \u00e0 Cherry, l&rsquo;\u00e9criture est pr\u00e9cise et plus silencieuse que sur le mod\u00e8le pr\u00e9c\u00e9dent. Les LED d&rsquo;\u00e9tat int\u00e9gr\u00e9es aux touches et la touche de verrouillage sont d&rsquo;une valeur inestimable, notamment dans un environnement de bureau. 10 touches suppl\u00e9mentaires facilitent l&rsquo;utilisation des principales fonctions bureautiques et multim\u00e9dia.<\/p>\n<table id=\"ctl00_ctl00_ctl00_SiteContent_SiteContent_SiteContent_articleFeatureDisplayDetails_gridViewProductAttributes\" class=\"table table-condensed\" border=\"0\" cellspacing=\"0\">\n<tbody>\n<tr>\n<td class=\"col-xs-3\"><\/td>\n<td><strong>Clavier<\/strong><\/td>\n<\/tr>\n<tr>\n<td class=\"col-xs-3\">Disposition du clavier<\/td>\n<td>Suisse<\/td>\n<\/tr>\n<tr>\n<td class=\"col-xs-3\">Clavier num\u00e9rique<\/td>\n<td>Oui<\/td>\n<\/tr>\n<tr>\n<td class=\"col-xs-3\">Raccourcis clavier<\/td>\n<td>Oui<\/td>\n<\/tr>\n<tr>\n<td class=\"col-xs-3\">Structure du clavier<\/td>\n<td>QWERTZ<\/td>\n<\/tr>\n<tr>\n<td class=\"col-xs-3\">Touches multim\u00e9dias<\/td>\n<td>Oui<\/td>\n<\/tr>\n<tr>\n<td class=\"col-xs-3\">Certification<\/td>\n<td>cURus\\nVDE-GS\\nCE\\nFCC<\/td>\n<\/tr>\n<tr>\n<td class=\"col-xs-3\">Commutateur de touches du clavier<\/td>\n<td>Commutateur m\u00e9canique<\/td>\n<\/tr>\n<tr>\n<td class=\"col-xs-3\">Dur\u00e9e de vie des touches du clavier<\/td>\n<td>20 millions de caract\u00e8res<\/td>\n<\/tr>\n<tr>\n<td class=\"col-xs-3\">P\u00e9riph\u00e9rique d&rsquo;entr\u00e9e<\/td>\n<td>Non<\/td>\n<\/tr>\n<tr>\n<td class=\"col-xs-3\">Utilisation recommand\u00e9e<\/td>\n<td>Bureau<\/td>\n<\/tr>\n<tr>\n<td class=\"col-xs-3\">Interface du p\u00e9riph\u00e9rique<\/td>\n<td>USB<\/td>\n<\/tr>\n<tr>\n<td class=\"col-xs-3\">Facteur de forme du clavier<\/td>\n<td>Standard<\/td>\n<\/tr>\n<tr>\n<td class=\"col-xs-3\">Nombre de touches de raccourci<\/td>\n<td>10<\/td>\n<\/tr>\n<tr>\n<td class=\"col-xs-3\">Clavier &#8211; nombre de touches<\/td>\n<td>105<\/td>\n<\/tr>\n<tr>\n<td class=\"col-xs-3\">Touches Windows<\/td>\n<td>Oui<\/td>\n<\/tr>\n<tr>\n<td class=\"col-xs-3\"><\/td>\n<td><strong>D\u00e9tails techniques<\/strong><\/td>\n<\/tr>\n<tr>\n<td class=\"col-xs-3\">Fabricant<\/td>\n<td>TERRA powered by CHERRY<\/td>\n<\/tr>\n<tr>\n<td class=\"col-xs-3\"><\/td>\n<td><strong>Poids et dimensions<\/strong><\/td>\n<\/tr>\n<tr>\n<td class=\"col-xs-3\">Dimensions du clavier (LxPxH)<\/td>\n<td>463 x 163 x 18 mm<\/td>\n<\/tr>\n<tr>\n<td class=\"col-xs-3\">Poids du clavier<\/td>\n<td>910 g<\/td>\n<\/tr>\n<tr>\n<td class=\"col-xs-3\"><\/td>\n<td><strong>Design<\/strong><\/td>\n<\/tr>\n<tr>\n<td class=\"col-xs-3\">Couleur du produit<\/td>\n<td>Noir<\/td>\n<\/tr>\n<tr>\n<td class=\"col-xs-3\">R\u00e9tro\u00e9clairage<\/td>\n<td>Non<\/td>\n<\/tr>\n<tr>\n<td class=\"col-xs-3\">Fonction de protection<\/td>\n<td>R\u00e9sistant aux \u00e9claboussures<\/td>\n<\/tr>\n<tr>\n<td class=\"col-xs-3\">Repose-poignet<\/td>\n<td>Oui<\/td>\n<\/tr>\n<tr>\n<td class=\"col-xs-3\">Coloration de la surface<\/td>\n<td>Couleur unie<\/td>\n<\/tr>\n<tr>\n<td class=\"col-xs-3\">Style de clavier<\/td>\n<td>Droit<\/td>\n<\/tr>\n<tr>\n<td class=\"col-xs-3\"><\/td>\n<td><strong>Souris<\/strong><\/td>\n<\/tr>\n<tr>\n<td class=\"col-xs-3\">Souris incluse<\/td>\n<td>Non<\/td>\n<\/tr>\n<tr>\n<td class=\"col-xs-3\"><\/td>\n<td><strong>Donn\u00e9es logistiques<\/strong><\/td>\n<\/tr>\n<tr>\n<td class=\"col-xs-3\">Produits par palette<\/td>\n<td>36 pi\u00e8ce(s)<\/td>\n<\/tr>\n<tr>\n<td class=\"col-xs-3\"><\/td>\n<td><strong>Puissance<\/strong><\/td>\n<\/tr>\n<tr>\n<td class=\"col-xs-3\">Consommation d&rsquo;\u00e9nergie<\/td>\n<td>20 mA<\/td>\n<\/tr>\n<tr>\n<td class=\"col-xs-3\">Source d&rsquo;\u00e9nergie<\/td>\n<td>USB<\/td>\n<\/tr>\n<tr>\n<td class=\"col-xs-3\"><\/td>\n<td><strong>Conditions de fonctionnement<\/strong><\/td>\n<\/tr>\n<tr>\n<td class=\"col-xs-3\">Temp\u00e9rature de fonctionnement<\/td>\n<td>0 &#8211; 40 \u00b0C<\/td>\n<\/tr>\n<tr>\n<td class=\"col-xs-3\">Plage de temp\u00e9rature de stockage<\/td>\n<td>-20 &#8211; 60 \u00b0C<\/td>\n<\/tr>\n<tr>\n<td class=\"col-xs-3\"><\/td>\n<td><strong>Donn\u00e9es d&#8217;emballage<\/strong><\/td>\n<\/tr>\n<tr>\n<td class=\"col-xs-3\">Profondeur de l&#8217;emballage<\/td>\n<td>210 mm<\/td>\n<\/tr>\n<tr>\n<td class=\"col-xs-3\">Hauteur de l&#8217;emballage<\/td>\n<td>24 mm<\/td>\n<\/tr>\n<tr>\n<td class=\"col-xs-3\">Largeur de l&#8217;emballage<\/td>\n<td>480 mm<\/td>\n<\/tr>\n<tr>\n<td class=\"col-xs-3\">Type d&#8217;emballage<\/td>\n<td>Bo\u00eete<\/td>\n<\/tr>\n<tr>\n<td class=\"col-xs-3\">Nombre de produits contenus<\/td>\n<td>1 pi\u00e8ce(s)<\/td>\n<\/tr>\n<tr>\n<td class=\"col-xs-3\">Poids du paquet<\/td>\n<td>1100 g<\/td>\n<\/tr>\n<tr>\n<td class=\"col-xs-3\"><\/td>\n<td><strong>Exigence syst\u00e8me<\/strong><\/td>\n<\/tr>\n<tr>\n<td class=\"col-xs-3\">Prend en charge les syst\u00e8mes d&rsquo;exploitation Windows<\/td>\n<td>Oui<\/td>\n<\/tr>\n<tr>\n<td class=\"col-xs-3\"><\/td>\n<td><strong>Ergonomie<\/strong><\/td>\n<\/tr>\n<tr>\n<td class=\"col-xs-3\">Longueur du c\u00e2ble<\/td>\n<td>1.8 m<\/td>\n<\/tr>\n<\/tbody>\n<\/table>\n","protected":false},"excerpt":{"rendered":"<p>Un travail des plus productifs : Frappe ultra-silencieuse, sensation de frappe imbattable<br \/>\nQualit\u00e9 sup\u00e9rieure : marquage durable des touches, m\u00e9canisme de ciseaux SX maison, label \u00e9cologique ange bleu<\/p>\n","protected":false},"featured_media":51357,"comment_status":"closed","ping_status":"closed","template":"","meta":{"_seopress_robots_primary_cat":"none","_seopress_titles_title":"","_seopress_titles_desc":"","_seopress_robots_index":""},"product_brand":[],"product_cat":[1506,1510],"product_tag":[31022,31021,31017,31018,31020,31023,31019,30793],"class_list":{"0":"post-51353","1":"product","2":"type-product","3":"status-publish","4":"has-post-thumbnail","6":"product_cat-accessoires-informatiques","7":"product_cat-informatique","8":"product_tag-31022","9":"product_tag-allemand","10":"product_tag-cherry","11":"product_tag-clavier","12":"product_tag-francais","13":"product_tag-keyboard","14":"product_tag-suisse","15":"product_tag-terra","17":"first","18":"instock","19":"shipping-taxable","20":"purchasable","21":"product-type-simple"},"_links":{"self":[{"href":"https:\/\/shop24.lu\/fr\/wp-json\/wp\/v2\/product\/51353","targetHints":{"allow":["GET"]}}],"collection":[{"href":"https:\/\/shop24.lu\/fr\/wp-json\/wp\/v2\/product"}],"about":[{"href":"https:\/\/shop24.lu\/fr\/wp-json\/wp\/v2\/types\/product"}],"replies":[{"embeddable":true,"href":"https:\/\/shop24.lu\/fr\/wp-json\/wp\/v2\/comments?post=51353"}],"wp:featuredmedia":[{"embeddable":true,"href":"https:\/\/shop24.lu\/fr\/wp-json\/wp\/v2\/media\/51357"}],"wp:attachment":[{"href":"https:\/\/shop24.lu\/fr\/wp-json\/wp\/v2\/media?parent=51353"}],"wp:term":[{"taxonomy":"product_brand","embeddable":true,"href":"https:\/\/shop24.lu\/fr\/wp-json\/wp\/v2\/product_brand?post=51353"},{"taxonomy":"product_cat","embeddable":true,"href":"https:\/\/shop24.lu\/fr\/wp-json\/wp\/v2\/product_cat?post=51353"},{"taxonomy":"product_tag","embeddable":true,"href":"https:\/\/shop24.lu\/fr\/wp-json\/wp\/v2\/product_tag?post=51353"}],"curies":[{"name":"wp","href":"https:\/\/api.w.org\/{rel}","templated":true}]}}