{"id":51369,"date":"2022-04-10T19:13:46","date_gmt":"2022-04-10T17:13:46","guid":{"rendered":"https:\/\/shop24.lu\/?post_type=product&#038;p=51369"},"modified":"2022-04-10T19:14:06","modified_gmt":"2022-04-10T17:14:06","slug":"cherry-mouse-unimouse-dark-grey-wireless-ergonomic-mouse-adjustable-ergo-mouse","status":"publish","type":"product","link":"https:\/\/shop24.lu\/fr\/product\/cherry-mouse-unimouse-dark-grey-wireless-ergonomic-mouse-adjustable-ergo-mouse\/","title":{"rendered":"Cherry Mouse UNIMOUSE gris fonc\u00e9 Souris ergonomique sans fil, Souris ERGO ADJUSTABLE"},"content":{"rendered":"<table id=\"ctl00_ctl00_ctl00_SiteContent_SiteContent_SiteContent_articleFeatureDisplayDetails_gridViewProductAttributes\" class=\"table table-condensed\" border=\"0\" cellspacing=\"0\">\n<tbody>\n<tr>\n<td><strong>D\u00e9tails techniques<\/strong><\/td>\n<\/tr>\n<tr>\n<td class=\"col-xs-3\">Fabricant<\/td>\n<td>Cherry<\/td>\n<\/tr>\n<tr>\n<td class=\"col-xs-3\"><\/td>\n<td><strong>Poids et dimensions<\/strong><\/td>\n<\/tr>\n<tr>\n<td class=\"col-xs-3\">Hauteur<\/td>\n<td>24 mm<\/td>\n<\/tr>\n<tr>\n<td class=\"col-xs-3\">Largeur<\/td>\n<td>410 mm<\/td>\n<\/tr>\n<tr>\n<td class=\"col-xs-3\">Profondeur<\/td>\n<td>82 mm<\/td>\n<\/tr>\n<tr>\n<td class=\"col-xs-3\">Profondeur du r\u00e9cepteur<\/td>\n<td>14.7 mm<\/td>\n<\/tr>\n<tr>\n<td class=\"col-xs-3\">Hauteur du r\u00e9cepteur<\/td>\n<td>6.6 mm<\/td>\n<\/tr>\n<tr>\n<td class=\"col-xs-3\">Largeur du r\u00e9cepteur<\/td>\n<td>19.5 mm<\/td>\n<\/tr>\n<tr>\n<td class=\"col-xs-3\">Poids du r\u00e9cepteur<\/td>\n<td>2 g<\/td>\n<\/tr>\n<tr>\n<td class=\"col-xs-3\">Poids<\/td>\n<td>710 g<\/td>\n<\/tr>\n<tr>\n<td class=\"col-xs-3\"><\/td>\n<td><strong>Design<\/strong><\/td>\n<\/tr>\n<tr>\n<td class=\"col-xs-3\">Couleur du produit<\/td>\n<td>Argent<\/td>\n<\/tr>\n<tr>\n<td class=\"col-xs-3\">Design intelligent et ergonomique<\/td>\n<td>Oui<\/td>\n<\/tr>\n<tr>\n<td class=\"col-xs-3\">Facteur de forme<\/td>\n<td>Ambidextre<\/td>\n<\/tr>\n<tr>\n<td class=\"col-xs-3\"><\/td>\n<td><strong>Souris<\/strong><\/td>\n<\/tr>\n<tr>\n<td class=\"col-xs-3\">Type de touches<\/td>\n<td>Boutons pouss\u00e9s<\/td>\n<\/tr>\n<tr>\n<td class=\"col-xs-3\">Nombre de boutons<\/td>\n<td>8<\/td>\n<\/tr>\n<tr>\n<td class=\"col-xs-3\">Technologie de d\u00e9tection de mouvement<\/td>\n<td>Optique<\/td>\n<\/tr>\n<tr>\n<td class=\"col-xs-3\">R\u00e9solution du mouvement<\/td>\n<td>2800 DPI<\/td>\n<\/tr>\n<tr>\n<td class=\"col-xs-3\">R\u00e9solution de mouvement r\u00e9glable<\/td>\n<td>Oui<\/td>\n<\/tr>\n<tr>\n<td class=\"col-xs-3\">Certification<\/td>\n<td>CE\\nWHQL Win 10 64-bit\\nUSB IF<\/td>\n<\/tr>\n<tr>\n<td class=\"col-xs-3\">But<\/td>\n<td>Bureau<\/td>\n<\/tr>\n<tr>\n<td class=\"col-xs-3\">Nombre de touches programmables<\/td>\n<td>5<\/td>\n<\/tr>\n<tr>\n<td class=\"col-xs-3\">Prise en charge de plusieurs appareils<\/td>\n<td>Oui<\/td>\n<\/tr>\n<tr>\n<td class=\"col-xs-3\">Boutons de souris programmables<\/td>\n<td>Oui<\/td>\n<\/tr>\n<tr>\n<td class=\"col-xs-3\">Interface du p\u00e9riph\u00e9rique<\/td>\n<td>USB type A<\/td>\n<\/tr>\n<tr>\n<td class=\"col-xs-3\">Nombre de rouleaux de d\u00e9filement<\/td>\n<td>1<\/td>\n<\/tr>\n<tr>\n<td class=\"col-xs-3\">Type de d\u00e9filement<\/td>\n<td>Roue<\/td>\n<\/tr>\n<tr>\n<td class=\"col-xs-3\"><\/td>\n<td><strong>Puissance<\/strong><\/td>\n<\/tr>\n<tr>\n<td class=\"col-xs-3\">Source d&rsquo;\u00e9nergie<\/td>\n<td>C\u00e2ble<\/td>\n<\/tr>\n<tr>\n<td class=\"col-xs-3\">Rechargeable<\/td>\n<td>Oui<\/td>\n<\/tr>\n<tr>\n<td class=\"col-xs-3\"><\/td>\n<td><strong>Conditions de fonctionnement<\/strong><\/td>\n<\/tr>\n<tr>\n<td class=\"col-xs-3\">Temp\u00e9rature de fonctionnement<\/td>\n<td>0 &#8211; 40 \u00b0C<\/td>\n<\/tr>\n<tr>\n<td class=\"col-xs-3\">Plage de temp\u00e9rature de stockage<\/td>\n<td>-15 &#8211; 60 \u00b0C<\/td>\n<\/tr>\n<tr>\n<td class=\"col-xs-3\"><\/td>\n<td><strong>P\u00e9riph\u00e9rique de saisie<\/strong><\/td>\n<\/tr>\n<tr>\n<td class=\"col-xs-3\">Type de touches<\/td>\n<td>Boutons pouss\u00e9s<\/td>\n<\/tr>\n<tr>\n<td class=\"col-xs-3\">Nombre de boutons<\/td>\n<td>3<\/td>\n<\/tr>\n<tr>\n<td class=\"col-xs-3\">Technologie de d\u00e9tection de mouvement<\/td>\n<td>Optique<\/td>\n<\/tr>\n<tr>\n<td class=\"col-xs-3\">R\u00e9solution du mouvement<\/td>\n<td>1375 DPI<\/td>\n<\/tr>\n<tr>\n<td class=\"col-xs-3\">But<\/td>\n<td>Bureau<\/td>\n<\/tr>\n<tr>\n<td class=\"col-xs-3\">Utilisation recommand\u00e9e<\/td>\n<td>PC<\/td>\n<\/tr>\n<tr>\n<td class=\"col-xs-3\">Interface du p\u00e9riph\u00e9rique<\/td>\n<td>USB<\/td>\n<\/tr>\n<tr>\n<td class=\"col-xs-3\">Nombre de rouleaux de d\u00e9filement<\/td>\n<td>1<\/td>\n<\/tr>\n<tr>\n<td class=\"col-xs-3\">Directions de d\u00e9filement<\/td>\n<td>Horizontal<\/td>\n<\/tr>\n<tr>\n<td class=\"col-xs-3\">clavier int\u00e9gr\u00e9<\/td>\n<td>Oui<\/td>\n<\/tr>\n<tr>\n<td class=\"col-xs-3\">Type de d\u00e9filement<\/td>\n<td>Roue<\/td>\n<\/tr>\n<tr>\n<td class=\"col-xs-3\"><\/td>\n<td><strong>Donn\u00e9es d&#8217;emballage<\/strong><\/td>\n<\/tr>\n<tr>\n<td class=\"col-xs-3\">Tapis de souris inclus<\/td>\n<td>Non<\/td>\n<\/tr>\n<tr>\n<td class=\"col-xs-3\">Profondeur de l&#8217;emballage<\/td>\n<td>140 mm<\/td>\n<\/tr>\n<tr>\n<td class=\"col-xs-3\">Hauteur de l&#8217;emballage<\/td>\n<td>45 mm<\/td>\n<\/tr>\n<tr>\n<td class=\"col-xs-3\">Largeur de l&#8217;emballage<\/td>\n<td>445 mm<\/td>\n<\/tr>\n<tr>\n<td class=\"col-xs-3\">Type d&#8217;emballage<\/td>\n<td>Bo\u00eete<\/td>\n<\/tr>\n<tr>\n<td class=\"col-xs-3\">Poids du paquet<\/td>\n<td>1080 g<\/td>\n<\/tr>\n<tr>\n<td class=\"col-xs-3\">Type de r\u00e9cepteur<\/td>\n<td>Micro r\u00e9cepteur<\/td>\n<\/tr>\n<tr>\n<td class=\"col-xs-3\">R\u00e9cepteur inclus<\/td>\n<td>Oui<\/td>\n<\/tr>\n<tr>\n<td class=\"col-xs-3\"><\/td>\n<td><strong>Exigence syst\u00e8me<\/strong><\/td>\n<\/tr>\n<tr>\n<td class=\"col-xs-3\">Supporte les syst\u00e8mes d&rsquo;exploitation Windows<\/td>\n<td>Windows 10<\/td>\n<\/tr>\n<tr>\n<td class=\"col-xs-3\">Supporte les syst\u00e8mes d&rsquo;exploitation Mac<\/td>\n<td>macOS<\/td>\n<\/tr>\n<\/tbody>\n<\/table>\n","protected":false},"excerpt":{"rendered":"<p>D\u00e9tails techniques Fabricant Cherry Poids et dimensions Hauteur 24 mm Largeur 410 mm Profondeur 82 mm Profondeur du r\u00e9cepteur 14.7 mm Hauteur du r\u00e9cepteur 6.6 mm Largeur du r\u00e9cepteur 19.5 mm Poids du r\u00e9cepteur 2 g Poids 710 g Design Couleur du produit Argent Design intelligent et ergonomique Oui Facteur de forme Ambidextre Souris Type [&#8230;]\n","protected":false},"featured_media":51371,"comment_status":"closed","ping_status":"closed","template":"","meta":{"_seopress_robots_primary_cat":"none","_seopress_titles_title":"","_seopress_titles_desc":"","_seopress_robots_index":""},"product_brand":[],"product_cat":[1506,1510],"product_tag":[31031,31029,1633,30793,31028,31030],"class_list":{"0":"post-51369","1":"product","2":"type-product","3":"status-publish","4":"has-post-thumbnail","6":"product_cat-accessoires-informatiques","7":"product_cat-informatique","8":"product_tag-ergonomique","9":"product_tag-mouse","10":"product_tag-souris","11":"product_tag-terra","12":"product_tag-unimouse","13":"product_tag-wireless","15":"first","16":"instock","17":"shipping-taxable","18":"purchasable","19":"product-type-simple"},"_links":{"self":[{"href":"https:\/\/shop24.lu\/fr\/wp-json\/wp\/v2\/product\/51369","targetHints":{"allow":["GET"]}}],"collection":[{"href":"https:\/\/shop24.lu\/fr\/wp-json\/wp\/v2\/product"}],"about":[{"href":"https:\/\/shop24.lu\/fr\/wp-json\/wp\/v2\/types\/product"}],"replies":[{"embeddable":true,"href":"https:\/\/shop24.lu\/fr\/wp-json\/wp\/v2\/comments?post=51369"}],"wp:featuredmedia":[{"embeddable":true,"href":"https:\/\/shop24.lu\/fr\/wp-json\/wp\/v2\/media\/51371"}],"wp:attachment":[{"href":"https:\/\/shop24.lu\/fr\/wp-json\/wp\/v2\/media?parent=51369"}],"wp:term":[{"taxonomy":"product_brand","embeddable":true,"href":"https:\/\/shop24.lu\/fr\/wp-json\/wp\/v2\/product_brand?post=51369"},{"taxonomy":"product_cat","embeddable":true,"href":"https:\/\/shop24.lu\/fr\/wp-json\/wp\/v2\/product_cat?post=51369"},{"taxonomy":"product_tag","embeddable":true,"href":"https:\/\/shop24.lu\/fr\/wp-json\/wp\/v2\/product_tag?post=51369"}],"curies":[{"name":"wp","href":"https:\/\/api.w.org\/{rel}","templated":true}]}}