{"id":51375,"date":"2022-04-10T19:25:00","date_gmt":"2022-04-10T17:25:00","guid":{"rendered":"https:\/\/shop24.lu\/?post_type=product&#038;p=51375"},"modified":"2022-05-09T19:05:34","modified_gmt":"2022-05-09T17:05:34","slug":"logitech-mouse-m235-wireless","status":"publish","type":"product","link":"https:\/\/shop24.lu\/fr\/product\/logitech-mouse-m235-wireless\/","title":{"rendered":"Souris Logitech M235 sans fil"},"content":{"rendered":"<table id=\"ctl00_ctl00_ctl00_SiteContent_SiteContent_SiteContent_articleFeatureDisplayDetails_gridViewProductAttributes\" class=\"table table-condensed\" border=\"0\" cellspacing=\"0\">\n<tbody>\n<tr>\n<td class=\"col-xs-3\"><\/td>\n<td><strong>D\u00e9tails techniques<\/strong><\/td>\n<\/tr>\n<tr>\n<td class=\"col-xs-3\">Fabricant<\/td>\n<td>Logitech<\/td>\n<\/tr>\n<tr>\n<td class=\"col-xs-3\"><\/td>\n<td><strong>Autres fonctions<\/strong><\/td>\n<\/tr>\n<tr>\n<td class=\"col-xs-3\">Syst\u00e8mes d&rsquo;exploitation compatibles<\/td>\n<td>Windows XP, Windows Vista\/Windows 7\\nMac OS X 10.5+\\nLinux Kernel 2.6+, Linux Kernel 2.6 +<\/td>\n<\/tr>\n<tr>\n<td class=\"col-xs-3\">USB requis<\/td>\n<td>Oui<\/td>\n<\/tr>\n<tr>\n<td class=\"col-xs-3\"><\/td>\n<td><strong>Design<\/strong><\/td>\n<\/tr>\n<tr>\n<td class=\"col-xs-3\">Couleur du produit<\/td>\n<td>Noir<\/td>\n<\/tr>\n<tr>\n<td class=\"col-xs-3\">Facteur de forme<\/td>\n<td>droite<\/td>\n<\/tr>\n<tr>\n<td class=\"col-xs-3\"><\/td>\n<td><strong>Performance<\/strong><\/td>\n<\/tr>\n<tr>\n<td class=\"col-xs-3\">Nombre d&rsquo;accumulateurs (batteries) pris en charge<\/td>\n<td>1<\/td>\n<\/tr>\n<tr>\n<td class=\"col-xs-3\">Batterie (type de batterie)<\/td>\n<td>AA<\/td>\n<\/tr>\n<tr>\n<td class=\"col-xs-3\"><\/td>\n<td><strong>P\u00e9riph\u00e9rique d&rsquo;entr\u00e9e<\/strong><\/td>\n<\/tr>\n<tr>\n<td class=\"col-xs-3\">Nombre de boutons<\/td>\n<td>3<\/td>\n<\/tr>\n<tr>\n<td class=\"col-xs-3\">Technologie de d\u00e9tection de mouvement<\/td>\n<td>Optique<\/td>\n<\/tr>\n<tr>\n<td class=\"col-xs-3\">Molette de d\u00e9filement<\/td>\n<td>Oui<\/td>\n<\/tr>\n<tr>\n<td class=\"col-xs-3\">Interface de l&rsquo;appareil<\/td>\n<td>RF sans fil<\/td>\n<\/tr>\n<tr>\n<td class=\"col-xs-3\"><\/td>\n<td><strong>Configuration requise<\/strong><\/td>\n<\/tr>\n<tr>\n<td class=\"col-xs-3\">Prise en charge des syst\u00e8mes d&rsquo;exploitation Mac<\/td>\n<td>Oui<\/td>\n<\/tr>\n<tr>\n<td class=\"col-xs-3\"><\/td>\n<td><strong>Ergonomie<\/strong><\/td>\n<\/tr>\n<tr>\n<td class=\"col-xs-3\">Plug &amp; Play<\/td>\n<td>Oui<\/td>\n<\/tr>\n<\/tbody>\n<\/table>\n","protected":false},"excerpt":{"rendered":"<p>D\u00e9tails techniques Fabricant Logitech Autres fonctions Syst\u00e8mes d&rsquo;exploitation compatibles Windows XP, Windows Vista\/Windows 7\\nMac OS X 10.5+\\nLinux Kernel 2.6+, Linux Kernel 2.6 + USB requis Oui Design Couleur du produit Noir Facteur de forme droite Performance Nombre d&rsquo;accumulateurs (batteries) pris en charge 1 Batterie (type de batterie) AA P\u00e9riph\u00e9rique d&rsquo;entr\u00e9e Nombre de boutons 3 Technologie [&#8230;]\n","protected":false},"featured_media":51377,"comment_status":"closed","ping_status":"closed","template":"","meta":{"_seopress_robots_primary_cat":"none","_seopress_titles_title":"","_seopress_titles_desc":"","_seopress_robots_index":""},"product_brand":[],"product_cat":[1506,1510],"product_tag":[31032,31033,31029,1633,30793,31030,30823],"class_list":{"0":"post-51375","1":"product","2":"type-product","3":"status-publish","4":"has-post-thumbnail","6":"product_cat-accessoires-informatiques","7":"product_cat-informatique","8":"product_tag-logitech","9":"product_tag-m235","10":"product_tag-mouse","11":"product_tag-souris","12":"product_tag-terra","13":"product_tag-wireless","14":"product_tag-wortmann","16":"first","17":"instock","18":"shipping-taxable","19":"purchasable","20":"product-type-simple"},"_links":{"self":[{"href":"https:\/\/shop24.lu\/fr\/wp-json\/wp\/v2\/product\/51375","targetHints":{"allow":["GET"]}}],"collection":[{"href":"https:\/\/shop24.lu\/fr\/wp-json\/wp\/v2\/product"}],"about":[{"href":"https:\/\/shop24.lu\/fr\/wp-json\/wp\/v2\/types\/product"}],"replies":[{"embeddable":true,"href":"https:\/\/shop24.lu\/fr\/wp-json\/wp\/v2\/comments?post=51375"}],"wp:featuredmedia":[{"embeddable":true,"href":"https:\/\/shop24.lu\/fr\/wp-json\/wp\/v2\/media\/51377"}],"wp:attachment":[{"href":"https:\/\/shop24.lu\/fr\/wp-json\/wp\/v2\/media?parent=51375"}],"wp:term":[{"taxonomy":"product_brand","embeddable":true,"href":"https:\/\/shop24.lu\/fr\/wp-json\/wp\/v2\/product_brand?post=51375"},{"taxonomy":"product_cat","embeddable":true,"href":"https:\/\/shop24.lu\/fr\/wp-json\/wp\/v2\/product_cat?post=51375"},{"taxonomy":"product_tag","embeddable":true,"href":"https:\/\/shop24.lu\/fr\/wp-json\/wp\/v2\/product_tag?post=51375"}],"curies":[{"name":"wp","href":"https:\/\/api.w.org\/{rel}","templated":true}]}}