{"id":1063,"date":"2020-11-04T22:57:37","date_gmt":"2020-11-04T20:57:37","guid":{"rendered":"http:\/\/demowpthemes.com\/buy2amazon\/?page_id=1063"},"modified":"2023-05-08T17:59:54","modified_gmt":"2023-05-08T15:59:54","slug":"conditions-generales","status":"publish","type":"page","link":"https:\/\/shop24.lu\/lb\/conditions-generales\/","title":{"rendered":"Allgemeng Konditiounen"},"content":{"rendered":"<h2 class=\"widget-title\">Allgemeng Gebrauchs- a Verkafskonditiounen<\/h2>\n<div class=\"siteorigin-widget-tinymce textwidget\"><strong>[D\u00ebst ass eng automatesch Iwwersetzung. Ausschliesslech di frans\u00e9isch Versioun vun de \"Conditions g\u00e9n\u00e9rales\" sin applikabel]\n<br>\nShop24 m\u00e9cht d'Plattform verf\u00fcgbar fir Verkeefer a Keefer a refus\u00e9iert all Verantwortung t\u00ebscht Keefer a Verkeefer.<\/strong><\/p>\n<p>1. De Shop24 Site ass eng Online Commerce Plattform, d\u00e9i vun der Equipe &quot;Shop24 - Online Shopping in Luxembourg&quot; zur Verf\u00fcgung gestallt g\u00ebtt an refus\u00e9iert all Haftung t\u00ebscht Keefer a Verkeefer.<\/p>\n<p>2. Shop24, zoug\u00e4nglech \u00ebnner der URL www.shop24.lu (nodr\u00e9iglech de &quot;Site&quot;, de &quot;Shop24 Site&quot; oder d&quot;Shop24 Plattform&quot;) ass eng Online Commerce Plattform, d\u00e9i de Keefer erlaabt a Relatioun mat Verkeefer anzeginn, Produkter ubitt an \/ oder Servicer (nodr\u00e9iglech de &quot;Produkt (en)&quot;, &quot;Service (en)&quot; oder &quot;Kaaf (en)&quot;), op de Site agebaut.<\/p>\n<p>3. De Keefer huet d&#039;Verpflichtung fir d&#039;Allgemeng Benotzungsbed\u00e9ngungen (nodr\u00e9iglech &quot;GTU&quot;) ouni Restriktioun oder Reservatioun ofzeginn, a g\u00ebtt duerch e Klick vun der Validatioun materialis\u00e9iert wann hien s\u00e4i Kaf um Site finalis\u00e9iert.<\/p>\n<p>4. All Ausnahmen zu d\u00ebsen T &amp; Cs muss vun Shop24 geschriwwe ginn an akzept\u00e9iert.<\/p>\n<p>5. Shop24 beh\u00e4lt sech d&#039;Recht d\u00ebs T &amp; Cs zu all Moment z&#039;\u00e4nneren.<\/p>\n<p>6. Fir Zougang zu de Servicer vun der Shop24 Plattform ze kr\u00e9ien, muss de Keefer eng natierlech Persoun vu voller Alter oder eng juristesch Persoun sinn.<br \/>a mussen hir pers\u00e9inlech Donn\u00e9e\u00ebn an eng E-Mailadress un Shop24 ubidden fir hir Online Bestellung ze finalis\u00e9ieren.<\/p>\n<p>7. Fir Zougang zu de Servicer vun der Shop24 Plattform ze kr\u00e9ien, muss de Verkeefer en H\u00e4ndler, Handwierker, Privatpersoun, souw\u00e9i eng erwuesse natierlech Persoun sinn, an e Memberskontrakt mat Shop24 ofschl\u00e9issen.<\/p>\n<p>8. De Verkeefer muss e &quot;Memberschaftsvertrag&quot; ausf\u00ebllen an \u00ebnnerschreiwen, dee vum Shop24 geliwwert g\u00ebtt an d&#039;Konditioune averstanen andeems se se \u00ebnnerschreiwen an per E-Mail oder Post un Shop24 zr\u00e9ckginn.<\/p>\n<p>9. Acc\u00e8s op d&#039;Servicer vu Shop24 g\u00ebtt dem Verkeefer direkt nom Empfang vum Membersaccord kritt.<\/p>\n<p>10. All Benotzer verpflicht sech fir pr\u00e4zis, aktuell a komplett Informatioun ze liwweren wann Dir op der Shop24 Plattform eragitt an \/ oder registr\u00e9iert.<\/p>\n<p>11. D&#039;Verkeefer sinn verflicht hir Donn\u00e9e\u00ebn op eng kontinu\u00e9ierlech Basis korrekt an aktuell ze halen, verpflichte genee an zouverl\u00e9isseg Informatioun iwwer hir Kontakt- an Adressdaten ze liwweren, inklusiv Donn\u00e9e\u00ebn fir d&#039;Bezuelungsveraarbechtung, an all hir Informatioun aktuell ze halen, an verpflichte d&#039;Passwuert geheim ze halen, a Shop24 refus\u00e9iert all Verantwortung am Fall vu betr\u00fcgeresche Gebrauch vum Site mat Passwierder, d\u00e9i vu Verkeefer oder onerlaabten Persounen ver\u00ebffentlecht ginn.<\/p>\n<p>12. De Verkeefer verpflicht de Shop24 direkt z&#039;inform\u00e9ieren am Fall vu Verdacht op onerlaabten Notzung oder Usurpatioun vu sengem Kont.<\/p>\n<p>13. D&#039;Benotzung vun der Shop24 Plattform ass gratis fir Keefer.<\/p>\n<p>14. D&#039;Verkeefer hunn d&#039;M\u00e9iglechkeet hir Produkter oder Servicer ze bidden, no hire Choix, lokal, regional oder souguer international.<\/p>\n<p>15. Shop24 bitt Verkeefer d\u00e9i technesch M\u00e9iglechkeet fir Inhalt a Form vu kommerziellen Presentatiounen, Produktpresentatiounen, Biller an anim\u00e9ierten Biller um Site ze publiz\u00e9ieren.<\/p>\n<p>16. All Benotzer kann e Produkt oder Service op der Shop24 Site bestellen, an d&#039;Shop24 Plattform iwwerdr\u00e9it d&#039;Bestellunge vun de Keefer un d&#039;Verkeefer.<\/p>\n<p>17. Shop24 sch\u00e9ckt dem Verkeefer an dem Keefer eng Bestellungsbest\u00e4tegung, mat Bestellungsnummer, a Form vun enger E-Mail, d\u00e9i d&#039;Informatioune vun de Parteie beim Ofschloss vum Verkafskontrakt zesummefaassen, w\u00e9i zum Beispill den Typ an d&#039;Zuel vun de Kafen, hir Beschreiwunge , de Pr\u00e4is dee vum Keefer bezuelt g\u00ebtt, de Montant vun der Valeur-Erh\u00e9ijung, d&#039;Versandk\u00e4schten an d&#039;Bezuelmethod.<\/p>\n<p>18. Shop24 verpflicht sech d\u00e9i permanent Accessibilit\u00e9it vun de Servicer ze garant\u00e9ieren. W\u00e9i och \u00ebmmer, den Zougang zu de Servicer kann tempor\u00e4r limit\u00e9iert oder net verf\u00fcgbar sinn am Fall vu Site oder Server \u00cbnnerhalt Operatiounen, Site Entw\u00e9cklungen oder einfache Feelfunktioune.<\/p>\n<p>19. Shop24 beh\u00e4lt sech d&#039;Recht ze refus\u00e9ieren oder aus dem Site all oder en Deel vun der kommerziell Presentatioun vum Verkeefer ze refus\u00e9ieren oder zr\u00e9ckz\u00e9ien, d\u00e9i Shop24 \u00ebnner senger eenzeger Autorit\u00e9it als net g\u00ebeegent h\u00e4lt.<\/p>\n<p>20. De Shop24 Site liwwert Verkeefer intern Kommunikatiounsinstrumenter um Site.<\/p>\n<p>21. De Shop24 Site bitt Keefer d&#039;M\u00e9iglechkeet Produkter oder Servicer vu Verkeefer um Site ze bestellen.<\/p>\n<p>22. De Shop24 Site bitt Keefer Liwweroptiounen an d&#039;&quot;Click &amp; Grab&quot; Prozedur vum Verkeefer selwer. De Keefer, oder d&#039;Persoun, d\u00e9i de Kaf zr\u00e9ckz\u00e9ien, muss d&#039;E-Mail mat der Bestellungsnummer verf\u00fcgbar an digitaler oder gedr\u00e9ckter Form halen fir dem Verkeefer s\u00e4i Recht ze beweisen fir de Kaf zr\u00e9ckzez\u00e9ien oder ze kr\u00e9ien.<\/p>\n<p>23. De Verkeefer verpflicht sech am Aklang mat senge gesetzleche Verpflichtungen ze handelen, d&#039;Verpflichtungen, d\u00e9i an den allgemenge Konditioune beschriwwe sinn.<\/p>\n<p>24. Soubal hir Bestellunge bezuelt goufen, verpflicht de Verkeefer d&#039;Produkter oder Servicer un de Keefer ze liwweren.<\/p>\n<p>25. D&#039;Verkeefer sinn verpflicht eng komplett a genee Beschreiwung vun de Produkter oder Servicer d\u00e9i se op Shop24 ubidden. D&#039;Beschreiwung muss d\u00e9i wesentlech Charakteristike vun de Produkter oder Servicer reflekt\u00e9ieren a k\u00ebnne vu Biller begleet ginn, d\u00e9i de Keefer erlaben d&#039;Produkter oder Servicer op eng fair an oprecht Man\u00e9ier ze represent\u00e9ieren.<\/p>\n<p>26. Am Fall vun K\u00ebnnegung vun engem Kaf oder Aus\u00fcbe vum R\u00e9ckzuchsrecht, wann d&#039;Annulatioun oder d&#039;Recht op R\u00e9ckzuch net op der Shop24 Plattform duerchgefouert gouf, ass de Verkeefer verflicht, Shop24 direkt z&#039;inform\u00e9ieren.<\/p>\n<p>27. Well d&#039;Identifikatioun vu Persounen um Internet n\u00ebmmen a begrenzte Mooss m\u00e9iglech ass, ass de Verkeefer un eng Pflicht vun der Suergfalt gebonnen wat d&#039;Identit\u00e9it vum Keefer an d&#039;Informatiounen d\u00e9i hien ubitt. Shop24 garant\u00e9iert net d&#039;Korrektheet vun der Informatioun, d\u00e9i w\u00e4hrend der Benotzerregistr\u00e9ierung geliwwert g\u00ebtt.<\/p>\n<p>28. \u00cbnner kengen \u00cbmst\u00e4nn d\u00e4erfen d&#039;Donn\u00e9e\u00ebn, d\u00e9i vum Keefer am Kader vun der Shop24 Plattform geliwwert ginn, w\u00e9i s\u00e4in Numm, d&#039;Adress an d&#039;E-Mailadress fir Reklammzwecker benotzt ginn, ausser wann de Keefer explizit averstanen ass. D&#039;Verkeefer sinn verpflicht mat den applicabelen gesetzleche Best\u00ebmmungen am S\u00ebnn vum Dateschutz ze respekt\u00e9ieren, defin\u00e9iert an den allgemenge Bed\u00e9ngungen, d\u00e9i um Site verf\u00fcgbar sinn.<\/p>\n<p>29. De Verkeefer erkennt datt hien d\u00e9i speziell Best\u00ebmmunge gelies an akzept\u00e9iert, d\u00e9i speziell fir Verkeefer vun der Shop24 Plattform an den T &amp; Cs uginn ass.<\/p>\n<p>30. De Keefer ass averstanen, genee an zouverl\u00e9isseg Informatioun iwwer seng Kontakt- an Adressdaten ze liwweren, dor\u00ebnner Donn\u00e9e\u00ebn fir d&#039;Bezuelungsveraarbechtung, an all d\u00ebs Informatioun um neiste Stand ze halen.<\/p>\n<p>31. Bestellunge vu Liewensm\u00ebttel oder aner perishable Produkter, d&#039;Bestellung muss de selwechten Dag vun der Bestellung zr\u00e9ckgezunn ginn, a sp\u00e9itstens an der Schlie\u00dfzeit vum Buttek vum Verkeefer. Bestellungen, d\u00e9i bannent oder ausserhalb vun de Butteker\u00f6ffnungsz\u00e4iten plaz\u00e9iert sinn, mussen den n\u00e4chsten Aarbechtsdag virum Buttek zougemaach ginn, ausser wann de Verkeefer anescht uginn. Wann de Keefer d\u00e9i perishable Wueren net bannent den n\u00e4chsten Aarbechtsdag sammelt, g\u00ebtt de Kaf ofgeschloss, de Verkeefer kritt d&#039;Bes\u00ebtzer vun de Produkter oder Servicer zr\u00e9ck an beh\u00e4lt de Betrag deen de Keefer als Kompensatioun bezuelt huet. De Keefer kann keng Remboursement oder Kompensatioun ufroen am Fall vun der Uwendung vun d\u00ebsem Artikel.<\/p>\n<p>32. De Keefer, deen d&#039;&quot;Klick &amp; Grab&quot; Prozedur gewielt huet, verpflicht net-perishable Akeef op seng eege Moyenen ze sammelen innerhalb vun enger maximaler Period vun dr\u00e4i (3) Wochen no der Bezuelung vun der Bestellung, ausser wann de Verkeefer anescht uginn.<\/p>\n<p>33. De Keefer kritt eng Er\u00ebnnerung no zwou Wochen. Wann, trotz der Er\u00ebnnerung, de Keefer de Kaf net bannent der genannter Period zr\u00e9ckzitt, g\u00ebtt de Kaf um Enn vun dr\u00e4i Wochen no der Bezuelung vun der Bestellung ofgeschloss, de Verkeefer kritt d&#039;Bes\u00ebtzer vun de Produkter oder Servicer zr\u00e9ck a beh\u00e4lt de Betrag. vum Keefer als Entschiedegung bezuelt. De Keefer kann keng Remboursement oder Kompensatioun ufroen am Fall vun Uwendung vun d\u00ebsem Artikel.<\/p>\n<p>34. D&#039;Akzeptanz vun der Bestellung vum Verkeefer entsteet e Verkafsvertrag t\u00ebscht dem Verkeefer an dem Keefer, deen als Objektiv de Kaf vun engem oder m\u00e9i Produkter oder Servicer mat Transfert vum Bes\u00ebtz huet, mat der Verpflichtung fir de Keefer den ausgemaachte Pr\u00e4is ze bezuelen de Verkeefer.<\/p>\n<p>35. De Verkeefer ass verflicht dem Keefer eng Rechnung fir de Pr\u00e4is vun der Bestellung ze ginn. De Pr\u00e4is vum Artikel muss direkt vum Keefer bezuelt ginn a virun all Liwwerung vum Produkt oder Service. De Verkeefer bleift den Inhaber vu senger Fuerderung fir de Pr\u00e4is vun der Bestellung an beh\u00e4lt d&#039;Verantwortung fir d\u00e9i m\u00e9iglech Erhuelung vun all Fuerderung vum Keefer a sengem eegenen Numm a fir s\u00e4in eegene Kont. De Verkeefer dr\u00e9it de Risiko vun der Net-Erhuelbarkeet vun der Schold vum Keefer.<\/p>\n<p>36. Am Fall vun K\u00ebnnegung vun enger Bestellung, wann esou eng M\u00e9iglechkeet dem Keefer ugebuede g\u00ebtt, g\u00ebllen d\u00e9i zoust\u00e4nneg gesetzlech Best\u00ebmmungen an de Kontrakt t\u00ebscht dem Keefer an dem Verkeefer g\u00ebtt retroaktiv annul\u00e9iert. D&#039;Liwwerk\u00e4schte k\u00ebnnen dem Keefer net rembours\u00e9iert ginn.<\/p>\n<p>37. All Keefer hunn eng legal Garantie vun der Konformit\u00e9it am Aklang mat de gesetzleche Best\u00ebmmungen a Kraaft. Defekt Produkter oder Produkter d\u00e9i net der Uerdnung oder der Beschreiwung vum Produkt entspriechen, ginn vum Verkeefer rembours\u00e9iert, ausgetauscht oder gefl\u00e9ckt no der Wiel vum Keefer, ausser d&#039;Reparatur oder den Austausch ass onm\u00e9iglech oder gener\u00e9iert disproportional K\u00e4schten fir de Verkeefer. An d\u00ebsem Kontext mussen d&#039;Produkter un de Verkeefer zr\u00e9ckginn an deem Staat an deem se mat allen Elementer (Accessoiren, Handb\u00fccher, asw.) an der Verpackung a gudde Konditioune transport\u00e9iert goufen, d&#039;Versandk\u00e4schte ginn dem Keefer op rembours\u00e9iert. d&#039;Basis vum faktur\u00e9ierte Pr\u00e4is an d&#039;Retourk\u00e4schte ginn vum Verkeefer gedroen. De Remboursement g\u00ebtt gemaach andeems d&#039;Bezuelungsm\u00ebttel, d\u00e9i beim Bestellung benotzt goufen, nei kredit\u00e9iert ginn oder duerch e Remisebong beim Kaf vun engem anere Produkt.<\/p>\n<p>38. De Shop24 Site erlaabt de Keefer d&#039;Leeschtung vun de Verkeefer duerch e Bew\u00e4ertungssystem no der Ausf\u00e9ierung vum Kontrakt ze evalu\u00e9ieren an den Inhalt vun anere Keefer ze evalu\u00e9ieren. D&#039;Bew\u00e4ertungssystem erliichtert also Kafentscheedungen. Keefer verpflichte n\u00ebmmen korrekt Informatioun an de geliwwerte Bew\u00e4ertungen ze liwweren a gesetzlech Best\u00ebmmungen ze respekt\u00e9ieren. Shop24 kann net all Rezensiounen verifiz\u00e9ieren an iwwerh\u00eblt keng Verantwortung fir den Inhalt vun de Rezensiounen. \u00cbnner kengen \u00cbmst\u00e4nn d\u00e4erf den Evaluatiounssystem g\u00e9int seng Ziler benotzt ginn. Besonnesch ass et verbueden Fakten ze behaapten, d\u00e9i ongenau oder ausserhalb vun der Leeschtung vum Kontrakt sinn, sech selwer ze bew\u00e4erten oder esou eng Bew\u00e4ertung vun engem Dr\u00ebtte ze organis\u00e9ieren.<\/p>\n<p>39. D&#039;Administrateure vum Shop24 Site behalen sech d&#039;Recht fir all oder en Deel vun den Evaluatiounen ze l\u00e4schen, wann Shop24 et op iergendeng Man\u00e9ier bewosst ass, wat en onbest\u00ebmmten Inhalt h\u00e4tt.<\/p>\n<p>40. Beschreiwunge vu Produkter, Wierker w\u00e9i Text, Fotoen, Grafiken a Videoe benotzt vun de Verkeefer fir hir Aktivit\u00e9iten, hire Business Portfolio, hir Produkter oder Servicer ze beschreiwen, d\u00e4erfen net d&#039;Rechter vun Dr\u00ebtte verletzen, besonnesch d&#039;intellektuell Propri\u00e9t\u00e9itsrechter, d&#039;Urheberrechter, Markenrechter oder Rechter vu Persounen. D&#039;Verkeefer musse Shop24 garant\u00e9ieren datt se d\u00e9i n\u00e9ideg Rechter hunn fir d\u00e9i genannten Texter a Fotoen ze benotzen an ze reproduz\u00e9ieren an \/ oder Markerechter an \/ oder d&#039;Zoust\u00ebmmung vum Rechterhalter.<\/p>\n<p>41. All Publikatioune vu Produkter oder Servicer, Texter, Fotoen, Biller vu Leit, Videoen, Grafiken, etc. op Shop24 vun de Verkeefer schenken Shop24 dat gratis, net-exklusiv, onlimit\u00e9iert an Z\u00e4it a Raum Recht fir se (ganz oder deelweis) weltw\u00e4it ze benotzen fir d&#039;Bereetstellung vun de Servicer ugebuede vu Shop24 oder fir d&#039;Reklamm vun d\u00ebse Servicer um Internet, op all mobil Applikatiounen, op Plakater, an all gedr\u00e9ckte Medien vun all Zort, op der Televisioun a Radio (Recht op Representatioun a Kommunikatioun un de Public, Recht op Adaptatioun, Verdeelung, Reproduktioun \u00ebnner all Form, Verdeelung, Sendung) souw\u00e9i d&#039;Recht op d&#039;Wierker z&#039;\u00e4nneren oder nei ze gestalten an d&#039;Recht d\u00ebs Rechter un Dr\u00ebttpersounen z&#039;iwwerzeechnen, souw\u00e4it dat n\u00e9ideg ass fir den Zweck z&#039;erreechen fir d&#039;Servicer ze bidden, d\u00e9i vu Shop24 ugebuede ginn oder Annonc\u00eb vu Shop24. Biller vu Leit d\u00e4erfen awer net fir Reklamm vu Shop24 benotzt ginn, ausser de Verkeefer huet schr\u00ebftlech Erlaabnes fir sou Benotzung.<\/p>\n<p>42. D&#039;Verkeefer musse garant\u00e9ieren an deklar\u00e9ieren datt si d&#039;Rechter hunn, d\u00e9i am Artikel 41 festgeluegt sinn a Shop24 vun all Haftung befreien, Shop24 harmlos halen g\u00e9int all Fuerderung vun Dr\u00ebttpersounen, an iwwerhuelen all d\u00e9i finanziell Konsequenzen an all direkten an indirekten Schued. d\u00e9i vun Shop24 an deem Kontext g\u00e9if entstoen, dor\u00ebnner juristesch K\u00e4schten. Shop24 kann d&#039;Legalit\u00e9it vun all Inhalter an Eropluede vun de Benotzer \u00ebnner de Bed\u00e9ngungen vun den uewe genannten Abschnitter net verifiz\u00e9ieren, a beh\u00e4lt sech d&#039;Recht fir den ganzen oder en Deel vum Inhalt ze l\u00e4schen wann et sech bewosst g\u00ebtt (Informatioun vun Dr\u00ebtte Parteien), an deem Mooss datt den Inhalt ass illegal oder ass verbueden Inhalt oder verbueden Aktivit\u00e9it am S\u00ebnn vum Sektioun 41.<\/p>\n<p>43. D&#039;Benotzer sinn verpflicht ze garant\u00e9ieren datt hiert Verhalen op der Shop24 Plattform mat applicabel Gesetzer an de Konditioune entspr\u00e9cht. All Verkaf vu Wueren, deenen hire Verkaf vum Gesetz verbueden ass, besonnesch geklaut Wueren, Kannerpornografie a gewaltsam Artikelen, Narkotik, all Artikelen d\u00e9i verbueden sinn fir Mannerj\u00e4reg ze verkafen, d&#039;Publikatioun vu pers\u00e9inlechen Donn\u00e9e\u00ebn vun Dr\u00ebttpersounen, d&#039;Benotzung vum Site fir politesch oder reli\u00e9is Zwecker, etc. sinn op der Shop24 Webs\u00e4it streng verbueden. D&#039;Beispiller an d\u00ebser L\u00ebscht sinn net ustrengend.<\/p>\n<p>44. Shop24 ass net haftbar fir all verbueden Notzung vun de Servicer. De Benotzer ass haftbar fir all Fuerderungen, d\u00e9i aner Benotzer oder Dr\u00ebttpersounen g\u00e9int Shop24 behaapten w\u00e9inst der verbuedener Notzung vun de Servicer vun der Shop24 Plattform, sou w\u00e9i et an der L\u00ebscht an an den Artikelen 41, 42 an 43 op eng net ustrengend Man\u00e9ier beschriwwe g\u00ebtt. An de Benotzer iwwerh\u00eblt an\/oder rembours\u00e9iert op \u00e9ischter Ufro, wann Shop24 se muss virausgoen, all d&#039;K\u00e4schte fir d&#039;Berodung an d&#039;juristesch Verteidegung vu Shop24. Zous\u00e4tzlech verpflicht de Benotzer Shop24 ouni Versp\u00e9idung all n\u00e9ideg Informatioune fir d&#039;Untersuchung vun de Reklamatiounen a seng Verteidegung am Fall vun Reklamatiounen vun Dr\u00ebtten ze ginn.<\/p>\n<p>45. Shop24 beh\u00e4lt sech d&#039;Recht de Kontrakt ouni Pr\u00e9avis ze block\u00e9ieren an\/oder ofzeschl\u00e9issen, am Fall vun enger Verletzung vun de gesetzleche Best\u00ebmmungen, d&#039;Rechter vun Dr\u00ebttpersounen oder den allgemenge Bed\u00e9ngungen, an de Benotzer ze warnen, d&#039;Benotzung vum Site ze limit\u00e9ieren. Shop24, fir de Benotzer vum Site ze benotzen auszeschl\u00e9issen an all aner n\u00e9ideg oder n\u00ebtzlech gesetzlech Moossnamen ze huelen, w\u00e9i z. net verlaangen et.<\/p>\n<p>46. Block\u00e9iert Benotzer si verbueden mat engem anere Benotzerkont aloggen oder d&#039;Servicer mat all anere Benotzerkont ze benotzen.<\/p>\n<p>47. D&#039;Benotzer sinn verantwortlech fir all Aktivit\u00e9iten, d\u00e9i aus hirem Benotzerkont op der Shop24 Site duerchgefouert ginn.<\/p>\n<p>48. Shop24 ass net an der kontraktueller Bez\u00e9iung t\u00ebscht Keefer a Verkeefer involv\u00e9iert, Shop24 iwwerh\u00eblt keng Garantie an\/oder Haftung fir Obligatiounen oder Schuedenersaz aus dem Verkaf vun de Produkter oder Servicer, Bezuelungsbed\u00e9ngungen oder Liwwerbed\u00e9ngungen.<\/p>\n<p>49. Shop24 kann de Benotzer keng operationell Disponibilit\u00e9it vun de Servicer garant\u00e9ieren an ass \u00ebnnerleien zu enger Verpflichtung vu M\u00ebttelen.<\/p>\n<p>50. De Gebrauchsvertrag, deen zu all Moment per E-Mail ofgeschloss ka ginn, ass e feste Vertrag fir eng Mindestz\u00e4it, d\u00e9i t\u00ebscht dem Verkeefer an dem Shop24 beim Ofschloss vum Memberskontrakt festgeluecht g\u00ebtt. Nom Oflaf vun der Minimum Dauer vum Kontrakt g\u00ebtt de Benotzungskontrakt verl\u00e4ngert no der Dauer, d\u00e9i vum Verkeefer gew\u00ebnscht ass. Shop24 huet zu all Moment datselwecht Recht op K\u00ebnnegung.<\/p>\n<p>51. All Texter, Kommentaren, Illustratiounen, Wierker a Biller, d\u00e9i um Site reproduz\u00e9iert oder duergestallt sinn, sinn strikt \u00ebnner Urheberrechter w\u00e9i och intellektuell Propri\u00e9t\u00e9it reserv\u00e9iert, fir d\u00e9i ganz Dauer vum Schutz vun d\u00ebse Rechter a fir d&#039;ganz Welt. All Reproduktioun oder total oder deelweis Representatioun vum Site oder vun all oder en Deel vun den Elementer d\u00e9i um Site fonnt goufen ass strikt verbueden. D&#039;Firmennimm, Marken an \u00ebnnerscheedleche Sch\u00eblder, d\u00e9i um Site reproduz\u00e9iert sinn, sinn \u00ebnner Markegesetz gesch\u00fctzt. D&#039;Reproduktioun oder d&#039;Representatioun vun all oder en Deel vun engem vun den uewe genannten Sch\u00eblder ass strikt verbueden a muss \u00ebnnerleien der viraus schr\u00ebftlecher Autorisatioun vum Markenhalter.<\/p>\n<p>52. Fir Informatiounen iwwer de Schutz vun de pers\u00e9inlechen Donn\u00e9e\u00ebn vun de Benotzer, Shop24 invit\u00e9iert Iech fir d&#039;&quot;Confidentialit\u00e9itspolitik&quot; an d&#039;&quot;Shop24 Plattform Cookie Management Policy&quot; ze konsult\u00e9ieren d\u00e9i um Site verf\u00fcgbar ass.<\/p>\n<p>53. De Shop24 Site ass \u00ebnnerleien zu engem SSL Verschl\u00ebsselungss\u00e9cherheetssystem a benotzt all Verschl\u00ebsselungs- a Verschl\u00ebsselungsprozesser fir sou effektiv w\u00e9i m\u00e9iglech all sensibel Donn\u00e9e\u00ebn am Zesummenhang mat de Bezuelm\u00ebttel, d\u00e9i um Site benotzt ginn, ze sch\u00fctzen.<\/p>\n<p>54. Shop24 beh\u00e4lt sech d&#039;Recht fir unilateral d&#039;Generalbed\u00e9ngungen zu all Moment z&#039;\u00e4nneren, besonnesch am Fall vun \u00c4nnerungen un de Servicer. D&#039;Benotzer ginn dann per E-Mail vun d\u00ebsen \u00c4nnerungen inform\u00e9iert an d&#039;Benotzer hunn dann eng Period vun engem Mount, vun der Empfang vun d\u00ebser Notifikatioun, fir hire Wonsch matdeelen hir Memberschaft an der Shop24 Plattform ofzeschl\u00e9issen, wa se net vun der Allgemeng Konditiounen. Beim Fehlen vun esou enger Notifikatioun bannent d\u00ebser Period hunn d&#039;Benotzer d&#039;\u00c4nnerung vun den allgemenge Konditioune g\u00eblteg ugeholl.<\/p>\n<p>55. Streidereien iwwer Shop24 t\u00ebscht dem Keefer an dem Verkeefer ginn direkt gel\u00e9ist, wann n\u00e9ideg, mat H\u00ebllef vum Messagerie-Tool, deen hinnen um Service zur Verf\u00fcgung gestallt g\u00ebtt oder op all aner Man\u00e9ier, ouni Haftung vun der S\u00e4it vu Shop24, och am Fall vun Onverf\u00fcgbarkeet vun de Messagerie Tool.<\/p>\n<p>56. Am Aklang mam Artikel 14 vun der Regulatioun (EU) n \u00b0 524\/2013, huet d&#039;Europ\u00e4esch Kommissioun eng Online Dispute Resolution Plattform opgestallt, d\u00e9i d\u00e9i onofh\u00e4ngeg aussergeriichtlech Siedlung vun Online Str\u00e4itf\u00e4ll t\u00ebscht Konsumenten a Professionnelen erliichtert. Unioun: <a href=\"https:\/\/ec.europa.eu\/info\/live-work-travel-eu\/consumers\/resolve-your-consumer-complaint_fr\" target=\"_blank\" rel=\"noopener noreferrer\">L\u00e9isung \u00c4r Konsument Plainte<\/a><\/p>\n<p>57. Am Aklang mat de gesetzleche Best\u00ebmmungen, am Kader vun engem Kaf vun engem professionelle Verkeefer, huet de Keefer eng Period vu v\u00e9ierz\u00e9ng Deeg no der Empfang vun de bestallte Produkter oder vum Dag vun der Ofschloss vum Kontrakt mat Bezuch op D\u00e9ngschtleeschtungskontrakter fir, mam gesot Verkeefer, s\u00e4i R\u00e9ckzuchsrecht ausze\u00fcben, ouni d&#039;Gr\u00ebnn ze begr\u00ebnnen, nach eng Strof ze bezuelen. Am Fall vun Aus\u00fcbe vum R\u00e9ckzuchsrecht bannent der genannter Period, ginn n\u00ebmmen de Pr\u00e4is vum kaaft(e) Produkt (en) an d&#039;Versandk\u00e4schte rembours\u00e9iert, d&#039;Retourk\u00e4schte bleiwen d&#039;Verantwortung vum Keefer, ausser wann de Verkeefer anescht uginn. Retour muss och duerch Beweis vun Akaf an eng Kopie vun der Rechnung oder Kaf Liwwerung Notiz fir optimis\u00e9iert Gestioun begleet ginn. Am Aklang mat de Reglementer a Kraaft, kann d&#039;Recht vum R\u00e9ckzuch net fir best\u00ebmmte Wueren a Servicer, d\u00e9i am Artikel L. 222-9 vum Consommatiounscode opgezielt sinn ausge\u00fcbt ginn.<\/p>\n<p>58. De Keefer benotzt s\u00e4i R\u00e9ckzuchsrecht direkt vum betraffenen Verkeefer iwwer d&#039;Message-Tool, d\u00e9i als Deel vum Service verf\u00fcgbar ass um Site oder op all aner Man\u00e9ier. Soubal d&#039;Form oder d&#039;Deklaratioun vum R\u00e9ckzuch un de Verkeefer gesch\u00e9ckt gi sinn, muss de Keefer de betreffend Produkt(en) dem Verkeefer innerhalb vun enger raisonnabeler Z\u00e4it a sp\u00e9itstens bannent v\u00e9ierz\u00e9ng Deeg no der Kommunikatioun un de Verkeefer vun der Entscheedung zr\u00e9ckginn. vum Keefer zr\u00e9ckz\u00e9ien.<\/p>\n<p>59. D\u00e9i allgemeng Konditioune gi vum Gesetz vum Grand-Duch\u00e9 de Luxembourg reg\u00e9iert. All Str\u00e4it am Zesummenhang mat hirer Interpretatioun an \/ oder Ausf\u00e9ierung f\u00e4llt an der Juridictioun vum Geriicht vum registr\u00e9ierte B\u00fcro vun Shop24, ausser obligatoresch gesetzlech Best\u00ebmmunge ginn dem Keefer d&#039;Juridictioun vun anere Juridiktiounen.<\/p>","protected":false},"excerpt":{"rendered":"<p>Conditions G\u00e9n\u00e9rales d\u2019utilisation et de vente Shop24 met \u00e0 disposition la plateforme aux Vendeurs et aux Acheteurs et d\u00e9cline toute responsabilit\u00e9 entre Acheteur et Vendeur. 1. Le site Shop24 est une plateforme de commerce en ligne mise \u00e0 disposition par l&rsquo;\u00e9quipe \u00ab Shop24 &#8211; Online Shopping in Luxembourg \u00bb et d\u00e9cline toute responsabilit\u00e9 entre Acheteur [&#8230;]\n","protected":false},"author":10,"featured_media":0,"parent":0,"menu_order":0,"comment_status":"closed","ping_status":"closed","template":"","meta":{"_seopress_robots_primary_cat":"","_seopress_titles_title":"","_seopress_titles_desc":"","_seopress_robots_index":"","footnotes":""},"class_list":["post-1063","page","type-page","status-publish"],"_links":{"self":[{"href":"https:\/\/shop24.lu\/lb\/wp-json\/wp\/v2\/pages\/1063","targetHints":{"allow":["GET"]}}],"collection":[{"href":"https:\/\/shop24.lu\/lb\/wp-json\/wp\/v2\/pages"}],"about":[{"href":"https:\/\/shop24.lu\/lb\/wp-json\/wp\/v2\/types\/page"}],"author":[{"embeddable":true,"href":"https:\/\/shop24.lu\/lb\/wp-json\/wp\/v2\/users\/10"}],"replies":[{"embeddable":true,"href":"https:\/\/shop24.lu\/lb\/wp-json\/wp\/v2\/comments?post=1063"}],"version-history":[{"count":0,"href":"https:\/\/shop24.lu\/lb\/wp-json\/wp\/v2\/pages\/1063\/revisions"}],"wp:attachment":[{"href":"https:\/\/shop24.lu\/lb\/wp-json\/wp\/v2\/media?parent=1063"}],"curies":[{"name":"wp","href":"https:\/\/api.w.org\/{rel}","templated":true}]}}