{"id":1066,"date":"2020-11-05T23:39:40","date_gmt":"2020-11-05T21:39:40","guid":{"rendered":"http:\/\/demowpthemes.com\/buy2amazon\/?page_id=1066"},"modified":"2023-05-08T17:57:37","modified_gmt":"2023-05-08T15:57:37","slug":"politique-confidentialite","status":"publish","type":"page","link":"https:\/\/shop24.lu\/lb\/politique-confidentialite\/","title":{"rendered":"Privatsph\u00e4rpolitik"},"content":{"rendered":"<h2>Privatsph\u00e4rpolitik<\/h2>\n<p>D\u00ebs Dateschutzpolitik inform\u00e9iert Iech iwwer d&#039;Donn\u00e9e\u00ebn d\u00e9i mir sammelen, benotzen, sp\u00e4icheren a ver\u00ebffentlechen. D\u00ebs Informatioun g\u00ebtt gesammelt wann Dir eis Webs\u00e4it benotzt. Andeems mir d\u00ebs Informatioun sammelen, handele mir als Datekontroller an, duerch Regulatioun (EU) 2016\/679 vum Parlament a vum Conseil vum 27. Abr\u00ebll 2016 iwwer de Schutz vun Individuen am Bezuch op d&#039;Veraarbechtung vu pers\u00e9inlechen Donn\u00e9e\u00ebn an iwwer de fr\u00e4ie Flux. vun esou Donn\u00e9e\u00ebn (den &quot;GDPR&quot;), si mir verlaangt Iech Informatiounen iwwer eis Firma ze ginn, firwat a w\u00e9i mir \u00c4r Donn\u00e9e\u00ebn benotzen, an d&#039;Rechter d\u00e9i Dir hutt a Relatioun mat \u00c4re pers\u00e9inlechen Donn\u00e9e\u00ebn.<\/p>\n<h4>1. Kontakt:<\/h4>\n<p>Nous sommes Shop24 \u2013 Online Shopping in Luxembourg. Vous pouvez nous contacter par mail, \u00e0 notre adresse postale et par t\u00e9l\u00e9phone. Nous ne sommes pas tenus d&rsquo;avoir un repr\u00e9sentant \u00e0 la protection des donn\u00e9es, de sorte que toutes les demandes de renseignements concernant notre utilisation de vos donn\u00e9es personnelles doivent \u00eatre adress\u00e9es aux coordonn\u00e9es ci-dessus.<\/p>\n<p><strong>Shop24 - Online Shopping zu L\u00ebtzebuerg<\/strong><br \/>Telefon: +352 2040 3959<br \/>E-Mail: <a href=\"mailto:info@shop24.lu\" target=\"_blank\" rel=\"noopener noreferrer\">info@shop24.lu<\/a><br \/>B.P. 3064<br \/>L-1030 Luxembourg<\/p>\n<h4>2. Sammlung vu pers\u00e9inlechen Donn\u00e9e\u00ebn<\/h4>\n<p>Pour la simple navigation sur notre plateforme Shop24, la collecte de donn\u00e9es personnelles n&rsquo;est pas n\u00e9cessaire. Celle-ci n\u2019est requise qu\u2019en cas de connexion \u00e0 l\u2019achat de produit ou service en ligne par les acheteurs ou la mise en vente de produits par les vendeurs.<\/p>\n<h4>3. Datesammlung an Transfert<\/h4>\n<p>Mir sammelen a veraarbecht all d&#039;Donn\u00e9e\u00ebn d\u00e9i Dir gitt wann Dir e Benotzerkont erstellt (Keefer oder Verkeefer). Zous\u00e4tzlech zu d\u00ebsen Donn\u00e9e\u00ebn \u00c4r IP Adress a w\u00e4hrend Akeef, d&#039;Geschicht vun Bestellungen, Liwwerungen etc. gesammelt ginn.<br \/>All d\u00ebs Informatioun g\u00ebtt an eisen Datenbanken op eise Serveren an Europa gesp\u00e4ichert a g\u00ebtt net mat Dr\u00ebtte gedeelt ausser mat der Zoust\u00ebmmung vum Benotzer. \u00c4r Informatioune ginn weder ausserhalb vun Europa gesch\u00e9ckt nach benotzt fir automatis\u00e9iert Entscheedungen ze treffen d\u00e9i Iech beaflossen.<br \/>All Benotzer akzept\u00e9iert datt hir pers\u00e9inlech Donn\u00e9e\u00ebn un d&#039;Verkeefer iwwerdroe k\u00ebnne ginn als Deel vun der Versuergung vu Servicer, Produkter oder un aner \u00cbnnerkontrakter, d\u00e9i Shop24 bei der Versuergung vu Servicer h\u00ebllefen, besonnesch fir Bezuelungen a Liwwerungen. D\u00ebs \u00cbnnerkontrakter verpflichte d\u00ebs Informatioun n\u00ebmmen no den Instruktioune vun Shop24 ze veraarbecht a sech un applicabel Gesetzer betreffend de Schutz vu pers\u00e9inlechen Donn\u00e9e\u00ebn ze respekt\u00e9ieren.<br \/>Pour le paiement des achats, des informations relatives \u00e0 vos cartes bancaires seront demand\u00e9es par nos partenaires. Ces donn\u00e9es ne sont pas stock\u00e9es chez nous, mais chez nos prestataires de services de paiement. Shop24 ne stocke qu&rsquo;un jeton d&rsquo;authenticit\u00e9 comme r\u00e9f\u00e9rence nous permettant d\u2019indiquer si un paiement a r\u00e9ussi ou \u00e9chou\u00e9.<\/p>\n<h4>4. Cookien Politik op der Webs\u00e4it<\/h4>\n<p>Mir benotzen n\u00ebmme Cookien d\u00e9i strikt n\u00e9ideg sinn fir de gudde Fonctionnement vun eiser Webs\u00e4it. D&#039;Benotzung vu Cookien erlaabt dem Benotzer, zum Beispill, d\u00e9i gewielte Wueren a sengem Kuerf ze halen a weider akafen.<br \/>Fir m\u00e9i Informatiounen iwwer d&#039;Benotzung vu Cookien, kuckt w.e.g. eis Cookie Politik, d\u00e9i um Site verf\u00fcgbar ass.<\/p>\n<h4>5. \u00c4r Rechter als Datesubjekt<\/h4>\n<p>Sans pr\u00e9judice des limitations pr\u00e9vues par le GDPR, vous disposez d&rsquo;un certain nombre de droits en vertu de la Loi sur la protection des donn\u00e9es :<br \/>Recht op Zougang, Recht op Korrektur, Recht op L\u00e4schen, Recht op Restriktioun vun der Veraarbechtung,<br \/>Recht op Objet, Recht op Portabilit\u00e9it a Recht op automatis\u00e9iert Veraarbechtung ze refus\u00e9ieren<br \/>Fir d\u00ebs Rechter ausze\u00fcben, sch\u00e9ckt w.e.g. eng E-Mail un <a href=\"mailto:info@shop24.lu\" target=\"_blank\" rel=\"noopener noreferrer\">info@shop24.lu<\/a>.<br \/>D\u00ebs Rechter k\u00ebnnen n\u00ebmmen bannent de Grenze vun all kontraktuellen oder gesetzleche Verpflichtung ausge\u00fcbt ginn.<\/p>\n<h4>6. \u00c4ert Recht ze beschw\u00e9ieren<\/h4>\n<p>All Benotzer huet d&#039;Recht eng Plainte ze maachen. Fir d\u00ebst ze maachen, k\u00ebnnt Dir eis kontakt\u00e9ieren: <a href=\"mailto:info@shop24.lu\" target=\"_blank\" rel=\"noopener noreferrer\">info@shop24.lu<\/a> ou saisir l&rsquo;autorit\u00e9 de surveillance luxembourgeoise, \u00e0 savoir la Commission nationale pour la protection des donn\u00e9es (<a href=\"https:\/\/cnpd.public.lu\" target=\"_blank\" rel=\"noopener noreferrer\">CNPD<\/a>): 1, avenue du Rock&#039;n&#039;Roll L-4361 Esch-sur-Alzette Tel. : (+352) 26 10 60 -1<\/p>\n<h4>7. Updates vun eiser Privatsph\u00e4r Politik<\/h4>\n<p>W\u00e9i eis Servicer entw\u00e9ckelen, aktualis\u00e9ieren mir eis Dateschutzpolitik. Shop24 kann d\u00ebs Dateschutzpolitik zu all Moment \u00e4nneren. Mir invit\u00e9ieren Iech d\u00e9i lescht Versioun op d\u00ebser S\u00e4it ze konsult\u00e9ieren.<\/p>\n<h4>8. Akzeptanz vun der present\u00e9ieren<\/h4>\n<p>Mat enger eenzeger oder kontinu\u00e9ierlecher Notzung vun der Shop24 Plattform ass all Benotzer mat d\u00ebser Dateschutzpolitik averstanen. Wann e Benotzer net domat averstanen ass, invit\u00e9iert Shop24 d\u00ebse Benotzer d&#039;Servicer vun der Shop24 Plattform net ze benotzen.<\/p>","protected":false},"excerpt":{"rendered":"<p>Politique de confidentialit\u00e9 La pr\u00e9sente politique de confidentialit\u00e9 vous informe sur les donn\u00e9es que nous recueillons, utilisons, conservons et d\u00e9voilons. Ces informations sont recueillies lorsque vous utilisez notre site internet. En recueillant ces informations, nous agissons en tant que Responsable de Traitement et, par le r\u00e8glement (UE) 2016\/679 du Parlement et du Conseil du 27 [&#8230;]\n","protected":false},"author":10,"featured_media":0,"parent":0,"menu_order":0,"comment_status":"closed","ping_status":"closed","template":"","meta":{"_seopress_robots_primary_cat":"","_seopress_titles_title":"","_seopress_titles_desc":"","_seopress_robots_index":"","footnotes":""},"class_list":["post-1066","page","type-page","status-publish"],"_links":{"self":[{"href":"https:\/\/shop24.lu\/lb\/wp-json\/wp\/v2\/pages\/1066","targetHints":{"allow":["GET"]}}],"collection":[{"href":"https:\/\/shop24.lu\/lb\/wp-json\/wp\/v2\/pages"}],"about":[{"href":"https:\/\/shop24.lu\/lb\/wp-json\/wp\/v2\/types\/page"}],"author":[{"embeddable":true,"href":"https:\/\/shop24.lu\/lb\/wp-json\/wp\/v2\/users\/10"}],"replies":[{"embeddable":true,"href":"https:\/\/shop24.lu\/lb\/wp-json\/wp\/v2\/comments?post=1066"}],"version-history":[{"count":0,"href":"https:\/\/shop24.lu\/lb\/wp-json\/wp\/v2\/pages\/1066\/revisions"}],"wp:attachment":[{"href":"https:\/\/shop24.lu\/lb\/wp-json\/wp\/v2\/media?parent=1066"}],"curies":[{"name":"wp","href":"https:\/\/api.w.org\/{rel}","templated":true}]}}