{"id":1069,"date":"2020-11-05T22:20:56","date_gmt":"2020-11-05T20:20:56","guid":{"rendered":"http:\/\/demowpthemes.com\/buy2amazon\/?page_id=1069"},"modified":"2023-05-08T17:58:24","modified_gmt":"2023-05-08T15:58:24","slug":"politique-expedition","status":"publish","type":"page","link":"https:\/\/shop24.lu\/lb\/politique-expedition\/","title":{"rendered":"Shipping Politik"},"content":{"rendered":"<h2 class=\"widget-title\">Politiques d&rsquo;exp\u00e9dition<\/h2>\n<div class=\"siteorigin-widget-tinymce textwidget\">\n<h4>Liwweradress?<\/h4>\n<p>L\u2019adresse de livraison sera d\u00e9finie par l\u2019acheteur selon les options du vendeur. Les articles peuvent \u00eatre livr\u00e9s \u00e0 moins que le commer\u00e7ant choisit de ne vous offrir que l&rsquo;option \u00abClick &amp; Collect\u00bb ou si le commer\u00e7ant limite la livraison dans un certain p\u00e9rim\u00e8tre.<\/p>\n<h4>W\u00e9i vill kascht d'Liwwerung?<\/h4>\n<p>D&#039;Liwwerk\u00e4schte h\u00e4nke vun der Liwwerung vum Verkeefer of a ginn an der Artikelbeschreiwung oder op der Shop24 S\u00e4it vum Verkeefer uginn.<\/p>\n<h4>Wat ass d&#039;Verz\u00f6gerung vun der Liwwerung?<\/h4>\n<p>Liwwerung fir verf\u00fcgbare Saachen h\u00e4nkt vun der Z\u00e4it vun \u00c4rer Bestellung an de spezifesche Konditioune vum Verkeefer of. Fir Artikelen d\u00e9i net op Lager sinn, g\u00ebtt d&#039;Liwwerz\u00e4it an der Artikelbeschreiwung oder op der S\u00e4it vum Verkeefer uginn.<\/p>\n<h4>Wat wann ech meng Bestellung net kr\u00e9ien?<\/h4>\n<p>Am Fall vun Verz\u00f6gerung oder Net-Liwwerung vun \u00c4rer Bestellung, k\u00ebnnt Dir de Verkeefer kontakt\u00e9ieren, vun deem Dir d&#039;Saachen bestallt hutt, fir iwwer de Suivi vun der Liwwerung ze froen.<\/p>\n<h4>Muss ech bezuelen fir en Heem geliwwert Artikel zr\u00e9ckzekommen?<\/h4>\n<p>L&rsquo;informations de retour d&rsquo;articles et son \u00e9ventuel remboursement est affich\u00e9 sur la page du vendeur. Celle-ci peut varier de vendeurs \u00e0 vendeurs.<\/p>\n<h4>Kann ech en Artikel austauschen?<\/h4>\n<p>De Verkeefer weist d\u00ebs Informatioun op senger Verkeefer S\u00e4it oder soll, wa relevant, direkt mam Verkeefer verhandelt ginn.<\/p>\n<h4>Hutt Dir e beschiedegt Element kritt?<\/h4>\n<p>Pour toute condition li\u00e9 \u00e0 l&rsquo;article command\u00e9 veuillez vous joindre directement au vendeur.<\/p>","protected":false},"excerpt":{"rendered":"<p>Politiques d&rsquo;exp\u00e9dition Adresse de livraison? L\u2019adresse de livraison sera d\u00e9finie par l\u2019acheteur selon les options du vendeur. Les articles peuvent \u00eatre livr\u00e9s \u00e0 moins que le commer\u00e7ant choisit de ne vous offrir que l&rsquo;option \u00abClick &amp; Collect\u00bb ou si le commer\u00e7ant limite la livraison dans un certain p\u00e9rim\u00e8tre. Combien co\u00fbte la livraison? Les frais de [&#8230;]\n","protected":false},"author":10,"featured_media":0,"parent":0,"menu_order":0,"comment_status":"closed","ping_status":"closed","template":"","meta":{"_seopress_robots_primary_cat":"","_seopress_titles_title":"","_seopress_titles_desc":"","_seopress_robots_index":"","footnotes":""},"class_list":["post-1069","page","type-page","status-publish"],"_links":{"self":[{"href":"https:\/\/shop24.lu\/lb\/wp-json\/wp\/v2\/pages\/1069","targetHints":{"allow":["GET"]}}],"collection":[{"href":"https:\/\/shop24.lu\/lb\/wp-json\/wp\/v2\/pages"}],"about":[{"href":"https:\/\/shop24.lu\/lb\/wp-json\/wp\/v2\/types\/page"}],"author":[{"embeddable":true,"href":"https:\/\/shop24.lu\/lb\/wp-json\/wp\/v2\/users\/10"}],"replies":[{"embeddable":true,"href":"https:\/\/shop24.lu\/lb\/wp-json\/wp\/v2\/comments?post=1069"}],"version-history":[{"count":0,"href":"https:\/\/shop24.lu\/lb\/wp-json\/wp\/v2\/pages\/1069\/revisions"}],"wp:attachment":[{"href":"https:\/\/shop24.lu\/lb\/wp-json\/wp\/v2\/media?parent=1069"}],"curies":[{"name":"wp","href":"https:\/\/api.w.org\/{rel}","templated":true}]}}