{"id":20561,"date":"2021-01-03T20:36:14","date_gmt":"2021-01-03T18:36:14","guid":{"rendered":"https:\/\/shop24.lu\/?page_id=20561"},"modified":"2023-05-08T17:52:13","modified_gmt":"2023-05-08T15:52:13","slug":"inscription-vendeur","status":"publish","type":"page","link":"https:\/\/shop24.lu\/lb\/inscription-vendeur\/","title":{"rendered":"Verkeeferregistr\u00e9ierung"},"content":{"rendered":"<div class=\"row\"  id=\"row-204373521\">\n\n\t<div id=\"col-127003856\" class=\"col medium-9 small-12 large-9\"  >\n\t\t\t\t<div class=\"col-inner\"  >\n\t\t\t\n\t\t\t\n<h2>Verkeeferregistr\u00e9ierung<\/h2>\n<p>Dir k\u00ebnnt Iech hei aschreiwen fir \u00c4r Servicer an \/ oder Produkter op eiser E-Commerce Plattform ze verkafen.<\/p>\n<p><img decoding=\"async\" class=\"aligncenter size-medium wp-image-20706\" src=\"https:\/\/shop24.lu\/wp-content\/uploads\/open_shop-300x200.jpg\" alt=\"\" width=\"300\" height=\"200\" srcset=\"\/wp-content\/uploads\/open_shop-300x200.jpg 300w, \/wp-content\/uploads\/open_shop-210x140.jpg 210w, \/wp-content\/uploads\/open_shop-272x182.jpg 272w, \/wp-content\/uploads\/open_shop.jpg 600w\" sizes=\"(max-width: 300px) 100vw, 300px\" \/><br \/>\nF\u00ebllt w.e.g. de folgende Formulaire aus fir eis z&#039;erm\u00e9iglechen \u00c4re Verkeefer Kont ze kre\u00e9ieren.<\/p>\n\n<div class=\"wpcf7 no-js\" id=\"wpcf7-f20559-o1\" lang=\"fr-FR\" dir=\"ltr\" data-wpcf7-id=\"20559\">\n<div class=\"screen-reader-response\"><p role=\"status\" aria-live=\"polite\" aria-atomic=\"true\"><\/p> <ul><\/ul><\/div>\n<form action=\"\/lb\/wp-json\/wp\/v2\/pages\/20561#wpcf7-f20559-o1\" method=\"post\" class=\"wpcf7-form init\" aria-label=\"Kontakt Formul\u00e4r\" enctype=\"multipart\/form-data\" novalidate=\"novalidate\" data-status=\"init\" data-trp-original-action=\"\/lb\/wp-json\/wp\/v2\/pages\/20561#wpcf7-f20559-o1\">\n<fieldset class=\"hidden-fields-container\"><input type=\"hidden\" name=\"_wpcf7\" value=\"20559\" \/><input type=\"hidden\" name=\"_wpcf7_version\" value=\"6.1.5\" \/><input type=\"hidden\" name=\"_wpcf7_locale\" value=\"fr_FR\" \/><input type=\"hidden\" name=\"_wpcf7_unit_tag\" value=\"wpcf7-f20559-o1\" \/><input type=\"hidden\" name=\"_wpcf7_container_post\" value=\"0\" \/><input type=\"hidden\" name=\"_wpcf7_posted_data_hash\" value=\"\" \/><input type=\"hidden\" name=\"_wpcf7_recaptcha_response\" value=\"\" \/>\n<\/fieldset>\n<div class=\"container\">\n\t<div class=\"row\">\n\t\t<div class=\"columns one-half\">\n\t\t\t<div class=\"container\">\n\t\t\t\t<div class=\"row\">\n\t\t\t\t\t<div class=\"columns one-half\">\n\t\t\t\t\t\t<div class=\"field\">\n\t\t\t\t\t\t\t<p><label>Virnumm<em>*<\/em><\/label><span class=\"wpcf7-form-control-wrap\" data-name=\"prenom\"><input size=\"40\" maxlength=\"400\" class=\"wpcf7-form-control wpcf7-text wpcf7-validates-as-required\" aria-required=\"true\" aria-invalid=\"false\" value=\"\" type=\"text\" name=\"prenom\" \/><\/span>\n\t\t\t\t\t\t\t<\/p>\n\t\t\t\t\t\t\t<p class=\"info-tip\">Kontaktpersoun\n\t\t\t\t\t\t\t<\/p>\n\t\t\t\t\t\t<\/div>\n\t\t\t\t\t<\/div>\n\t\t\t\t\t<div class=\"columns one-half\">\n\t\t\t\t\t\t<div class=\"field\">\n\t\t\t\t\t\t\t<p><label>Familljennumm<em>*<\/em><\/label><span class=\"wpcf7-form-control-wrap\" data-name=\"nom\"><input size=\"40\" maxlength=\"400\" class=\"wpcf7-form-control wpcf7-text wpcf7-validates-as-required\" aria-required=\"true\" aria-invalid=\"false\" value=\"\" type=\"text\" name=\"nom\" \/><\/span>\n\t\t\t\t\t\t\t<\/p>\n\t\t\t\t\t\t\t<p class=\"info-tip\">\n\t\t\t\t\t\t\t<\/p>\n\t\t\t\t\t\t<\/div>\n\t\t\t\t\t<\/div>\n\t\t\t\t<\/div>\n\t\t\t<\/div>\n\t\t\t<div class=\"container\">\n\t\t\t\t<div class=\"row\">\n\t\t\t\t\t<div class=\"columns full\">\n\t\t\t\t\t\t<div class=\"field\">\n\t\t\t\t\t\t\t<p><label>Adress<\/label><span class=\"wpcf7-form-control-wrap\" data-name=\"adresse\"><input size=\"40\" maxlength=\"400\" class=\"wpcf7-form-control wpcf7-text\" aria-invalid=\"false\" value=\"\" type=\"text\" name=\"adresse\" \/><\/span>\n\t\t\t\t\t\t\t<\/p>\n\t\t\t\t\t\t\t<p class=\"info-tip\">Privatadress\n\t\t\t\t\t\t\t<\/p>\n\t\t\t\t\t\t<\/div>\n\t\t\t\t\t<\/div>\n\t\t\t\t<\/div>\n\t\t\t<\/div>\n\t\t\t<div class=\"container\">\n\t\t\t\t<div class=\"row\">\n\t\t\t\t\t<div class=\"columns full\">\n\t\t\t\t\t\t<div class=\"field\">\n\t\t\t\t\t\t\t<p><label>Uertschaft<\/label><span class=\"wpcf7-form-control-wrap\" data-name=\"localite\"><input size=\"40\" maxlength=\"400\" class=\"wpcf7-form-control wpcf7-text\" aria-invalid=\"false\" value=\"\" type=\"text\" name=\"localite\" \/><\/span>\n\t\t\t\t\t\t\t<\/p>\n\t\t\t\t\t\t\t<p class=\"info-tip\">Privat\n\t\t\t\t\t\t\t<\/p>\n\t\t\t\t\t\t<\/div>\n\t\t\t\t\t<\/div>\n\t\t\t\t<\/div>\n\t\t\t<\/div>\n\t\t\t<div class=\"container\">\n\t\t\t\t<div class=\"row\">\n\t\t\t\t\t<div class=\"columns full\">\n\t\t\t\t\t\t<div class=\"field\">\n\t\t\t\t\t\t\t<p><label>Telefon<\/label><span class=\"wpcf7-form-control-wrap\" data-name=\"telephone\"><input size=\"40\" maxlength=\"400\" class=\"wpcf7-form-control wpcf7-tel wpcf7-text wpcf7-validates-as-tel\" aria-invalid=\"false\" value=\"\" type=\"tel\" name=\"telephone\" \/><\/span>\n\t\t\t\t\t\t\t<\/p>\n\t\t\t\t\t\t\t<p class=\"info-tip\">Privat Telefonsnummer\n\t\t\t\t\t\t\t<\/p>\n\t\t\t\t\t\t<\/div>\n\t\t\t\t\t<\/div>\n\t\t\t\t<\/div>\n\t\t\t<\/div>\n\t\t\t<div class=\"container\">\n\t\t\t\t<div class=\"row\">\n\t\t\t\t\t<div class=\"columns full\">\n\t\t\t\t\t\t<div class=\"field\">\n\t\t\t\t\t\t\t<p><label>E-Mailadress<\/label><span class=\"wpcf7-form-control-wrap\" data-name=\"email\"><input size=\"40\" maxlength=\"400\" class=\"wpcf7-form-control wpcf7-email wpcf7-text wpcf7-validates-as-email\" aria-invalid=\"false\" value=\"\" type=\"email\" name=\"email\" \/><\/span>\n\t\t\t\t\t\t\t<\/p>\n\t\t\t\t\t\t\t<p class=\"info-tip\">Privat Email Adress\n\t\t\t\t\t\t\t<\/p>\n\t\t\t\t\t\t<\/div>\n\t\t\t\t\t<\/div>\n\t\t\t\t<\/div>\n\t\t\t<\/div>\n\t\t\t<div class=\"container\">\n\t\t\t\t<div class=\"row\">\n\t\t\t\t\t<div class=\"columns full\">\n\t\t\t\t\t\t<div class=\"field\">\n\t\t\t\t\t\t\t<p><label>Kategorien vu Produkter oder Servicer<em>*<\/em><\/label><span class=\"wpcf7-form-control-wrap\" data-name=\"categorie\"><input size=\"40\" maxlength=\"400\" class=\"wpcf7-form-control wpcf7-text wpcf7-validates-as-required\" aria-required=\"true\" aria-invalid=\"false\" value=\"\" type=\"text\" name=\"categorie\" \/><\/span>\n\t\t\t\t\t\t\t<\/p>\n\t\t\t\t\t\t\t<p class=\"info-tip\">Gitt d&#039;Zort vu Produkter oder Servicer un, d\u00e9i ugebuede ginn\n\t\t\t\t\t\t\t<\/p>\n\t\t\t\t\t\t<\/div>\n\t\t\t\t\t<\/div>\n\t\t\t\t<\/div>\n\t\t\t<\/div>\n\t\t\t<div class=\"container\">\n\t\t\t\t<div class=\"row\">\n\t\t\t\t\t<div class=\"columns full\">\n\t\t\t\t\t\t<div class=\"field\">\n\t\t\t\t\t\t\t<p><label>Beschreiwung vun \u00c4rem Betrib<\/label><span class=\"wpcf7-form-control-wrap\" data-name=\"description\"><textarea cols=\"40\" rows=\"5\" maxlength=\"2000\" class=\"wpcf7-form-control wpcf7-textarea\" aria-invalid=\"false\" name=\"description\"><\/textarea><\/span>\n\t\t\t\t\t\t\t<\/p>\n\t\t\t\t\t\t\t<p class=\"info-tip\">Beschreift kuerz d'Aart vu Produkter oder ugebueden Servicer\n\t\t\t\t\t\t\t<\/p>\n\t\t\t\t\t\t<\/div>\n\t\t\t\t\t<\/div>\n\t\t\t\t<\/div>\n\t\t\t<\/div>\n\t\t\t<div class=\"container\">\n\t\t\t\t<div class=\"row\">\n\t\t\t\t\t<div class=\"columns full cf7-tags-4\">\n\t\t\t\t\t\t<div class=\"field\">\n\t\t\t\t\t\t\t<p><label>Sozial Netzwierker<\/label><span class=\"wpcf7-form-control-wrap\" data-name=\"fb\"><input size=\"40\" maxlength=\"400\" class=\"wpcf7-form-control wpcf7-text\" aria-invalid=\"false\" value=\"facebook.com\/\" type=\"text\" name=\"fb\" \/><\/span><span class=\"wpcf7-form-control-wrap\" data-name=\"ig\"><input size=\"40\" maxlength=\"400\" class=\"wpcf7-form-control wpcf7-text\" aria-invalid=\"false\" value=\"instagram.com\/\" type=\"text\" name=\"ig\" \/><\/span><span class=\"wpcf7-form-control-wrap\" data-name=\"tw\"><input size=\"40\" maxlength=\"400\" class=\"wpcf7-form-control wpcf7-text\" aria-invalid=\"false\" value=\"twitter.com\/\" type=\"text\" name=\"tw\" \/><\/span><span class=\"wpcf7-form-control-wrap\" data-name=\"yt\"><input size=\"40\" maxlength=\"400\" class=\"wpcf7-form-control wpcf7-text\" aria-invalid=\"false\" value=\"youtube.com\/\" type=\"text\" name=\"yt\" \/><\/span>\n\t\t\t\t\t\t\t<\/p>\n\t\t\t\t\t\t\t<p class=\"info-tip\">Gitt w.e.g. \u00c4r Facebook, Instagram, Twitter Adressen, asw. un\n\t\t\t\t\t\t\t<\/p>\n\t\t\t\t\t\t<\/div>\n\t\t\t\t\t<\/div>\n\t\t\t\t<\/div>\n\t\t\t<\/div>\n\t\t\t<div class=\"container\">\n\t\t\t\t<div class=\"row\">\n\t\t\t\t\t<div class=\"columns full\">\n\t\t\t\t\t\t<div class=\"field\">\n\t\t\t\t\t\t\t<p><label>Gew\u00ebnschte Benotzernumm<\/label><span class=\"wpcf7-form-control-wrap\" data-name=\"username\"><input size=\"40\" maxlength=\"400\" class=\"wpcf7-form-control wpcf7-text\" aria-invalid=\"false\" value=\"\" type=\"text\" name=\"username\" \/><\/span>\n\t\t\t\t\t\t\t<\/p>\n\t\t\t\t\t\t\t<p class=\"info-tip\">Gitt de gew\u00ebnschte Benotzernumm un\n\t\t\t\t\t\t\t<\/p>\n\t\t\t\t\t\t<\/div>\n\t\t\t\t\t<\/div>\n\t\t\t\t<\/div>\n\t\t\t<\/div>\n\t\t\t<div class=\"container\">\n\t\t\t\t<div class=\"row\">\n\t\t\t\t\t<div class=\"columns full\">\n\t\t\t\t\t\t<div class=\"field\">\n\t\t\t\t\t\t\t<p><label>Banner (Header) fir \u00c4r Shop24 S\u00e4it<\/label><span class=\"wpcf7-form-control-wrap\" data-name=\"banniere\"><input size=\"40\" class=\"wpcf7-form-control wpcf7-file\" accept=\"audio\/*,video\/*,image\/*\" aria-invalid=\"false\" type=\"file\" name=\"banniere\" \/><\/span>\n\t\t\t\t\t\t\t<\/p>\n\t\t\t\t\t\t\t<p class=\"info-tip\">Eroplueden \u00c4re Banner\n\t\t\t\t\t\t\t<\/p>\n\t\t\t\t\t\t<\/div>\n\t\t\t\t\t<\/div>\n\t\t\t\t<\/div>\n\t\t\t<\/div>\n\t\t\t<div class=\"container\">\n\t\t\t\t<div class=\"row\">\n\t\t\t\t\t<div class=\"columns full\">\n\t\t\t\t\t\t<div class=\"field\">\n\t\t\t\t\t\t\t<p><label>Profilbild oder Logo fir \u00c4r Shop24 S\u00e4it<\/label><span class=\"wpcf7-form-control-wrap\" data-name=\"logo\"><input size=\"40\" class=\"wpcf7-form-control wpcf7-file\" accept=\"audio\/*,video\/*,image\/*\" aria-invalid=\"false\" type=\"file\" name=\"logo\" \/><\/span>\n\t\t\t\t\t\t\t<\/p>\n\t\t\t\t\t\t\t<p class=\"info-tip\">Eroplueden eng Profilbild oder \u00c4re Logo\n\t\t\t\t\t\t\t<\/p>\n\t\t\t\t\t\t<\/div>\n\t\t\t\t\t<\/div>\n\t\t\t\t<\/div>\n\t\t\t<\/div>\n\t\t<\/div>\n\t\t<div class=\"columns one-half\">\n\t\t\t<div class=\"container\">\n\t\t\t\t<div class=\"row\">\n\t\t\t\t\t<div class=\"columns full\">\n\t\t\t\t\t\t<div class=\"field\">\n\t\t\t\t\t\t\t<p><label>Business Numm<em>*<\/em><\/label><span class=\"wpcf7-form-control-wrap\" data-name=\"magasin\"><input size=\"40\" maxlength=\"400\" class=\"wpcf7-form-control wpcf7-text wpcf7-validates-as-required\" aria-required=\"true\" aria-invalid=\"false\" value=\"\" type=\"text\" name=\"magasin\" \/><\/span>\n\t\t\t\t\t\t\t<\/p>\n\t\t\t\t\t\t\t<p class=\"info-tip\">Numm vun \u00c4rem Betrib\n\t\t\t\t\t\t\t<\/p>\n\t\t\t\t\t\t<\/div>\n\t\t\t\t\t<\/div>\n\t\t\t\t<\/div>\n\t\t\t<\/div>\n\t\t\t<div class=\"container\">\n\t\t\t\t<div class=\"row\">\n\t\t\t\t\t<div class=\"columns full\">\n\t\t\t\t\t\t<div class=\"field\">\n\t\t\t\t\t\t\t<p><label>Adress<em>*<\/em><\/label><span class=\"wpcf7-form-control-wrap\" data-name=\"so-adresse\"><input size=\"40\" maxlength=\"400\" class=\"wpcf7-form-control wpcf7-text wpcf7-validates-as-required\" aria-required=\"true\" aria-invalid=\"false\" value=\"\" type=\"text\" name=\"so-adresse\" \/><\/span>\n\t\t\t\t\t\t\t<\/p>\n\t\t\t\t\t\t\t<p class=\"info-tip\">Businessadress\n\t\t\t\t\t\t\t<\/p>\n\t\t\t\t\t\t<\/div>\n\t\t\t\t\t<\/div>\n\t\t\t\t<\/div>\n\t\t\t<\/div>\n\t\t\t<div class=\"container\">\n\t\t\t\t<div class=\"row\">\n\t\t\t\t\t<div class=\"columns full\">\n\t\t\t\t\t\t<div class=\"field\">\n\t\t\t\t\t\t\t<p><label>Uertschaft<em>*<\/em><\/label><span class=\"wpcf7-form-control-wrap\" data-name=\"so-localite\"><input size=\"40\" maxlength=\"400\" class=\"wpcf7-form-control wpcf7-text wpcf7-validates-as-required\" aria-required=\"true\" aria-invalid=\"false\" value=\"\" type=\"text\" name=\"so-localite\" \/><\/span>\n\t\t\t\t\t\t\t<\/p>\n\t\t\t\t\t\t\t<p class=\"info-tip\">Berufflech\n\t\t\t\t\t\t\t<\/p>\n\t\t\t\t\t\t<\/div>\n\t\t\t\t\t<\/div>\n\t\t\t\t<\/div>\n\t\t\t<\/div>\n\t\t\t<div class=\"container\">\n\t\t\t\t<div class=\"row\">\n\t\t\t\t\t<div class=\"columns full\">\n\t\t\t\t\t\t<div class=\"field\">\n\t\t\t\t\t\t\t<p><label>Telefon<em>*<\/em><\/label><span class=\"wpcf7-form-control-wrap\" data-name=\"so-tel\"><input size=\"40\" maxlength=\"400\" class=\"wpcf7-form-control wpcf7-tel wpcf7-validates-as-required wpcf7-text wpcf7-validates-as-tel\" aria-required=\"true\" aria-invalid=\"false\" value=\"\" type=\"tel\" name=\"so-tel\" \/><\/span>\n\t\t\t\t\t\t\t<\/p>\n\t\t\t\t\t\t\t<p class=\"info-tip\">Berufflech Telefonsnummer\n\t\t\t\t\t\t\t<\/p>\n\t\t\t\t\t\t<\/div>\n\t\t\t\t\t<\/div>\n\t\t\t\t<\/div>\n\t\t\t<\/div>\n\t\t\t<div class=\"container\">\n\t\t\t\t<div class=\"row\">\n\t\t\t\t\t<div class=\"columns full\">\n\t\t\t\t\t\t<div class=\"field\">\n\t\t\t\t\t\t\t<p><label>E-Mailadress<em>*<\/em><\/label><span class=\"wpcf7-form-control-wrap\" data-name=\"so-email\"><input size=\"40\" maxlength=\"400\" class=\"wpcf7-form-control wpcf7-email wpcf7-validates-as-required wpcf7-text wpcf7-validates-as-email\" aria-required=\"true\" aria-invalid=\"false\" value=\"\" type=\"email\" name=\"so-email\" \/><\/span>\n\t\t\t\t\t\t\t<\/p>\n\t\t\t\t\t\t\t<p class=\"info-tip\">Berufflech Email Adress\n\t\t\t\t\t\t\t<\/p>\n\t\t\t\t\t\t<\/div>\n\t\t\t\t\t<\/div>\n\t\t\t\t<\/div>\n\t\t\t<\/div>\n\t\t\t<div class=\"container\">\n\t\t\t\t<div class=\"row\">\n\t\t\t\t\t<div class=\"columns full\">\n\t\t\t\t\t\t<div class=\"field\">\n\t\t\t\t\t\t\t<p><label>Bezuelmethoden akzept\u00e9iert<\/label><span class=\"wpcf7-form-control-wrap\" data-name=\"MoyensPaiement\"><span class=\"wpcf7-form-control wpcf7-checkbox\"><span class=\"wpcf7-list-item first\"><label><input type=\"checkbox\" name=\"MoyensPaiement[]\" value=\"Cartes de cr\u00e9dit (Stripe)\" \/><span class=\"wpcf7-list-item-label\">Kreditkaarten (Stripe)<\/span><\/label><\/span><span class=\"wpcf7-list-item\"><label><input type=\"checkbox\" name=\"MoyensPaiement[]\" value=\"DIGICASH\" \/><span class=\"wpcf7-list-item-label\">DIGICASH<\/span><\/label><\/span><span class=\"wpcf7-list-item\"><label><input type=\"checkbox\" name=\"MoyensPaiement[]\" value=\"PayPal\" \/><span class=\"wpcf7-list-item-label\">PayPal<\/span><\/label><\/span><span class=\"wpcf7-list-item\"><label><input type=\"checkbox\" name=\"MoyensPaiement[]\" value=\"Virement\" \/><span class=\"wpcf7-list-item-label\">Bezuelen<\/span><\/label><\/span><span class=\"wpcf7-list-item last\"><label><input type=\"checkbox\" name=\"MoyensPaiement[]\" value=\"Cash\" \/><span class=\"wpcf7-list-item-label\">Cash<\/span><\/label><\/span><\/span><\/span>\n\t\t\t\t\t\t\t<\/p>\n\t\t\t\t\t\t\t<p class=\"info-tip\">Gitt di akzept\u00e9iert Bezuelmethod(en) un\n\t\t\t\t\t\t\t<\/p>\n\t\t\t\t\t\t<\/div>\n\t\t\t\t\t<\/div>\n\t\t\t\t<\/div>\n\t\t\t<\/div>\n\t\t\t<div class=\"container\">\n\t\t\t\t<div class=\"row\">\n\t\t\t\t\t<div class=\"columns full\">\n\t\t\t\t\t\t<div class=\"field\">\n\t\t\t\t\t\t\t<p><label>Hutt Dir schonn e Stripe Kont?<\/label><span class=\"wpcf7-form-control-wrap\" data-name=\"stripe\"><span class=\"wpcf7-form-control wpcf7-radio\"><span class=\"wpcf7-list-item first\"><label><input type=\"radio\" name=\"stripe\" value=\"Oui, j&#039;ai un compte Stripe\" \/><span class=\"wpcf7-list-item-label\">Jo, ech hunn e Stripe Kont<\/span><\/label><\/span><span class=\"wpcf7-list-item last\"><label><input type=\"radio\" name=\"stripe\" value=\"Non, je n&#039;ai pas encore de compte Stripe\" \/><span class=\"wpcf7-list-item-label\">Nee, ech hunn nach kee Stripe Kont<\/span><\/label><\/span><\/span><\/span>\n\t\t\t\t\t\t\t<\/p>\n\t\t\t\t\t\t\t<p class=\"info-tip\">Stripe.com ass erfuerderlech fir direkt Bezuelung mat Kreditkaarten\n\t\t\t\t\t\t\t<\/p>\n\t\t\t\t\t\t<\/div>\n\t\t\t\t\t<\/div>\n\t\t\t\t<\/div>\n\t\t\t<\/div>\n\t\t\t<div class=\"container\">\n\t\t\t\t<div class=\"row\">\n\t\t\t\t\t<div class=\"columns full\">\n\t\t\t\t\t\t<div class=\"field\">\n\t\t\t\t\t\t\t<p><label>Liwwermethoden<\/label><span class=\"wpcf7-form-control-wrap\" data-name=\"Livraison\"><span class=\"wpcf7-form-control wpcf7-checkbox\"><span class=\"wpcf7-list-item first\"><label><input type=\"checkbox\" name=\"Livraison[]\" value=\"Livraison \u00e0 domicile\" \/><span class=\"wpcf7-list-item-label\">Heem Liwwerung<\/span><\/label><\/span><span class=\"wpcf7-list-item last\"><label><input type=\"checkbox\" name=\"Livraison[]\" value=\"Click&amp;Collect in Shop\" \/><span class=\"wpcf7-list-item-label\">Click &amp; Collect am Shop<\/span><\/label><\/span><\/span><\/span>\n\t\t\t\t\t\t\t<\/p>\n\t\t\t\t\t\t\t<p class=\"info-tip\">Gitt d&#039;Liwwermethod (en) un\n\t\t\t\t\t\t\t<\/p>\n\t\t\t\t\t\t<\/div>\n\t\t\t\t\t<\/div>\n\t\t\t\t<\/div>\n\t\t\t<\/div>\n\t\t\t<div class=\"container\">\n\t\t\t\t<div class=\"row\">\n\t\t\t\t\t<div class=\"columns full\">\n\t\t\t\t\t\t<div class=\"field\">\n\t\t\t\t\t\t\t<p><label>Liwwerung<\/label><span class=\"wpcf7-form-control-wrap\" data-name=\"Livplace\"><span class=\"wpcf7-form-control wpcf7-checkbox\"><span class=\"wpcf7-list-item first\"><label><input type=\"checkbox\" name=\"Livplace[]\" value=\"Nationale\" \/><span class=\"wpcf7-list-item-label\">National<\/span><\/label><\/span><span class=\"wpcf7-list-item last\"><label><input type=\"checkbox\" name=\"Livplace[]\" value=\"Internationale\" \/><span class=\"wpcf7-list-item-label\">International<\/span><\/label><\/span><\/span><\/span>\n\t\t\t\t\t\t\t<\/p>\n\t\t\t\t\t\t\t<p class=\"info-tip\">National an \/ oder international Liwwerung\n\t\t\t\t\t\t\t<\/p>\n\t\t\t\t\t\t<\/div>\n\t\t\t\t\t<\/div>\n\t\t\t\t<\/div>\n\t\t\t<\/div>\n\t\t\t<div class=\"container\">\n\t\t\t\t<div class=\"row\">\n\t\t\t\t\t<div class=\"columns one-half\">\n\t\t\t\t\t\t<div class=\"field\">\n\t\t\t\t\t\t\t<p><label>Nationale Pr\u00e4is<\/label><span class=\"wpcf7-form-control-wrap\" data-name=\"prix-nat\"><input size=\"40\" maxlength=\"400\" class=\"wpcf7-form-control wpcf7-text\" aria-invalid=\"false\" value=\"\" type=\"text\" name=\"prix-nat\" \/><\/span>\n\t\t\t\t\t\t\t<\/p>\n\t\t\t\t\t\t\t<p class=\"info-tip\">\n\t\t\t\t\t\t\t<\/p>\n\t\t\t\t\t\t<\/div>\n\t\t\t\t\t<\/div>\n\t\t\t\t\t<div class=\"columns one-half\">\n\t\t\t\t\t\t<div class=\"field\">\n\t\t\t\t\t\t\t<p><label>Internationale Pr\u00e4is<\/label><span class=\"wpcf7-form-control-wrap\" data-name=\"prix-intl\"><input size=\"40\" maxlength=\"400\" class=\"wpcf7-form-control wpcf7-text\" aria-invalid=\"false\" value=\"\" type=\"text\" name=\"prix-intl\" \/><\/span>\n\t\t\t\t\t\t\t<\/p>\n\t\t\t\t\t\t\t<p class=\"info-tip\">\n\t\t\t\t\t\t\t<\/p>\n\t\t\t\t\t\t<\/div>\n\t\t\t\t\t<\/div>\n\t\t\t\t<\/div>\n\t\t\t<\/div>\n\t\t\t<div class=\"container\">\n\t\t\t\t<div class=\"row\">\n\t\t\t\t\t<div class=\"columns one-half\">\n\t\t\t\t\t\t<div class=\"field\">\n\t\t\t\t\t\t\t<p><label>Gratis ab x \u20ac<\/label><span class=\"wpcf7-form-control-wrap\" data-name=\"liv-nat-0\"><input size=\"40\" maxlength=\"400\" class=\"wpcf7-form-control wpcf7-text\" aria-invalid=\"false\" value=\"\" type=\"text\" name=\"liv-nat-0\" \/><\/span>\n\t\t\t\t\t\t\t<\/p>\n\t\t\t\t\t\t\t<p class=\"info-tip\">Gratis national Liwwerung\n\t\t\t\t\t\t\t<\/p>\n\t\t\t\t\t\t<\/div>\n\t\t\t\t\t<\/div>\n\t\t\t\t\t<div class=\"columns one-half\">\n\t\t\t\t\t\t<div class=\"field\">\n\t\t\t\t\t\t\t<p><label>Gratis ab x \u20ac<\/label><span class=\"wpcf7-form-control-wrap\" data-name=\"liv-intl-0\"><input size=\"40\" maxlength=\"400\" class=\"wpcf7-form-control wpcf7-text\" aria-invalid=\"false\" value=\"\" type=\"text\" name=\"liv-intl-0\" \/><\/span>\n\t\t\t\t\t\t\t<\/p>\n\t\t\t\t\t\t\t<p class=\"info-tip\">Gratis international Liwwerung\n\t\t\t\t\t\t\t<\/p>\n\t\t\t\t\t\t<\/div>\n\t\t\t\t\t<\/div>\n\t\t\t\t<\/div>\n\t\t\t<\/div>\n\t\t\t<div class=\"container\">\n\t\t\t\t<div class=\"row\">\n\t\t\t\t\t<div class=\"columns full\">\n\t\t\t\t\t\t<div class=\"field\">\n\t\t\t\t\t\t\t<p><label>Message \/ Fro<\/label><span class=\"wpcf7-form-control-wrap\" data-name=\"msg\"><textarea cols=\"40\" rows=\"5\" maxlength=\"2000\" class=\"wpcf7-form-control wpcf7-textarea\" aria-invalid=\"false\" name=\"msg\"><\/textarea><\/span>\n\t\t\t\t\t\t\t<\/p>\n\t\t\t\t\t\t\t<p class=\"info-tip\">Hutt Dir e Message oder eng Fro fir eis?\n\t\t\t\t\t\t\t<\/p>\n\t\t\t\t\t\t<\/div>\n\t\t\t\t\t<\/div>\n\t\t\t\t<\/div>\n\t\t\t<\/div>\n\t\t\t<div class=\"container\">\n\t\t\t\t<div class=\"row\">\n\t\t\t\t\t<div class=\"columns full\">\n\t\t\t\t\t\t<div class=\"field\">\n\t\t\t\t\t\t\t<p><label><\/label><input class=\"wpcf7-form-control wpcf7-submit has-spinner\" type=\"submit\" value=\"Sch\u00e9cken\" \/>\n\t\t\t\t\t\t\t<\/p>\n\t\t\t\t\t\t\t<p class=\"info-tip\">\n\t\t\t\t\t\t\t<\/p>\n\t\t\t\t\t\t<\/div>\n\t\t\t\t\t<\/div>\n\t\t\t\t<\/div>\n\t\t\t<\/div>\n\t\t<\/div>\n\t<\/div>\n<\/div><p style=\"display: none !important;\" class=\"akismet-fields-container\" data-prefix=\"_wpcf7_ak_\"><label>&#916;<textarea name=\"_wpcf7_ak_hp_textarea\" cols=\"45\" rows=\"8\" maxlength=\"100\"><\/textarea><\/label><input type=\"hidden\" id=\"ak_js_1\" name=\"_wpcf7_ak_js\" value=\"186\"\/><script>document.getElementById( \"ak_js_1\" ).setAttribute( \"value\", ( new Date() ).getTime() );<\/script><\/p><div class=\"wpcf7-response-output\" aria-hidden=\"true\"><\/div>\n<input type=\"hidden\" name=\"trp-form-language\" value=\"lb\"\/><\/form>\n<\/div>\n\n<p>Merci fir \u00c4ren Interessi un eiser Shop24.lu E-Commerce Plattform.<br \/>\nMir kommen sou s\u00e9ier w\u00e9i m\u00e9iglech bei Iech zr\u00e9ck.<\/p>\n<p>Mat beschten Gr\u00e9iss<br \/>\n<em>\u00c4r Shop24 Team<\/em><\/p>\n\t\t<\/div>\n\t\t\t\t\t<\/div>\n\n\t\n\n\t<div id=\"col-985652915\" class=\"col medium-3 small-12 large-3\"  >\n\t\t\t\t<div class=\"col-inner\"  >\n\t\t\t\n\t\t\t\n<h2>Verkeefer Ber\u00e4ich<\/h2>\n\t<div class=\"ux-menu stack stack-col justify-start ux-menu--divider-solid\">\n\t\t\n\t<div class=\"ux-menu-link flex menu-item\">\n\t\t<a class=\"ux-menu-link__link flex\" href=\"https:\/\/shop24.lu\/lb\/vendre\/\" >\n\t\t\t\t\t\t<span class=\"ux-menu-link__text\">\n\t\t\t\tUf\u00e4nken ze verkafen\t\t\t<\/span>\n\t\t<\/a>\n\t<\/div>\n\t\n\t<div class=\"ux-menu-link flex menu-item\">\n\t\t<a class=\"ux-menu-link__link flex\" href=\"https:\/\/shop24.lu\/lb\/flyer-shop24\/\" >\n\t\t\t\t\t\t<span class=\"ux-menu-link__text\">\n\t\t\t\tServicer a Virdeeler\t\t\t<\/span>\n\t\t<\/a>\n\t<\/div>\n\t\n\t<\/div>\n\t\n\t\t<\/div>\n\t\t\t\t\t<\/div>\n\n\t\n<\/div>","protected":false},"excerpt":{"rendered":"","protected":false},"author":10,"featured_media":0,"parent":0,"menu_order":0,"comment_status":"closed","ping_status":"closed","template":"","meta":{"_seopress_robots_primary_cat":"","_seopress_titles_title":"","_seopress_titles_desc":"","_seopress_robots_index":"","footnotes":""},"class_list":["post-20561","page","type-page","status-publish"],"_links":{"self":[{"href":"https:\/\/shop24.lu\/lb\/wp-json\/wp\/v2\/pages\/20561","targetHints":{"allow":["GET"]}}],"collection":[{"href":"https:\/\/shop24.lu\/lb\/wp-json\/wp\/v2\/pages"}],"about":[{"href":"https:\/\/shop24.lu\/lb\/wp-json\/wp\/v2\/types\/page"}],"author":[{"embeddable":true,"href":"https:\/\/shop24.lu\/lb\/wp-json\/wp\/v2\/users\/10"}],"replies":[{"embeddable":true,"href":"https:\/\/shop24.lu\/lb\/wp-json\/wp\/v2\/comments?post=20561"}],"version-history":[{"count":0,"href":"https:\/\/shop24.lu\/lb\/wp-json\/wp\/v2\/pages\/20561\/revisions"}],"wp:attachment":[{"href":"https:\/\/shop24.lu\/lb\/wp-json\/wp\/v2\/media?parent=20561"}],"curies":[{"name":"wp","href":"https:\/\/api.w.org\/{rel}","templated":true}]}}