{"id":4138,"date":"2020-11-09T21:53:11","date_gmt":"2020-11-09T19:53:11","guid":{"rendered":"https:\/\/shop24.lu\/?page_id=4138"},"modified":"2023-05-19T23:17:48","modified_gmt":"2023-05-19T21:17:48","slug":"vendez-vos-services-produits","status":"publish","type":"page","link":"https:\/\/shop24.lu\/lb\/vendez-vos-services-produits\/","title":{"rendered":"Verkaaft \u00c4r Servicer an \/ oder Produkter"},"content":{"rendered":"<div class=\"row\"  id=\"row-367298812\">\n\n\t<div id=\"col-807550311\" class=\"col medium-8 small-12 large-8\"  >\n\t\t\t\t<div class=\"col-inner\"  >\n\t\t\t\n\t\t\t\n<h2>Verkaaft \u00c4r Servicer an \/ oder Produkter<\/h2>\n<p>D' <strong>Shop24<\/strong> Plattform ass entw\u00e9ckelt ginn fir Bes\u00ebtzer ze h\u00ebllefen <strong>hir Entreprise ze f\u00f6rderen<\/strong>.<br \/>L&rsquo;ajout de vos <strong>Produkter an \/ oder Servicer<\/strong> op d\u00ebs Plattform stellt, k\u00ebnnt Dir \u00c4r Aktivit\u00e9ite promoten an \u00c4rer Firma m\u00e9i Visibilit\u00e9it ginn.<\/p>\n<p><strong><img decoding=\"async\" class=\"aligncenter wp-image-8831 size-full\" src=\"https:\/\/shop24.lu\/wp-content\/uploads\/meeting_people.jpg\" alt=\"\" width=\"600\" height=\"400\" srcset=\"\/wp-content\/uploads\/meeting_people.jpg 600w, \/wp-content\/uploads\/meeting_people-300x200.jpg 300w, \/wp-content\/uploads\/meeting_people-150x100.jpg 150w, \/wp-content\/uploads\/meeting_people-210x140.jpg 210w, \/wp-content\/uploads\/meeting_people-272x182.jpg 272w\" sizes=\"(max-width: 600px) 100vw, 600px\" \/><br \/><\/strong>D' <strong>Flexibilit\u00e9it<\/strong> vun eisem Produkt ass de Schl\u00ebssel vum Erfolleg.<br \/>Mir fokuss\u00e9ieren op d'Reklammen an Dir k\u00ebnnt Iech \u00ebm \u00c4ert Gesch\u00e4ft k\u00ebmmeren.<\/p>\n<p>L&rsquo;objectif de notre \u00e9quipe est de vous faciliter la t\u00e2che au maximum.<\/p>\n<p>N&rsquo;h\u00e9sitez pas \u00e0 nous contacter pour toute question ou suggestion.<br \/>Zesummen fanne mir d\u00e9i bescht L\u00e9isung fir Iech.<\/p>\n\t\t<\/div>\n\t\t\t\t\t<\/div>\n\n\t\n\n\t<div id=\"col-1123330768\" class=\"col medium-4 small-12 large-4\"  >\n\t\t\t\t<div class=\"col-inner\"  >\n\t\t\t\n\t\t\t\n<h2>Kontakt Formul\u00e4r<\/h2>\n\n<div class=\"wpcf7 no-js\" id=\"wpcf7-f13-o1\" lang=\"en-US\" dir=\"ltr\" data-wpcf7-id=\"13\">\n<div class=\"screen-reader-response\"><p role=\"status\" aria-live=\"polite\" aria-atomic=\"true\"><\/p> <ul><\/ul><\/div>\n<form action=\"\/lb\/wp-json\/wp\/v2\/pages\/4138#wpcf7-f13-o1\" method=\"post\" class=\"wpcf7-form init\" aria-label=\"Kontakt Form\" novalidate=\"novalidate\" data-status=\"init\" data-trp-original-action=\"\/lb\/wp-json\/wp\/v2\/pages\/4138#wpcf7-f13-o1\">\n<fieldset class=\"hidden-fields-container\"><input type=\"hidden\" name=\"_wpcf7\" value=\"13\" \/><input type=\"hidden\" name=\"_wpcf7_version\" value=\"6.1.5\" \/><input type=\"hidden\" name=\"_wpcf7_locale\" value=\"en_US\" \/><input type=\"hidden\" name=\"_wpcf7_unit_tag\" value=\"wpcf7-f13-o1\" \/><input type=\"hidden\" name=\"_wpcf7_container_post\" value=\"0\" \/><input type=\"hidden\" name=\"_wpcf7_posted_data_hash\" value=\"\" \/><input type=\"hidden\" name=\"_wpcf7_recaptcha_response\" value=\"\" \/>\n<\/fieldset>\n<p><label> Numm*<br \/>\n<span class=\"wpcf7-form-control-wrap\" data-name=\"your-name\"><input size=\"40\" maxlength=\"400\" class=\"wpcf7-form-control wpcf7-text wpcf7-validates-as-required\" aria-required=\"true\" aria-invalid=\"false\" value=\"\" type=\"text\" name=\"your-name\" \/><\/span> <\/label>\n<\/p>\n<p><label> Email*<br \/>\n<span class=\"wpcf7-form-control-wrap\" data-name=\"your-email\"><input size=\"40\" maxlength=\"400\" class=\"wpcf7-form-control wpcf7-email wpcf7-validates-as-required wpcf7-text wpcf7-validates-as-email\" aria-required=\"true\" aria-invalid=\"false\" value=\"\" type=\"email\" name=\"your-email\" \/><\/span> <\/label>\n<\/p>\n<p><label> Sujet<br \/>\n<span class=\"wpcf7-form-control-wrap\" data-name=\"your-subject\"><input size=\"40\" maxlength=\"400\" class=\"wpcf7-form-control wpcf7-text\" aria-invalid=\"false\" value=\"\" type=\"text\" name=\"your-subject\" \/><\/span> <\/label>\n<\/p>\n<p><label> Message*<br \/>\n<span class=\"wpcf7-form-control-wrap\" data-name=\"your-message\"><textarea cols=\"40\" rows=\"3\" maxlength=\"2000\" class=\"wpcf7-form-control wpcf7-textarea wpcf7-validates-as-required\" aria-required=\"true\" aria-invalid=\"false\" name=\"your-message\"><\/textarea><\/span> <\/label>\n<\/p>\n<p><input class=\"wpcf7-form-control wpcf7-submit has-spinner\" type=\"submit\" value=\"Sch\u00e9cken\" \/>\n<\/p><p style=\"display: none !important;\" class=\"akismet-fields-container\" data-prefix=\"_wpcf7_ak_\"><label>&#916;<textarea name=\"_wpcf7_ak_hp_textarea\" cols=\"45\" rows=\"8\" maxlength=\"100\"><\/textarea><\/label><input type=\"hidden\" id=\"ak_js_1\" name=\"_wpcf7_ak_js\" value=\"24\"\/><script>document.getElementById( \"ak_js_1\" ).setAttribute( \"value\", ( new Date() ).getTime() );<\/script><\/p><div class=\"wpcf7-response-output\" aria-hidden=\"true\"><\/div>\n<input type=\"hidden\" name=\"trp-form-language\" value=\"lb\"\/><\/form>\n<\/div>\n\n\t\t<\/div>\n\t\t\t\t\t<\/div>\n\n\t\n<\/div>","protected":false},"excerpt":{"rendered":"","protected":false},"author":10,"featured_media":0,"parent":0,"menu_order":0,"comment_status":"closed","ping_status":"closed","template":"","meta":{"_seopress_robots_primary_cat":"","_seopress_titles_title":"","_seopress_titles_desc":"","_seopress_robots_index":"","footnotes":""},"class_list":["post-4138","page","type-page","status-publish"],"_links":{"self":[{"href":"https:\/\/shop24.lu\/lb\/wp-json\/wp\/v2\/pages\/4138","targetHints":{"allow":["GET"]}}],"collection":[{"href":"https:\/\/shop24.lu\/lb\/wp-json\/wp\/v2\/pages"}],"about":[{"href":"https:\/\/shop24.lu\/lb\/wp-json\/wp\/v2\/types\/page"}],"author":[{"embeddable":true,"href":"https:\/\/shop24.lu\/lb\/wp-json\/wp\/v2\/users\/10"}],"replies":[{"embeddable":true,"href":"https:\/\/shop24.lu\/lb\/wp-json\/wp\/v2\/comments?post=4138"}],"version-history":[{"count":0,"href":"https:\/\/shop24.lu\/lb\/wp-json\/wp\/v2\/pages\/4138\/revisions"}],"wp:attachment":[{"href":"https:\/\/shop24.lu\/lb\/wp-json\/wp\/v2\/media?parent=4138"}],"curies":[{"name":"wp","href":"https:\/\/api.w.org\/{rel}","templated":true}]}}