{"id":44792,"date":"2022-01-27T00:45:11","date_gmt":"2022-01-26T22:45:11","guid":{"rendered":"https:\/\/shop24.lu\/?page_id=44792"},"modified":"2023-05-08T17:21:54","modified_gmt":"2023-05-08T15:21:54","slug":"flyer-shop24","status":"publish","type":"page","link":"https:\/\/shop24.lu\/lb\/flyer-shop24\/","title":{"rendered":"Servicer - Virdeeler"},"content":{"rendered":"<div class=\"row\"  id=\"row-189848274\">\n\n\t<div id=\"col-1777552202\" class=\"col medium-8 small-12 large-8\"  >\n\t\t\t\t<div class=\"col-inner\"  >\n\t\t\t\n\t\t\t\n<h2>Shop24 - Eis Servicer - \u00c4r Virdeeler<\/h2>\n<p>\u2022 <strong>Plattform<\/strong> vun <strong>e-commerce<\/strong> zu L\u00ebtzebuerg an \u00cbmg\u00e9igend<br \/>\u2022 Shop24 \u00ebnnerst\u00ebtzt <strong>lokal \/ regional Betriber<\/strong>\u00a0!<br \/>\u2022 <strong>Intuitif<\/strong> Produktsich<br \/><img decoding=\"async\" class=\"alignnone size-full wp-image-44798\" src=\"https:\/\/shop24.lu\/wp-content\/uploads\/2022\/01\/search.png\" alt=\"\" width=\"267\" height=\"48\" srcset=\"\/wp-content\/uploads\/2022\/01\/search.png 267w, \/wp-content\/uploads\/2022\/01\/search-18x3.png 18w, \/wp-content\/uploads\/2022\/01\/search-210x38.png 210w\" sizes=\"(max-width: 267px) 100vw, 267px\" \/><\/p>\n<p>\u2022 Webs\u00e4it <strong>v\u00e9iersproocheg<\/strong>:<br \/><img decoding=\"async\" class=\"alignnone size-full wp-image-44822\" src=\"https:\/\/shop24.lu\/wp-content\/uploads\/2022\/01\/flags.png\" alt=\"\" width=\"171\" height=\"46\" srcset=\"\/wp-content\/uploads\/2022\/01\/flags.png 171w, \/wp-content\/uploads\/2022\/01\/flags-18x5.png 18w\" sizes=\"(max-width: 171px) 100vw, 171px\" \/><\/p>\n<p>\u2022 Verschiddenes<strong> Bezuelmethoden<\/strong>*<br \/><img decoding=\"async\" class=\"alignnone size-medium wp-image-44800\" src=\"https:\/\/shop24.lu\/wp-content\/uploads\/2022\/01\/payment-300x36.png\" alt=\"\" width=\"300\" height=\"36\" srcset=\"\/wp-content\/uploads\/2022\/01\/payment-300x36.png 300w, \/wp-content\/uploads\/2022\/01\/payment-18x2.png 18w, \/wp-content\/uploads\/2022\/01\/payment-210x25.png 210w, \/wp-content\/uploads\/2022\/01\/payment.png 324w\" sizes=\"(max-width: 300px) 100vw, 300px\" \/><\/p>\n<p>\u2022 <strong>Liwwerung<\/strong> doheem an\/oder <strong>R\u00e9ckzuch<\/strong> am Buttek <strong>&quot;Klickt &amp; Sammelt&quot;<\/strong>*<br \/><img decoding=\"async\" class=\"alignnone size-full wp-image-44801\" src=\"https:\/\/shop24.lu\/wp-content\/uploads\/2022\/01\/delivery.png\" alt=\"\" width=\"112\" height=\"64\" srcset=\"\/wp-content\/uploads\/2022\/01\/delivery.png 112w, \/wp-content\/uploads\/2022\/01\/delivery-18x10.png 18w\" sizes=\"(max-width: 112px) 100vw, 112px\" \/> \u00a0\u00a0\u00a0 <img decoding=\"async\" class=\"alignnone size-full wp-image-44802\" src=\"https:\/\/shop24.lu\/wp-content\/uploads\/2022\/01\/click-collect.png\" alt=\"\" width=\"90\" height=\"88\" srcset=\"\/wp-content\/uploads\/2022\/01\/click-collect.png 90w, \/wp-content\/uploads\/2022\/01\/click-collect-12x12.png 12w\" sizes=\"(max-width: 90px) 100vw, 90px\" \/><\/p>\n<p>\u2022 Responsiven <strong>Design<\/strong> fir Desktop, P\u00ebllen oder Handyen<br \/>\u2022 <strong>Applikatioun<\/strong> mobil<em> (K\u00ebnnt geschw\u00ebnn)<\/em><br \/><img decoding=\"async\" class=\"alignnone size-full wp-image-44803\" src=\"https:\/\/shop24.lu\/wp-content\/uploads\/2022\/01\/appstore.png\" alt=\"\" width=\"165\" height=\"51\" srcset=\"\/wp-content\/uploads\/2022\/01\/appstore.png 165w, \/wp-content\/uploads\/2022\/01\/appstore-18x6.png 18w\" sizes=\"(max-width: 165px) 100vw, 165px\" \/> \u00a0\u00a0\u00a0 <img decoding=\"async\" class=\"alignnone size-full wp-image-44804\" src=\"https:\/\/shop24.lu\/wp-content\/uploads\/2022\/01\/gplay.png\" alt=\"\" width=\"164\" height=\"50\" srcset=\"\/wp-content\/uploads\/2022\/01\/gplay.png 164w, \/wp-content\/uploads\/2022\/01\/gplay-18x5.png 18w\" sizes=\"(max-width: 164px) 100vw, 164px\" \/><\/p>\n<p>\u2022 Presentatioune vu Produiten a Verkeefer op shop24.lu an eisem <strong>sozialen Netzwierker<\/strong><\/p>\n<p>\u00a0<\/p>\n<h2>Client Infoen<\/h2>\n<p>Du bass <strong>Benotzer<\/strong> vun der Plattform a w\u00ebllt gutt Gesch\u00e4fter aus \u00c4rer Fotell maachen?<\/p>\n<p>\u2022 Connect zu <strong><a href=\"http:\/\/shop24.lu\/lb\/\">shop24.lu<\/a><\/strong><\/p>\n<p><img decoding=\"async\" class=\"alignnone size-medium wp-image-44805\" src=\"https:\/\/shop24.lu\/wp-content\/uploads\/2022\/01\/screen-300x182.png\" alt=\"\" width=\"300\" height=\"182\" srcset=\"\/wp-content\/uploads\/2022\/01\/screen-300x182.png 300w, \/wp-content\/uploads\/2022\/01\/screen-18x12.png 18w, \/wp-content\/uploads\/2022\/01\/screen-210x127.png 210w, \/wp-content\/uploads\/2022\/01\/screen.png 414w\" sizes=\"(max-width: 300px) 100vw, 300px\" \/><br \/>\u2022 <strong>Fannen<\/strong> wat Dir sicht<br \/>\u2022 <strong>Kommuniz\u00e9ieren<\/strong> mam Verkeefer<br \/>\u2022 Kaaft online a kritt \u00c4r Bestellung doheem*<\/p>\n<p>\u00a0<\/p>\n<h2>Kaaft einfach wou a w\u00e9ini Dir w\u00ebllt!<strong><br \/><\/strong><\/h2>\n<p>\u00a0<\/p>\n<p><strong>Client <\/strong><strong>Richtung <\/strong><strong>Verkeefer<\/strong><\/p>\n<p>Dir sidd e Client awer w\u00ebllt och <strong>verkafen \u00c4r Produkter oder Servicer<\/strong>, kee Problem:<br \/>Konvert\u00e9iert \u00c4re Kont op e Verkeefer Kont<\/p>\n<p>Registr\u00e9iert Iech als Verkeefer: <a href=\"http:\/\/inscription.shop24.lu\">http:\/\/inscription.shop24.lu<\/a><\/p>\n<h2>\u00a0<\/h2>\n<h2>Verkeefer Info<\/h2>\n<p>Verkaaft Dir Produkter oder Servicer?<br \/>Test eis Plattform <strong>fr\u00e4i<\/strong> fir ee Mount<br \/>Kees <strong>Abonnement<\/strong> allj\u00e4hrlechen aus <strong>0\u20ac<\/strong><br \/><strong>Net<\/strong> vun <strong>Kommissioun<\/strong> !<\/p>\n<p>\u00c4r Virdeeler:<br \/>\u2022 <strong>Vitrine<\/strong> digital oder Mikro Boutique vun \u00c4rem Gesch\u00e4ft**<br \/>\u2022 <strong>Af\u00e9ierung<\/strong> manuell oder automatis\u00e9iert** <strong>Produiten<\/strong> an \/ oder Servicer<br \/>\u2022 <strong>Administrator Zougang<\/strong> fir \u00c4ren Inhalt ze managen<br \/>\u2022 <strong>Iwwersetzung<\/strong> <strong>automatis\u00e9iert<\/strong> vun der Welt #1 Online AI Iwwersetzungsmotor: DeepL Pro oder Google Translator<br \/>\u2022 Verschidde Systemer vun <strong>Bezuelen<\/strong>*<br \/>\u2022 <strong>Liwwerungen<\/strong> LU\/EU an\/oder <strong>&quot;Klickt &amp; Sammelt&quot;<\/strong> um Pr\u00e4is a Land Dir defin\u00e9iert<br \/>\u2022 <strong>Publicit\u00e9it<\/strong> op sozialen Netzwierker<br \/>\u2022 <strong>SEO<\/strong> optimis\u00e9iert (SEO - Google)<br \/>\u2022 <strong>Berichter<\/strong> Texter, Fotoen, Videoen<br \/>\u2022 <strong>Domain Numm<\/strong> personalis\u00e9iert **: <a href=\"http:\/\/shop24.lu\/lb\/\">myshop.shop24.lu<\/a> Wou <a href=\"http:\/\/shop24.lu\/lb\/\">name-of-our-shop.lu<\/a>,<br \/>\u2022 <strong>E-Mail<\/strong> (<a href=\"mailto:info@shop24.lu\">info@nom-de-votre-shop.lu<\/a>) a Webs\u00e4it Schafung**<br \/>\u2022 Synchronis\u00e9ierung vun <strong>Inventar<\/strong> (wann kompatibel)**<br \/>\u2022 <strong>24\/7 \u00cbnnerst\u00ebtzung<\/strong> an Technologie \/ Marketing Training<\/p>\n<p><em>\u00a0* no Verkeefer Optiounen<\/em><br \/><em>** op Ufro<\/em><\/p>\n\t\t<\/div>\n\t\t\t\t\t<\/div>\n\n\t\n\n\t<div id=\"col-1441858767\" class=\"col medium-4 small-12 large-4\"  >\n\t\t\t\t<div class=\"col-inner\"  >\n\t\t\t\n\t\t\t\n<h2>Kontakt Formul\u00e4r<\/h2>\n\n<div class=\"wpcf7 no-js\" id=\"wpcf7-f13-o1\" lang=\"en-US\" dir=\"ltr\" data-wpcf7-id=\"13\">\n<div class=\"screen-reader-response\"><p role=\"status\" aria-live=\"polite\" aria-atomic=\"true\"><\/p> <ul><\/ul><\/div>\n<form action=\"\/lb\/wp-json\/wp\/v2\/pages\/44792#wpcf7-f13-o1\" method=\"post\" class=\"wpcf7-form init\" aria-label=\"Kontakt Form\" novalidate=\"novalidate\" data-status=\"init\" data-trp-original-action=\"\/lb\/wp-json\/wp\/v2\/pages\/44792#wpcf7-f13-o1\">\n<fieldset class=\"hidden-fields-container\"><input type=\"hidden\" name=\"_wpcf7\" value=\"13\" \/><input type=\"hidden\" name=\"_wpcf7_version\" value=\"6.1.5\" \/><input type=\"hidden\" name=\"_wpcf7_locale\" value=\"en_US\" \/><input type=\"hidden\" name=\"_wpcf7_unit_tag\" value=\"wpcf7-f13-o1\" \/><input type=\"hidden\" name=\"_wpcf7_container_post\" value=\"0\" \/><input type=\"hidden\" name=\"_wpcf7_posted_data_hash\" value=\"\" \/><input type=\"hidden\" name=\"_wpcf7_recaptcha_response\" value=\"\" \/>\n<\/fieldset>\n<p><label> Numm*<br \/>\n<span class=\"wpcf7-form-control-wrap\" data-name=\"your-name\"><input size=\"40\" maxlength=\"400\" class=\"wpcf7-form-control wpcf7-text wpcf7-validates-as-required\" aria-required=\"true\" aria-invalid=\"false\" value=\"\" type=\"text\" name=\"your-name\" \/><\/span> <\/label>\n<\/p>\n<p><label> Email*<br \/>\n<span class=\"wpcf7-form-control-wrap\" data-name=\"your-email\"><input size=\"40\" maxlength=\"400\" class=\"wpcf7-form-control wpcf7-email wpcf7-validates-as-required wpcf7-text wpcf7-validates-as-email\" aria-required=\"true\" aria-invalid=\"false\" value=\"\" type=\"email\" name=\"your-email\" \/><\/span> <\/label>\n<\/p>\n<p><label> Sujet<br \/>\n<span class=\"wpcf7-form-control-wrap\" data-name=\"your-subject\"><input size=\"40\" maxlength=\"400\" class=\"wpcf7-form-control wpcf7-text\" aria-invalid=\"false\" value=\"\" type=\"text\" name=\"your-subject\" \/><\/span> <\/label>\n<\/p>\n<p><label> Message*<br \/>\n<span class=\"wpcf7-form-control-wrap\" data-name=\"your-message\"><textarea cols=\"40\" rows=\"3\" maxlength=\"2000\" class=\"wpcf7-form-control wpcf7-textarea wpcf7-validates-as-required\" aria-required=\"true\" aria-invalid=\"false\" name=\"your-message\"><\/textarea><\/span> <\/label>\n<\/p>\n<p><input class=\"wpcf7-form-control wpcf7-submit has-spinner\" type=\"submit\" value=\"Sch\u00e9cken\" \/>\n<\/p><p style=\"display: none !important;\" class=\"akismet-fields-container\" data-prefix=\"_wpcf7_ak_\"><label>&#916;<textarea name=\"_wpcf7_ak_hp_textarea\" cols=\"45\" rows=\"8\" maxlength=\"100\"><\/textarea><\/label><input type=\"hidden\" id=\"ak_js_1\" name=\"_wpcf7_ak_js\" value=\"90\"\/><script>document.getElementById( \"ak_js_1\" ).setAttribute( \"value\", ( new Date() ).getTime() );<\/script><\/p><div class=\"wpcf7-response-output\" aria-hidden=\"true\"><\/div>\n<input type=\"hidden\" name=\"trp-form-language\" value=\"lb\"\/><\/form>\n<\/div>\n\n\t\t<\/div>\n\t\t\t\t\t<\/div>\n\n\t\n<\/div>","protected":false},"excerpt":{"rendered":"","protected":false},"author":10,"featured_media":0,"parent":0,"menu_order":0,"comment_status":"closed","ping_status":"closed","template":"","meta":{"_seopress_robots_primary_cat":"","_seopress_titles_title":"","_seopress_titles_desc":"","_seopress_robots_index":"","footnotes":""},"class_list":["post-44792","page","type-page","status-publish"],"_links":{"self":[{"href":"https:\/\/shop24.lu\/lb\/wp-json\/wp\/v2\/pages\/44792","targetHints":{"allow":["GET"]}}],"collection":[{"href":"https:\/\/shop24.lu\/lb\/wp-json\/wp\/v2\/pages"}],"about":[{"href":"https:\/\/shop24.lu\/lb\/wp-json\/wp\/v2\/types\/page"}],"author":[{"embeddable":true,"href":"https:\/\/shop24.lu\/lb\/wp-json\/wp\/v2\/users\/10"}],"replies":[{"embeddable":true,"href":"https:\/\/shop24.lu\/lb\/wp-json\/wp\/v2\/comments?post=44792"}],"version-history":[{"count":0,"href":"https:\/\/shop24.lu\/lb\/wp-json\/wp\/v2\/pages\/44792\/revisions"}],"wp:attachment":[{"href":"https:\/\/shop24.lu\/lb\/wp-json\/wp\/v2\/media?parent=44792"}],"curies":[{"name":"wp","href":"https:\/\/api.w.org\/{rel}","templated":true}]}}