{"id":46144,"date":"2022-02-06T19:02:59","date_gmt":"2022-02-06T17:02:59","guid":{"rendered":"https:\/\/shop24.lu\/?page_id=46144"},"modified":"2024-02-02T21:03:46","modified_gmt":"2024-02-02T19:03:46","slug":"terra-ag-it-made-in-germany","status":"publish","type":"page","link":"https:\/\/shop24.lu\/lb\/terra-ag-it-made-in-germany\/","title":{"rendered":"Terra &#8211; IT. Made in Germany."},"content":{"rendered":"<p><img decoding=\"async\" class=\"alignnone size-full wp-image-46142\" src=\"https:\/\/shop24.lu\/wp-content\/uploads\/2022\/02\/terra-185px.png\" alt=\"\" width=\"215\" height=\"98\" srcset=\"\/wp-content\/uploads\/2022\/02\/terra-185px.png 215w, \/wp-content\/uploads\/2022\/02\/terra-185px-18x8.png 18w, \/wp-content\/uploads\/2022\/02\/terra-185px-210x96.png 210w\" sizes=\"(max-width: 215px) 100vw, 215px\" \/><\/p>\n<p>Z\u00ebnter m\u00e9i w\u00e9i 35 Joer steet den Numm Wortmann fir Produkter a Servicer am Ber\u00e4ich vun der IT (Informatiounstechnologie) als international aktiven, m\u00ebttelgrousse Familljebetrib.<\/p>\n<p>Mat engem \u00cbmsaz vu m\u00e9i w\u00e9i \u20ac 1 Milliard am Joer 2021 huet d&#039;Firma <a href=\"https:\/\/www.wortmann.de\/\" target=\"_blank\" rel=\"noopener\"><strong>WORTMANN AG<\/strong><\/a> ass eng vun den erfollegr\u00e4ichsten onofh\u00e4ngegen d\u00e4itschen IT Firmen. Als Hiersteller, Distributeur a Cloud Service Provider besch\u00e4ftegen mir ongef\u00e9ier 700 Leit a serv\u00e9iere m\u00e9i w\u00e9i 15.000 Reseller an Integratoren uechter Europa.<\/p>\n<p><a href=\"https:\/\/www.wortmann.de\" target=\"_blank\" rel=\"noopener\"><img decoding=\"async\" class=\"alignnone size-large wp-image-46153\" src=\"https:\/\/shop24.lu\/wp-content\/uploads\/2022\/02\/wortmann-600x238.jpg\" alt=\"\" width=\"600\" height=\"238\" srcset=\"\/wp-content\/uploads\/2022\/02\/wortmann-600x238.jpg 600w, \/wp-content\/uploads\/2022\/02\/wortmann-300x119.jpg 300w, \/wp-content\/uploads\/2022\/02\/wortmann-768x304.jpg 768w, \/wp-content\/uploads\/2022\/02\/wortmann-18x7.jpg 18w, \/wp-content\/uploads\/2022\/02\/wortmann-210x83.jpg 210w, \/wp-content\/uploads\/2022\/02\/wortmann.jpg 800w\" sizes=\"(max-width: 600px) 100vw, 600px\" \/><\/a><\/p>\n<p>D\u00e9i eege Mark <strong>TERRA<\/strong>, mat sengen P\u00ebllen, Laptops, PCs, Aarbechtsstatiounen, Serveren, Sp\u00e4icherarrays, d\u00ebnnem Clienten an LCD-Bildschirmer, ass an D\u00e4itschland zesummegesat an huet s\u00e4in eegent Netz vu Partner an en zentrale Servicecenter op der Produktiounsplaz.<\/p>\n<h3>TERRA - D\u00e9i erfollegr\u00e4ichst Hardwaremark vun D\u00e4itschland<\/h3>\n<p>Fir m\u00e9i w\u00e9i <strong>30 Joer<\/strong>, TERRA Produkter stinn fir zouverl\u00e4sseg a bezuelbar h\u00e9ichw\u00e4erteg Produkter aus D\u00e4itschland gemaach. D&#039;Gamme enth\u00e4lt all d&#039;Apparater d\u00e9i Dir braucht fir modern Informatik.<\/p>\n<p>All TERRA Produkter sinn duerch eng laang charakteris\u00e9iert <strong>Liewensz\u00e4it<\/strong> an <strong>Servicer<\/strong> komplett. Dofir stinn eis TERRA Servicezenter an eisem R\u00e9seau vu m\u00e9i w\u00e9i 1.000 TERRA Servicepartnerfirmen zur Verf\u00fcgung z\u00ebnter <strong>1995<\/strong>.<\/p>\n<p><a href=\"https:\/\/www.wortmann.de\/de-de\/content\/bereich-terra\/Eigenmarken.aspx\" target=\"_blank\" rel=\"noopener\"><img decoding=\"async\" class=\"alignnone wp-image-46154 size-large\" src=\"https:\/\/shop24.lu\/wp-content\/uploads\/2022\/02\/terra-pcs_800-600x197.jpg\" alt=\"TERRA Produkter\" width=\"600\" height=\"197\" srcset=\"\/wp-content\/uploads\/2022\/02\/terra-pcs_800-600x197.jpg 600w, \/wp-content\/uploads\/2022\/02\/terra-pcs_800-300x98.jpg 300w, \/wp-content\/uploads\/2022\/02\/terra-pcs_800-768x252.jpg 768w, \/wp-content\/uploads\/2022\/02\/terra-pcs_800-18x6.jpg 18w, \/wp-content\/uploads\/2022\/02\/terra-pcs_800-210x69.jpg 210w, \/wp-content\/uploads\/2022\/02\/terra-pcs_800.jpg 800w\" sizes=\"(max-width: 600px) 100vw, 600px\" \/><\/a><\/p>\n<p>D&#039;Lager an d&#039;Produktioun am Haaptb\u00fcro am <strong>H\u00fcllhorst (D\u00e4itschland)<\/strong> h\u00e9ich Disponibilit\u00e9it garant\u00e9ieren an esouguer op Ufro d&#039;Liwwerung vun \u00c4rem TERRA-Produkt erlaben <strong>individuell<\/strong> bannent engem oder zwee Aarbechtsdeeg.<\/p>\n<p>TERRA Produkter sinn verf\u00fcgbar an <strong>TERRA Gesch\u00e4fter<\/strong> oder online, z.B. <a href=\"https:\/\/shop24.lu\/lb\/vendors\/econcept-tech\/\"><strong>Shop24.lu<\/strong><\/a> Dir k\u00ebnnt se online kafen. D\u00ebs gi vun eiser Firma \u00ebnnerst\u00ebtzt, d\u00e9i iwwer 160 Beroder iwwer all aktuell IT Themen huet, fir Iech eng optimal Berodung ze garant\u00e9ieren.<\/p>\n<p>Zu L\u00ebtzebuerg ass et \u00ebnner anerem d&#039;Firma <a href=\"https:\/\/econcept.lu\" target=\"_blank\" rel=\"noopener\"><strong>eConcept S\u00e0rl-S<\/strong><\/a> d\u00e9i TERRA Mark Produkter ubidd. Dir k\u00ebnnt einfach TERRA Produkter online kafen op <strong><a href=\"https:\/\/shop24.lu\/lb\/vendors\/econcept-tech\/\">Shop24.lu \u2013 Online Shopping zu L\u00ebtzebuerg<\/a><\/strong> bestellen.<\/p>","protected":false},"excerpt":{"rendered":"<p>Depuis plus de 35 ans, le nom Wortmann est synonyme de produits et de services dans le domaine de l&rsquo;informatique (technologies de l&rsquo;information) en tant qu&rsquo;entreprise familiale de taille moyenne active au niveau international. Avec un chiffre d&rsquo;affaires de plus de 1 milliard d&rsquo;\u20ac en 2021, la soci\u00e9t\u00e9 WORTMANN AG est l&rsquo;une des entreprises informatiques [&#8230;]\n","protected":false},"author":10,"featured_media":0,"parent":0,"menu_order":0,"comment_status":"closed","ping_status":"closed","template":"","meta":{"_seopress_robots_primary_cat":"","_seopress_titles_title":"","_seopress_titles_desc":"","_seopress_robots_index":"","footnotes":""},"class_list":["post-46144","page","type-page","status-publish"],"_links":{"self":[{"href":"https:\/\/shop24.lu\/lb\/wp-json\/wp\/v2\/pages\/46144","targetHints":{"allow":["GET"]}}],"collection":[{"href":"https:\/\/shop24.lu\/lb\/wp-json\/wp\/v2\/pages"}],"about":[{"href":"https:\/\/shop24.lu\/lb\/wp-json\/wp\/v2\/types\/page"}],"author":[{"embeddable":true,"href":"https:\/\/shop24.lu\/lb\/wp-json\/wp\/v2\/users\/10"}],"replies":[{"embeddable":true,"href":"https:\/\/shop24.lu\/lb\/wp-json\/wp\/v2\/comments?post=46144"}],"version-history":[{"count":1,"href":"https:\/\/shop24.lu\/lb\/wp-json\/wp\/v2\/pages\/46144\/revisions"}],"predecessor-version":[{"id":258952,"href":"https:\/\/shop24.lu\/lb\/wp-json\/wp\/v2\/pages\/46144\/revisions\/258952"}],"wp:attachment":[{"href":"https:\/\/shop24.lu\/lb\/wp-json\/wp\/v2\/media?parent=46144"}],"curies":[{"name":"wp","href":"https:\/\/api.w.org\/{rel}","templated":true}]}}