{"id":8916,"date":"2020-10-28T23:00:18","date_gmt":"2020-10-28T21:00:18","guid":{"rendered":"https:\/\/shop24.lu\/?page_id=8916"},"modified":"2020-10-28T23:04:33","modified_gmt":"2020-10-28T21:04:33","slug":"politique-des-cookies","status":"publish","type":"page","link":"https:\/\/shop24.lu\/lb\/politique-des-cookies\/","title":{"rendered":"Cookies Politik"},"content":{"rendered":"<div class=\"cli_pg_page_contaner\">\n<h3>Iwwer d\u00ebs Cookie Politik<\/h3>\n<div>\n<p>D\u00ebs Cookie Politik erkl\u00e4rt wat Cookien sinn a w\u00e9i mir se benotzen, d&#039;Zorte vu Cookien d\u00e9i mir benotzen, dh d&#039;Informatioun d\u00e9i mir mat Cookien sammelen a w\u00e9i d\u00ebs Informatioun benotzt g\u00ebtt, a w\u00e9i d&#039;Cookie-Pr\u00e4ferenzen ze kontroll\u00e9ieren. Fir m\u00e9i Informatiounen iwwer w\u00e9i mir \u00c4r pers\u00e9inlech Donn\u00e9e\u00ebn benotzen, sp\u00e4icheren a sch\u00fctzen, kuckt eis Dateschutzpolitik.<\/p>\n<p>Dir k\u00ebnnt \u00c4r Zoust\u00ebmmung zu der Cookie Ausso op eiser Webs\u00e4it zu all Moment \u00e4nneren oder zr\u00e9ckz\u00e9ien.<br \/>\nFir m\u00e9i gewuer ze ginn wien mir sinn, w\u00e9i Dir eis kontakt\u00e9iere k\u00ebnnt a w\u00e9i mir pers\u00e9inlech Daten veraarbechten, kuckt eis Dateschutzpolitik.<br \/>\n\u00c4r Zoust\u00ebmmung g\u00ebllt fir folgend Domainen: shop24.lu<br \/>\n<div class=\"cli_user_consent_state\">Your current state: No consent given. <a class=\"cli_manage_current_consent\" style=\"cursor:pointer;text-decoration:underline;\">Manage your consent.<\/a> <\/div>\n<\/div>\n<h3>Wat sinn Cookien?<\/h3>\n<div>Cookies si kleng Textdateien d\u00e9i benotzt gi fir kleng Informatioun ze sp\u00e4icheren. Si ginn op \u00c4rem Apparat gesp\u00e4ichert wann d&#039;Webs\u00e4it an \u00c4rem Browser gelueden ass. D\u00ebs Cookien h\u00ebllefen eis d&#039;Webs\u00e4it richteg ze maachen, fir se m\u00e9i s\u00e9cher ze maachen, eng besser Benotzererfarung ze bidden, ze verstoen w\u00e9i d&#039;Webs\u00e4it funktionn\u00e9iert an ze analys\u00e9ieren wat funktionn\u00e9iert a wat muss verbessert ginn.<\/div>\n<h3>W\u00e9i benotze mir Cookien?<\/h3>\n<div>\n<p>W\u00e9i d\u00e9i meescht Online Servicer benotzt eis Webs\u00e4it \u00c9ischt-Partei an Dr\u00ebtt Partei Cookien fir verschidden Zwecker. \u00c9ischt Partei Cookien sinn haapts\u00e4chlech n\u00e9ideg fir de gudde Fonctionnement vun der Webs\u00e4it a sammelen keng vun \u00c4re pers\u00e9inlech erkennbaren Donn\u00e9e\u00ebn.<\/p>\n<p>D&#039;Dr\u00ebtt-Partei Cookien, d\u00e9i op eiser Webs\u00e4it benotzt ginn, ginn haapts\u00e4chlech benotzt fir ze verstoen w\u00e9i d&#039;Webs\u00e4it funktionn\u00e9iert, w\u00e9i Dir mat eiser Webs\u00e4it interag\u00e9iert, fir d&#039;S\u00e9cherheet vun eise Servicer ze garant\u00e9ieren, Reklammen ze liwweren d\u00e9i fir Iech relevant sinn an allgemeng fir Iech ze bidden. mat enger besserer a verbesserter Benotzererfarung a fir \u00c4r zuk\u00fcnfteg Interaktioune mat eiser Webs\u00e4it ze beschleunegen: E puer Cookien si wesentlech fir datt Dir vun der voller Funktionalit\u00e9it vun eisem Site profit\u00e9iere k\u00ebnnt. Si erlaben eis Benotzersessiounen z&#039;erhalen a S\u00e9cherheetsbedrohungen ze verh\u00ebnneren. Si sammelen oder sp\u00e4icheren keng pers\u00e9inlech Informatioun. Zum Beispill, d\u00ebs Cookien erlaben Iech op \u00c4re Kont aloggen an Produiten op \u00c4r Wuerekuerf, a s\u00e9cher Checkout.<\/p>\n<p><strong>Statistiken<\/strong> : D\u00ebs Cookien sp\u00e4icheren Informatioun w\u00e9i d&#039;Zuel vun de Besucher op der Webs\u00e4it, d&#039;Zuel vun eenzegaartege Besucher, d&#039;S\u00e4ite vun der Webs\u00e4it d\u00e9i besicht goufen, d&#039;Quell vum Besuch, etc. D\u00ebs Donn\u00e9e\u00ebn h\u00ebllefen eis Webs\u00e4it Leeschtung a Ber\u00e4icher fir Verbesserung verstoen an analys\u00e9ieren.<\/p>\n<p><strong>Marketing<\/strong> : Eis Webs\u00e4it weist Annoncen. D\u00ebs Cookies gi benotzt fir d&#039;Annoncen ze personalis\u00e9ieren, d\u00e9i mir Iech weisen, sou datt se s\u00ebnnvoll fir Iech sinn. D\u00ebs Cookien h\u00ebllefen eis och d&#039;Effizienz vun d\u00ebse Reklammekampagnen ze verfolgen.<br \/>\nD&#039;Informatiounen, d\u00e9i an d\u00ebse Cookien gesp\u00e4ichert sinn, k\u00ebnnen och vun Dr\u00ebtt-Partei-Annoncen Ubidder benotzt ginn fir Iech Annoncen op anere Webs\u00e4iten am Browser ze weisen.<\/p>\n<p><strong>Funktionell<\/strong> : D\u00ebst si Cookien d\u00e9i d&#039;Benotzung vu best\u00ebmmten net-wesentleche Funktionalit\u00e9ite vun eiser Webs\u00e4it erm\u00e9iglechen. D\u00ebs Fonctiounen enthalen Inhalter w\u00e9i Videoen oder Deele Webs\u00e4itinhalt op sozialen Medienplattformen.<\/p>\n<p><strong>Preferenzen<\/strong> : D\u00ebs Cookien h\u00ebllefen eis \u00c4r Astellungen a Browservirl\u00e9iften ze sp\u00e4icheren, w\u00e9i Sproochvirl\u00e9iften, sou datt Dir eng besser a m\u00e9i effizient Erfahrung bei \u00c4ren zuk\u00fcnftege Besuche vun der Webs\u00e4it gen\u00e9isst.<br \/>\n\n<\/div>\n<h3>W\u00e9i kann ech Cookie Virl\u00e9iften kontroll\u00e9ieren?<\/h3>\n<div>\n<p>Wann Dir d\u00e9cid\u00e9iert \u00c4r Astellunge m\u00e9i sp\u00e9it w\u00e4hrend \u00c4rer Surfen Sessioun ze \u00e4nneren, k\u00ebnnt Dir op de Tab &quot;Privatsph\u00e4r a Privatsph\u00e4r&quot; klickt. Cookie Politik&quot; op \u00c4rem \u00c9cran. D&#039;Zoust\u00ebmmung Notiz w\u00e4ert er\u00ebm ersch\u00e9ngen, wat Iech erlaabt \u00c4r Virl\u00e9iften z&#039;\u00e4nneren oder \u00c4r Zoust\u00ebmmung ganz zr\u00e9ckz\u00e9ien.<\/p>\n<p>Zous\u00e4tzlech bidden verschidde Browser verschidde Methoden fir Cookien ze block\u00e9ieren an ze l\u00e4schen, d\u00e9i vu Webs\u00e4ite benotzt ginn. Dir k\u00ebnnt \u00c4re Browser Astellunge \u00e4nneren fir Cookien ze block\u00e9ieren \/ ze l\u00e4schen. Fir m\u00e9i ze l\u00e9ieren w\u00e9i Dir Cookien verwalten a l\u00e4scht, kuckt wikipedia.org, www.allaboutcookies.org.<\/p>\n<\/div>\n<\/div>","protected":false},"excerpt":{"rendered":"<p>A propos de cette politique en mati\u00e8re de cookies Cette politique en mati\u00e8re de cookies explique ce que sont les cookies et comment nous les utilisons, les types de cookies que nous utilisons, c&rsquo;est-\u00e0-dire les informations que nous collectons \u00e0 l&rsquo;aide de cookies et comment ces informations sont utilis\u00e9es, et comment contr\u00f4ler les pr\u00e9f\u00e9rences en [&#8230;]\n","protected":false},"author":10,"featured_media":0,"parent":0,"menu_order":0,"comment_status":"closed","ping_status":"closed","template":"","meta":{"_seopress_robots_primary_cat":"","_seopress_titles_title":"","_seopress_titles_desc":"","_seopress_robots_index":"","footnotes":""},"class_list":["post-8916","page","type-page","status-publish"],"_links":{"self":[{"href":"https:\/\/shop24.lu\/lb\/wp-json\/wp\/v2\/pages\/8916","targetHints":{"allow":["GET"]}}],"collection":[{"href":"https:\/\/shop24.lu\/lb\/wp-json\/wp\/v2\/pages"}],"about":[{"href":"https:\/\/shop24.lu\/lb\/wp-json\/wp\/v2\/types\/page"}],"author":[{"embeddable":true,"href":"https:\/\/shop24.lu\/lb\/wp-json\/wp\/v2\/users\/10"}],"replies":[{"embeddable":true,"href":"https:\/\/shop24.lu\/lb\/wp-json\/wp\/v2\/comments?post=8916"}],"version-history":[{"count":0,"href":"https:\/\/shop24.lu\/lb\/wp-json\/wp\/v2\/pages\/8916\/revisions"}],"wp:attachment":[{"href":"https:\/\/shop24.lu\/lb\/wp-json\/wp\/v2\/media?parent=8916"}],"curies":[{"name":"wp","href":"https:\/\/api.w.org\/{rel}","templated":true}]}}