{"id":1968,"date":"2020-07-07T20:06:49","date_gmt":"2020-07-07T18:06:49","guid":{"rendered":"https:\/\/shop24.lu\/?post_type=product&#038;p=1968"},"modified":"2020-07-15T20:55:34","modified_gmt":"2020-07-15T18:55:34","slug":"paleo","status":"publish","type":"product","link":"https:\/\/shop24.lu\/lb\/product\/paleo\/","title":{"rendered":"Paleo - Die moderne Steinzeitliche Lebensart"},"content":{"rendered":"<p><strong>Zur\u00fcck in die Steinzeit? Genau dieses Buch hat uns in Luxemburg gefehlt!<\/strong><\/p>\n<p>Mein erster Gedanke: Noch ein Di\u00e4tbuch \u2026 Mein zweiter und alle weiteren Gedanken: WOW!<\/p>\n<p>Nathalie Meier hat ein optisch und \u00e4sthetisch sehr ansprechendes und angenehm zum Anfassen gestaltetes<br \/>\nBuch geschaffen: Wundersch\u00f6ne Fotografien von Anne Lommel, appetitmachende Abbildungen von Speisen, Aufnahmen von Lebens-Mitteln in ihrer nat\u00fcrlichen Form, Fotos von luxemburgischen M\u00e4rkten und zuletzt unserer herrlichen Natur \u2026 zum Wandern, Erkunden und Sporteln einladend.<\/p>\n<p>Diese gelungenen \u00e4ussere Aufmachung des Buches ist die eine Sache; weitaus bemerkenswerter ist der geschriebene Inhalt: NMH beschreibt ihren eigenen Ern\u00e4hrungs- und Lebensweg und gibt dabei auch viel Pers\u00f6nliches preis, was nicht unwesentlich zur Authentizit\u00e4t beitr\u00e4gt. Sie beschreibt anhand einer \u201eZeitreise\u201c die unnat\u00fcrliche Richtung, die unsere Ern\u00e4hrung und Lebensweise in den letzten ca. 15.000 Jahren eingeschlagen haben. Unsere genetische Ausstattung, \u00fcber 2,5 Millionen Jahre alt, konnte nicht so schnell revolutionieren, um sich unseren heutigen Lebensbedingungen anzupassen.<\/p>\n<p>Ein Grossteil unserer Erkrankungen (und das sind die allermeisten &quot;Zivilisationserkrankungen&quot; wie Diabetes, \u00dcbergewicht, Bluthochdruck, Fettstoffwechselst\u00f6rungen: metabolisches Syndrom, Gelenkverschleiss bis hin zu einer Reihe von Krebserkrankungen, wien auch aus der WHO genannt) Resultat: aus der WHO \u00dcberern\u00e4hrung mit minderwertigen, chemisch behandelten, mit unguten Zusatzstoffen, Geschmacksverst\u00e4rkern und Transfetts\u00e4uren versehenen (Fertig-) Lebensmitteln.<\/p>\n<p>Im Anhang findt sich dazu ein gut ausgestattetes Literaturverzeichnis, wissenschaftlich untermauert und kritisch im Blick auf Lebensmittel- und Pharmaindustrie. Was uns bereits jahrzehntelang mittels irref\u00fchrender Werbung (Die gesunde Schokolade f\u00fcr Kinder; Brotaufstriche N\u00fcssen aus und geh\u00e4rteten Fetten etc.) als &quot;gesund&quot; angepriesen wird - inklusiv der noch immer zT propagierten, Wissenschaftlich \u00fcberholten &quot;Lebensmittelger\u00e4tenerhalten&quot; -smittelichenrichtung des \u00fcberholen &quot;Lebensmittelger\u00e4ten&quot;<\/p>","protected":false},"excerpt":{"rendered":"<p style=\"text-align: center;\"><strong>PALEO \u2013 Die modern steinzeitliche Lebensart<\/strong><br \/>\n<strong>Saisonal Rezepte und vieles mehr<\/strong><\/p>\n<p style=\"text-align: center;\">SEASONAL \u2013 GESUND \u2013 FIT<br \/>\nDer Paleo-Ratgeber f\u00fcr alle, die den Urgeschmack suchen.<\/p>\n<p>&nbsp;<\/p>\n<p><strong>Weitere Informationen als GRATIS Download:<\/strong><br \/>\n<a href=\"https:\/\/shop24.lu\/wp-content\/uploads\/2020\/07\/Paleo_Rezension.pdf\">\u2013 Rezension zum PALEO Buch (PDF)<\/a><br \/>\n<a href=\"https:\/\/shop24.lu\/wp-content\/uploads\/2020\/07\/Paleo_Shortlist_Flyer.pdf\">\u2013 Die Paleo_Shortlist (PDF)<\/a><\/p>\n<p><a href=\"https:\/\/shop24.lu\/wp-content\/uploads\/2020\/07\/Paleo_Shortlist_Flyer.pdf\"><img decoding=\"async\" class=\"alignnone size-full wp-image-1979\" src=\"https:\/\/shop24.lu\/wp-content\/uploads\/2020\/07\/paleo_shortlist.png\" alt=\"\" width=\"400\" height=\"284\" \/><\/a><\/p>","protected":false},"featured_media":0,"comment_status":"open","ping_status":"closed","template":"","meta":{"_seopress_robots_primary_cat":"","_seopress_titles_title":"","_seopress_titles_desc":"","_seopress_robots_index":""},"product_brand":[],"product_cat":[66],"product_tag":[],"class_list":{"0":"post-1968","1":"product","2":"type-product","3":"status-publish","5":"product_cat-livres","7":"first","8":"instock","9":"shipping-taxable","10":"purchasable","11":"product-type-simple"},"_links":{"self":[{"href":"https:\/\/shop24.lu\/lb\/wp-json\/wp\/v2\/product\/1968","targetHints":{"allow":["GET"]}}],"collection":[{"href":"https:\/\/shop24.lu\/lb\/wp-json\/wp\/v2\/product"}],"about":[{"href":"https:\/\/shop24.lu\/lb\/wp-json\/wp\/v2\/types\/product"}],"replies":[{"embeddable":true,"href":"https:\/\/shop24.lu\/lb\/wp-json\/wp\/v2\/comments?post=1968"}],"wp:attachment":[{"href":"https:\/\/shop24.lu\/lb\/wp-json\/wp\/v2\/media?parent=1968"}],"wp:term":[{"taxonomy":"product_brand","embeddable":true,"href":"https:\/\/shop24.lu\/lb\/wp-json\/wp\/v2\/product_brand?post=1968"},{"taxonomy":"product_cat","embeddable":true,"href":"https:\/\/shop24.lu\/lb\/wp-json\/wp\/v2\/product_cat?post=1968"},{"taxonomy":"product_tag","embeddable":true,"href":"https:\/\/shop24.lu\/lb\/wp-json\/wp\/v2\/product_tag?post=1968"}],"curies":[{"name":"wp","href":"https:\/\/api.w.org\/{rel}","templated":true}]}}