{"id":2386,"date":"2020-09-03T21:42:01","date_gmt":"2020-09-03T19:42:01","guid":{"rendered":"https:\/\/shop24.lu\/?post_type=product&#038;p=2386"},"modified":"2024-07-16T15:31:43","modified_gmt":"2024-07-16T13:31:43","slug":"thalgo-eau-micellaire-demaquillante","status":"publish","type":"product","link":"https:\/\/shop24.lu\/lb\/product\/thalgo-eau-micellaire-demaquillante\/","title":{"rendered":"Thalgo - Cleansing micellar Waasser"},"content":{"rendered":"<p>Micellar Waasser fir Gesiicht an Ae mat S\u00e8ve Bleue des Oc\u00e9ans, wat Make-up l\u00e4scht an all Hautaarten, och sensibel, an engem eenzege Schr\u00ebtt l\u00e4scht, parfumfr\u00e4i<\/p>","protected":false},"excerpt":{"rendered":"<p>Micellar Waasser fir Gesiicht an Ae mat S\u00e8ve Bleue des Oc\u00e9ans, wat Make-up l\u00e4scht an all Hautaarten, och sensibel, an engem eenzege Schr\u00ebtt l\u00e4scht, parfumfr\u00e4i<\/p>","protected":false},"featured_media":277062,"comment_status":"open","ping_status":"closed","template":"","meta":{"_seopress_robots_primary_cat":"","_seopress_titles_title":"","_seopress_titles_desc":"","_seopress_robots_index":""},"product_brand":[],"product_cat":[60,330],"product_tag":[329,331,328],"class_list":{"0":"post-2386","1":"product","2":"type-product","3":"status-publish","4":"has-post-thumbnail","6":"product_cat-beaute","7":"product_cat-nettoyants","8":"product_tag-beauty","9":"product_tag-demaquillage","10":"product_tag-thalgo","12":"first","13":"instock","14":"shipping-taxable","15":"purchasable","16":"product-type-simple"},"_links":{"self":[{"href":"https:\/\/shop24.lu\/lb\/wp-json\/wp\/v2\/product\/2386","targetHints":{"allow":["GET"]}}],"collection":[{"href":"https:\/\/shop24.lu\/lb\/wp-json\/wp\/v2\/product"}],"about":[{"href":"https:\/\/shop24.lu\/lb\/wp-json\/wp\/v2\/types\/product"}],"replies":[{"embeddable":true,"href":"https:\/\/shop24.lu\/lb\/wp-json\/wp\/v2\/comments?post=2386"}],"wp:featuredmedia":[{"embeddable":true,"href":"https:\/\/shop24.lu\/lb\/wp-json\/wp\/v2\/media\/277062"}],"wp:attachment":[{"href":"https:\/\/shop24.lu\/lb\/wp-json\/wp\/v2\/media?parent=2386"}],"wp:term":[{"taxonomy":"product_brand","embeddable":true,"href":"https:\/\/shop24.lu\/lb\/wp-json\/wp\/v2\/product_brand?post=2386"},{"taxonomy":"product_cat","embeddable":true,"href":"https:\/\/shop24.lu\/lb\/wp-json\/wp\/v2\/product_cat?post=2386"},{"taxonomy":"product_tag","embeddable":true,"href":"https:\/\/shop24.lu\/lb\/wp-json\/wp\/v2\/product_tag?post=2386"}],"curies":[{"name":"wp","href":"https:\/\/api.w.org\/{rel}","templated":true}]}}