{"id":2416,"date":"2020-09-10T22:53:57","date_gmt":"2020-09-10T20:53:57","guid":{"rendered":"https:\/\/shop24.lu\/?post_type=product&#038;p=2416"},"modified":"2024-07-18T16:39:27","modified_gmt":"2024-07-18T14:39:27","slug":"thalgo-gelee-douceur-purifitante","status":"publish","type":"product","link":"https:\/\/shop24.lu\/lb\/product\/thalgo-gelee-douceur-purifitante\/","title":{"rendered":"Thalgo-Gel\u00e9e purifying Weichheet"},"content":{"rendered":"<p>1. Rengheetsschr\u00ebtt fir Kombinatioun bis fetteg Haut d\u00e9i intensiv botzt andeems G\u00ebftstoffer an iwwersch\u00ebsseg Talg elimin\u00e9iert ginn fir propper, fr\u00ebsch Haut.<\/p>","protected":false},"excerpt":{"rendered":"<p>1. Rengheetsschr\u00ebtt fir Kombinatioun bis fetteg Haut d\u00e9i intensiv botzt andeems G\u00ebftstoffer an iwwersch\u00ebsseg Talg elimin\u00e9iert ginn fir propper, fr\u00ebsch Haut.<\/p>","protected":false},"featured_media":277251,"comment_status":"open","ping_status":"closed","template":"","meta":{"_seopress_robots_primary_cat":"","_seopress_titles_title":"","_seopress_titles_desc":"","_seopress_robots_index":""},"product_brand":[],"product_cat":[60,330,339],"product_tag":[331,332,350,305,349,345,328],"class_list":{"0":"post-2416","1":"product","2":"type-product","3":"status-publish","4":"has-post-thumbnail","6":"product_cat-beaute","7":"product_cat-nettoyants","8":"product_cat-soins-du-visage","9":"product_tag-demaquillage","10":"product_tag-eauceane","11":"product_tag-gel-nettoyant","12":"product_tag-nettoyant","13":"product_tag-peaux-mixtes","14":"product_tag-soin-visage","15":"product_tag-thalgo","17":"first","18":"instock","19":"shipping-taxable","20":"purchasable","21":"product-type-simple"},"_links":{"self":[{"href":"https:\/\/shop24.lu\/lb\/wp-json\/wp\/v2\/product\/2416","targetHints":{"allow":["GET"]}}],"collection":[{"href":"https:\/\/shop24.lu\/lb\/wp-json\/wp\/v2\/product"}],"about":[{"href":"https:\/\/shop24.lu\/lb\/wp-json\/wp\/v2\/types\/product"}],"replies":[{"embeddable":true,"href":"https:\/\/shop24.lu\/lb\/wp-json\/wp\/v2\/comments?post=2416"}],"wp:featuredmedia":[{"embeddable":true,"href":"https:\/\/shop24.lu\/lb\/wp-json\/wp\/v2\/media\/277251"}],"wp:attachment":[{"href":"https:\/\/shop24.lu\/lb\/wp-json\/wp\/v2\/media?parent=2416"}],"wp:term":[{"taxonomy":"product_brand","embeddable":true,"href":"https:\/\/shop24.lu\/lb\/wp-json\/wp\/v2\/product_brand?post=2416"},{"taxonomy":"product_cat","embeddable":true,"href":"https:\/\/shop24.lu\/lb\/wp-json\/wp\/v2\/product_cat?post=2416"},{"taxonomy":"product_tag","embeddable":true,"href":"https:\/\/shop24.lu\/lb\/wp-json\/wp\/v2\/product_tag?post=2416"}],"curies":[{"name":"wp","href":"https:\/\/api.w.org\/{rel}","templated":true}]}}