{"id":2433,"date":"2020-09-11T14:20:22","date_gmt":"2020-09-11T12:20:22","guid":{"rendered":"https:\/\/shop24.lu\/?post_type=product&#038;p=2433"},"modified":"2024-07-17T12:26:45","modified_gmt":"2024-07-17T10:26:45","slug":"thalgo-serum-lumiere-hydratant","status":"publish","type":"product","link":"https:\/\/shop24.lu\/lb\/product\/thalgo-serum-lumiere-hydratant\/","title":{"rendered":"THALGO &#8211; S\u00e9rum d\u00e9salt\u00e9rant intensif"},"content":{"rendered":"<p>Ce s\u00e9rum l\u00e9ger et frais, ultra concentr\u00e9 en s\u00e8ve bleue des oc\u00e9ans et en filtrat d\u2019algues micro-\u00e9clat\u00e9es brevet\u00e9es, est enrichi d\u2019un extrait de Padine de M\u00e9diterran\u00e9e pour d\u00e9salt\u00e9rer les peaux les plus assoiff\u00e9es. Imm\u00e9diatement, le produit semble booster l\u2019hydratation de la peau. D\u00e8s 28 jours, la peau est pleinement hydrat\u00e9e, elle est comme ressourc\u00e9e, en pleine forme.<\/p>","protected":false},"excerpt":{"rendered":"<p>Ce s\u00e9rum l\u00e9ger et frais, ultra concentr\u00e9 en s\u00e8ve bleue des oc\u00e9ans et en filtrat d\u2019algues micro-\u00e9clat\u00e9es brevet\u00e9es, est enrichi d\u2019un extrait de Padine de M\u00e9diterran\u00e9e pour d\u00e9salt\u00e9rer les peaux les plus assoiff\u00e9es. Imm\u00e9diatement, le produit semble booster l\u2019hydratation de la peau. D\u00e8s 28 jours, la peau est pleinement hydrat\u00e9e, elle est comme ressourc\u00e9e, en pleine forme.<\/p>","protected":false},"featured_media":277122,"comment_status":"open","ping_status":"closed","template":"","meta":{"_seopress_robots_primary_cat":"","_seopress_titles_title":"","_seopress_titles_desc":"","_seopress_robots_index":""},"product_brand":[],"product_cat":[60,29840,339],"product_tag":[358,329,333,332,355,362,348,328,360],"class_list":{"0":"post-2433","1":"product","2":"type-product","3":"status-publish","4":"has-post-thumbnail","6":"product_cat-beaute","7":"product_cat-serum","8":"product_cat-soins-du-visage","9":"product_tag-anti-aging","10":"product_tag-beauty","11":"product_tag-creme","12":"product_tag-eauceane","13":"product_tag-hydratant","14":"product_tag-serum","15":"product_tag-soin","16":"product_tag-thalgo","17":"product_tag-visage","19":"first","20":"instock","21":"shipping-taxable","22":"purchasable","23":"product-type-simple"},"_links":{"self":[{"href":"https:\/\/shop24.lu\/lb\/wp-json\/wp\/v2\/product\/2433","targetHints":{"allow":["GET"]}}],"collection":[{"href":"https:\/\/shop24.lu\/lb\/wp-json\/wp\/v2\/product"}],"about":[{"href":"https:\/\/shop24.lu\/lb\/wp-json\/wp\/v2\/types\/product"}],"replies":[{"embeddable":true,"href":"https:\/\/shop24.lu\/lb\/wp-json\/wp\/v2\/comments?post=2433"}],"wp:featuredmedia":[{"embeddable":true,"href":"https:\/\/shop24.lu\/lb\/wp-json\/wp\/v2\/media\/277122"}],"wp:attachment":[{"href":"https:\/\/shop24.lu\/lb\/wp-json\/wp\/v2\/media?parent=2433"}],"wp:term":[{"taxonomy":"product_brand","embeddable":true,"href":"https:\/\/shop24.lu\/lb\/wp-json\/wp\/v2\/product_brand?post=2433"},{"taxonomy":"product_cat","embeddable":true,"href":"https:\/\/shop24.lu\/lb\/wp-json\/wp\/v2\/product_cat?post=2433"},{"taxonomy":"product_tag","embeddable":true,"href":"https:\/\/shop24.lu\/lb\/wp-json\/wp\/v2\/product_tag?post=2433"}],"curies":[{"name":"wp","href":"https:\/\/api.w.org\/{rel}","templated":true}]}}