{"id":2495,"date":"2020-09-13T11:11:27","date_gmt":"2020-09-13T09:11:27","guid":{"rendered":"https:\/\/shop24.lu\/?post_type=product&#038;p=2495"},"modified":"2024-07-24T10:55:03","modified_gmt":"2024-07-24T08:55:03","slug":"thalgo-serum-redensifiant-intensif","status":"publish","type":"product","link":"https:\/\/shop24.lu\/lb\/product\/thalgo-serum-redensifiant-intensif\/","title":{"rendered":"Intensiv Redensifying Thalgo-Serum"},"content":{"rendered":"<p>D\u00ebst konzentr\u00e9iert Serum, ber\u00e4ichert mat Hyalurons\u00e4ure, kombin\u00e9iert all Redensifiz\u00e9ierungs-Liftkraaft vum patent\u00e9ierte Substitutive Marine Complex mat engem Planzentrio deen d&#039;Liicht reaktiv\u00e9iert. Am Laf vun den Uwendungen g\u00ebtt den Oval \u00ebmgeformt an d&#039;Volumen vum Gesiicht sichtbar restaur\u00e9iert. Den Teint ersch\u00e9ngt m\u00e9i fr\u00ebsch, m\u00e9i homogen, an d\u00e9i natierlech rosa Glanz vum Gesiicht ass w\u00e9i restaur\u00e9iert.<\/p>","protected":false},"excerpt":{"rendered":"<p>D\u00ebst konzentr\u00e9iert Serum, ber\u00e4ichert mat Hyalurons\u00e4ure, kombin\u00e9iert all Redensifiz\u00e9ierungs-Liftkraaft vum patent\u00e9ierte Substitutive Marine Complex mat engem Planzentrio deen d&#039;Liicht reaktiv\u00e9iert. Am Laf vun den Uwendungen g\u00ebtt den Oval \u00ebmgeformt an d&#039;Volumen vum Gesiicht sichtbar restaur\u00e9iert. Den Teint ersch\u00e9ngt m\u00e9i fr\u00ebsch, m\u00e9i homogen, an d\u00e9i natierlech rosa Glanz vum Gesiicht ass w\u00e9i restaur\u00e9iert.<\/p>","protected":false},"featured_media":2496,"comment_status":"open","ping_status":"closed","template":"","meta":{"_seopress_robots_primary_cat":"","_seopress_titles_title":"","_seopress_titles_desc":"","_seopress_robots_index":""},"product_brand":[],"product_cat":[60,29840,339],"product_tag":[358,329,332,355,374,362,348,345,328],"class_list":{"0":"post-2495","1":"product","2":"type-product","3":"status-publish","4":"has-post-thumbnail","6":"product_cat-beaute","7":"product_cat-serum","8":"product_cat-soins-du-visage","9":"product_tag-anti-aging","10":"product_tag-beauty","11":"product_tag-eauceane","12":"product_tag-hydratant","13":"product_tag-lifting","14":"product_tag-serum","15":"product_tag-soin","16":"product_tag-soin-visage","17":"product_tag-thalgo","19":"first","20":"instock","21":"shipping-taxable","22":"purchasable","23":"product-type-simple"},"_links":{"self":[{"href":"https:\/\/shop24.lu\/lb\/wp-json\/wp\/v2\/product\/2495","targetHints":{"allow":["GET"]}}],"collection":[{"href":"https:\/\/shop24.lu\/lb\/wp-json\/wp\/v2\/product"}],"about":[{"href":"https:\/\/shop24.lu\/lb\/wp-json\/wp\/v2\/types\/product"}],"replies":[{"embeddable":true,"href":"https:\/\/shop24.lu\/lb\/wp-json\/wp\/v2\/comments?post=2495"}],"wp:featuredmedia":[{"embeddable":true,"href":"https:\/\/shop24.lu\/lb\/wp-json\/wp\/v2\/media\/2496"}],"wp:attachment":[{"href":"https:\/\/shop24.lu\/lb\/wp-json\/wp\/v2\/media?parent=2495"}],"wp:term":[{"taxonomy":"product_brand","embeddable":true,"href":"https:\/\/shop24.lu\/lb\/wp-json\/wp\/v2\/product_brand?post=2495"},{"taxonomy":"product_cat","embeddable":true,"href":"https:\/\/shop24.lu\/lb\/wp-json\/wp\/v2\/product_cat?post=2495"},{"taxonomy":"product_tag","embeddable":true,"href":"https:\/\/shop24.lu\/lb\/wp-json\/wp\/v2\/product_tag?post=2495"}],"curies":[{"name":"wp","href":"https:\/\/api.w.org\/{rel}","templated":true}]}}