{"id":2497,"date":"2020-09-13T11:18:54","date_gmt":"2020-09-13T09:18:54","guid":{"rendered":"https:\/\/shop24.lu\/?post_type=product&#038;p=2497"},"modified":"2024-07-24T10:58:51","modified_gmt":"2024-07-24T08:58:51","slug":"thalgo-creme-redensifiante","status":"publish","type":"product","link":"https:\/\/shop24.lu\/lb\/product\/thalgo-creme-redensifiante\/","title":{"rendered":"Redensifying Thalgo-Cr\u00e8me"},"content":{"rendered":"<p>D\u00ebs Cr\u00e8me mat enger feiner a velvetzeger Textur konzentr\u00e9iert all Redensifiz\u00e9ierungs-Liftkraaft vum patent\u00e9ierte Substitutive Marine Complex. Am Laf vun den Uwendungen ass den Oval vum Gesiicht w\u00e9i \u00ebmgeformt, d&#039;B\u00e4nn sch\u00e9ngen restaur\u00e9iert, d&#039;Falten sch\u00e9ngen ausgef\u00ebllt ze sinn an den Teint ass siichtbar vereenegt.<\/p>","protected":false},"excerpt":{"rendered":"<p>D\u00ebs Cr\u00e8me mat enger feiner a velvetzeger Textur konzentr\u00e9iert all Redensifiz\u00e9ierungs-Liftkraaft vum patent\u00e9ierte Substitutive Marine Complex. Am Laf vun den Uwendungen ass den Oval vum Gesiicht w\u00e9i \u00ebmgeformt, d&#039;B\u00e4nn sch\u00e9ngen restaur\u00e9iert, d&#039;Falten sch\u00e9ngen ausgef\u00ebllt ze sinn an den Teint ass siichtbar vereenegt.<\/p>","protected":false},"featured_media":277674,"comment_status":"open","ping_status":"closed","template":"","meta":{"_seopress_robots_primary_cat":"","_seopress_titles_title":"","_seopress_titles_desc":"","_seopress_robots_index":""},"product_brand":[],"product_cat":[60,29832,339],"product_tag":[358,329,368,332,374,348,345,328],"class_list":{"0":"post-2497","1":"product","2":"type-product","3":"status-publish","4":"has-post-thumbnail","6":"product_cat-beaute","7":"product_cat-cremes-de-jour-et-de-nuit","8":"product_cat-soins-du-visage","9":"product_tag-anti-aging","10":"product_tag-beauty","11":"product_tag-creme-visage","12":"product_tag-eauceane","13":"product_tag-lifting","14":"product_tag-soin","15":"product_tag-soin-visage","16":"product_tag-thalgo","18":"first","19":"instock","20":"shipping-taxable","21":"purchasable","22":"product-type-simple"},"_links":{"self":[{"href":"https:\/\/shop24.lu\/lb\/wp-json\/wp\/v2\/product\/2497","targetHints":{"allow":["GET"]}}],"collection":[{"href":"https:\/\/shop24.lu\/lb\/wp-json\/wp\/v2\/product"}],"about":[{"href":"https:\/\/shop24.lu\/lb\/wp-json\/wp\/v2\/types\/product"}],"replies":[{"embeddable":true,"href":"https:\/\/shop24.lu\/lb\/wp-json\/wp\/v2\/comments?post=2497"}],"wp:featuredmedia":[{"embeddable":true,"href":"https:\/\/shop24.lu\/lb\/wp-json\/wp\/v2\/media\/277674"}],"wp:attachment":[{"href":"https:\/\/shop24.lu\/lb\/wp-json\/wp\/v2\/media?parent=2497"}],"wp:term":[{"taxonomy":"product_brand","embeddable":true,"href":"https:\/\/shop24.lu\/lb\/wp-json\/wp\/v2\/product_brand?post=2497"},{"taxonomy":"product_cat","embeddable":true,"href":"https:\/\/shop24.lu\/lb\/wp-json\/wp\/v2\/product_cat?post=2497"},{"taxonomy":"product_tag","embeddable":true,"href":"https:\/\/shop24.lu\/lb\/wp-json\/wp\/v2\/product_tag?post=2497"}],"curies":[{"name":"wp","href":"https:\/\/api.w.org\/{rel}","templated":true}]}}