{"id":2501,"date":"2020-09-13T11:28:08","date_gmt":"2020-09-13T09:28:08","guid":{"rendered":"https:\/\/shop24.lu\/?post_type=product&#038;p=2501"},"modified":"2024-07-24T10:53:32","modified_gmt":"2024-07-24T08:53:32","slug":"thalgo-soin-lift-paupieres","status":"publish","type":"product","link":"https:\/\/shop24.lu\/lb\/product\/thalgo-soin-lift-paupieres\/","title":{"rendered":"Thalgo-Eyelid Lift Behandlung"},"content":{"rendered":"<p>Fir e m\u00e9i oppene Look ass d\u00ebs Behandlung mat engem natierlechen Tensor aktiven Zutat ber\u00e4ichert a konzentr\u00e9iert all Redensifiz\u00e9ierungs-Liftkraaft vum patent\u00e9ierte Substitutive Marine Complex. Direkt ersch\u00e9ngt d&#039;Aenkontur glat. Dag fir Dag sch\u00e9ngen d&#039;Falten ze verschwannen an d&#039;Aenlidden sch\u00e9ngen manner ger\u00e9ckelt. D\u00e4ischter Kreeser ginn siichtbar reduz\u00e9iert.<\/p>","protected":false},"excerpt":{"rendered":"<p>Fir e m\u00e9i oppene Look ass d\u00ebs Behandlung mat engem natierlechen Tensor aktiven Zutat ber\u00e4ichert a konzentr\u00e9iert all Redensifiz\u00e9ierungs-Liftkraaft vum patent\u00e9ierte Substitutive Marine Complex. Direkt ersch\u00e9ngt d&#039;Aenkontur glat. Dag fir Dag sch\u00e9ngen d&#039;Falten ze verschwannen an d&#039;Aenlidden sch\u00e9ngen manner ger\u00e9ckelt. D\u00e4ischter Kreeser ginn siichtbar reduz\u00e9iert.<\/p>","protected":false},"featured_media":277669,"comment_status":"open","ping_status":"closed","template":"","meta":{"_seopress_robots_primary_cat":"","_seopress_titles_title":"","_seopress_titles_desc":"","_seopress_robots_index":""},"product_brand":[],"product_cat":[60,29840,339],"product_tag":[378,329,376,332,374,385,345,379,328],"class_list":{"0":"post-2501","1":"product","2":"type-product","3":"status-publish","4":"has-post-thumbnail","6":"product_cat-beaute","7":"product_cat-serum","8":"product_cat-soins-du-visage","9":"product_tag-anti-rides","10":"product_tag-beauty","11":"product_tag-contour-yeux","12":"product_tag-eauceane","13":"product_tag-lifting","14":"product_tag-paupieres","15":"product_tag-soin-visage","16":"product_tag-soin-yeux","17":"product_tag-thalgo","19":"first","20":"instock","21":"shipping-taxable","22":"purchasable","23":"product-type-simple"},"_links":{"self":[{"href":"https:\/\/shop24.lu\/lb\/wp-json\/wp\/v2\/product\/2501","targetHints":{"allow":["GET"]}}],"collection":[{"href":"https:\/\/shop24.lu\/lb\/wp-json\/wp\/v2\/product"}],"about":[{"href":"https:\/\/shop24.lu\/lb\/wp-json\/wp\/v2\/types\/product"}],"replies":[{"embeddable":true,"href":"https:\/\/shop24.lu\/lb\/wp-json\/wp\/v2\/comments?post=2501"}],"wp:featuredmedia":[{"embeddable":true,"href":"https:\/\/shop24.lu\/lb\/wp-json\/wp\/v2\/media\/277669"}],"wp:attachment":[{"href":"https:\/\/shop24.lu\/lb\/wp-json\/wp\/v2\/media?parent=2501"}],"wp:term":[{"taxonomy":"product_brand","embeddable":true,"href":"https:\/\/shop24.lu\/lb\/wp-json\/wp\/v2\/product_brand?post=2501"},{"taxonomy":"product_cat","embeddable":true,"href":"https:\/\/shop24.lu\/lb\/wp-json\/wp\/v2\/product_cat?post=2501"},{"taxonomy":"product_tag","embeddable":true,"href":"https:\/\/shop24.lu\/lb\/wp-json\/wp\/v2\/product_tag?post=2501"}],"curies":[{"name":"wp","href":"https:\/\/api.w.org\/{rel}","templated":true}]}}