{"id":252760,"date":"2023-11-20T22:29:24","date_gmt":"2023-11-20T20:29:24","guid":{"rendered":"https:\/\/shop24.lu\/?post_type=product&#038;p=252760"},"modified":"2023-11-20T22:57:33","modified_gmt":"2023-11-20T20:57:33","slug":"ecourses24-healthy-habits","status":"publish","type":"product","link":"https:\/\/shop24.lu\/lb\/product\/ecourses24-healthy-habits\/","title":{"rendered":"eCourses24.com - Gesond Gewunnechten"},"content":{"rendered":"<div class=\"tutor-course-details-content tutor-toggle-more-content\" data-tutor-toggle-more-content=\"\" data-toggle-height=\"200\">\n<h3><strong>Eng Lektioun vun <a href=\"http:\/\/ecourses24.com\">eCourses24.com<\/a><\/strong><\/h3>\n<div class=\"tutor-fs-6 tutor-color-secondary\">\n<p>Avec ce cours vid\u00e9o, vous apprendrez \u00e0 adopter de nouveaux comportements sains et \u00e0 vous d\u00e9barrasser des habitudes destructrices qui vous emp\u00eachent d&rsquo;avancer.<\/p>\n<ul>\n<li>D\u00e9couvrez les secrets r\u00e9v\u00e9l\u00e9s \u00e0 l&rsquo;int\u00e9rieur de Healthy Habits avec plus de clart\u00e9 afin que vous puissiez facilement mettre en \u0153uvre les \u00e9tapes d&rsquo;action.<\/li>\n<li>Beschleunegt \u00c4r Transformatiounsrees andeems Dir m\u00e9i s\u00e9ier duerch de Cours geet, well Dir w\u00ebsst datt e Video kucken m\u00e9i s\u00e9ier a m\u00e9i l\u00ebschteg ass w\u00e9i d&#039;Liesen.<\/li>\n<li>Vous vous souviendrez davantage de ce que vous avez appris afin d&rsquo;obtenir plus de r\u00e9sultats en moins de temps.<\/li>\n<li>Absorb\u00e9iere wat Dir an d\u00ebsem Cours l\u00e9iert m\u00e9i s\u00e9ier ouni Oflenkungen.<\/li>\n<li>B\u00e9n\u00e9ficier d&rsquo;un accompagnement personnel gr\u00e2ce \u00e0 une voix qui vous parle, vous guide et attire votre attention \u00e0 l&rsquo;aide de graphiques visuels.<\/li>\n<\/ul>\n<p><iframe title=\"Af\u00e9ierung\" width=\"1020\" height=\"574\" src=\"https:\/\/www.youtube.com\/embed\/KbG_3PJnODo?feature=oembed\" frameborder=\"0\" allow=\"accelerometer; autoplay; clipboard-write; encrypted-media; gyroscope; picture-in-picture; web-share\" allowfullscreen><\/iframe><\/p>\n<\/div>\n<div class=\"tutor-course-details-widget tutor-course-details-widget-col-2 tutor-mt-lg-50 tutor-mt-32\">\n<h3 class=\"tutor-course-details-widget-title tutor-fs-5 tutor-fw-bold tutor-color-black tutor-mb-16\">Qu&rsquo;allez-vous apprendre ?<\/h3>\n<ul class=\"tutor-course-details-widget-list tutor-color-black tutor-fs-6 tutor-m-0 tutor-mt-16\">\n<li class=\"tutor-d-flex tutor-mb-12\">Wat sinn gesond Gewunnechten? Lifestyle Choixen<\/li>\n<li class=\"tutor-d-flex tutor-mb-12\">Liewensqualit\u00e9it \/ Aarbecht-Liewen Gl\u00e4ichgewiicht<\/li>\n<li class=\"tutor-d-flex tutor-mb-12\">Maacht dat Bescht aus \u00c4ren alldeegleche Gewunnechten<\/li>\n<li class=\"tutor-d-flex tutor-mb-12\">Gesondheet a Fitness Tipps<\/li>\n<li class=\"tutor-d-flex tutor-mb-12\">Tipps fir gesond Ern\u00e4hrung<\/li>\n<li class=\"tutor-d-flex tutor-mb-12\">W\u00e9i besser Qualit\u00e9it Schlof ze kr\u00e9ien<\/li>\n<li class=\"tutor-d-flex tutor-mb-12\">Les avantages de boire plus d&rsquo;eau<\/li>\n<\/ul>\n<div class=\"tutor-course-details-widget\">\n<h3 class=\"tutor-course-details-widget-title tutor-fs-5 tutor-color-black tutor-fw-bold tutor-mb-16\">Hardware enth\u00e4lt<\/h3>\n<ul class=\"tutor-course-details-widget-list tutor-fs-6 tutor-color-black\">\n<li class=\"tutor-d-flex tutor-mb-12\">36 Minutte Video op Ufro<\/li>\n<li class=\"tutor-d-flex tutor-mb-12\">Voll Zougang fir Liewen<\/li>\n<li class=\"tutor-d-flex tutor-mb-12\">Zougang op Handy, Tablet an Desktop<\/li>\n<\/ul>\n<\/div>\n<div class=\"tutor-course-details-widget\">\n<h3 class=\"tutor-course-details-widget-title tutor-fs-5 tutor-color-black tutor-fw-bold tutor-mb-16\">N\u00e9ideg Konditiounen<\/h3>\n<ul class=\"tutor-course-details-widget-list tutor-fs-6 tutor-color-black\">\n<li class=\"tutor-d-flex tutor-mb-12\">Volont\u00e9 d&rsquo;apprendre quelles sont les habitudes importantes pour votre sant\u00e9<\/li>\n<\/ul>\n<\/div>\n<\/div>\n<\/div>","protected":false},"excerpt":{"rendered":"<div class=\"tutor-card-footer\">\n<ul class=\"tutor-ul\">\n<li class=\"tutor-d-flex\">Sprooch: N\u00cbMMEN ENG<\/li>\n<li class=\"tutor-d-flex\"><span class=\"tutor-fs-6 tutor-color-secondary\">Uf\u00e4nger Niveau <\/span><\/li>\n<li class=\"tutor-d-flex tutor-mt-12\"><span class=\"tutor-fs-6 tutor-color-secondary\"> <span class=\"tutor-meta-level\"> Dauer: 36<\/span><span class=\"tutor-meta-value tutor-color-secondary tutor-mr-4\"> Minutten<\/span> <\/span><\/li>\n<li class=\"tutor-d-flex tutor-mt-12\"><span class=\"tutor-fs-6 tutor-color-secondary\"> Lescht aktualis\u00e9iert: 15\/07\/2021 <\/span><\/li>\n<li class=\"tutor-d-flex tutor-mt-12\"><span class=\"tutor-fs-6 tutor-color-secondary\"> Certificat d&rsquo;ach\u00e8vement <\/span><\/li>\n<\/ul>\n<\/div>","protected":false},"featured_media":252761,"comment_status":"closed","ping_status":"closed","template":"","meta":{"_seopress_robots_primary_cat":"none","_seopress_titles_title":"","_seopress_titles_desc":"","_seopress_robots_index":""},"product_brand":[],"product_cat":[31510],"product_tag":[31511,31512,31516,31515,31514,31513],"class_list":{"0":"post-252760","1":"product","2":"type-product","3":"status-publish","4":"has-post-thumbnail","6":"product_cat-cours","7":"product_tag-cours","8":"product_tag-courses","9":"product_tag-ecourese24-com","10":"product_tag-ecourses","11":"product_tag-ecourses24","12":"product_tag-english","14":"first","15":"instock","16":"shipping-taxable","17":"product-type-external"},"_links":{"self":[{"href":"https:\/\/shop24.lu\/lb\/wp-json\/wp\/v2\/product\/252760","targetHints":{"allow":["GET"]}}],"collection":[{"href":"https:\/\/shop24.lu\/lb\/wp-json\/wp\/v2\/product"}],"about":[{"href":"https:\/\/shop24.lu\/lb\/wp-json\/wp\/v2\/types\/product"}],"replies":[{"embeddable":true,"href":"https:\/\/shop24.lu\/lb\/wp-json\/wp\/v2\/comments?post=252760"}],"wp:featuredmedia":[{"embeddable":true,"href":"https:\/\/shop24.lu\/lb\/wp-json\/wp\/v2\/media\/252761"}],"wp:attachment":[{"href":"https:\/\/shop24.lu\/lb\/wp-json\/wp\/v2\/media?parent=252760"}],"wp:term":[{"taxonomy":"product_brand","embeddable":true,"href":"https:\/\/shop24.lu\/lb\/wp-json\/wp\/v2\/product_brand?post=252760"},{"taxonomy":"product_cat","embeddable":true,"href":"https:\/\/shop24.lu\/lb\/wp-json\/wp\/v2\/product_cat?post=252760"},{"taxonomy":"product_tag","embeddable":true,"href":"https:\/\/shop24.lu\/lb\/wp-json\/wp\/v2\/product_tag?post=252760"}],"curies":[{"name":"wp","href":"https:\/\/api.w.org\/{rel}","templated":true}]}}