{"id":2733,"date":"2020-09-16T17:48:55","date_gmt":"2020-09-16T15:48:55","guid":{"rendered":"https:\/\/shop24.lu\/?post_type=product&#038;p=2733"},"modified":"2024-07-24T10:15:35","modified_gmt":"2024-07-24T08:15:35","slug":"thalgo-serum-energisant-detoxifiant","status":"publish","type":"product","link":"https:\/\/shop24.lu\/lb\/product\/thalgo-serum-energisant-detoxifiant\/","title":{"rendered":"Thalgo &#8211; S\u00e9rum \u00e9nergisant\/d\u00e9toxifiant"},"content":{"rendered":"<p>D\u00ebst ultra-konzentr\u00e9iert Serum an energesche Spirulina, gest\u00e4erkt a Marine Magnesium. Et erliewt den natierleche Glanz vun der Haut a glatt d\u00e9i \u00e9ischt Falten, Den Teint ass m\u00e9i fr\u00ebsch, m\u00e9i strahlend, w\u00e9i wann entg\u00ebfteg wier.<\/p>","protected":false},"excerpt":{"rendered":"<p>Energ\u00e9ierend \/ Entgiftend Serum<\/p>","protected":false},"featured_media":2734,"comment_status":"open","ping_status":"closed","template":"","meta":{"_seopress_robots_primary_cat":"","_seopress_titles_title":"","_seopress_titles_desc":"","_seopress_robots_index":""},"product_brand":[],"product_cat":[60,29840,339],"product_tag":[455,358,378,374,362,348,345,328],"class_list":{"0":"post-2733","1":"product","2":"type-product","3":"status-publish","4":"has-post-thumbnail","6":"product_cat-beaute","7":"product_cat-serum","8":"product_cat-soins-du-visage","9":"product_tag-anti-age","10":"product_tag-anti-aging","11":"product_tag-anti-rides","12":"product_tag-lifting","13":"product_tag-serum","14":"product_tag-soin","15":"product_tag-soin-visage","16":"product_tag-thalgo","18":"first","19":"instock","20":"shipping-taxable","21":"purchasable","22":"product-type-simple"},"_links":{"self":[{"href":"https:\/\/shop24.lu\/lb\/wp-json\/wp\/v2\/product\/2733","targetHints":{"allow":["GET"]}}],"collection":[{"href":"https:\/\/shop24.lu\/lb\/wp-json\/wp\/v2\/product"}],"about":[{"href":"https:\/\/shop24.lu\/lb\/wp-json\/wp\/v2\/types\/product"}],"replies":[{"embeddable":true,"href":"https:\/\/shop24.lu\/lb\/wp-json\/wp\/v2\/comments?post=2733"}],"wp:featuredmedia":[{"embeddable":true,"href":"https:\/\/shop24.lu\/lb\/wp-json\/wp\/v2\/media\/2734"}],"wp:attachment":[{"href":"https:\/\/shop24.lu\/lb\/wp-json\/wp\/v2\/media?parent=2733"}],"wp:term":[{"taxonomy":"product_brand","embeddable":true,"href":"https:\/\/shop24.lu\/lb\/wp-json\/wp\/v2\/product_brand?post=2733"},{"taxonomy":"product_cat","embeddable":true,"href":"https:\/\/shop24.lu\/lb\/wp-json\/wp\/v2\/product_cat?post=2733"},{"taxonomy":"product_tag","embeddable":true,"href":"https:\/\/shop24.lu\/lb\/wp-json\/wp\/v2\/product_tag?post=2733"}],"curies":[{"name":"wp","href":"https:\/\/api.w.org\/{rel}","templated":true}]}}