{"id":2735,"date":"2020-09-16T17:54:45","date_gmt":"2020-09-16T15:54:45","guid":{"rendered":"https:\/\/shop24.lu\/?post_type=product&#038;p=2735"},"modified":"2024-07-24T10:16:21","modified_gmt":"2024-07-24T08:16:21","slug":"thalgo-gel-creme-energisante-anti-pollution","status":"publish","type":"product","link":"https:\/\/shop24.lu\/lb\/product\/thalgo-gel-creme-energisante-anti-pollution\/","title":{"rendered":"Anti-Verschmotzung energesch Thalgo-Gel-Cr\u00e8me"},"content":{"rendered":"<p>D\u00ebs Gel-Cr\u00e8me enth\u00e4lt en Algenkomplex deen en onsichtbare Schutzfilm op der Haut bilden. K\u00e4mpf g\u00e9int d&#039;Depositioun vu feine verschmotzten Partikelen, sch\u00fctzt d\u00ebst Sch\u00ebld d&#039;Haut virun externen Agressiounen.<\/p>","protected":false},"excerpt":{"rendered":"<p>Anti-Verschmotzung energizing Gel-Cr\u00e8me<\/p>","protected":false},"featured_media":2736,"comment_status":"open","ping_status":"closed","template":"","meta":{"_seopress_robots_primary_cat":"","_seopress_titles_title":"","_seopress_titles_desc":"","_seopress_robots_index":""},"product_brand":[],"product_cat":[60,29832,339],"product_tag":[358,456,378,333,332,338,374,348,328],"class_list":{"0":"post-2735","1":"product","2":"type-product","3":"status-publish","4":"has-post-thumbnail","6":"product_cat-beaute","7":"product_cat-cremes-de-jour-et-de-nuit","8":"product_cat-soins-du-visage","9":"product_tag-anti-aging","10":"product_tag-anti-pollution","11":"product_tag-anti-rides","12":"product_tag-creme","13":"product_tag-eauceane","14":"product_tag-gel","15":"product_tag-lifting","16":"product_tag-soin","17":"product_tag-thalgo","19":"first","20":"instock","21":"shipping-taxable","22":"purchasable","23":"product-type-simple"},"_links":{"self":[{"href":"https:\/\/shop24.lu\/lb\/wp-json\/wp\/v2\/product\/2735","targetHints":{"allow":["GET"]}}],"collection":[{"href":"https:\/\/shop24.lu\/lb\/wp-json\/wp\/v2\/product"}],"about":[{"href":"https:\/\/shop24.lu\/lb\/wp-json\/wp\/v2\/types\/product"}],"replies":[{"embeddable":true,"href":"https:\/\/shop24.lu\/lb\/wp-json\/wp\/v2\/comments?post=2735"}],"wp:featuredmedia":[{"embeddable":true,"href":"https:\/\/shop24.lu\/lb\/wp-json\/wp\/v2\/media\/2736"}],"wp:attachment":[{"href":"https:\/\/shop24.lu\/lb\/wp-json\/wp\/v2\/media?parent=2735"}],"wp:term":[{"taxonomy":"product_brand","embeddable":true,"href":"https:\/\/shop24.lu\/lb\/wp-json\/wp\/v2\/product_brand?post=2735"},{"taxonomy":"product_cat","embeddable":true,"href":"https:\/\/shop24.lu\/lb\/wp-json\/wp\/v2\/product_cat?post=2735"},{"taxonomy":"product_tag","embeddable":true,"href":"https:\/\/shop24.lu\/lb\/wp-json\/wp\/v2\/product_tag?post=2735"}],"curies":[{"name":"wp","href":"https:\/\/api.w.org\/{rel}","templated":true}]}}