{"id":2737,"date":"2020-09-16T18:33:34","date_gmt":"2020-09-16T16:33:34","guid":{"rendered":"https:\/\/shop24.lu\/?post_type=product&#038;p=2737"},"modified":"2024-07-24T10:17:37","modified_gmt":"2024-07-24T08:17:37","slug":"thalgo-soin-energisant-regard","status":"publish","type":"product","link":"https:\/\/shop24.lu\/lb\/product\/thalgo-soin-energisant-regard\/","title":{"rendered":"Thalgo &#8211; Soin \u00e9nergisant regard"},"content":{"rendered":"<p>D\u00ebse Roll-On mat engem &quot;\u00c4isw\u00fcrfel&quot; Effekt verschw\u00ebnnt Zeeche vu Middegkeet, donkel Kreesser, Puffiness an engem eenzege Geste fir en direkt m\u00e9i fr\u00ebsche Look. Dag fir Dag g\u00ebtt de Glanz vun den Aen er\u00ebmbelieft.<\/p>","protected":false},"excerpt":{"rendered":"<p>Energis\u00e9ierend Auge Behandlung<\/p>","protected":false},"featured_media":2738,"comment_status":"open","ping_status":"closed","template":"","meta":{"_seopress_robots_primary_cat":"","_seopress_titles_title":"","_seopress_titles_desc":"","_seopress_robots_index":""},"product_brand":[],"product_cat":[60,29840,339],"product_tag":[358,378,458,376,332,374,459,461,460,328,457],"class_list":{"0":"post-2737","1":"product","2":"type-product","3":"status-publish","4":"has-post-thumbnail","6":"product_cat-beaute","7":"product_cat-serum","8":"product_cat-soins-du-visage","9":"product_tag-anti-aging","10":"product_tag-anti-rides","11":"product_tag-cernes","12":"product_tag-contour-yeux","13":"product_tag-eauceane","14":"product_tag-lifting","15":"product_tag-poches","16":"product_tag-roll-on","17":"product_tag-soin-regard","18":"product_tag-thalgo","19":"product_tag-yeux","21":"first","22":"instock","23":"shipping-taxable","24":"purchasable","25":"product-type-simple"},"_links":{"self":[{"href":"https:\/\/shop24.lu\/lb\/wp-json\/wp\/v2\/product\/2737","targetHints":{"allow":["GET"]}}],"collection":[{"href":"https:\/\/shop24.lu\/lb\/wp-json\/wp\/v2\/product"}],"about":[{"href":"https:\/\/shop24.lu\/lb\/wp-json\/wp\/v2\/types\/product"}],"replies":[{"embeddable":true,"href":"https:\/\/shop24.lu\/lb\/wp-json\/wp\/v2\/comments?post=2737"}],"wp:featuredmedia":[{"embeddable":true,"href":"https:\/\/shop24.lu\/lb\/wp-json\/wp\/v2\/media\/2738"}],"wp:attachment":[{"href":"https:\/\/shop24.lu\/lb\/wp-json\/wp\/v2\/media?parent=2737"}],"wp:term":[{"taxonomy":"product_brand","embeddable":true,"href":"https:\/\/shop24.lu\/lb\/wp-json\/wp\/v2\/product_brand?post=2737"},{"taxonomy":"product_cat","embeddable":true,"href":"https:\/\/shop24.lu\/lb\/wp-json\/wp\/v2\/product_cat?post=2737"},{"taxonomy":"product_tag","embeddable":true,"href":"https:\/\/shop24.lu\/lb\/wp-json\/wp\/v2\/product_tag?post=2737"}],"curies":[{"name":"wp","href":"https:\/\/api.w.org\/{rel}","templated":true}]}}