{"id":2739,"date":"2020-09-16T18:39:16","date_gmt":"2020-09-16T16:39:16","guid":{"rendered":"https:\/\/shop24.lu\/?post_type=product&#038;p=2739"},"modified":"2024-07-24T10:18:34","modified_gmt":"2024-07-24T08:18:34","slug":"thalgo-concentre-shot-energisant","status":"publish","type":"product","link":"https:\/\/shop24.lu\/lb\/product\/thalgo-concentre-shot-energisant\/","title":{"rendered":"Thalgo-Konzentr\u00e9ieren energizing Schoss"},"content":{"rendered":"<p>Boost Behandlung mat energesche Spirulina, Hyalurons\u00e4ure a Vitamin C, fir eng express Haut Erhuelung. Direkt g\u00ebtt d&#039;Haut plomp\u00e9iert, d&#039;Features ginn glat.<\/p>","protected":false},"excerpt":{"rendered":"<p>Energis\u00e9ierend Schosskonzentrat<\/p>","protected":false},"featured_media":2740,"comment_status":"open","ping_status":"closed","template":"","meta":{"_seopress_robots_primary_cat":"","_seopress_titles_title":"","_seopress_titles_desc":"","_seopress_robots_index":""},"product_brand":[],"product_cat":[60,29840,339],"product_tag":[464,358,378,463,332,355,348,462,328],"class_list":{"0":"post-2739","1":"product","2":"type-product","3":"status-publish","4":"has-post-thumbnail","6":"product_cat-beaute","7":"product_cat-serum","8":"product_cat-soins-du-visage","9":"product_tag-ampoules","10":"product_tag-anti-aging","11":"product_tag-anti-rides","12":"product_tag-boost","13":"product_tag-eauceane","14":"product_tag-hydratant","15":"product_tag-soin","16":"product_tag-spiruline","17":"product_tag-thalgo","19":"first","20":"instock","21":"shipping-taxable","22":"purchasable","23":"product-type-simple"},"_links":{"self":[{"href":"https:\/\/shop24.lu\/lb\/wp-json\/wp\/v2\/product\/2739","targetHints":{"allow":["GET"]}}],"collection":[{"href":"https:\/\/shop24.lu\/lb\/wp-json\/wp\/v2\/product"}],"about":[{"href":"https:\/\/shop24.lu\/lb\/wp-json\/wp\/v2\/types\/product"}],"replies":[{"embeddable":true,"href":"https:\/\/shop24.lu\/lb\/wp-json\/wp\/v2\/comments?post=2739"}],"wp:featuredmedia":[{"embeddable":true,"href":"https:\/\/shop24.lu\/lb\/wp-json\/wp\/v2\/media\/2740"}],"wp:attachment":[{"href":"https:\/\/shop24.lu\/lb\/wp-json\/wp\/v2\/media?parent=2739"}],"wp:term":[{"taxonomy":"product_brand","embeddable":true,"href":"https:\/\/shop24.lu\/lb\/wp-json\/wp\/v2\/product_brand?post=2739"},{"taxonomy":"product_cat","embeddable":true,"href":"https:\/\/shop24.lu\/lb\/wp-json\/wp\/v2\/product_cat?post=2739"},{"taxonomy":"product_tag","embeddable":true,"href":"https:\/\/shop24.lu\/lb\/wp-json\/wp\/v2\/product_tag?post=2739"}],"curies":[{"name":"wp","href":"https:\/\/api.w.org\/{rel}","templated":true}]}}