{"id":2741,"date":"2020-09-16T18:46:23","date_gmt":"2020-09-16T16:46:23","guid":{"rendered":"https:\/\/shop24.lu\/?post_type=product&#038;p=2741"},"modified":"2024-07-24T13:42:09","modified_gmt":"2024-07-24T11:42:09","slug":"thalgo-la-creme-prodige","status":"publish","type":"product","link":"https:\/\/shop24.lu\/lb\/product\/thalgo-la-creme-prodige\/","title":{"rendered":"Thalgo-The prodigy Cr\u00e8me"},"content":{"rendered":"<p>Dot\u00e9iert mat der ongl\u00e4icher Leeschtung vun der regenerativer Marine Intelligenz, korrig\u00e9iert et d&#039;Erscheinung vum Gesiicht: Falten si sichtbar gl\u00e4ttet, d&#039;Haut m\u00e9i fest, m\u00e9i ton\u00e9iert, blendend mat Vitalit\u00e9it.<\/p>","protected":false},"excerpt":{"rendered":"<p>D&#039;Wonner Cr\u00e8me<\/p>","protected":false},"featured_media":2742,"comment_status":"open","ping_status":"closed","template":"","meta":{"_seopress_robots_primary_cat":"","_seopress_titles_title":"","_seopress_titles_desc":"","_seopress_robots_index":""},"product_brand":[],"product_cat":[60,29832,339],"product_tag":[358,378,465,368,332,348,345,328],"class_list":{"0":"post-2741","1":"product","2":"type-product","3":"status-publish","4":"has-post-thumbnail","6":"product_cat-beaute","7":"product_cat-cremes-de-jour-et-de-nuit","8":"product_cat-soins-du-visage","9":"product_tag-anti-aging","10":"product_tag-anti-rides","11":"product_tag-creme-prodige","12":"product_tag-creme-visage","13":"product_tag-eauceane","14":"product_tag-soin","15":"product_tag-soin-visage","16":"product_tag-thalgo","18":"first","19":"instock","20":"shipping-taxable","21":"purchasable","22":"product-type-simple"},"_links":{"self":[{"href":"https:\/\/shop24.lu\/lb\/wp-json\/wp\/v2\/product\/2741","targetHints":{"allow":["GET"]}}],"collection":[{"href":"https:\/\/shop24.lu\/lb\/wp-json\/wp\/v2\/product"}],"about":[{"href":"https:\/\/shop24.lu\/lb\/wp-json\/wp\/v2\/types\/product"}],"replies":[{"embeddable":true,"href":"https:\/\/shop24.lu\/lb\/wp-json\/wp\/v2\/comments?post=2741"}],"wp:featuredmedia":[{"embeddable":true,"href":"https:\/\/shop24.lu\/lb\/wp-json\/wp\/v2\/media\/2742"}],"wp:attachment":[{"href":"https:\/\/shop24.lu\/lb\/wp-json\/wp\/v2\/media?parent=2741"}],"wp:term":[{"taxonomy":"product_brand","embeddable":true,"href":"https:\/\/shop24.lu\/lb\/wp-json\/wp\/v2\/product_brand?post=2741"},{"taxonomy":"product_cat","embeddable":true,"href":"https:\/\/shop24.lu\/lb\/wp-json\/wp\/v2\/product_cat?post=2741"},{"taxonomy":"product_tag","embeddable":true,"href":"https:\/\/shop24.lu\/lb\/wp-json\/wp\/v2\/product_tag?post=2741"}],"curies":[{"name":"wp","href":"https:\/\/api.w.org\/{rel}","templated":true}]}}