{"id":2745,"date":"2020-09-16T18:58:03","date_gmt":"2020-09-16T16:58:03","guid":{"rendered":"https:\/\/shop24.lu\/?post_type=product&#038;p=2745"},"modified":"2024-07-24T13:38:26","modified_gmt":"2024-07-24T11:38:26","slug":"thalgo-le-masque-prodige","status":"publish","type":"product","link":"https:\/\/shop24.lu\/lb\/product\/thalgo-le-masque-prodige\/","title":{"rendered":"Thalgo-The prodigy Mask"},"content":{"rendered":"<p>5 Minutte fir Falten ze glatten, d&#039;Klarheet vum Teint z&#039;entdecken an intensiv glat! D\u00ebs Mask, ges\u00e4ttegt mat purem Sauerstoff, ass ideal fir eng perfekt Haut ze restaur\u00e9ieren.<\/p>","protected":false},"excerpt":{"rendered":"<p>D&#039;Wonner Mask<\/p>","protected":false},"featured_media":2746,"comment_status":"open","ping_status":"closed","template":"","meta":{"_seopress_robots_primary_cat":"","_seopress_titles_title":"","_seopress_titles_desc":"","_seopress_robots_index":""},"product_brand":[],"product_cat":[60,29832,339],"product_tag":[358,332,374,363,466,348,345,328],"class_list":{"0":"post-2745","1":"product","2":"type-product","3":"status-publish","4":"has-post-thumbnail","6":"product_cat-beaute","7":"product_cat-cremes-de-jour-et-de-nuit","8":"product_cat-soins-du-visage","9":"product_tag-anti-aging","10":"product_tag-eauceane","11":"product_tag-lifting","12":"product_tag-masque","13":"product_tag-masque-prodige","14":"product_tag-soin","15":"product_tag-soin-visage","16":"product_tag-thalgo","18":"first","19":"instock","20":"shipping-taxable","21":"purchasable","22":"product-type-simple"},"_links":{"self":[{"href":"https:\/\/shop24.lu\/lb\/wp-json\/wp\/v2\/product\/2745","targetHints":{"allow":["GET"]}}],"collection":[{"href":"https:\/\/shop24.lu\/lb\/wp-json\/wp\/v2\/product"}],"about":[{"href":"https:\/\/shop24.lu\/lb\/wp-json\/wp\/v2\/types\/product"}],"replies":[{"embeddable":true,"href":"https:\/\/shop24.lu\/lb\/wp-json\/wp\/v2\/comments?post=2745"}],"wp:featuredmedia":[{"embeddable":true,"href":"https:\/\/shop24.lu\/lb\/wp-json\/wp\/v2\/media\/2746"}],"wp:attachment":[{"href":"https:\/\/shop24.lu\/lb\/wp-json\/wp\/v2\/media?parent=2745"}],"wp:term":[{"taxonomy":"product_brand","embeddable":true,"href":"https:\/\/shop24.lu\/lb\/wp-json\/wp\/v2\/product_brand?post=2745"},{"taxonomy":"product_cat","embeddable":true,"href":"https:\/\/shop24.lu\/lb\/wp-json\/wp\/v2\/product_cat?post=2745"},{"taxonomy":"product_tag","embeddable":true,"href":"https:\/\/shop24.lu\/lb\/wp-json\/wp\/v2\/product_tag?post=2745"}],"curies":[{"name":"wp","href":"https:\/\/api.w.org\/{rel}","templated":true}]}}