{"id":2761,"date":"2020-09-17T14:08:23","date_gmt":"2020-09-17T12:08:23","guid":{"rendered":"https:\/\/shop24.lu\/?post_type=product&#038;p=2761"},"modified":"2024-07-24T13:47:41","modified_gmt":"2024-07-24T11:47:41","slug":"thalgo-emulsion-uniformisante","status":"publish","type":"product","link":"https:\/\/shop24.lu\/lb\/product\/thalgo-emulsion-uniformisante\/","title":{"rendered":"Vereenegt Thalgo-Emulsioun"},"content":{"rendered":"<p>R\u00e4ich u Braune Algenextrakt a ber\u00e4ichert mat engem Sch\u00ebld g\u00e9int oxidativen \u00cbmweltstress, d\u00ebs fein Emulsioun h\u00eblleft d\u00e4ischter Flecken ze verh\u00ebnneren an ze bek\u00e4mpfen.<\/p>","protected":false},"excerpt":{"rendered":"<p>Uniforming Emulsioun<\/p>","protected":false},"featured_media":2762,"comment_status":"open","ping_status":"closed","template":"","meta":{"_seopress_robots_primary_cat":"","_seopress_titles_title":"","_seopress_titles_desc":"","_seopress_robots_index":""},"product_brand":[],"product_cat":[60,29832,339],"product_tag":[329,332,476,348,328,360],"class_list":{"0":"post-2761","1":"product","2":"type-product","3":"status-publish","4":"has-post-thumbnail","6":"product_cat-beaute","7":"product_cat-cremes-de-jour-et-de-nuit","8":"product_cat-soins-du-visage","9":"product_tag-beauty","10":"product_tag-eauceane","11":"product_tag-emulsion","12":"product_tag-soin","13":"product_tag-thalgo","14":"product_tag-visage","16":"first","17":"instock","18":"shipping-taxable","19":"purchasable","20":"product-type-simple"},"_links":{"self":[{"href":"https:\/\/shop24.lu\/lb\/wp-json\/wp\/v2\/product\/2761","targetHints":{"allow":["GET"]}}],"collection":[{"href":"https:\/\/shop24.lu\/lb\/wp-json\/wp\/v2\/product"}],"about":[{"href":"https:\/\/shop24.lu\/lb\/wp-json\/wp\/v2\/types\/product"}],"replies":[{"embeddable":true,"href":"https:\/\/shop24.lu\/lb\/wp-json\/wp\/v2\/comments?post=2761"}],"wp:featuredmedia":[{"embeddable":true,"href":"https:\/\/shop24.lu\/lb\/wp-json\/wp\/v2\/media\/2762"}],"wp:attachment":[{"href":"https:\/\/shop24.lu\/lb\/wp-json\/wp\/v2\/media?parent=2761"}],"wp:term":[{"taxonomy":"product_brand","embeddable":true,"href":"https:\/\/shop24.lu\/lb\/wp-json\/wp\/v2\/product_brand?post=2761"},{"taxonomy":"product_cat","embeddable":true,"href":"https:\/\/shop24.lu\/lb\/wp-json\/wp\/v2\/product_cat?post=2761"},{"taxonomy":"product_tag","embeddable":true,"href":"https:\/\/shop24.lu\/lb\/wp-json\/wp\/v2\/product_tag?post=2761"}],"curies":[{"name":"wp","href":"https:\/\/api.w.org\/{rel}","templated":true}]}}