{"id":277064,"date":"2024-07-16T15:34:21","date_gmt":"2024-07-16T13:34:21","guid":{"rendered":"https:\/\/shop24.lu\/fr\/product\/thalgo-gelee-micellaire-demaquillante-yeux\/"},"modified":"2025-01-04T16:43:54","modified_gmt":"2025-01-04T14:43:54","slug":"thalgo-gelee-micellaire-demaquillante-yeux","status":"publish","type":"product","link":"https:\/\/shop24.lu\/lb\/product\/thalgo-gelee-micellaire-demaquillante-yeux\/","title":{"rendered":"THALGO &#8211; Gel\u00e9e micellaire d\u00e9maquillante yeux"},"content":{"rendered":"<p>Pour un d\u00e9maquillage des yeux en douceur<\/p>","protected":false},"excerpt":{"rendered":"<p>Pour un d\u00e9maquillage des yeux en douceur<\/p>","protected":false},"featured_media":277063,"comment_status":"closed","ping_status":"closed","template":"","meta":{"_seopress_robots_primary_cat":"none","_seopress_titles_title":"","_seopress_titles_desc":"","_seopress_robots_index":""},"product_brand":[],"product_cat":[60,330,339],"product_tag":[305,328,360],"class_list":{"0":"post-277064","1":"product","2":"type-product","3":"status-publish","4":"has-post-thumbnail","6":"product_cat-beaute","7":"product_cat-nettoyants","8":"product_cat-soins-du-visage","9":"product_tag-nettoyant","10":"product_tag-thalgo","11":"product_tag-visage","13":"first","14":"instock","15":"shipping-taxable","16":"purchasable","17":"product-type-simple"},"_links":{"self":[{"href":"https:\/\/shop24.lu\/lb\/wp-json\/wp\/v2\/product\/277064","targetHints":{"allow":["GET"]}}],"collection":[{"href":"https:\/\/shop24.lu\/lb\/wp-json\/wp\/v2\/product"}],"about":[{"href":"https:\/\/shop24.lu\/lb\/wp-json\/wp\/v2\/types\/product"}],"replies":[{"embeddable":true,"href":"https:\/\/shop24.lu\/lb\/wp-json\/wp\/v2\/comments?post=277064"}],"wp:featuredmedia":[{"embeddable":true,"href":"https:\/\/shop24.lu\/lb\/wp-json\/wp\/v2\/media\/277063"}],"wp:attachment":[{"href":"https:\/\/shop24.lu\/lb\/wp-json\/wp\/v2\/media?parent=277064"}],"wp:term":[{"taxonomy":"product_brand","embeddable":true,"href":"https:\/\/shop24.lu\/lb\/wp-json\/wp\/v2\/product_brand?post=277064"},{"taxonomy":"product_cat","embeddable":true,"href":"https:\/\/shop24.lu\/lb\/wp-json\/wp\/v2\/product_cat?post=277064"},{"taxonomy":"product_tag","embeddable":true,"href":"https:\/\/shop24.lu\/lb\/wp-json\/wp\/v2\/product_tag?post=277064"}],"curies":[{"name":"wp","href":"https:\/\/api.w.org\/{rel}","templated":true}]}}