{"id":277140,"date":"2024-07-17T16:13:18","date_gmt":"2024-07-17T14:13:18","guid":{"rendered":"https:\/\/shop24.lu\/fr\/product\/thalgo-soin-defroissant-regard\/"},"modified":"2024-07-17T16:13:19","modified_gmt":"2024-07-17T14:13:19","slug":"thalgo-soin-defroissant-regard","status":"publish","type":"product","link":"https:\/\/shop24.lu\/lb\/product\/thalgo-soin-defroissant-regard\/","title":{"rendered":"THALGO &#8211; Soin d\u00e9froissant regard"},"content":{"rendered":"<p>Ce fluide frais concentr\u00e9 en s\u00e8ve bleue des oc\u00e9ans et en filtrat d\u2019algues micro-\u00e9clat\u00e9es brevet\u00e9es est enrichi en acide hyaluronique aux propri\u00e9t\u00e9s d\u00e9froissantes. Imm\u00e9diatement, l\u2019\u00e9clat du regard est r\u00e9veill\u00e9, la peau du contour de l\u2019\u0153il est hydrat\u00e9e et ridules de d\u00e9shydratation semblent estomp\u00e9es. Jour apr\u00e8s jour, le regard est plus frais, le contour de l\u2019\u0153il est repos\u00e9, la peau semble fortifi\u00e9e.<br \/>\nSans parfum.<\/p>","protected":false},"excerpt":{"rendered":"<p>Ce fluide frais concentr\u00e9 en s\u00e8ve bleue des oc\u00e9ans et en filtrat d\u2019algues micro-\u00e9clat\u00e9es brevet\u00e9es est enrichi en acide hyaluronique aux propri\u00e9t\u00e9s d\u00e9froissantes. Imm\u00e9diatement, l\u2019\u00e9clat du regard est r\u00e9veill\u00e9, la peau du contour de l\u2019\u0153il est hydrat\u00e9e et ridules de d\u00e9shydratation semblent estomp\u00e9es. Jour apr\u00e8s jour, le regard est plus frais, le contour de l\u2019\u0153il [&#8230;]\n","protected":false},"featured_media":277139,"comment_status":"closed","ping_status":"closed","template":"","meta":{"_seopress_robots_primary_cat":"","_seopress_titles_title":"","_seopress_titles_desc":"","_seopress_robots_index":""},"product_brand":[],"product_cat":[29848],"product_tag":[375],"class_list":{"0":"post-277140","1":"product","2":"type-product","3":"status-publish","4":"has-post-thumbnail","6":"product_cat-contour-yeux","7":"product_tag-creme-yeux","9":"first","10":"instock","11":"shipping-taxable","12":"purchasable","13":"product-type-simple"},"_links":{"self":[{"href":"https:\/\/shop24.lu\/lb\/wp-json\/wp\/v2\/product\/277140","targetHints":{"allow":["GET"]}}],"collection":[{"href":"https:\/\/shop24.lu\/lb\/wp-json\/wp\/v2\/product"}],"about":[{"href":"https:\/\/shop24.lu\/lb\/wp-json\/wp\/v2\/types\/product"}],"replies":[{"embeddable":true,"href":"https:\/\/shop24.lu\/lb\/wp-json\/wp\/v2\/comments?post=277140"}],"wp:featuredmedia":[{"embeddable":true,"href":"https:\/\/shop24.lu\/lb\/wp-json\/wp\/v2\/media\/277139"}],"wp:attachment":[{"href":"https:\/\/shop24.lu\/lb\/wp-json\/wp\/v2\/media?parent=277140"}],"wp:term":[{"taxonomy":"product_brand","embeddable":true,"href":"https:\/\/shop24.lu\/lb\/wp-json\/wp\/v2\/product_brand?post=277140"},{"taxonomy":"product_cat","embeddable":true,"href":"https:\/\/shop24.lu\/lb\/wp-json\/wp\/v2\/product_cat?post=277140"},{"taxonomy":"product_tag","embeddable":true,"href":"https:\/\/shop24.lu\/lb\/wp-json\/wp\/v2\/product_tag?post=277140"}],"curies":[{"name":"wp","href":"https:\/\/api.w.org\/{rel}","templated":true}]}}