{"id":277161,"date":"2024-07-17T16:46:32","date_gmt":"2024-07-17T14:46:32","guid":{"rendered":"https:\/\/shop24.lu\/fr\/product\/thalgo-bb-creme-naturel\/"},"modified":"2024-07-17T16:46:32","modified_gmt":"2024-07-17T14:46:32","slug":"thalgo-bb-creme-naturel","status":"publish","type":"product","link":"https:\/\/shop24.lu\/lb\/product\/thalgo-bb-creme-naturel\/","title":{"rendered":"Thalgo &#8211; BB cr\u00e8me naturel"},"content":{"rendered":"<p>Synergie d&rsquo;un soin hydratant 24H, d&rsquo;un blur marin d&rsquo;une BB Cream et d&rsquo;un protecteur solaire, ce soin r\u00e9v\u00e8le une peau sans l&rsquo;ombre d&rsquo;un d\u00e9faut : La S\u00e8ve Bleue des Oc\u00e9ans gorge la peau en eau tandis qu&rsquo;en surface, des sucres d&rsquo;algue lissent l&rsquo;ensemble du micro-relief pour permettre aux pigments teint\u00e9s sublimateurs d&rsquo;unifier et de magnifier le teint.<\/p>","protected":false},"excerpt":{"rendered":"<p>Synergie d&rsquo;un soin hydratant 24H, d&rsquo;un blur marin d&rsquo;une BB Cream et d&rsquo;un protecteur solaire, ce soin r\u00e9v\u00e8le une peau sans l&rsquo;ombre d&rsquo;un d\u00e9faut : La S\u00e8ve Bleue des Oc\u00e9ans gorge la peau en eau tandis qu&rsquo;en surface, des sucres d&rsquo;algue lissent l&rsquo;ensemble du micro-relief pour permettre aux pigments teint\u00e9s sublimateurs d&rsquo;unifier et de magnifier [&#8230;]\n","protected":false},"featured_media":277159,"comment_status":"closed","ping_status":"closed","template":"","meta":{"_seopress_robots_primary_cat":"","_seopress_titles_title":"","_seopress_titles_desc":"","_seopress_robots_index":""},"product_brand":[],"product_cat":[340],"product_tag":[364],"class_list":{"0":"post-277161","1":"product","2":"type-product","3":"status-publish","4":"has-post-thumbnail","6":"product_cat-creme-bb","7":"product_tag-bb-creme","9":"first","10":"instock","11":"shipping-taxable","12":"purchasable","13":"product-type-simple"},"_links":{"self":[{"href":"https:\/\/shop24.lu\/lb\/wp-json\/wp\/v2\/product\/277161","targetHints":{"allow":["GET"]}}],"collection":[{"href":"https:\/\/shop24.lu\/lb\/wp-json\/wp\/v2\/product"}],"about":[{"href":"https:\/\/shop24.lu\/lb\/wp-json\/wp\/v2\/types\/product"}],"replies":[{"embeddable":true,"href":"https:\/\/shop24.lu\/lb\/wp-json\/wp\/v2\/comments?post=277161"}],"wp:featuredmedia":[{"embeddable":true,"href":"https:\/\/shop24.lu\/lb\/wp-json\/wp\/v2\/media\/277159"}],"wp:attachment":[{"href":"https:\/\/shop24.lu\/lb\/wp-json\/wp\/v2\/media?parent=277161"}],"wp:term":[{"taxonomy":"product_brand","embeddable":true,"href":"https:\/\/shop24.lu\/lb\/wp-json\/wp\/v2\/product_brand?post=277161"},{"taxonomy":"product_cat","embeddable":true,"href":"https:\/\/shop24.lu\/lb\/wp-json\/wp\/v2\/product_cat?post=277161"},{"taxonomy":"product_tag","embeddable":true,"href":"https:\/\/shop24.lu\/lb\/wp-json\/wp\/v2\/product_tag?post=277161"}],"curies":[{"name":"wp","href":"https:\/\/api.w.org\/{rel}","templated":true}]}}