{"id":277222,"date":"2024-07-18T12:10:33","date_gmt":"2024-07-18T10:10:33","guid":{"rendered":"https:\/\/shop24.lu\/fr\/product\/thalgo-masque-sos-apaisant\/"},"modified":"2024-07-18T12:10:34","modified_gmt":"2024-07-18T10:10:34","slug":"thalgo-masque-sos-apaisant","status":"publish","type":"product","link":"https:\/\/shop24.lu\/lb\/product\/thalgo-masque-sos-apaisant\/","title":{"rendered":"THALGO &#8211; Masque SOS apaisant"},"content":{"rendered":"<p>Pour estomper les sensations d\u2019hypersensibilit\u00e9 en 10 minutes chrono, ce masque fra\u00eecheur, concentre une double performance apaisante : en surface, l&rsquo;alliance \u2018Alo\u00e9 verra et sucre protecteur\u2019, contribue \u00e0 r\u00e9duire inconforts et tiraillements. Au c\u0153ur de la peau, un extrait de baies de Sichuan am\u00e9liore la tol\u00e9rance cutan\u00e9e, pour estomper efficacement les sensations de picotements et d&rsquo;\u00e9chauffements.<\/p>","protected":false},"excerpt":{"rendered":"<p>Pour estomper les sensations d\u2019hypersensibilit\u00e9 en 10 minutes chrono, ce masque fra\u00eecheur, concentre une double performance apaisante : en surface, l&rsquo;alliance \u2018Alo\u00e9 verra et sucre protecteur\u2019, contribue \u00e0 r\u00e9duire inconforts et tiraillements. Au c\u0153ur de la peau, un extrait de baies de Sichuan am\u00e9liore la tol\u00e9rance cutan\u00e9e, pour estomper efficacement les sensations de picotements et [&#8230;]\n","protected":false},"featured_media":277221,"comment_status":"closed","ping_status":"closed","template":"","meta":{"_seopress_robots_primary_cat":"","_seopress_titles_title":"","_seopress_titles_desc":"","_seopress_robots_index":""},"product_brand":[],"product_cat":[565],"product_tag":[31329,482],"class_list":{"0":"post-277222","1":"product","2":"type-product","3":"status-publish","4":"has-post-thumbnail","6":"product_cat-soins-du-visage-h","7":"product_tag-apaisant","8":"product_tag-masque-visage","10":"first","11":"instock","12":"shipping-taxable","13":"purchasable","14":"product-type-simple"},"_links":{"self":[{"href":"https:\/\/shop24.lu\/lb\/wp-json\/wp\/v2\/product\/277222","targetHints":{"allow":["GET"]}}],"collection":[{"href":"https:\/\/shop24.lu\/lb\/wp-json\/wp\/v2\/product"}],"about":[{"href":"https:\/\/shop24.lu\/lb\/wp-json\/wp\/v2\/types\/product"}],"replies":[{"embeddable":true,"href":"https:\/\/shop24.lu\/lb\/wp-json\/wp\/v2\/comments?post=277222"}],"wp:featuredmedia":[{"embeddable":true,"href":"https:\/\/shop24.lu\/lb\/wp-json\/wp\/v2\/media\/277221"}],"wp:attachment":[{"href":"https:\/\/shop24.lu\/lb\/wp-json\/wp\/v2\/media?parent=277222"}],"wp:term":[{"taxonomy":"product_brand","embeddable":true,"href":"https:\/\/shop24.lu\/lb\/wp-json\/wp\/v2\/product_brand?post=277222"},{"taxonomy":"product_cat","embeddable":true,"href":"https:\/\/shop24.lu\/lb\/wp-json\/wp\/v2\/product_cat?post=277222"},{"taxonomy":"product_tag","embeddable":true,"href":"https:\/\/shop24.lu\/lb\/wp-json\/wp\/v2\/product_tag?post=277222"}],"curies":[{"name":"wp","href":"https:\/\/api.w.org\/{rel}","templated":true}]}}