{"id":2773,"date":"2020-09-17T18:53:08","date_gmt":"2020-09-17T16:53:08","guid":{"rendered":"https:\/\/shop24.lu\/?post_type=product&#038;p=2773"},"modified":"2024-07-24T16:15:36","modified_gmt":"2024-07-24T14:15:36","slug":"thalgo-creme-solaire-age-defense-spf50-visage","status":"publish","type":"product","link":"https:\/\/shop24.lu\/lb\/product\/thalgo-creme-solaire-age-defense-spf50-visage\/","title":{"rendered":"Thalgo-Sonnecreme Alter Verteidegung spf50 Gesiicht"},"content":{"rendered":"<p>D\u00ebs bequem Cr\u00e8me bitt eng ideal Toleranz an h\u00eblleft e graduelle Tann z&#039;entw\u00e9ckelen, w\u00e4rend d&#039;Jugendlechkeet vun der Haut behalen.<\/p>","protected":false},"excerpt":{"rendered":"<p>Alter Schutz Sonneschutz spf50 Gesiicht<\/p>","protected":false},"featured_media":2774,"comment_status":"open","ping_status":"closed","template":"","meta":{"_seopress_robots_primary_cat":"","_seopress_titles_title":"","_seopress_titles_desc":"","_seopress_robots_index":""},"product_brand":[],"product_cat":[60,21999],"product_tag":[329,479,332,348,469,488,487,328,360],"class_list":{"0":"post-2773","1":"product","2":"type-product","3":"status-publish","4":"has-post-thumbnail","6":"product_cat-beaute","7":"product_cat-soins-solaire","8":"product_tag-beauty","9":"product_tag-creme-solaire","10":"product_tag-eauceane","11":"product_tag-soin","12":"product_tag-solaire","13":"product_tag-solaire-50","14":"product_tag-sun-care","15":"product_tag-thalgo","16":"product_tag-visage","18":"first","19":"instock","20":"shipping-taxable","21":"purchasable","22":"product-type-simple"},"_links":{"self":[{"href":"https:\/\/shop24.lu\/lb\/wp-json\/wp\/v2\/product\/2773","targetHints":{"allow":["GET"]}}],"collection":[{"href":"https:\/\/shop24.lu\/lb\/wp-json\/wp\/v2\/product"}],"about":[{"href":"https:\/\/shop24.lu\/lb\/wp-json\/wp\/v2\/types\/product"}],"replies":[{"embeddable":true,"href":"https:\/\/shop24.lu\/lb\/wp-json\/wp\/v2\/comments?post=2773"}],"wp:featuredmedia":[{"embeddable":true,"href":"https:\/\/shop24.lu\/lb\/wp-json\/wp\/v2\/media\/2774"}],"wp:attachment":[{"href":"https:\/\/shop24.lu\/lb\/wp-json\/wp\/v2\/media?parent=2773"}],"wp:term":[{"taxonomy":"product_brand","embeddable":true,"href":"https:\/\/shop24.lu\/lb\/wp-json\/wp\/v2\/product_brand?post=2773"},{"taxonomy":"product_cat","embeddable":true,"href":"https:\/\/shop24.lu\/lb\/wp-json\/wp\/v2\/product_cat?post=2773"},{"taxonomy":"product_tag","embeddable":true,"href":"https:\/\/shop24.lu\/lb\/wp-json\/wp\/v2\/product_tag?post=2773"}],"curies":[{"name":"wp","href":"https:\/\/api.w.org\/{rel}","templated":true}]}}