{"id":277647,"date":"2024-07-24T10:23:30","date_gmt":"2024-07-24T08:23:30","guid":{"rendered":"https:\/\/shop24.lu\/fr\/product\/thalgo-creme-riche-correction-rides-hyalupro-collagene\/"},"modified":"2024-07-24T10:23:30","modified_gmt":"2024-07-24T08:23:30","slug":"thalgo-creme-riche-correction-rides-hyalupro-collagene","status":"publish","type":"product","link":"https:\/\/shop24.lu\/lb\/product\/thalgo-creme-riche-correction-rides-hyalupro-collagene\/","title":{"rendered":"THALGO &#8211; Cr\u00e8me riche correction rides hyalupro collag\u00e8ne"},"content":{"rendered":"<p>Cette cr\u00e8me nourrissante est concentr\u00e9e en acides hyaluroniques et en pro-collag\u00e8ne marin. Instantan\u00e9ment, la peau est nourrie, para\u00eet plus lisse et reste confortable jusqu\u2019au soir. Jour apr\u00e8s jour, les rides semblent progressivement combl\u00e9es.<\/p>\n<p>Le + produit : Une texture onctueuse et d\u00e9licatement parfum\u00e9e.<\/p>","protected":false},"excerpt":{"rendered":"<p>Cette cr\u00e8me nourrissante est concentr\u00e9e en acides hyaluroniques et en pro-collag\u00e8ne marin. Instantan\u00e9ment, la peau est nourrie, para\u00eet plus lisse et reste confortable jusqu\u2019au soir. Jour apr\u00e8s jour, les rides semblent progressivement combl\u00e9es. Le + produit : Une texture onctueuse et d\u00e9licatement parfum\u00e9e.<\/p>","protected":false},"featured_media":277646,"comment_status":"closed","ping_status":"closed","template":"","meta":{"_seopress_robots_primary_cat":"","_seopress_titles_title":"","_seopress_titles_desc":"","_seopress_robots_index":""},"product_brand":[],"product_cat":[565],"product_tag":[378,371,345],"class_list":{"0":"post-277647","1":"product","2":"type-product","3":"status-publish","4":"has-post-thumbnail","6":"product_cat-soins-du-visage-h","7":"product_tag-anti-rides","8":"product_tag-creme-jour","9":"product_tag-soin-visage","11":"first","12":"instock","13":"shipping-taxable","14":"purchasable","15":"product-type-simple"},"_links":{"self":[{"href":"https:\/\/shop24.lu\/lb\/wp-json\/wp\/v2\/product\/277647","targetHints":{"allow":["GET"]}}],"collection":[{"href":"https:\/\/shop24.lu\/lb\/wp-json\/wp\/v2\/product"}],"about":[{"href":"https:\/\/shop24.lu\/lb\/wp-json\/wp\/v2\/types\/product"}],"replies":[{"embeddable":true,"href":"https:\/\/shop24.lu\/lb\/wp-json\/wp\/v2\/comments?post=277647"}],"wp:featuredmedia":[{"embeddable":true,"href":"https:\/\/shop24.lu\/lb\/wp-json\/wp\/v2\/media\/277646"}],"wp:attachment":[{"href":"https:\/\/shop24.lu\/lb\/wp-json\/wp\/v2\/media?parent=277647"}],"wp:term":[{"taxonomy":"product_brand","embeddable":true,"href":"https:\/\/shop24.lu\/lb\/wp-json\/wp\/v2\/product_brand?post=277647"},{"taxonomy":"product_cat","embeddable":true,"href":"https:\/\/shop24.lu\/lb\/wp-json\/wp\/v2\/product_cat?post=277647"},{"taxonomy":"product_tag","embeddable":true,"href":"https:\/\/shop24.lu\/lb\/wp-json\/wp\/v2\/product_tag?post=277647"}],"curies":[{"name":"wp","href":"https:\/\/api.w.org\/{rel}","templated":true}]}}