{"id":277656,"date":"2024-07-24T10:36:38","date_gmt":"2024-07-24T08:36:38","guid":{"rendered":"https:\/\/shop24.lu\/fr\/product\/thalgo-creme-riche-lift-fermete\/"},"modified":"2024-07-24T10:36:39","modified_gmt":"2024-07-24T08:36:39","slug":"thalgo-creme-riche-lift-fermete","status":"publish","type":"product","link":"https:\/\/shop24.lu\/lb\/product\/thalgo-creme-riche-lift-fermete\/","title":{"rendered":"THALGO &#8211; Cr\u00e8me riche lift-fermet\u00e9"},"content":{"rendered":"<p>Cette cr\u00e8me nourrissante et onctueuse est concentr\u00e9e en silicium marin et en vitamine C. Jour apr\u00e8s jour, la peau est progressivement plus ferme, les rides sont visiblement r\u00e9duites et le teint est plus frais.<\/p>\n<p>Le + produit : rechargeable \u00e0 l&rsquo;infini gr\u00e2ce \u00e0 son \u00e9co-recharge.<\/p>","protected":false},"excerpt":{"rendered":"<p>Cette cr\u00e8me nourrissante et onctueuse est concentr\u00e9e en silicium marin et en vitamine C. Jour apr\u00e8s jour, la peau est progressivement plus ferme, les rides sont visiblement r\u00e9duites et le teint est plus frais. Le + produit : rechargeable \u00e0 l&rsquo;infini gr\u00e2ce \u00e0 son \u00e9co-recharge.<\/p>","protected":false},"featured_media":277655,"comment_status":"closed","ping_status":"closed","template":"","meta":{"_seopress_robots_primary_cat":"","_seopress_titles_title":"","_seopress_titles_desc":"","_seopress_robots_index":""},"product_brand":[],"product_cat":[565],"product_tag":[358,371],"class_list":{"0":"post-277656","1":"product","2":"type-product","3":"status-publish","4":"has-post-thumbnail","6":"product_cat-soins-du-visage-h","7":"product_tag-anti-aging","8":"product_tag-creme-jour","10":"first","11":"instock","12":"shipping-taxable","13":"purchasable","14":"product-type-simple"},"_links":{"self":[{"href":"https:\/\/shop24.lu\/lb\/wp-json\/wp\/v2\/product\/277656","targetHints":{"allow":["GET"]}}],"collection":[{"href":"https:\/\/shop24.lu\/lb\/wp-json\/wp\/v2\/product"}],"about":[{"href":"https:\/\/shop24.lu\/lb\/wp-json\/wp\/v2\/types\/product"}],"replies":[{"embeddable":true,"href":"https:\/\/shop24.lu\/lb\/wp-json\/wp\/v2\/comments?post=277656"}],"wp:featuredmedia":[{"embeddable":true,"href":"https:\/\/shop24.lu\/lb\/wp-json\/wp\/v2\/media\/277655"}],"wp:attachment":[{"href":"https:\/\/shop24.lu\/lb\/wp-json\/wp\/v2\/media?parent=277656"}],"wp:term":[{"taxonomy":"product_brand","embeddable":true,"href":"https:\/\/shop24.lu\/lb\/wp-json\/wp\/v2\/product_brand?post=277656"},{"taxonomy":"product_cat","embeddable":true,"href":"https:\/\/shop24.lu\/lb\/wp-json\/wp\/v2\/product_cat?post=277656"},{"taxonomy":"product_tag","embeddable":true,"href":"https:\/\/shop24.lu\/lb\/wp-json\/wp\/v2\/product_tag?post=277656"}],"curies":[{"name":"wp","href":"https:\/\/api.w.org\/{rel}","templated":true}]}}