{"id":277661,"date":"2024-07-24T10:39:44","date_gmt":"2024-07-24T08:39:44","guid":{"rendered":"https:\/\/shop24.lu\/fr\/product\/thalgo-soin-de-nuit-lift-fermete\/"},"modified":"2024-07-24T10:39:45","modified_gmt":"2024-07-24T08:39:45","slug":"thalgo-soin-de-nuit-lift-fermete","status":"publish","type":"product","link":"https:\/\/shop24.lu\/lb\/product\/thalgo-soin-de-nuit-lift-fermete\/","title":{"rendered":"THALGO &#8211; Soin de nuit lift-fermet\u00e9"},"content":{"rendered":"<p>Ce soin nocturne est concentr\u00e9 en silicium marin et en vitamine C. Nuit apr\u00e8s nuit, le visage est plus ferme, plus tonique, les rides sont visiblement r\u00e9duites et le teint est plus frais. <\/p>\n<p>Le + produit : sa texture onctueuse enveloppante.<\/p>","protected":false},"excerpt":{"rendered":"<p>Ce soin nocturne est concentr\u00e9 en silicium marin et en vitamine C. Nuit apr\u00e8s nuit, le visage est plus ferme, plus tonique, les rides sont visiblement r\u00e9duites et le teint est plus frais. Le + produit : sa texture onctueuse enveloppante.<\/p>","protected":false},"featured_media":277660,"comment_status":"closed","ping_status":"closed","template":"","meta":{"_seopress_robots_primary_cat":"","_seopress_titles_title":"","_seopress_titles_desc":"","_seopress_robots_index":""},"product_brand":[],"product_cat":[565],"product_tag":[358,373],"class_list":{"0":"post-277661","1":"product","2":"type-product","3":"status-publish","4":"has-post-thumbnail","6":"product_cat-soins-du-visage-h","7":"product_tag-anti-aging","8":"product_tag-creme-nuit","10":"first","11":"instock","12":"shipping-taxable","13":"purchasable","14":"product-type-simple"},"_links":{"self":[{"href":"https:\/\/shop24.lu\/lb\/wp-json\/wp\/v2\/product\/277661","targetHints":{"allow":["GET"]}}],"collection":[{"href":"https:\/\/shop24.lu\/lb\/wp-json\/wp\/v2\/product"}],"about":[{"href":"https:\/\/shop24.lu\/lb\/wp-json\/wp\/v2\/types\/product"}],"replies":[{"embeddable":true,"href":"https:\/\/shop24.lu\/lb\/wp-json\/wp\/v2\/comments?post=277661"}],"wp:featuredmedia":[{"embeddable":true,"href":"https:\/\/shop24.lu\/lb\/wp-json\/wp\/v2\/media\/277660"}],"wp:attachment":[{"href":"https:\/\/shop24.lu\/lb\/wp-json\/wp\/v2\/media?parent=277661"}],"wp:term":[{"taxonomy":"product_brand","embeddable":true,"href":"https:\/\/shop24.lu\/lb\/wp-json\/wp\/v2\/product_brand?post=277661"},{"taxonomy":"product_cat","embeddable":true,"href":"https:\/\/shop24.lu\/lb\/wp-json\/wp\/v2\/product_cat?post=277661"},{"taxonomy":"product_tag","embeddable":true,"href":"https:\/\/shop24.lu\/lb\/wp-json\/wp\/v2\/product_tag?post=277661"}],"curies":[{"name":"wp","href":"https:\/\/api.w.org\/{rel}","templated":true}]}}