{"id":277666,"date":"2024-07-24T10:42:39","date_gmt":"2024-07-24T08:42:39","guid":{"rendered":"https:\/\/shop24.lu\/fr\/product\/thalgo-soin-regard-lift-fermete\/"},"modified":"2024-07-24T10:42:39","modified_gmt":"2024-07-24T08:42:39","slug":"thalgo-soin-regard-lift-fermete","status":"publish","type":"product","link":"https:\/\/shop24.lu\/lb\/product\/thalgo-soin-regard-lift-fermete\/","title":{"rendered":"THALGO &#8211; Soin regard lift-fermet\u00e9"},"content":{"rendered":"<p>Sp\u00e9cifique regard, ce soin fondant est concentr\u00e9 en silicium marin et en vitamine C. En un seul geste, poches, cernes et rides semblent progressivement estomp\u00e9es.<\/p>\n<p>Le + produit : sa texture onctueuse est sans parfum.<\/p>","protected":false},"excerpt":{"rendered":"<p>Sp\u00e9cifique regard, ce soin fondant est concentr\u00e9 en silicium marin et en vitamine C. En un seul geste, poches, cernes et rides semblent progressivement estomp\u00e9es. Le + produit : sa texture onctueuse est sans parfum.<\/p>","protected":false},"featured_media":277665,"comment_status":"closed","ping_status":"closed","template":"","meta":{"_seopress_robots_primary_cat":"","_seopress_titles_title":"","_seopress_titles_desc":"","_seopress_robots_index":""},"product_brand":[],"product_cat":[565],"product_tag":[358,375],"class_list":{"0":"post-277666","1":"product","2":"type-product","3":"status-publish","4":"has-post-thumbnail","6":"product_cat-soins-du-visage-h","7":"product_tag-anti-aging","8":"product_tag-creme-yeux","10":"first","11":"instock","12":"shipping-taxable","13":"purchasable","14":"product-type-simple"},"_links":{"self":[{"href":"https:\/\/shop24.lu\/lb\/wp-json\/wp\/v2\/product\/277666","targetHints":{"allow":["GET"]}}],"collection":[{"href":"https:\/\/shop24.lu\/lb\/wp-json\/wp\/v2\/product"}],"about":[{"href":"https:\/\/shop24.lu\/lb\/wp-json\/wp\/v2\/types\/product"}],"replies":[{"embeddable":true,"href":"https:\/\/shop24.lu\/lb\/wp-json\/wp\/v2\/comments?post=277666"}],"wp:featuredmedia":[{"embeddable":true,"href":"https:\/\/shop24.lu\/lb\/wp-json\/wp\/v2\/media\/277665"}],"wp:attachment":[{"href":"https:\/\/shop24.lu\/lb\/wp-json\/wp\/v2\/media?parent=277666"}],"wp:term":[{"taxonomy":"product_brand","embeddable":true,"href":"https:\/\/shop24.lu\/lb\/wp-json\/wp\/v2\/product_brand?post=277666"},{"taxonomy":"product_cat","embeddable":true,"href":"https:\/\/shop24.lu\/lb\/wp-json\/wp\/v2\/product_cat?post=277666"},{"taxonomy":"product_tag","embeddable":true,"href":"https:\/\/shop24.lu\/lb\/wp-json\/wp\/v2\/product_tag?post=277666"}],"curies":[{"name":"wp","href":"https:\/\/api.w.org\/{rel}","templated":true}]}}