{"id":288282,"date":"2024-11-11T15:26:12","date_gmt":"2024-11-11T13:26:12","guid":{"rendered":"https:\/\/shop24.lu\/fr\/product\/musthave-magic-drops-turbo-lifting\/"},"modified":"2024-11-11T15:26:13","modified_gmt":"2024-11-11T13:26:13","slug":"musthave-magic-drops-turbo-lifting","status":"publish","type":"product","link":"https:\/\/shop24.lu\/lb\/product\/musthave-magic-drops-turbo-lifting\/","title":{"rendered":"Musthave &#8211; Magic Drops Turbo Lifting"},"content":{"rendered":"<p>Au c\u0153ur de cet \u00e9lixir se trouve le Sodium PCA, un sel luxueux qui enveloppe la peau d&rsquo;un cocon d&rsquo;hydratation, pr\u00e9servant ainsi sa douceur et son \u00e9lasticit\u00e9. Et puis, il y a le majestueux Palmitoyl Pentapeptide-4, un peptide royal compos\u00e9 de cinq acides amin\u00e9s nobles. Cet \u00e9lixir royal stimule la production de collag\u00e8ne et d&rsquo;\u00e9lastine &#8211; les \u00e9l\u00e9ments constitutifs royaux d&rsquo;une peau jeune.<\/p>\n<p>Un tr\u00e9sor de la nature, l&rsquo;extrait d&rsquo;Oryza Sativa [Rice], brille comme une pluie d&rsquo;or dans le s\u00e9rum. Cet extrait, extrait des grains de riz les plus pr\u00e9cieux, hydrate non seulement la peau, mais lib\u00e8re \u00e9galement un puissant bouclier contre les radicaux libres qui pourraient menacer le visage royal. L&rsquo;allanto\u00efne, un \u00e9lixir magique, apaise la peau de son toucher doux et acc\u00e9l\u00e8re la r\u00e9g\u00e9n\u00e9ration cellulaire, comme si elle trompait le temps lui-m\u00eame.<\/p>\n<p>La splendeur royale est couronn\u00e9e par le Sodium Hyaluronate, l&rsquo;acide hyaluronique royal, qui, tel un diamant pr\u00e9cieux, hydrate et pr\u00e9serve l&rsquo;hydratation. Une \u0153uvre d&rsquo;art de la nature qui revitalise les cellules, acc\u00e9l\u00e8re la r\u00e9g\u00e9n\u00e9ration et pr\u00e9serve la jeunesse de la peau.<\/p>\n<p>Cet \u00e9lixir royal est cr\u00e9\u00e9 pour ceux dont la peau assoiff\u00e9e de rajeunissement &#8211; un rafra\u00eechissement royal pour la peau en besoin de r\u00e9g\u00e9n\u00e9ration et de fermet\u00e9. Mais ce n&rsquo;est pas tout, m\u00eame la peau fatigu\u00e9e et stress\u00e9e est tendrement embrass\u00e9e par cet \u00e9lixir miraculeux et envelopp\u00e9e dans son manteau protecteur.<\/p>\n<p>L&rsquo;application de ce joyau est aussi d\u00e9licate qu&rsquo;une caresse de soie sur la peau. Il est appliqu\u00e9 d\u00e9licatement sur le visage, le cou et le d\u00e9collet\u00e9 avec une pression royale, o\u00f9 il d\u00e9ploie ses pouvoirs royaux. Ensuite, les soins de jour ou de nuit sont appliqu\u00e9s sur cet \u00e9lixir royal pour couronner la peau et lui offrir les soins parfaits qu&rsquo;elle m\u00e9rite.<\/p>\n<p>Vivez le TURBO LIFTING et entrez dans un monde de beaut\u00e9 royale qui ne laisse rien \u00e0 d\u00e9sirer &#8211; un chemin incomparable vers une peau aussi \u00e9clatante qu&rsquo;un diamant au soleil.<\/p>\n","protected":false},"excerpt":{"rendered":"<p>Une arme absolument fascinante pour la peau, transformant le visage en une fontaine de jouvence \u00e9clatante. Ce concentr\u00e9 exclusif d&rsquo;actifs n&rsquo;est pas simplement un soin &#8211; c&rsquo;est une \u0153uvre d&rsquo;art qui p\u00e9n\u00e8tre la peau du visage avec une douceur intense et une fermet\u00e9 remarquable. Des ingr\u00e9dients s\u00e9lectionn\u00e9s se combinent pour former une symphonie de beaut\u00e9.<\/p>","protected":false},"featured_media":288281,"comment_status":"closed","ping_status":"closed","template":"","meta":{"_seopress_robots_primary_cat":"","_seopress_titles_title":"","_seopress_titles_desc":"","_seopress_robots_index":""},"product_brand":[],"product_cat":[565],"product_tag":[455,362],"class_list":{"0":"post-288282","1":"product","2":"type-product","3":"status-publish","4":"has-post-thumbnail","6":"product_cat-soins-du-visage-h","7":"product_tag-anti-age","8":"product_tag-serum","10":"first","11":"instock","12":"shipping-taxable","13":"purchasable","14":"product-type-simple"},"_links":{"self":[{"href":"https:\/\/shop24.lu\/lb\/wp-json\/wp\/v2\/product\/288282","targetHints":{"allow":["GET"]}}],"collection":[{"href":"https:\/\/shop24.lu\/lb\/wp-json\/wp\/v2\/product"}],"about":[{"href":"https:\/\/shop24.lu\/lb\/wp-json\/wp\/v2\/types\/product"}],"replies":[{"embeddable":true,"href":"https:\/\/shop24.lu\/lb\/wp-json\/wp\/v2\/comments?post=288282"}],"wp:featuredmedia":[{"embeddable":true,"href":"https:\/\/shop24.lu\/lb\/wp-json\/wp\/v2\/media\/288281"}],"wp:attachment":[{"href":"https:\/\/shop24.lu\/lb\/wp-json\/wp\/v2\/media?parent=288282"}],"wp:term":[{"taxonomy":"product_brand","embeddable":true,"href":"https:\/\/shop24.lu\/lb\/wp-json\/wp\/v2\/product_brand?post=288282"},{"taxonomy":"product_cat","embeddable":true,"href":"https:\/\/shop24.lu\/lb\/wp-json\/wp\/v2\/product_cat?post=288282"},{"taxonomy":"product_tag","embeddable":true,"href":"https:\/\/shop24.lu\/lb\/wp-json\/wp\/v2\/product_tag?post=288282"}],"curies":[{"name":"wp","href":"https:\/\/api.w.org\/{rel}","templated":true}]}}