{"id":30065,"date":"2021-05-22T16:03:23","date_gmt":"2021-05-22T14:03:23","guid":{"rendered":"https:\/\/shop24.lu\/?post_type=product&#038;p=30065"},"modified":"2021-06-02T00:22:06","modified_gmt":"2021-06-01T22:22:06","slug":"marco-polo-reisefuhrer-sri-lanka-2","status":"publish","type":"product","link":"https:\/\/shop24.lu\/lb\/product\/marco-polo-reisefuhrer-sri-lanka-2\/","title":{"rendered":"Marco Polo Reisef\u00fchrer - Sri Lanka 2"},"content":{"rendered":"<p><strong>Tropenflair, Traumbuchten und wilde Str\u00e4nde: Mit dem MARCO POLO Reisef\u00fchrer nach Sri Lanka<\/strong><\/p>\n<p>Sand soweit die F\u00fc\u00dfe tragen: Auf Sri Lanka kommst du schnell ins Schw\u00e4rmen. G\u00ebschter gibt es alles, war du dir fir eng entspannten Insel-Urlaub nur w\u00fcnschen kannst: endlose K\u00fcsten, einsame Buchten, sich im Wind wiegende Kokospalmen und steile Felsenkliffe. Taucher finden in den Tiefen des Indischen Ozeans fischreiche Riffs und geschichtstr\u00e4chtige Wracks. Dazu locken die Surfspots in der Arugam Bay Wellenreiter aus Go Welt. Tauche ein in diese faszinierende Inselwelt und erlebe einen unvergesslichen Urlaub mit deinem MARCO POLO Reisef\u00fchrer Sri Lanka.<\/p>\n<p>Typisch Sri Lanka: Entdecke mit den MARCO POLO Insider-Tipps, was die Einheimischen an ihrer Insel lieben<br \/>\nFrisch und scharf gew\u00fcrzt: Die MARCO POLO Restaurant-Tipps verraten dir, wo Reis und Curry am besten schmecken<br \/>\nDer wichtigste Tipp beim Shoppen &amp; St\u00f6bern: Immer feilschen! Bei den Stra\u00dfenh\u00e4ndlern gibt es tolle Souvenirs: Gew\u00fcrze, Bunt bedruckte Stoffe, Duft\u00f6le und Holzschnitzereien<br \/>\nSmarter reisen mit der kostenlosen MARCO POLO Touren App (mit Online- und Offlinekarten)<br \/>\nExtra-Tipps f\u00fcr den Urlaub mit Kindern, f\u00fcr Low-Budget oder f\u00fcr schlechtes Wetter<\/p>\n<p><strong>Aktivurlaub oder Entspannung pur: Sri Lanka entdecken mit den MARCO POLO Erlebnistouren<\/strong><\/p>\n<p>Wandern durchs Bergland, Wrack-Tauchen oder Segeln: nicht nur Outdoor-Fans werden vun der Vielfalt Sri Lankas begeistert sein. Lass dich bei einer Ayurveda-Massage verw\u00f6hnen oder bestaune wilde Elefanten im Minneriya National Park: Mit deinem MARCO POLO Reisef\u00fchrer stellst du dir genau die Reise zusammen, auf die du Lust hast!<\/p>","protected":false},"excerpt":{"rendered":"<p><strong>inkl. EXTRA Faltkarte &amp; Reiseatlas<\/strong><\/p>\n<p>(<em>gebrauchter Artikel: Wie NEU<\/em>)<\/p>\n<p><strong>Produktinformation<\/strong><\/p>\n<p>Taschenbuch: 148 Seiten<br \/>\nVerlag: MAIRDUMONT; Auflag: 11 (2014)<br \/>\nSprache: Deutsch<br \/>\nISBN: 978-3-8297-2614-6<br \/>\nGr\u00f6\u00dfe und \/ oder Gewicht: 10,8 x 1,5 x 19 cm<\/p>\n<p><strong>Produktbeschreiwungen<\/strong><br \/>\n<strong>\u00dcber den Autor und weitere Mitwirkende<\/strong><\/p>\n<p>Martin H. Petrich<br \/>\nBreast perfekter Tag startet mit scharfem Curry und endet mit Arrack Sour - am besten zum Sonnenuntergang in einem netten Kolonialhotel oder mit Blick aufs Wasser. Daf\u00fcr reist der Asienspezialist seit 1999 h\u00e4ufig nach Sri Lanka, um zu researcheren, Reisegruppen durch das Land zu f\u00fchren oder nach einem neuen Sundowner-Spot zu suchen.<\/p>","protected":false},"featured_media":1983,"comment_status":"open","ping_status":"closed","template":"","meta":{"_seopress_robots_primary_cat":"","_seopress_titles_title":"","_seopress_titles_desc":"","_seopress_robots_index":""},"product_brand":[],"product_cat":[66],"product_tag":[204,209,199,197,203,206,198,200,24645,201,202,208,207,205],"class_list":{"0":"post-30065","1":"product","2":"type-product","3":"status-publish","4":"has-post-thumbnail","6":"product_cat-livres","7":"product_tag-faltkarte","8":"product_tag-ferien","9":"product_tag-fuhrer","10":"product_tag-guide","11":"product_tag-karte","12":"product_tag-reess","13":"product_tag-reise","14":"product_tag-reisefuhrer","15":"product_tag-s24","16":"product_tag-sri-lanka","17":"product_tag-travel","18":"product_tag-vacances","19":"product_tag-vakanz","20":"product_tag-voyage","22":"first","23":"instock","24":"sale","25":"shipping-taxable","26":"purchasable","27":"product-type-simple"},"_links":{"self":[{"href":"https:\/\/shop24.lu\/lb\/wp-json\/wp\/v2\/product\/30065","targetHints":{"allow":["GET"]}}],"collection":[{"href":"https:\/\/shop24.lu\/lb\/wp-json\/wp\/v2\/product"}],"about":[{"href":"https:\/\/shop24.lu\/lb\/wp-json\/wp\/v2\/types\/product"}],"replies":[{"embeddable":true,"href":"https:\/\/shop24.lu\/lb\/wp-json\/wp\/v2\/comments?post=30065"}],"wp:featuredmedia":[{"embeddable":true,"href":"https:\/\/shop24.lu\/lb\/wp-json\/wp\/v2\/media\/1983"}],"wp:attachment":[{"href":"https:\/\/shop24.lu\/lb\/wp-json\/wp\/v2\/media?parent=30065"}],"wp:term":[{"taxonomy":"product_brand","embeddable":true,"href":"https:\/\/shop24.lu\/lb\/wp-json\/wp\/v2\/product_brand?post=30065"},{"taxonomy":"product_cat","embeddable":true,"href":"https:\/\/shop24.lu\/lb\/wp-json\/wp\/v2\/product_cat?post=30065"},{"taxonomy":"product_tag","embeddable":true,"href":"https:\/\/shop24.lu\/lb\/wp-json\/wp\/v2\/product_tag?post=30065"}],"curies":[{"name":"wp","href":"https:\/\/api.w.org\/{rel}","templated":true}]}}