{"id":40761,"date":"2021-12-29T22:21:21","date_gmt":"2021-12-29T20:21:21","guid":{"rendered":"https:\/\/shop24.lu\/de\/product\/terra-mobile-1460q\/"},"modified":"2023-12-25T17:40:09","modified_gmt":"2023-12-25T15:40:09","slug":"terra-mobile-1460q","status":"publish","type":"product","link":"https:\/\/shop24.lu\/lb\/product\/terra-mobile-1460q\/","title":{"rendered":"TERRA MOBILE 1460Q [DE]"},"content":{"rendered":"<p><strong>General<\/strong><br \/>\nIntel\u00ae Core\u2122 i5-10210Y Prozessor (6 MB Cache, bis zu 4,00 GHz)<br \/>\nWindows 10 Betribssystem (Gratis Upgrade op Windows 11 wann verf\u00fcgbar*.)<br \/>\n<strong>Software<\/strong><br \/>\nSoftware virinstall\u00e9iert 1 Mount Testversioun fir nei Microsoft\u00ae 365 Clienten.<br \/>\n<strong>\u00c9cran<\/strong><br \/>\n\u00c9cran Gr\u00e9isst <strong>35,6 cm (14 Zoll)<\/strong><br \/>\n1920 x 1080 \u00c9cran Resolutioun<br \/>\n\u00c9cran Typ Nee Glanz<br \/>\nBacklight Typ LED G\u00e9igeliicht<br \/>\n<strong>Prozessor<\/strong><br \/>\nCore i5 Prozessor Famill<br \/>\nZuel vun Quad-Core Prozessor K\u00e4r<br \/>\n<strong>M\u00e9moire<\/strong><br \/>\n8 GB RAM Er\u00ebnnerung<br \/>\nMaximum RAM Er\u00ebnnerung 8 GB<br \/>\nIntern Er\u00ebnnerung Typ DDR3 SDRAM<br \/>\nEr\u00ebnnerung Plaze Non-scalable<br \/>\n<strong>Grafik<\/strong><br \/>\nIntel\u00ae UHD Grafiken Grafiken Card<br \/>\nIntel\u00ae UHD Graphics Onboard Graphikadapter Modell<br \/>\n<strong>Optesch fueren<\/strong><br \/>\nOptesch Fuert - Typ Keen<br \/>\n<strong>Performancen<\/strong><br \/>\nAllround Serie<br \/>\nProduit Faarf S\u00eblwer<br \/>\n<strong>Reseau<\/strong><br \/>\nBluetooth 4.0<br \/>\nWLAN Standards Bluetooth 4.0, Wi-Fi 802.11a \/ b \/ g \/ n \/ ac<br \/>\nHandy Standarden LTE Upgrade m\u00e9iglech<br \/>\n<strong>Stockage Medium<\/strong><br \/>\nIntegr\u00e9iert Kaart Lieser Jo<br \/>\nPCIe SSD Interface (NVMe)<br \/>\n256 GB SSD Stockage Muecht<br \/>\nMemory Slots 1 x M.2 2280 SSD, SATA \/ PCIe Gen3x4 Interface<br \/>\nGanzen Stockage Muecht 256 GB<br \/>\n<strong>Technesch Detailer<\/strong><br \/>\nLocation <strong>D\u00e4itschland<\/strong><br \/>\nBacklit Keyboard jo<br \/>\n<strong>Gewiicht an Dimensiounen<\/strong><br \/>\nhauteur 1,49 cm<br \/>\nBreet 34,0 cm<br \/>\nD\u00e9ift 23,2 cm<br \/>\nGewiicht 1,49 kg<br \/>\n<strong>Batterie<\/strong><br \/>\nBatterie (Batterieverbrauchsz\u00e4it) 10 h<br \/>\nLithium-Polymer Batterie Technologie<br \/>\n<strong>Aner Funktiounen<\/strong><br \/>\nInterface 1 x USB 3.2 Gen1 Typ C<br \/>\n1 x USB 3.2 Typ A<br \/>\n2 x USB 2.0<br \/>\nMikro HDMI<br \/>\nMicro SD Kaart Lieser<br \/>\nKopfh\u00f6rer \/ Mikro<br \/>\n<strong>S\u00e9cherheet<\/strong><br \/>\nTPM 2.0 S\u00e9cherheetsfeatures<br \/>\n<strong>Kamera<\/strong><br \/>\nHaaptkamera Resolutioun 1 mega-Pixel<br \/>\n<strong>Notizen<\/strong><br \/>\nWeider Informatiounen<\/p>\n<p>*Den Upgradeprozess ass an de leschten Etappen a g\u00ebtt erwaart Enn 2021 unzef\u00e4nken. De genaue Prozess an den Timing k\u00ebnne jee no Apparat vari\u00e9ieren. Fir Minimum System Ufuerderunge fir e gratis Update, kuckt: https:\/\/www.microsoft.com\/de-de\/windows\/windows-11-specifications<\/p>","protected":false},"excerpt":{"rendered":"<p>Den 15 Millimeter d\u00e9cke TERRA MOBILE 1460Q mat passiver Ofkillung a qualitativ h\u00e9ichw\u00e4erteg Aluminiumgeh\u00e4use ass optimis\u00e9iert fir mobil Notzung am Beruffsber\u00e4ich. Generatioun Intel Core Prozessor, kombin\u00e9iert mat enger SSD, g\u00ebtt Iech s\u00e9ier uptime a grouss Rechenkraaft. De Laptop ass mat engem 14 Zoll Full-HD Bildschierm an enger Backlit Tastatur ausgestatt. Mat n\u00ebmmen 1,49 kg iwwerzeegt den TERRA MOBILE 1460Q wat Gewiicht an Handhabung ugeet.<\/p>\n<p>Prozessor <strong>Intel\u00ae Core\u2122 i5-10210Y<\/strong> (6 MB Cache, bis zu 4,00 GHz)<br \/>\nWindows 10 (Gratis Update op Windows 11 wann verf\u00fcgbar *.)<br \/>\n\u00c9cran Gr\u00e9isst 35.6cm ( <strong>14&quot;<\/strong> )<br \/>\n<strong>1920 x 1080<\/strong> \u00c9cran Resolutioun<br \/>\n\u00c9cran Typ Nee Glanz<br \/>\n<strong>8 GB RAM Er\u00ebnnerung<\/strong><br \/>\nIntel\u00ae UHD Grafiken<br \/>\n<strong>256 GB<\/strong> Total Sp\u00e4icherkapazit\u00e9it<\/p>\n<p><strong>Opgepasst: Keyboard<\/strong> D\u00e4itsch <strong>QWERTZ<\/strong><\/p>","protected":false},"featured_media":40753,"comment_status":"closed","ping_status":"closed","template":"","meta":{"_seopress_robots_primary_cat":"none","_seopress_titles_title":"","_seopress_titles_desc":"","_seopress_robots_index":""},"product_brand":[],"product_cat":[1510,82,31004],"product_tag":[30799,30798,30794,30795,126,1476,138,30797,30793,30823],"class_list":{"0":"post-40761","1":"product","2":"type-product","3":"status-publish","4":"has-post-thumbnail","6":"product_cat-informatique","7":"product_cat-ordinateurs","8":"product_cat-portables","9":"product_tag-i5","10":"product_tag-intel","11":"product_tag-it","12":"product_tag-laptop","13":"product_tag-mobile","14":"product_tag-notebook","15":"product_tag-pc","16":"product_tag-tech","17":"product_tag-terra","18":"product_tag-wortmann","20":"first","21":"instock","22":"featured","23":"shipping-taxable","24":"purchasable","25":"product-type-simple"},"_links":{"self":[{"href":"https:\/\/shop24.lu\/lb\/wp-json\/wp\/v2\/product\/40761","targetHints":{"allow":["GET"]}}],"collection":[{"href":"https:\/\/shop24.lu\/lb\/wp-json\/wp\/v2\/product"}],"about":[{"href":"https:\/\/shop24.lu\/lb\/wp-json\/wp\/v2\/types\/product"}],"replies":[{"embeddable":true,"href":"https:\/\/shop24.lu\/lb\/wp-json\/wp\/v2\/comments?post=40761"}],"wp:featuredmedia":[{"embeddable":true,"href":"https:\/\/shop24.lu\/lb\/wp-json\/wp\/v2\/media\/40753"}],"wp:attachment":[{"href":"https:\/\/shop24.lu\/lb\/wp-json\/wp\/v2\/media?parent=40761"}],"wp:term":[{"taxonomy":"product_brand","embeddable":true,"href":"https:\/\/shop24.lu\/lb\/wp-json\/wp\/v2\/product_brand?post=40761"},{"taxonomy":"product_cat","embeddable":true,"href":"https:\/\/shop24.lu\/lb\/wp-json\/wp\/v2\/product_cat?post=40761"},{"taxonomy":"product_tag","embeddable":true,"href":"https:\/\/shop24.lu\/lb\/wp-json\/wp\/v2\/product_tag?post=40761"}],"curies":[{"name":"wp","href":"https:\/\/api.w.org\/{rel}","templated":true}]}}