{"id":40772,"date":"2021-12-21T22:27:48","date_gmt":"2021-12-21T20:27:48","guid":{"rendered":"https:\/\/shop24.lu\/?post_type=product&#038;p=40772"},"modified":"2022-04-24T20:29:13","modified_gmt":"2022-04-24T18:29:13","slug":"sacoche-terra-pro814-pour-nb-jusqua-156-pouces","status":"publish","type":"product","link":"https:\/\/shop24.lu\/lb\/product\/sacoche-terra-pro814-pour-nb-jusqua-156-pouces\/","title":{"rendered":"TERRA PRO814 Sak fir NB bis zu 15,6 Zoll"},"content":{"rendered":"","protected":false},"excerpt":{"rendered":"<p>&nbsp;<\/p>\n<p>Den TERRA PRO814 Laptopbeutel ass eng Premiumbeutel mat engem steife Frame an engem stabile Gr\u00ebff fir Laptops bis zu 15,6 Zoll.<\/p>\n<p>D\u00ebse modernen Designbeutel ass aus h\u00e9ichqualitativen Polyester gemaach. De verst\u00e4erkten Gr\u00ebff ass a m\u00ebllem Material gew\u00e9ckelt a bitt Komfort a Stabilit\u00e9it. D\u00e9i viischt Zippertasche ass einfach zoug\u00e4nglech a funktionell, erlaabt Iech \u00c4ren Handy, St\u00ebfter, Kabelen, Kopfh\u00f6rer, asw. D&#039;T\u00e4sch k\u00ebnnt mat engem bequemen an justierbare Riem fir se op d&#039;Sch\u00ebller ze droen.<\/p>\n<p>&nbsp;<\/p>","protected":false},"featured_media":40773,"comment_status":"closed","ping_status":"closed","template":"","meta":{"_seopress_robots_primary_cat":"","_seopress_titles_title":"","_seopress_titles_desc":"","_seopress_robots_index":""},"product_brand":[],"product_cat":[1506,1510],"product_tag":[58,30795,126,30800,1394],"class_list":{"0":"post-40772","1":"product","2":"type-product","3":"status-publish","4":"has-post-thumbnail","6":"product_cat-accessoires-informatiques","7":"product_cat-informatique","8":"product_tag-bag","9":"product_tag-laptop","10":"product_tag-mobile","11":"product_tag-sacoche","12":"product_tag-tasche","14":"first","15":"instock","16":"shipping-taxable","17":"purchasable","18":"product-type-simple"},"_links":{"self":[{"href":"https:\/\/shop24.lu\/lb\/wp-json\/wp\/v2\/product\/40772","targetHints":{"allow":["GET"]}}],"collection":[{"href":"https:\/\/shop24.lu\/lb\/wp-json\/wp\/v2\/product"}],"about":[{"href":"https:\/\/shop24.lu\/lb\/wp-json\/wp\/v2\/types\/product"}],"replies":[{"embeddable":true,"href":"https:\/\/shop24.lu\/lb\/wp-json\/wp\/v2\/comments?post=40772"}],"wp:featuredmedia":[{"embeddable":true,"href":"https:\/\/shop24.lu\/lb\/wp-json\/wp\/v2\/media\/40773"}],"wp:attachment":[{"href":"https:\/\/shop24.lu\/lb\/wp-json\/wp\/v2\/media?parent=40772"}],"wp:term":[{"taxonomy":"product_brand","embeddable":true,"href":"https:\/\/shop24.lu\/lb\/wp-json\/wp\/v2\/product_brand?post=40772"},{"taxonomy":"product_cat","embeddable":true,"href":"https:\/\/shop24.lu\/lb\/wp-json\/wp\/v2\/product_cat?post=40772"},{"taxonomy":"product_tag","embeddable":true,"href":"https:\/\/shop24.lu\/lb\/wp-json\/wp\/v2\/product_tag?post=40772"}],"curies":[{"name":"wp","href":"https:\/\/api.w.org\/{rel}","templated":true}]}}